{"id":3090,"date":"2022-01-17T11:02:33","date_gmt":"2022-01-17T09:02:33","guid":{"rendered":"https:\/\/esamksupport.samk.fi\/ohje\/?page_id=3090"},"modified":"2024-08-05T11:01:57","modified_gmt":"2024-08-05T08:01:57","slug":"moodle-opettaja-kurssilla-ryhmittely","status":"publish","type":"page","link":"https:\/\/esamksupport.samk.fi\/ohje\/moodle-opettaja-kurssilla-ryhmittely\/","title":{"rendered":"Moodle &gt; Opettaja &gt; Yleist\u00e4 &gt; Ryhmittely"},"content":{"rendered":"\n<p><\/p>\n\n\n\n<p>Ryhmittely on tapa muodostaa ryhmist\u00e4 ryhmi\u00e4 kurssin sis\u00e4ll\u00e4 siten, ett\u00e4 ne voivat tehd\u00e4 samoja teht\u00e4vi\u00e4.<\/p>\n\n\n\n<h4 class=\"wp-block-heading\">Ryhmittelyn luonti:<\/h4>\n\n\n\n<p>Mene <strong>K\u00e4ytt\u00e4j\u00e4t-valikon<\/strong> alla olevaan <strong>Ryhm\u00e4t <\/strong>-kohtaan ja valitse aukeavasta n\u00e4kym\u00e4st\u00e4 <strong>Ryhmittelyt <\/strong>-v\u00e4lilehti.<\/p>\n\n\n\n<p><\/p>\n\n\n\n<figure class=\"wp-block-image size-large is-resized\"><img loading=\"lazy\" decoding=\"async\" width=\"552\" height=\"397\" src=\"https:\/\/esamksupport.samk.fi\/ohje\/wp-content\/uploads\/sites\/3\/2024\/07\/Ryhmittelyt1-552x397.png\" alt=\"\" class=\"wp-image-3718\" style=\"width:457px;height:auto\" \/><\/figure>\n\n\n\n<p><\/p>\n\n\n\n<p>Klikkaa <strong>Luo ryhmittely<\/strong>.<\/p>\n\n\n\n<figure class=\"wp-block-image size-large is-resized\"><img loading=\"lazy\" decoding=\"async\" width=\"851\" height=\"347\" src=\"https:\/\/esamksupport.samk.fi\/ohje\/wp-content\/uploads\/sites\/3\/2024\/07\/Ryhmittelyt2-851x347.png\" alt=\"\" class=\"wp-image-3719\" style=\"width:688px;height:auto\" srcset=\"https:\/\/esamksupport.samk.fi\/ohje\/wp-content\/uploads\/sites\/3\/2024\/07\/Ryhmittelyt2.png 851w, https:\/\/esamksupport.samk.fi\/ohje\/wp-content\/uploads\/sites\/3\/2024\/07\/Ryhmittelyt2-768x313.png 768w\" sizes=\"auto, (max-width: 851px) 100vw, 851px\" \/><\/figure>\n\n\n\n<p><\/p>\n\n\n\n<p>Kirjoita ryhmittelyllesi nimi ja halutessasi my\u00f6s kuvaus. Paina lopuksi <strong>Tallenna muutokset<\/strong>.<\/p>\n\n\n\n<figure class=\"wp-block-image size-full is-resized\"><img loading=\"lazy\" decoding=\"async\" width=\"858\" height=\"833\" src=\"https:\/\/esamksupport.samk.fi\/ohje\/wp-content\/uploads\/sites\/3\/2024\/07\/Ryhmittelyt3.png\" alt=\"\" class=\"wp-image-3720\" style=\"width:640px;height:auto\" srcset=\"https:\/\/esamksupport.samk.fi\/ohje\/wp-content\/uploads\/sites\/3\/2024\/07\/Ryhmittelyt3.png 858w, https:\/\/esamksupport.samk.fi\/ohje\/wp-content\/uploads\/sites\/3\/2024\/07\/Ryhmittelyt3-768x745.png 768w\" sizes=\"auto, (max-width: 858px) 100vw, 858px\" \/><\/figure>\n\n\n\n<p><\/p>\n\n\n\n<p>Paina ryhmittelyn\u00e4kym\u00e4ss\u00e4 p\u00e4\u00e4n kuvaa lis\u00e4t\u00e4ksesi ryhmittelyyn halutut ryhm\u00e4t.<\/p>\n\n\n\n<figure class=\"wp-block-image size-large is-resized\"><img loading=\"lazy\" decoding=\"async\" width=\"853\" height=\"217\" src=\"https:\/\/esamksupport.samk.fi\/ohje\/wp-content\/uploads\/sites\/3\/2024\/07\/Ryhmittelyt4-853x217.png\" alt=\"\" class=\"wp-image-3721\" style=\"width:814px;height:auto\" srcset=\"https:\/\/esamksupport.samk.fi\/ohje\/wp-content\/uploads\/sites\/3\/2024\/07\/Ryhmittelyt4.png 853w, https:\/\/esamksupport.samk.fi\/ohje\/wp-content\/uploads\/sites\/3\/2024\/07\/Ryhmittelyt4-768x195.png 768w\" sizes=\"auto, (max-width: 853px) 100vw, 853px\" \/><\/figure>\n\n\n\n<p>Valitse ryhm\u00e4t, joita haluat lis\u00e4t\u00e4 tai poistaa ryhmittelyst\u00e4si.<\/p>\n\n\n\n<figure class=\"wp-block-image size-large is-resized\"><img loading=\"lazy\" decoding=\"async\" width=\"854\" height=\"563\" src=\"https:\/\/esamksupport.samk.fi\/ohje\/wp-content\/uploads\/sites\/3\/2024\/07\/Ryhmittelyt5-854x563.png\" alt=\"\" class=\"wp-image-3722\" style=\"width:591px;height:auto\" srcset=\"https:\/\/esamksupport.samk.fi\/ohje\/wp-content\/uploads\/sites\/3\/2024\/07\/Ryhmittelyt5.png 854w, https:\/\/esamksupport.samk.fi\/ohje\/wp-content\/uploads\/sites\/3\/2024\/07\/Ryhmittelyt5-768x506.png 768w\" sizes=\"auto, (max-width: 854px) 100vw, 854px\" \/><\/figure>\n\n\n\n<p>Ryhmittelyit\u00e4 voi samalla tavalla luoda tarvittavan m\u00e4\u00e4r\u00e4n.<\/p>\n\n\n\n<h4 class=\"wp-block-heading\">Ryhmittelyiden k\u00e4ytt\u00f6<\/h4>\n\n\n\n<p>Mene aktiviteetin asetuksissa kohtaan <strong>Moduulien yleiset asetukset<\/strong> ja valitse ryhm\u00e4moodiksi <strong>Erilliset ryhm\u00e4t<\/strong>, sek\u00e4 haluamasi <strong>ryhmittely<\/strong>.<\/p>\n\n\n\n<figure class=\"wp-block-image size-full is-resized\"><img loading=\"lazy\" decoding=\"async\" width=\"1240\" height=\"1227\" src=\"https:\/\/esamksupport.samk.fi\/ohje\/wp-content\/uploads\/sites\/3\/2024\/07\/ryhmittelyt-6.png\" alt=\"\" class=\"wp-image-3888\" style=\"width:883px;height:auto\" srcset=\"https:\/\/esamksupport.samk.fi\/ohje\/wp-content\/uploads\/sites\/3\/2024\/07\/ryhmittelyt-6.png 1240w, https:\/\/esamksupport.samk.fi\/ohje\/wp-content\/uploads\/sites\/3\/2024\/07\/ryhmittelyt-6-768x759.png 768w\" sizes=\"auto, (max-width: 1240px) 100vw, 1240px\" \/><\/figure>\n","protected":false},"excerpt":{"rendered":"<p>Ryhmittely on tapa muodostaa ryhmist\u00e4 ryhmi\u00e4 kurssin sis\u00e4ll\u00e4 siten, ett\u00e4 ne voivat tehd\u00e4 samoja teht\u00e4vi\u00e4. Ryhmittelyn luonti: Mene K\u00e4ytt\u00e4j\u00e4t-valikon alla olevaan Ryhm\u00e4t -kohtaan ja valitse aukeavasta n\u00e4kym\u00e4st\u00e4 Ryhmittelyt -v\u00e4lilehti. Klikkaa Luo ryhmittely. Kirjoita ryhmittelyllesi nimi ja halutessasi my\u00f6s kuvaus. Paina lopuksi Tallenna muutokset. Paina ryhmittelyn\u00e4kym\u00e4ss\u00e4 p\u00e4\u00e4n kuvaa lis\u00e4t\u00e4ksesi ryhmittelyyn halutut ryhm\u00e4t. Valitse ryhm\u00e4t, joita haluat lis\u00e4t\u00e4 tai poistaa ryhmittelyst\u00e4si. Ryhmittelyit\u00e4 voi samalla tavalla luoda tarvittavan m\u00e4\u00e4r\u00e4n. Ryhmittelyiden k\u00e4ytt\u00f6 Mene aktiviteetin asetuksissa kohtaan Moduulien yleiset asetukset ja valitse ryhm\u00e4moodiksi Erilliset ryhm\u00e4t, sek\u00e4 haluamasi ryhmittely.<\/p>\n","protected":false},"author":13,"featured_media":0,"parent":0,"menu_order":0,"comment_status":"closed","ping_status":"open","template":"","meta":{"footnotes":""},"class_list":["post-3090","page","type-page","status-publish"],"_links":{"self":[{"href":"https:\/\/esamksupport.samk.fi\/ohje\/wp-json\/wp\/v2\/pages\/3090","targetHints":{"allow":["GET"]}}],"collection":[{"href":"https:\/\/esamksupport.samk.fi\/ohje\/wp-json\/wp\/v2\/pages"}],"about":[{"href":"https:\/\/esamksupport.samk.fi\/ohje\/wp-json\/wp\/v2\/types\/page"}],"author":[{"embeddable":true,"href":"https:\/\/esamksupport.samk.fi\/ohje\/wp-json\/wp\/v2\/users\/13"}],"replies":[{"embeddable":true,"href":"https:\/\/esamksupport.samk.fi\/ohje\/wp-json\/wp\/v2\/comments?post=3090"}],"version-history":[{"count":11,"href":"https:\/\/esamksupport.samk.fi\/ohje\/wp-json\/wp\/v2\/pages\/3090\/revisions"}],"predecessor-version":[{"id":3917,"href":"https:\/\/esamksupport.samk.fi\/ohje\/wp-json\/wp\/v2\/pages\/3090\/revisions\/3917"}],"wp:attachment":[{"href":"https:\/\/esamksupport.samk.fi\/ohje\/wp-json\/wp\/v2\/media?parent=3090"}],"curies":[{"name":"wp","href":"https:\/\/api.w.org\/{rel}","templated":true}]}}