{"id":3199,"date":"2022-02-10T15:32:15","date_gmt":"2022-02-10T13:32:15","guid":{"rendered":"https:\/\/esamksupport.samk.fi\/ohje\/?page_id=3199"},"modified":"2022-02-10T15:58:23","modified_gmt":"2022-02-10T13:58:23","slug":"moodle-opiskelija-arvioinnit","status":"publish","type":"page","link":"https:\/\/esamksupport.samk.fi\/ohje\/moodle-opiskelija-arvioinnit\/","title":{"rendered":"Moodle > Opiskelija > Arvioinnit"},"content":{"rendered":"\n<p>N\u00e4in l\u00f6yd\u00e4t opintojaksoon liittyv\u00e4t arvionnit Moodlesta:<\/p>\n\n\n\n<p><span class=\"has-inline-color has-vivid-red-color\">T\u00e4ll\u00e4 kurssilla<\/span> (T\u00e4m\u00e4 kurssi vihre\u00e4ss\u00e4 yhteisty\u00f6-Moodlessa) ja sen alta &#8221;<span class=\"has-inline-color has-vivid-red-color\">Arvioinnit<\/span>&#8221;.<\/p>\n\n\n\n<figure class=\"wp-block-image size-large\"><img loading=\"lazy\" decoding=\"async\" width=\"800\" height=\"390\" src=\"https:\/\/esamksupport.samk.fi\/ohje\/wp-content\/uploads\/sites\/3\/2022\/02\/moodle_arviot_opiskelija1-800x390.png\" alt=\"\" class=\"wp-image-3202\" srcset=\"https:\/\/esamksupport.samk.fi\/ohje\/wp-content\/uploads\/sites\/3\/2022\/02\/moodle_arviot_opiskelija1.png 800w, https:\/\/esamksupport.samk.fi\/ohje\/wp-content\/uploads\/sites\/3\/2022\/02\/moodle_arviot_opiskelija1-768x374.png 768w\" sizes=\"auto, (max-width: 800px) 100vw, 800px\" \/><\/figure>\n\n\n\n<p>N\u00e4in n\u00e4et teht\u00e4v\u00e4kohtaisen arvioinnnin:<\/p>\n\n\n\n<figure class=\"wp-block-image size-large\"><img loading=\"lazy\" decoding=\"async\" width=\"800\" height=\"551\" src=\"https:\/\/esamksupport.samk.fi\/ohje\/wp-content\/uploads\/sites\/3\/2022\/02\/moodle_arviot_opiskelija2-800x551.png\" alt=\"\" class=\"wp-image-3204\" srcset=\"https:\/\/esamksupport.samk.fi\/ohje\/wp-content\/uploads\/sites\/3\/2022\/02\/moodle_arviot_opiskelija2.png 800w, https:\/\/esamksupport.samk.fi\/ohje\/wp-content\/uploads\/sites\/3\/2022\/02\/moodle_arviot_opiskelija2-768x528.png 768w\" sizes=\"auto, (max-width: 800px) 100vw, 800px\" \/><\/figure>\n","protected":false},"excerpt":{"rendered":"<p>N\u00e4in l\u00f6yd\u00e4t opintojaksoon liittyv\u00e4t arvionnit Moodlesta: T\u00e4ll\u00e4 kurssilla (T\u00e4m\u00e4 kurssi vihre\u00e4ss\u00e4 yhteisty\u00f6-Moodlessa) ja sen alta &#8221;Arvioinnit&#8221;. N\u00e4in n\u00e4et teht\u00e4v\u00e4kohtaisen arvioinnnin:<\/p>\n","protected":false},"author":18,"featured_media":0,"parent":0,"menu_order":0,"comment_status":"closed","ping_status":"open","template":"","meta":{"footnotes":""},"class_list":["post-3199","page","type-page","status-publish"],"_links":{"self":[{"href":"https:\/\/esamksupport.samk.fi\/ohje\/wp-json\/wp\/v2\/pages\/3199","targetHints":{"allow":["GET"]}}],"collection":[{"href":"https:\/\/esamksupport.samk.fi\/ohje\/wp-json\/wp\/v2\/pages"}],"about":[{"href":"https:\/\/esamksupport.samk.fi\/ohje\/wp-json\/wp\/v2\/types\/page"}],"author":[{"embeddable":true,"href":"https:\/\/esamksupport.samk.fi\/ohje\/wp-json\/wp\/v2\/users\/18"}],"replies":[{"embeddable":true,"href":"https:\/\/esamksupport.samk.fi\/ohje\/wp-json\/wp\/v2\/comments?post=3199"}],"version-history":[{"count":3,"href":"https:\/\/esamksupport.samk.fi\/ohje\/wp-json\/wp\/v2\/pages\/3199\/revisions"}],"predecessor-version":[{"id":3207,"href":"https:\/\/esamksupport.samk.fi\/ohje\/wp-json\/wp\/v2\/pages\/3199\/revisions\/3207"}],"wp:attachment":[{"href":"https:\/\/esamksupport.samk.fi\/ohje\/wp-json\/wp\/v2\/media?parent=3199"}],"curies":[{"name":"wp","href":"https:\/\/api.w.org\/{rel}","templated":true}]}}