{"id":3240,"date":"2022-03-03T09:01:20","date_gmt":"2022-03-03T07:01:20","guid":{"rendered":"https:\/\/esamksupport.samk.fi\/ohje\/?page_id=3240"},"modified":"2024-07-17T10:11:40","modified_gmt":"2024-07-17T07:11:40","slug":"moodle-opettaja-stack","status":"publish","type":"page","link":"https:\/\/esamksupport.samk.fi\/ohje\/esimerkkisivu\/moodle-opiskelija\/moodle-opettaja-stack\/","title":{"rendered":"Moodle &gt; Opettaja &gt; STACK"},"content":{"rendered":"\n<p><\/p>\n\n\n\n<p><strong>STACK<\/strong> lis\u00e4\u00e4 Moodleen edistyksellisen, formatiivisen arviointitavan k\u00e4ytett\u00e4v\u00e4ksi matemaattisissa teht\u00e4viss\u00e4.<\/p>\n\n\n\n<p><a href=\"https:\/\/esamksupport.samk.fi\/ohje\/wp-content\/uploads\/sites\/3\/2022\/03\/PikaopasStack43.pdf\" target=\"_blank\" rel=\"noreferrer noopener\"><strong>Pikaopas<\/strong><\/a> STACK-teht\u00e4vien laadintaan (Lassi Korhonen, Oulun yliopisto)<\/p>\n\n\n\n<p>Lyhyt video-tutoriaalisarja k\u00e4yt\u00f6n aloittamiseen <a rel=\"noreferrer noopener\" href=\"https:\/\/www.youtube.com\/playlist?list=PL4jCXwdWnStshH4JrCOpy8O7HfhjvJGi4\" target=\"_blank\">https:\/\/www.youtube.com\/playlist?list=PL4jCXwdWnStshH4JrCOpy8O7HfhjvJGi4<\/a><\/p>\n\n\n\n<p><a href=\"https:\/\/docs.moodle.org\/3x\/fi\/STACK-kysymystyyppi\" target=\"_blank\" rel=\"noreferrer noopener\"><strong>Moodle-docs<\/strong><\/a><\/p>\n","protected":false},"excerpt":{"rendered":"<p>STACK lis\u00e4\u00e4 Moodleen edistyksellisen, formatiivisen arviointitavan k\u00e4ytett\u00e4v\u00e4ksi matemaattisissa teht\u00e4viss\u00e4. Pikaopas STACK-teht\u00e4vien laadintaan (Lassi Korhonen, Oulun yliopisto) Lyhyt video-tutoriaalisarja k\u00e4yt\u00f6n aloittamiseen https:\/\/www.youtube.com\/playlist?list=PL4jCXwdWnStshH4JrCOpy8O7HfhjvJGi4 Moodle-docs<\/p>\n","protected":false},"author":18,"featured_media":0,"parent":45,"menu_order":0,"comment_status":"closed","ping_status":"open","template":"","meta":{"footnotes":""},"class_list":["post-3240","page","type-page","status-publish"],"_links":{"self":[{"href":"https:\/\/esamksupport.samk.fi\/ohje\/wp-json\/wp\/v2\/pages\/3240","targetHints":{"allow":["GET"]}}],"collection":[{"href":"https:\/\/esamksupport.samk.fi\/ohje\/wp-json\/wp\/v2\/pages"}],"about":[{"href":"https:\/\/esamksupport.samk.fi\/ohje\/wp-json\/wp\/v2\/types\/page"}],"author":[{"embeddable":true,"href":"https:\/\/esamksupport.samk.fi\/ohje\/wp-json\/wp\/v2\/users\/18"}],"replies":[{"embeddable":true,"href":"https:\/\/esamksupport.samk.fi\/ohje\/wp-json\/wp\/v2\/comments?post=3240"}],"version-history":[{"count":11,"href":"https:\/\/esamksupport.samk.fi\/ohje\/wp-json\/wp\/v2\/pages\/3240\/revisions"}],"predecessor-version":[{"id":3799,"href":"https:\/\/esamksupport.samk.fi\/ohje\/wp-json\/wp\/v2\/pages\/3240\/revisions\/3799"}],"up":[{"embeddable":true,"href":"https:\/\/esamksupport.samk.fi\/ohje\/wp-json\/wp\/v2\/pages\/45"}],"wp:attachment":[{"href":"https:\/\/esamksupport.samk.fi\/ohje\/wp-json\/wp\/v2\/media?parent=3240"}],"curies":[{"name":"wp","href":"https:\/\/api.w.org\/{rel}","templated":true}]}}