{"id":3257,"date":"2022-03-07T08:33:04","date_gmt":"2022-03-07T06:33:04","guid":{"rendered":"https:\/\/esamksupport.samk.fi\/ohje\/?page_id=3257"},"modified":"2022-03-07T11:38:55","modified_gmt":"2022-03-07T09:38:55","slug":"moodle-opiskelija-stack","status":"publish","type":"page","link":"https:\/\/esamksupport.samk.fi\/ohje\/moodle-opiskelija-stack\/","title":{"rendered":"Moodle > Opiskelija > STACK"},"content":{"rendered":"\n<p>Alla olevan Opiskelijan pikaoppaan STACK-teht\u00e4viin on kirjoittanut Lassi Korhonen (Oulun yliopisto).<\/p>\n\n\n\n<h3 class=\"wp-block-heading\"><a>Oppaan k\u00e4ytt\u00e4minen<\/a><\/h3>\n\n\n\n<p>T\u00e4m\u00e4n oppaan tarkoitus on antaa opiskelijoille riitt\u00e4v\u00e4t valmiudet STACK-teht\u00e4vien vastausten sy\u00f6tt\u00e4miseen ja j\u00e4rjestelm\u00e4n rajoitteiden ymm\u00e4rt\u00e4miseen. T\u00e4rkeint\u00e4 STACK-vastauksia sy\u00f6tett\u00e4ess\u00e4 on huolellisuus, sill\u00e4 j\u00e4rjestelm\u00e4 on armoton n\u00e4pp\u00e4ilyvirheit\u00e4 kohtaan. Mik\u00e4li oppaassa on virheit\u00e4 ja selkeit\u00e4 puutteita, ota yhteys kirjoittajaan: <a href=\"mailto:lassi.korhonen@oulu.fi\">lassi.korhonen@oulu.fi<\/a>.<\/p>\n\n\n\n<h3 class=\"wp-block-heading\"><a>Vastauksen sy\u00f6tt\u00e4misen perusteet<\/a><\/h3>\n\n\n\n<p>STACK-teht\u00e4vien vastausten sy\u00f6tt\u00e4minen muistuttaa hyvin paljon graafisen laskimen k\u00e4skytt\u00e4mist\u00e4, mutta eri toiminnoille ei luonnollisestikaan ole omia n\u00e4pp\u00e4imi\u00e4 kuten laskimissa. Jotta j\u00e4rjestelm\u00e4 ymm\u00e4rt\u00e4isi opiskelijan sy\u00f6tt\u00e4m\u00e4n vastauksen juuri niin kuin se oli tarkoitettu, t\u00e4ytyy vastauksen noudattaa j\u00e4rjestelm\u00e4n mukaista kielioppia. STACK-j\u00e4rjestelm\u00e4 n\u00e4ytt\u00e4\u00e4 toki vastauksen sy\u00f6tt\u00e4misen yhteydess\u00e4 sen, miten se tulkitsee annetun sy\u00f6tteen, mik\u00e4 auttaa karsimaan suurimman osan virheist\u00e4. Alla olevassa kuvassa on n\u00e4ytetty, milt\u00e4 STACK-teht\u00e4v\u00e4 ja sy\u00f6tteen tulkinta voi esimerkiksi n\u00e4ytt\u00e4\u00e4.<\/p>\n\n\n\n<figure class=\"wp-block-image size-large\"><img loading=\"lazy\" decoding=\"async\" width=\"800\" height=\"407\" src=\"https:\/\/esamksupport.samk.fi\/ohje\/wp-content\/uploads\/sites\/3\/2022\/03\/stack_student1-800x407.png\" alt=\"\" class=\"wp-image-3262\" srcset=\"https:\/\/esamksupport.samk.fi\/ohje\/wp-content\/uploads\/sites\/3\/2022\/03\/stack_student1.png 800w, https:\/\/esamksupport.samk.fi\/ohje\/wp-content\/uploads\/sites\/3\/2022\/03\/stack_student1-768x390.png 768w\" sizes=\"auto, (max-width: 800px) 100vw, 800px\" \/><\/figure>\n\n\n\n<p>Seuraavaksi perehdyt\u00e4\u00e4n siihen, mitk\u00e4 perusasia tulee pit\u00e4\u00e4 aina mieless\u00e4 ja huomioida STACK-teht\u00e4vi\u00e4 teht\u00e4ess\u00e4.<\/p>\n\n\n\n<h3 class=\"wp-block-heading\"><a>Operaatiot<\/a><\/h3>\n\n\n\n<p>Peruslaskutoimitusten sy\u00f6tt\u00e4minen j\u00e4rjestelm\u00e4\u00e4n onnistuu alla olevan taulukon mukaisilla merkeill\u00e4.<\/p>\n\n\n\n<figure class=\"wp-block-image size-large\"><img loading=\"lazy\" decoding=\"async\" width=\"800\" height=\"271\" src=\"https:\/\/esamksupport.samk.fi\/ohje\/wp-content\/uploads\/sites\/3\/2022\/03\/stack_student2-800x271.png\" alt=\"\" class=\"wp-image-3264\" srcset=\"https:\/\/esamksupport.samk.fi\/ohje\/wp-content\/uploads\/sites\/3\/2022\/03\/stack_student2.png 800w, https:\/\/esamksupport.samk.fi\/ohje\/wp-content\/uploads\/sites\/3\/2022\/03\/stack_student2-768x260.png 768w\" sizes=\"auto, (max-width: 800px) 100vw, 800px\" \/><\/figure>\n\n\n\n<p>Kannattaa huomata, ett\u00e4 kertolaskua ei v\u00e4ltt\u00e4m\u00e4tt\u00e4 aina merkit\u00e4 lausekkeissa, mutta STACK-j\u00e4rjestelm\u00e4lle annetuissa vastauksissa <strong>jokainen kertolasku tulee merkit\u00e4<\/strong>. T\u00e4m\u00e4n vuoksi esimerkiksi lauseke 3x+5y annetaan j\u00e4rjestelm\u00e4lle muodossa <strong>3*x+5*y<\/strong>. Sulkujen oikeaoppinen k\u00e4ytt\u00e4minen on my\u00f6s ensiarvoisen t\u00e4rke\u00e4\u00e4 vastauksia sy\u00f6tett\u00e4ess\u00e4. Sulkujen avulla pystyt\u00e4\u00e4n m\u00e4\u00e4r\u00e4\u00e4m\u00e4\u00e4n tarkasti se, mihin lausekkeeseen mik\u00e4kin operaatio kohdistuu. Esimerkiksi lauseke 2<sup>2+x<\/sup> &nbsp;tulee sy\u00f6tt\u00e4\u00e4 muodossa <strong>2^(2+x)<\/strong>, jotta potenssiin korotus kohdistuu oikeaan lausekkeeseen. Mik\u00e4li sy\u00f6te olisi muotoa <strong>2^2+x<\/strong>, j\u00e4rjestelm\u00e4n tulkinta olisi 2<sup>2<\/sup>+x. Seuraavassa taulukossa on muutamia esimerkkej\u00e4 peruslausekkeiden oikeaoppisesta sy\u00f6tt\u00e4misest\u00e4.<\/p>\n\n\n\n<figure class=\"wp-block-image size-large\"><img loading=\"lazy\" decoding=\"async\" width=\"800\" height=\"201\" src=\"https:\/\/esamksupport.samk.fi\/ohje\/wp-content\/uploads\/sites\/3\/2022\/03\/stack_student3-800x201.png\" alt=\"\" class=\"wp-image-3267\" srcset=\"https:\/\/esamksupport.samk.fi\/ohje\/wp-content\/uploads\/sites\/3\/2022\/03\/stack_student3.png 800w, https:\/\/esamksupport.samk.fi\/ohje\/wp-content\/uploads\/sites\/3\/2022\/03\/stack_student3-768x192.png 768w\" sizes=\"auto, (max-width: 800px) 100vw, 800px\" \/><\/figure>\n\n\n\n<h3 class=\"wp-block-heading\"><a>Luvut ja vakiot<\/a><\/h3>\n\n\n\n<p>Mik\u00e4li vastauksessa tarvitaan lukuja, ne tulee sy\u00f6tt\u00e4\u00e4 aina tarkasti ja viel\u00e4p\u00e4 murtolukuna. Luku &nbsp;tulee siis sy\u00f6tt\u00e4\u00e4 muodossa <strong>(1\/4) <\/strong>ei <strong>0.25<\/strong>. Poikkeuksena t\u00e4st\u00e4 on toki teht\u00e4v\u00e4t, joissa on tarkoituksenakin laskea liukuluvuilla (desimaaliluvuilla). Mik\u00e4li teht\u00e4v\u00e4ss\u00e4 k\u00e4sitell\u00e4\u00e4n desimaalilukuja, <strong>desimaalierottimena k\u00e4ytet\u00e4\u00e4n pistett\u00e4, ei pilkkua.<\/strong> Jos teht\u00e4v\u00e4ss\u00e4 k\u00e4sitell\u00e4\u00e4n kulman suuruuksia, ne tulee aina sy\u00f6tt\u00e4\u00e4 radiaaneina<strong>, ei asteina<\/strong>. Matematiikan teht\u00e4viss\u00e4 tarvitaan monesti my\u00f6s tiettyj\u00e4 vakioita, joista er\u00e4s esimerkki on luku . Alla olevassa taulukossa on listattu yleisimm\u00e4t vakiot, joita STACK-vastauksissa tarvitaan. Kannattaa huomata, ett\u00e4 eksponenttifunktion &nbsp;sy\u00f6tt\u00e4minen k\u00e4sitell\u00e4\u00e4n seuraavassa luvussa.<\/p>\n\n\n\n<figure class=\"wp-block-image size-large\"><img loading=\"lazy\" decoding=\"async\" width=\"800\" height=\"160\" src=\"https:\/\/esamksupport.samk.fi\/ohje\/wp-content\/uploads\/sites\/3\/2022\/03\/stack_student4-800x160.png\" alt=\"\" class=\"wp-image-3268\" srcset=\"https:\/\/esamksupport.samk.fi\/ohje\/wp-content\/uploads\/sites\/3\/2022\/03\/stack_student4.png 800w, https:\/\/esamksupport.samk.fi\/ohje\/wp-content\/uploads\/sites\/3\/2022\/03\/stack_student4-768x153.png 768w\" sizes=\"auto, (max-width: 800px) 100vw, 800px\" \/><\/figure>\n\n\n\n<p>Seuraavassa taulukossa on muutamia esimerkkej\u00e4 siit\u00e4, miten lukujen kanssa STACK-teht\u00e4viss\u00e4 toimitaan.<\/p>\n\n\n\n<figure class=\"wp-block-image size-large\"><img loading=\"lazy\" decoding=\"async\" width=\"800\" height=\"215\" src=\"https:\/\/esamksupport.samk.fi\/ohje\/wp-content\/uploads\/sites\/3\/2022\/03\/stack_student5-800x215.png\" alt=\"\" class=\"wp-image-3269\" srcset=\"https:\/\/esamksupport.samk.fi\/ohje\/wp-content\/uploads\/sites\/3\/2022\/03\/stack_student5.png 800w, https:\/\/esamksupport.samk.fi\/ohje\/wp-content\/uploads\/sites\/3\/2022\/03\/stack_student5-768x206.png 768w\" sizes=\"auto, (max-width: 800px) 100vw, 800px\" \/><\/figure>\n\n\n\n<h3 class=\"wp-block-heading\"><a>Funktiot<\/a><\/h3>\n\n\n\n<p>Joissain tapauksissa teht\u00e4vien vastauksia sy\u00f6tett\u00e4ess\u00e4 saatetaan tarvita esimerkiksi trigonometrisia funktioita tarkan vastauksen kirjoittamiseksi. Funktiot sy\u00f6tet\u00e4\u00e4n STACK j\u00e4rjestelm\u00e4ss\u00e4 aina niin, ett\u00e4 lauseke, johon funktio kohdistuu, kirjoitetaan sulkujen sis\u00e4\u00e4n. Jos vastaukseen halutaan kirjoittaa vaikkapa , se tulee kirjoittaa muodossa <strong>sin(3*x)<\/strong>. Alla olevassa taulukossa on listattuna yleisimm\u00e4t tarvittavat funktiot ja niiden kirjoitusasu STACK-j\u00e4rjestelm\u00e4ss\u00e4. Mukana on my\u00f6s joitain esimerkkej\u00e4. Huom! Mik\u00e4li kirjoitat vastauskentt\u00e4\u00e4n lausekkeen muodossa <strong>y(x)<\/strong>, j\u00e4rjestelm\u00e4 tulkitsee, ett\u00e4 sy\u00f6t\u00e4t funktion , jonka muuttuja on . T\u00e4m\u00e4n vuoksi kertolaskuoperaatio tulee sy\u00f6tteess\u00e4 merkit\u00e4 aina merkill\u00e4 <strong>*<\/strong>.<\/p>\n\n\n\n<figure class=\"wp-block-image size-large\"><img loading=\"lazy\" decoding=\"async\" width=\"800\" height=\"625\" src=\"https:\/\/esamksupport.samk.fi\/ohje\/wp-content\/uploads\/sites\/3\/2022\/03\/stack_student6-800x625.png\" alt=\"\" class=\"wp-image-3271\" srcset=\"https:\/\/esamksupport.samk.fi\/ohje\/wp-content\/uploads\/sites\/3\/2022\/03\/stack_student6.png 800w, https:\/\/esamksupport.samk.fi\/ohje\/wp-content\/uploads\/sites\/3\/2022\/03\/stack_student6-768x600.png 768w\" sizes=\"auto, (max-width: 800px) 100vw, 800px\" \/><\/figure>\n\n\n\n<h3 class=\"wp-block-heading\"><a>Symbolit, Listat, joukot ja matriisit<\/a><\/h3>\n\n\n\n<p>Tietyiss\u00e4 tilanteissa vastauskentt\u00e4\u00e4n saatetaan pyyt\u00e4\u00e4 sy\u00f6tt\u00e4m\u00e4\u00e4n esimerkiksi joukko tai vastauksessa pyydet\u00e4\u00e4n k\u00e4ytt\u00e4m\u00e4\u00e4n tietty\u00e4 symbolia. Kreikkalaiset kirjaimet saa STACK-j\u00e4rjestelm\u00e4ss\u00e4 k\u00e4ytt\u00f6\u00f6n kirjaimen englanninkielisell\u00e4 nimell\u00e4. Symboli &nbsp;on siis <strong>pi<\/strong> ja vastaavasti &nbsp;saadaan kirjoittamalla <strong>alpha<\/strong>. Mik\u00e4li vastauksessa pyydet\u00e4\u00e4n listaa tai joukkoa, saadaan ne k\u00e4ytt\u00f6\u00f6n vastaavasti hakasulkeilla tai aaltosulkeilla, alkiot pilkuilla eroteltuna. Lista eroaa joukosta siten, ett\u00e4 siin\u00e4 voi olla samoja alkioita useita, eik\u00e4 sit\u00e4 ole j\u00e4rjestetty. STACK-j\u00e4rjestelm\u00e4 tukee matriisia er\u00e4\u00e4n\u00e4 vastausmuotona. T\u00e4ll\u00f6in j\u00e4rjestelm\u00e4 huolehti siit\u00e4, ett\u00e4 matriisi k\u00e4sitell\u00e4\u00e4n matriisina. Joissain tapauksissa on perusteltua kuitenkin vaatia opiskelijalta matriisin m\u00e4\u00e4rittely. Matriisin saa luotua komennolla <strong>matrix()<\/strong>, siten ett\u00e4 komennon sis\u00e4\u00e4n sy\u00f6tet\u00e4\u00e4n rivit listoina pilkuilla eroteltuina. Seuraavassa taulukossa on esitetty yleisimpien symbolien STACK-nimet ja esimerkkej\u00e4 listojen, joukkojen ja matriisien luomisesta.<\/p>\n\n\n\n<figure class=\"wp-block-image size-large\"><img loading=\"lazy\" decoding=\"async\" width=\"800\" height=\"303\" src=\"https:\/\/esamksupport.samk.fi\/ohje\/wp-content\/uploads\/sites\/3\/2022\/03\/stack_student7-800x303.png\" alt=\"\" class=\"wp-image-3272\" srcset=\"https:\/\/esamksupport.samk.fi\/ohje\/wp-content\/uploads\/sites\/3\/2022\/03\/stack_student7.png 800w, https:\/\/esamksupport.samk.fi\/ohje\/wp-content\/uploads\/sites\/3\/2022\/03\/stack_student7-768x290.png 768w\" sizes=\"auto, (max-width: 800px) 100vw, 800px\" \/><\/figure>\n\n\n\n<h3 class=\"wp-block-heading\"><a>Muistilista vastauksen\/tentin palauttajalle<\/a><\/h3>\n\n\n\n<p>Tarkista seuraavat asiat ennen kuin palautat vastauksesi j\u00e4rjestelm\u00e4\u00e4n.<\/p>\n\n\n\n<ul class=\"wp-block-list\"><li>Lue teht\u00e4v\u00e4nanto viel\u00e4 huolellisesti l\u00e4pi. Toimitko niin kuin teht\u00e4v\u00e4ss\u00e4 pyydettiin?<\/li><li>Vastasithan kaikkiin kohtiin? Arvaaminen ei maksa mit\u00e4\u00e4n, mutta voi menn\u00e4 vahingossa oikein.<\/li><li>Luithan huolellisesti sen, miten j\u00e4rjestelm\u00e4 tulkitsee vastauksesi? Onhan tulkin antamassa muuttujalistauksessa kaikki kohdallaan.<\/li><li>Puuttuuko kertomerkkej\u00e4?<\/li><li>Ovatko sulutukset varmasti oikein?<\/li><li>Jos olet ep\u00e4varma siit\u00e4, miten jokin asia tulisi sy\u00f6tt\u00e4\u00e4 j\u00e4rjestelm\u00e4\u00e4n, ota yhteytt\u00e4 opetushenkil\u00f6kuntaan.<\/li><li>Palauta kokeesi painamalla sivun alareunan painiketta <strong><em>Seuraava <\/em><\/strong>tai<strong><em> Lopeta tentti<\/em><\/strong> ja t\u00e4m\u00e4n j\u00e4lkeen avautuvalta sivulta painiketta <strong><em>Palauta kaikki ja lopeta<\/em><\/strong>.<\/li><li>Jos j\u00e4rjestelm\u00e4 antaa varoituksia, etk\u00e4 tied\u00e4, mit\u00e4 tehd\u00e4, ota yhteys opetushenkil\u00f6kuntaan<\/li><\/ul>\n","protected":false},"excerpt":{"rendered":"<p>Alla olevan Opiskelijan pikaoppaan STACK-teht\u00e4viin on kirjoittanut Lassi Korhonen (Oulun yliopisto). Oppaan k\u00e4ytt\u00e4minen T\u00e4m\u00e4n oppaan tarkoitus on antaa opiskelijoille riitt\u00e4v\u00e4t valmiudet STACK-teht\u00e4vien vastausten sy\u00f6tt\u00e4miseen ja j\u00e4rjestelm\u00e4n rajoitteiden ymm\u00e4rt\u00e4miseen. T\u00e4rkeint\u00e4 STACK-vastauksia sy\u00f6tett\u00e4ess\u00e4 on huolellisuus, sill\u00e4 j\u00e4rjestelm\u00e4 on armoton n\u00e4pp\u00e4ilyvirheit\u00e4 kohtaan. Mik\u00e4li oppaassa on virheit\u00e4 ja selkeit\u00e4 puutteita, ota yhteys kirjoittajaan: lassi.korhonen@oulu.fi. Vastauksen sy\u00f6tt\u00e4misen perusteet STACK-teht\u00e4vien vastausten sy\u00f6tt\u00e4minen muistuttaa hyvin paljon graafisen laskimen k\u00e4skytt\u00e4mist\u00e4, mutta eri toiminnoille ei luonnollisestikaan ole omia n\u00e4pp\u00e4imi\u00e4 kuten laskimissa. Jotta j\u00e4rjestelm\u00e4 ymm\u00e4rt\u00e4isi opiskelijan sy\u00f6tt\u00e4m\u00e4n vastauksen juuri niin kuin se oli tarkoitettu, t\u00e4ytyy vastauksen noudattaa j\u00e4rjestelm\u00e4n mukaista kielioppia. STACK-j\u00e4rjestelm\u00e4 n\u00e4ytt\u00e4\u00e4 toki vastauksen sy\u00f6tt\u00e4misen yhteydess\u00e4 sen, miten se tulkitsee annetun sy\u00f6tteen, mik\u00e4 auttaa karsimaan suurimman osan virheist\u00e4. Alla olevassa kuvassa on n\u00e4ytetty, milt\u00e4 STACK-teht\u00e4v\u00e4 ja sy\u00f6tteen tulkinta voi esimerkiksi n\u00e4ytt\u00e4\u00e4. Seuraavaksi perehdyt\u00e4\u00e4n siihen, mitk\u00e4 perusasia tulee pit\u00e4\u00e4 aina mieless\u00e4 ja huomioida STACK-teht\u00e4vi\u00e4 teht\u00e4ess\u00e4. Operaatiot Peruslaskutoimitusten sy\u00f6tt\u00e4minen j\u00e4rjestelm\u00e4\u00e4n onnistuu alla olevan taulukon mukaisilla merkeill\u00e4. Kannattaa huomata, ett\u00e4 kertolaskua ei v\u00e4ltt\u00e4m\u00e4tt\u00e4&hellip;<\/p>\n<p> <a class=\"more-link\" href=\"https:\/\/esamksupport.samk.fi\/ohje\/moodle-opiskelija-stack\/\">Lue Lis\u00e4\u00e4<\/a><\/p>\n","protected":false},"author":18,"featured_media":0,"parent":0,"menu_order":0,"comment_status":"closed","ping_status":"open","template":"","meta":{"footnotes":""},"class_list":["post-3257","page","type-page","status-publish"],"_links":{"self":[{"href":"https:\/\/esamksupport.samk.fi\/ohje\/wp-json\/wp\/v2\/pages\/3257","targetHints":{"allow":["GET"]}}],"collection":[{"href":"https:\/\/esamksupport.samk.fi\/ohje\/wp-json\/wp\/v2\/pages"}],"about":[{"href":"https:\/\/esamksupport.samk.fi\/ohje\/wp-json\/wp\/v2\/types\/page"}],"author":[{"embeddable":true,"href":"https:\/\/esamksupport.samk.fi\/ohje\/wp-json\/wp\/v2\/users\/18"}],"replies":[{"embeddable":true,"href":"https:\/\/esamksupport.samk.fi\/ohje\/wp-json\/wp\/v2\/comments?post=3257"}],"version-history":[{"count":9,"href":"https:\/\/esamksupport.samk.fi\/ohje\/wp-json\/wp\/v2\/pages\/3257\/revisions"}],"predecessor-version":[{"id":3279,"href":"https:\/\/esamksupport.samk.fi\/ohje\/wp-json\/wp\/v2\/pages\/3257\/revisions\/3279"}],"wp:attachment":[{"href":"https:\/\/esamksupport.samk.fi\/ohje\/wp-json\/wp\/v2\/media?parent=3257"}],"curies":[{"name":"wp","href":"https:\/\/api.w.org\/{rel}","templated":true}]}}