{"id":3339,"date":"2022-08-04T12:34:00","date_gmt":"2022-08-04T09:34:00","guid":{"rendered":"https:\/\/esamksupport.samk.fi\/ohje\/?page_id=3339"},"modified":"2024-08-15T15:05:24","modified_gmt":"2024-08-15T12:05:24","slug":"moodle-opettaja-readspeaker","status":"publish","type":"page","link":"https:\/\/esamksupport.samk.fi\/ohje\/moodle-opettaja-readspeaker\/","title":{"rendered":"Moodle &gt; Opettaja &gt; Readspeaker"},"content":{"rendered":"\n<p><\/p>\n\n\n\n<p>ReadSpeaker-ty\u00f6kalu mahdollistaa tekstin kuuntelemisen. Moodlessa ReadSpeaker voidaan lis\u00e4t\u00e4 kurssialueelle, kuten muutkin lohkot.<\/p>\n\n\n\n<p>Laita aluksi oikeasta yl\u00e4reunasta <strong>Muokkaustila <\/strong>p\u00e4\u00e4lle.<\/p>\n\n\n\n<p>Klikkaa seuraavaksi <strong>Lis\u00e4\u00e4 lohko<\/strong> ja valitse listasta <strong>ReadSpeaker webReader<\/strong>.<\/p>\n\n\n\n<figure class=\"wp-block-image size-large is-resized\"><img loading=\"lazy\" decoding=\"async\" width=\"355\" height=\"348\" src=\"https:\/\/esamksupport.samk.fi\/ohje\/wp-content\/uploads\/sites\/3\/2024\/08\/Readspeaker-fi-1-355x348.png\" alt=\"\" class=\"wp-image-3952\" style=\"width:383px;height:auto\" \/><\/figure>\n\n\n\n<p>T\u00e4m\u00e4n j\u00e4lkeen kurssialueen oikeaan reunaan tulee Kuuntele ReadSpeakerilla lohko. ReadSpeakerin ohjeet saa esille klikkaamalla ReadSpeaker ty\u00f6kalupalkin vasemmassa reunassa olevaa kolmea viivaa.<\/p>\n\n\n\n<h3 class=\"wp-block-heading\">Yhteensopivan tiedoston lis\u00e4\u00e4minen<\/h3>\n\n\n\n<p>ReadSpeaker tukee mm. Word, Powerpoint ja pdf-tiedostoja. Pdf-tiedoston on oltava esim. Wordill\u00e4 tehty tekstitiedosto, joka on tallennettu pdf-muotoon. ReadSpeaker ei siis pysty lukemaan esim. skannattuja kirjan sivuja.<\/p>\n\n\n\n<p>Kurssialueelle voidaan lis\u00e4t\u00e4 tekstidokumentti <strong>Lis\u00e4\u00e4 aktiviteetti tai aineisto<\/strong> toiminnolla ja valitsemalla aktiviteetiksi tiedosto. Ladatun tiedoston nimen per\u00e4\u00e4n tulee docReader kuvake, jota klikkaamalla tiedosto aukeaa ReadSpeakerin docReaderiin, jossa tiedosto voidaan kuunnella klikkaamalla <strong>Kuuntele <\/strong>painiketta.<\/p>\n\n\n\n<figure class=\"wp-block-image size-large\"><img loading=\"lazy\" decoding=\"async\" width=\"815\" height=\"126\" src=\"https:\/\/esamksupport.samk.fi\/ohje\/wp-content\/uploads\/sites\/3\/2024\/08\/readspeaker-fi-3-815x126.png\" alt=\"\" class=\"wp-image-3968\" srcset=\"https:\/\/esamksupport.samk.fi\/ohje\/wp-content\/uploads\/sites\/3\/2024\/08\/readspeaker-fi-3.png 815w, https:\/\/esamksupport.samk.fi\/ohje\/wp-content\/uploads\/sites\/3\/2024\/08\/readspeaker-fi-3-768x118.png 768w\" sizes=\"auto, (max-width: 815px) 100vw, 815px\" \/><\/figure>\n\n\n\n<p><\/p>\n\n\n\n<h3 class=\"wp-block-heading\">ReadSpeakerin oletuskieli<\/h3>\n\n\n\n<p>ReadSpeakerin oletuskieli voidaan vaihtaa avaamalla lohkon asetukset ja klikkaamalla <strong>Muokkaa lohkoa ReadSpeaker webReader<\/strong>. Valitse asetuksista kurssin sis\u00e4ll\u00f6n kieli. T\u00e4m\u00e4 vaihtaa lohkon tekstien lis\u00e4ksi ReadSpeakerin oletuslukukielen.<\/p>\n\n\n\n<figure class=\"wp-block-image size-large is-resized\"><img loading=\"lazy\" decoding=\"async\" width=\"345\" height=\"352\" src=\"https:\/\/esamksupport.samk.fi\/ohje\/wp-content\/uploads\/sites\/3\/2024\/08\/Readspeaker-fi-2-345x352.png\" alt=\"\" class=\"wp-image-3953\" style=\"width:315px;height:auto\" \/><\/figure>\n","protected":false},"excerpt":{"rendered":"<p>ReadSpeaker-ty\u00f6kalu mahdollistaa tekstin kuuntelemisen. Moodlessa ReadSpeaker voidaan lis\u00e4t\u00e4 kurssialueelle, kuten muutkin lohkot. Laita aluksi oikeasta yl\u00e4reunasta Muokkaustila p\u00e4\u00e4lle. Klikkaa seuraavaksi Lis\u00e4\u00e4 lohko ja valitse listasta ReadSpeaker webReader. T\u00e4m\u00e4n j\u00e4lkeen kurssialueen oikeaan reunaan tulee Kuuntele ReadSpeakerilla lohko. ReadSpeakerin ohjeet saa esille klikkaamalla ReadSpeaker ty\u00f6kalupalkin vasemmassa reunassa olevaa kolmea viivaa. Yhteensopivan tiedoston lis\u00e4\u00e4minen ReadSpeaker tukee mm. Word, Powerpoint ja pdf-tiedostoja. Pdf-tiedoston on oltava esim. Wordill\u00e4 tehty tekstitiedosto, joka on tallennettu pdf-muotoon. ReadSpeaker ei siis pysty lukemaan esim. skannattuja kirjan sivuja. Kurssialueelle voidaan lis\u00e4t\u00e4 tekstidokumentti Lis\u00e4\u00e4 aktiviteetti tai aineisto toiminnolla ja valitsemalla aktiviteetiksi tiedosto. Ladatun tiedoston nimen per\u00e4\u00e4n tulee docReader kuvake, jota klikkaamalla tiedosto aukeaa ReadSpeakerin docReaderiin, jossa tiedosto voidaan kuunnella klikkaamalla Kuuntele painiketta. ReadSpeakerin oletuskieli ReadSpeakerin oletuskieli voidaan vaihtaa avaamalla lohkon asetukset ja klikkaamalla Muokkaa lohkoa ReadSpeaker webReader. Valitse asetuksista kurssin sis\u00e4ll\u00f6n kieli. T\u00e4m\u00e4 vaihtaa lohkon tekstien lis\u00e4ksi ReadSpeakerin oletuslukukielen.<\/p>\n","protected":false},"author":18,"featured_media":0,"parent":0,"menu_order":0,"comment_status":"closed","ping_status":"open","template":"","meta":{"footnotes":""},"class_list":["post-3339","page","type-page","status-publish"],"_links":{"self":[{"href":"https:\/\/esamksupport.samk.fi\/ohje\/wp-json\/wp\/v2\/pages\/3339","targetHints":{"allow":["GET"]}}],"collection":[{"href":"https:\/\/esamksupport.samk.fi\/ohje\/wp-json\/wp\/v2\/pages"}],"about":[{"href":"https:\/\/esamksupport.samk.fi\/ohje\/wp-json\/wp\/v2\/types\/page"}],"author":[{"embeddable":true,"href":"https:\/\/esamksupport.samk.fi\/ohje\/wp-json\/wp\/v2\/users\/18"}],"replies":[{"embeddable":true,"href":"https:\/\/esamksupport.samk.fi\/ohje\/wp-json\/wp\/v2\/comments?post=3339"}],"version-history":[{"count":11,"href":"https:\/\/esamksupport.samk.fi\/ohje\/wp-json\/wp\/v2\/pages\/3339\/revisions"}],"predecessor-version":[{"id":3969,"href":"https:\/\/esamksupport.samk.fi\/ohje\/wp-json\/wp\/v2\/pages\/3339\/revisions\/3969"}],"wp:attachment":[{"href":"https:\/\/esamksupport.samk.fi\/ohje\/wp-json\/wp\/v2\/media?parent=3339"}],"curies":[{"name":"wp","href":"https:\/\/api.w.org\/{rel}","templated":true}]}}