{"id":3376,"date":"2023-01-04T09:53:59","date_gmt":"2023-01-04T07:53:59","guid":{"rendered":"https:\/\/esamksupport.samk.fi\/ohje\/?page_id=3376"},"modified":"2025-01-16T09:20:55","modified_gmt":"2025-01-16T07:20:55","slug":"moodle-opettaja-plagioinnintarkistus","status":"publish","type":"page","link":"https:\/\/esamksupport.samk.fi\/ohje\/moodle-opettaja-plagioinnintarkistus\/","title":{"rendered":"MOODLE &gt; Opettaja &gt; Plagioinnin tarkistus"},"content":{"rendered":"\n<p><\/p>\n\n\n\n<p>Ouriginal poistui k\u00e4yt\u00f6st\u00e4 vuoden 2022 lopussa ja tilalle tuli Turnitin Similarity. Turnitin toimii sek\u00e4 Moodlessa, ett\u00e4 Wihiss\u00e4.<\/p>\n\n\n\n<p><strong>Ensimm\u00e4isell\u00e4 k\u00e4ytt\u00f6kerralla opiskelijan tulee hyv\u00e4ksy\u00e4 Turnitin EULA-k\u00e4ytt\u00e4j\u00e4sopimus (End User Lisence Agreement), jotta dokumentit l\u00e4htev\u00e4t tarkistukseen.<\/strong> Ellei hyv\u00e4ksynt\u00e4\u00e4 tehd\u00e4, dokumentit palautuvat pelk\u00e4st\u00e4\u00e4n Moodleen, mutta eiv\u00e4t mene TurnItIniin. Nappi EULAn hyv\u00e4ksynn\u00e4lle l\u00f6ytyy sellaisen teht\u00e4v\u00e4n yhteydest\u00e4, jossa on TurnItIn aktivoituna:<\/p>\n\n\n\n<figure class=\"wp-block-image size-full\"><img loading=\"lazy\" decoding=\"async\" width=\"1872\" height=\"617\" src=\"https:\/\/esamksupport.samk.fi\/ohje\/wp-content\/uploads\/sites\/3\/2023\/02\/TurnItIn_accept_eula.png\" alt=\"\" class=\"wp-image-3520\" srcset=\"https:\/\/esamksupport.samk.fi\/ohje\/wp-content\/uploads\/sites\/3\/2023\/02\/TurnItIn_accept_eula.png 1872w, https:\/\/esamksupport.samk.fi\/ohje\/wp-content\/uploads\/sites\/3\/2023\/02\/TurnItIn_accept_eula-768x253.png 768w\" sizes=\"auto, (max-width: 1872px) 100vw, 1872px\" \/><\/figure>\n\n\n\n<p>Jos opiskelija palauttaa ty\u00f6ns\u00e4 hyv\u00e4ksym\u00e4tt\u00e4 EULAa, h\u00e4nen on mahdollista palata palautukseensa ja k\u00e4yd\u00e4 hyv\u00e4ksym\u00e4ss\u00e4 se. T\u00e4m\u00e4n j\u00e4lkeen teht\u00e4v\u00e4n pit\u00e4isi l\u00e4hte\u00e4 automaattisesti TurnItIn-tarkistukseen. Kun EULA on kerran hyv\u00e4ksytty, jatkossa se n\u00e4kyy teht\u00e4v\u00e4npalautuksen yhteydess\u00e4 n\u00e4in:<\/p>\n\n\n\n<figure class=\"wp-block-image size-full\"><img loading=\"lazy\" decoding=\"async\" width=\"1411\" height=\"563\" src=\"https:\/\/esamksupport.samk.fi\/ohje\/wp-content\/uploads\/sites\/3\/2023\/02\/TurnItIn_accepted_eula.png\" alt=\"\" class=\"wp-image-3521\" srcset=\"https:\/\/esamksupport.samk.fi\/ohje\/wp-content\/uploads\/sites\/3\/2023\/02\/TurnItIn_accepted_eula.png 1411w, https:\/\/esamksupport.samk.fi\/ohje\/wp-content\/uploads\/sites\/3\/2023\/02\/TurnItIn_accepted_eula-768x306.png 768w\" sizes=\"auto, (max-width: 1411px) 100vw, 1411px\" \/><\/figure>\n\n\n\n<figure class=\"wp-block-image size-large\"><img loading=\"lazy\" decoding=\"async\" width=\"928\" height=\"360\" src=\"https:\/\/esamksupport.samk.fi\/ohje\/wp-content\/uploads\/sites\/3\/2022\/12\/turnitin_checkmarks-928x360.png\" alt=\"\" class=\"wp-image-3420\" srcset=\"https:\/\/esamksupport.samk.fi\/ohje\/wp-content\/uploads\/sites\/3\/2022\/12\/turnitin_checkmarks.png 928w, https:\/\/esamksupport.samk.fi\/ohje\/wp-content\/uploads\/sites\/3\/2022\/12\/turnitin_checkmarks-768x297.png 768w\" sizes=\"auto, (max-width: 928px) 100vw, 928px\" \/><\/figure>\n\n\n\n<p><strong>Ota Turnitin k\u00e4ytt\u00f6\u00f6n<\/strong> &#8211; t\u00e4m\u00e4 valinta ottaa tarkistusprosessin k\u00e4ytt\u00f6\u00f6n kyseisess\u00e4 teht\u00e4v\u00e4ss\u00e4<\/p>\n\n\n\n<p><strong>Sulje pois samankaltaisuusraporteista<\/strong> &#8211; Valitut vaihtoehdot eiv\u00e4t n\u00e4y vastaavina samankaltaisuusraporteissa. <strong>\u00c4l\u00e4 koskaan indeksoi teht\u00e4v\u00e4vi\u00e4, joihin palautetaan henkil\u00f6tietoja!!! <\/strong><\/p>\n\n\n\n<p><strong>Luo samankaltaisuusraportit<\/strong> &#8211; Milloin dokumentille luodaan raportti<\/p>\n\n\n\n<p><strong>L\u00e4hetysten indeksointi<\/strong> &#8211; Indeksoidut l\u00e4hetykset ja tallennetaan Turnitinin tietokantaan ja ne ovat k\u00e4ytett\u00e4viss\u00e4 vertailua varten samankaltaisuusraporteissa. <\/p>\n\n\n\n<p><strong>Opiskelijoiden p\u00e4\u00e4sy<\/strong> &#8211; Saako opiskelija p\u00e4\u00e4syn raporttiin.<\/p>\n\n\n\n<p><\/p>\n\n\n\n<p>Tarkistukseen l\u00e4hetetyll\u00e4 dokumentilla on j\u00e4rjestelm\u00e4ss\u00e4 kolme eri tilaa, jotka on kuvattu alla.<\/p>\n\n\n\n<figure class=\"wp-block-image size-full\"><img loading=\"lazy\" decoding=\"async\" width=\"1391\" height=\"174\" src=\"https:\/\/esamksupport.samk.fi\/ohje\/wp-content\/uploads\/sites\/3\/2022\/10\/turnitin_jonossa.png\" alt=\"\" class=\"wp-image-3379\" srcset=\"https:\/\/esamksupport.samk.fi\/ohje\/wp-content\/uploads\/sites\/3\/2022\/10\/turnitin_jonossa.png 1391w, https:\/\/esamksupport.samk.fi\/ohje\/wp-content\/uploads\/sites\/3\/2022\/10\/turnitin_jonossa-768x96.png 768w\" sizes=\"auto, (max-width: 1391px) 100vw, 1391px\" \/><\/figure>\n\n\n\n<p>Palautettu dokumentti on <strong>jonossa<\/strong>.<\/p>\n\n\n\n<figure class=\"wp-block-image size-full\"><img loading=\"lazy\" decoding=\"async\" width=\"1386\" height=\"230\" src=\"https:\/\/esamksupport.samk.fi\/ohje\/wp-content\/uploads\/sites\/3\/2022\/10\/turnitin_odottaa.png\" alt=\"\" class=\"wp-image-3380\" srcset=\"https:\/\/esamksupport.samk.fi\/ohje\/wp-content\/uploads\/sites\/3\/2022\/10\/turnitin_odottaa.png 1386w, https:\/\/esamksupport.samk.fi\/ohje\/wp-content\/uploads\/sites\/3\/2022\/10\/turnitin_odottaa-768x127.png 768w\" sizes=\"auto, (max-width: 1386px) 100vw, 1386px\" \/><\/figure>\n\n\n\n<p>Palautettu dokumentti <strong>odottaa<\/strong> tarkistusvuoroaan.<\/p>\n\n\n\n<figure class=\"wp-block-image size-full\"><img loading=\"lazy\" decoding=\"async\" width=\"1423\" height=\"218\" src=\"https:\/\/esamksupport.samk.fi\/ohje\/wp-content\/uploads\/sites\/3\/2023\/01\/turnitin_valmis.jpg\" alt=\"\" class=\"wp-image-3491\" srcset=\"https:\/\/esamksupport.samk.fi\/ohje\/wp-content\/uploads\/sites\/3\/2023\/01\/turnitin_valmis.jpg 1423w, https:\/\/esamksupport.samk.fi\/ohje\/wp-content\/uploads\/sites\/3\/2023\/01\/turnitin_valmis-768x117.jpg 768w\" sizes=\"auto, (max-width: 1423px) 100vw, 1423px\" \/><\/figure>\n\n\n\n<p>Tarkistettu dokumentti ja analyysi n\u00e4ytt\u00e4\u00e4 t\u00e4m\u00e4n tiedoston kohdalla 100%:n samankaltaisuutta, eli kyseinen dokumentti l\u00f6ytyy jo samanlaisena vertailutietokannasta. Varsinaista raporttia p\u00e4\u00e4set lukemaan klikkaamalla <mark class=\"has-inline-color has-vivid-red-color\">prosenttilukua<\/mark>.<\/p>\n\n\n\n<figure class=\"wp-block-image size-large\"><img loading=\"lazy\" decoding=\"async\" width=\"800\" height=\"242\" src=\"https:\/\/esamksupport.samk.fi\/ohje\/wp-content\/uploads\/sites\/3\/2023\/01\/turnitinraportti-800x242.jpg\" alt=\"\" class=\"wp-image-3490\" srcset=\"https:\/\/esamksupport.samk.fi\/ohje\/wp-content\/uploads\/sites\/3\/2023\/01\/turnitinraportti.jpg 800w, https:\/\/esamksupport.samk.fi\/ohje\/wp-content\/uploads\/sites\/3\/2023\/01\/turnitinraportti-768x232.jpg 768w\" sizes=\"auto, (max-width: 800px) 100vw, 800px\" \/><\/figure>\n\n\n\n<p>Lis\u00e4\u00e4 ohjeita l\u00f6ytyy t\u00e4\u00e4lt\u00e4: <a href=\"https:\/\/help.turnitin.com\/integrity\/instructor\/moodle.htm\" target=\"_blank\" rel=\"noreferrer noopener\">https:\/\/help.turnitin.com\/integrity\/instructor\/moodle.htm<\/a><\/p>\n\n\n\n<h2 class=\"wp-block-heading\">Moodlen l\u00e4hett\u00e4m\u00e4t Turnitin-viestit<\/h2>\n\n\n\n<p>Moodlen l\u00e4hett\u00e4mi\u00e4 Turnitiin liittyvi\u00e4 viestej\u00e4 pystyt hallitsemaan Moodlen oman profiiliin Asetukset -&gt; Ilmoitusten asetukset -polun takaa.<\/p>\n\n\n\n<figure class=\"wp-block-image size-large\"><img loading=\"lazy\" decoding=\"async\" width=\"800\" height=\"138\" src=\"https:\/\/esamksupport.samk.fi\/ohje\/wp-content\/uploads\/sites\/3\/2023\/01\/moodle_turnitin_viestiasetukset-800x138.jpg\" alt=\"\" class=\"wp-image-3478\" srcset=\"https:\/\/esamksupport.samk.fi\/ohje\/wp-content\/uploads\/sites\/3\/2023\/01\/moodle_turnitin_viestiasetukset.jpg 800w, https:\/\/esamksupport.samk.fi\/ohje\/wp-content\/uploads\/sites\/3\/2023\/01\/moodle_turnitin_viestiasetukset-768x132.jpg 768w\" sizes=\"auto, (max-width: 800px) 100vw, 800px\" \/><\/figure>\n\n\n\n<h2 class=\"wp-block-heading\">Raportti<\/h2>\n\n\n\n<p>On t\u00e4rke\u00e4\u00e4 huomata, ett\u00e4 raportti on apuv\u00e4line, jota on aina tulkittava. Se ei suoraan kerro, sis\u00e4lt\u00e4\u00e4k\u00f6 analysoitava teksti plagiointia vaan etsii palautetusta ty\u00f6st\u00e4 yht\u00e4l\u00e4isyyksi\u00e4 vertailutietokantaan.<\/p>\n\n\n\n<p>Turnitin ei viel\u00e4 mahdollista dokumenttipohjien, kuten opinn\u00e4ytety\u00f6n &#8221;whitelistaamista&#8221; (=merkint\u00e4\u00e4 aineistoksi, joka ohitetaan vertailussa)<\/p>\n\n\n\n<p>Jos raportissa n\u00e4kyy suuria yht\u00e4l\u00e4isyyksi\u00e4 yksitt\u00e4isiin dokumentteihin, tutki, koostuvatko n\u00e4m\u00e4 suorista lainauksista ja ovatko ne oikeutettuja?<\/p>\n\n\n\n<p><a rel=\"noreferrer noopener\" href=\"https:\/\/esamksupport.samk.fi\/ohje\/wp-content\/uploads\/sites\/3\/2023\/05\/Turnitin-raportin-tulkinta.pdf\" target=\"_blank\">Raportin tulkintaohje<\/a><\/p>\n\n\n\n<p><a href=\"https:\/\/hill.webex.com\/recordingservice\/sites\/hill\/recording\/4fab7df3cc99103b9afbd25d37aeee13\/playback\" target=\"_blank\" rel=\"noreferrer noopener\">4.5. Turnitin-infon tallenne<\/a><\/p>\n\n\n\n<p><a href=\"https:\/\/www.youtube.com\/watch?v=O5_UUYRLN00\">Youtube-video (n. 8min) raportin tulkinnasta<\/a><\/p>\n","protected":false},"excerpt":{"rendered":"<p>Ouriginal poistui k\u00e4yt\u00f6st\u00e4 vuoden 2022 lopussa ja tilalle tuli Turnitin Similarity. Turnitin toimii sek\u00e4 Moodlessa, ett\u00e4 Wihiss\u00e4. Ensimm\u00e4isell\u00e4 k\u00e4ytt\u00f6kerralla opiskelijan tulee hyv\u00e4ksy\u00e4 Turnitin EULA-k\u00e4ytt\u00e4j\u00e4sopimus (End User Lisence Agreement), jotta dokumentit l\u00e4htev\u00e4t tarkistukseen. Ellei hyv\u00e4ksynt\u00e4\u00e4 tehd\u00e4, dokumentit palautuvat pelk\u00e4st\u00e4\u00e4n Moodleen, mutta eiv\u00e4t mene TurnItIniin. Nappi EULAn hyv\u00e4ksynn\u00e4lle l\u00f6ytyy sellaisen teht\u00e4v\u00e4n yhteydest\u00e4, jossa on TurnItIn aktivoituna: Jos opiskelija palauttaa ty\u00f6ns\u00e4 hyv\u00e4ksym\u00e4tt\u00e4 EULAa, h\u00e4nen on mahdollista palata palautukseensa ja k\u00e4yd\u00e4 hyv\u00e4ksym\u00e4ss\u00e4 se. T\u00e4m\u00e4n j\u00e4lkeen teht\u00e4v\u00e4n pit\u00e4isi l\u00e4hte\u00e4 automaattisesti TurnItIn-tarkistukseen. Kun EULA on kerran hyv\u00e4ksytty, jatkossa se n\u00e4kyy teht\u00e4v\u00e4npalautuksen yhteydess\u00e4 n\u00e4in: Ota Turnitin k\u00e4ytt\u00f6\u00f6n &#8211; t\u00e4m\u00e4 valinta ottaa tarkistusprosessin k\u00e4ytt\u00f6\u00f6n kyseisess\u00e4 teht\u00e4v\u00e4ss\u00e4 Sulje pois samankaltaisuusraporteista &#8211; Valitut vaihtoehdot eiv\u00e4t n\u00e4y vastaavina samankaltaisuusraporteissa. \u00c4l\u00e4 koskaan indeksoi teht\u00e4v\u00e4vi\u00e4, joihin palautetaan henkil\u00f6tietoja!!! Luo samankaltaisuusraportit &#8211; Milloin dokumentille luodaan raportti L\u00e4hetysten indeksointi &#8211; Indeksoidut l\u00e4hetykset ja tallennetaan Turnitinin tietokantaan ja ne ovat k\u00e4ytett\u00e4viss\u00e4 vertailua varten samankaltaisuusraporteissa. Opiskelijoiden p\u00e4\u00e4sy &#8211; Saako opiskelija p\u00e4\u00e4syn raporttiin. Tarkistukseen l\u00e4hetetyll\u00e4 dokumentilla on j\u00e4rjestelm\u00e4ss\u00e4&hellip;<\/p>\n<p> <a class=\"more-link\" href=\"https:\/\/esamksupport.samk.fi\/ohje\/moodle-opettaja-plagioinnintarkistus\/\">Lue Lis\u00e4\u00e4<\/a><\/p>\n","protected":false},"author":18,"featured_media":0,"parent":0,"menu_order":0,"comment_status":"closed","ping_status":"open","template":"","meta":{"footnotes":""},"class_list":["post-3376","page","type-page","status-publish"],"_links":{"self":[{"href":"https:\/\/esamksupport.samk.fi\/ohje\/wp-json\/wp\/v2\/pages\/3376","targetHints":{"allow":["GET"]}}],"collection":[{"href":"https:\/\/esamksupport.samk.fi\/ohje\/wp-json\/wp\/v2\/pages"}],"about":[{"href":"https:\/\/esamksupport.samk.fi\/ohje\/wp-json\/wp\/v2\/types\/page"}],"author":[{"embeddable":true,"href":"https:\/\/esamksupport.samk.fi\/ohje\/wp-json\/wp\/v2\/users\/18"}],"replies":[{"embeddable":true,"href":"https:\/\/esamksupport.samk.fi\/ohje\/wp-json\/wp\/v2\/comments?post=3376"}],"version-history":[{"count":20,"href":"https:\/\/esamksupport.samk.fi\/ohje\/wp-json\/wp\/v2\/pages\/3376\/revisions"}],"predecessor-version":[{"id":4141,"href":"https:\/\/esamksupport.samk.fi\/ohje\/wp-json\/wp\/v2\/pages\/3376\/revisions\/4141"}],"wp:attachment":[{"href":"https:\/\/esamksupport.samk.fi\/ohje\/wp-json\/wp\/v2\/media?parent=3376"}],"curies":[{"name":"wp","href":"https:\/\/api.w.org\/{rel}","templated":true}]}}