{"id":3388,"date":"2022-10-31T13:24:03","date_gmt":"2022-10-31T11:24:03","guid":{"rendered":"https:\/\/esamksupport.samk.fi\/ohje\/?page_id=3388"},"modified":"2024-07-17T12:31:16","modified_gmt":"2024-07-17T09:31:16","slug":"hill-opettaja-breakouts","status":"publish","type":"page","link":"https:\/\/esamksupport.samk.fi\/ohje\/hill-opettaja-breakouts\/","title":{"rendered":"Hill &gt; Opettaja &gt; Breakouts"},"content":{"rendered":"\n<p><\/p>\n\n\n\n<p>Aktivoi pienryhm\u00e4jaot joko alarivin kolmen pisteen takaa ja <strong>Enable breakout sessions<\/strong> tai yl\u00e4palkin <strong>Breakout Sessions<\/strong> -valikosta.<\/p>\n\n\n\n<figure class=\"wp-block-image size-large\"><img loading=\"lazy\" decoding=\"async\" width=\"471\" height=\"555\" src=\"https:\/\/esamksupport.samk.fi\/ohje\/wp-content\/uploads\/sites\/3\/2022\/10\/webex_breakout1-471x555.png\" alt=\"\" class=\"wp-image-3390\" \/><\/figure>\n\n\n\n<p>Valitse, montako pienryhm\u00e4\u00e4 haluat luoda ja miten ryhm\u00e4t t\u00e4ytet\u00e4\u00e4n.<\/p>\n\n\n\n<figure class=\"wp-block-image size-large\"><img loading=\"lazy\" decoding=\"async\" width=\"405\" height=\"288\" src=\"https:\/\/esamksupport.samk.fi\/ohje\/wp-content\/uploads\/sites\/3\/2022\/10\/webex_breakout2-405x288.png\" alt=\"\" class=\"wp-image-3391\" \/><\/figure>\n\n\n\n<p>Alla olevassa kuvassa valittiin keskimm\u00e4inen <strong>Assign participants manually<\/strong> ja siirret\u00e4\u00e4n opiskelija OO Ryhm\u00e4 1 -nimiseen pienryhm\u00e4\u00e4n.<\/p>\n\n\n\n<figure class=\"wp-block-image size-large\"><img loading=\"lazy\" decoding=\"async\" width=\"723\" height=\"569\" src=\"https:\/\/esamksupport.samk.fi\/ohje\/wp-content\/uploads\/sites\/3\/2022\/10\/webex_breakout3-723x569.png\" alt=\"\" class=\"wp-image-3393\" \/><\/figure>\n\n\n\n<p><strong>Settings <\/strong>-painikkeen alta pystyy asettamaan ryhm\u00e4\u00e4n asetuksia liikkumiseen ja p\u00e4\u00e4ttymiseen liittyen.<\/p>\n\n\n\n<figure class=\"wp-block-image size-large\"><img loading=\"lazy\" decoding=\"async\" width=\"711\" height=\"550\" src=\"https:\/\/esamksupport.samk.fi\/ohje\/wp-content\/uploads\/sites\/3\/2022\/10\/webex_breakout4-711x550.png\" alt=\"\" class=\"wp-image-3394\" \/><\/figure>\n\n\n\n<p>Huoneen &#8221;Host&#8221; ja &#8221;CoHost&#8221; p\u00e4\u00e4sev\u00e4t valitsemaan, mihin ryhm\u00e4\u00e4n haluaa vierailla joko k\u00e4ytt\u00e4en &#8221;Participants&#8221; -paneelin &#8221;Breakout sessions&#8221; -v\u00e4lilehte\u00e4 tai kelluvaa &#8221;Breakout session assigments&#8221; -paneelia ja valiten ryhm\u00e4n per\u00e4ss\u00e4 olevan <strong>join<\/strong>-linkin.<\/p>\n\n\n\n<figure class=\"wp-block-image size-large\"><img loading=\"lazy\" decoding=\"async\" width=\"768\" height=\"663\" src=\"https:\/\/esamksupport.samk.fi\/ohje\/wp-content\/uploads\/sites\/3\/2022\/10\/webex_breakout5-768x663.png\" alt=\"\" class=\"wp-image-3395\" \/><\/figure>\n\n\n\n<p><strong>Show other breakout sessions <\/strong>n\u00e4ytt\u00e4\u00e4 listan k\u00e4ynniss\u00e4 olevista pienryhmist\u00e4 ja Host ja CoHost p\u00e4\u00e4sev\u00e4t t\u00e4t\u00e4 kautta vaihtelemaan ryhmi\u00e4.<\/p>\n\n\n\n<figure class=\"wp-block-image size-large\"><img loading=\"lazy\" decoding=\"async\" width=\"486\" height=\"627\" src=\"https:\/\/esamksupport.samk.fi\/ohje\/wp-content\/uploads\/sites\/3\/2022\/10\/webex_breakout6-486x627.png\" alt=\"\" class=\"wp-image-3396\" \/><\/figure>\n\n\n\n<p><strong>Breakout session assignments<\/strong> -paneelin alanurkan punaisella napilla (end all breakout sessions), voi lopettaa pienryhm\u00e4jaot manuaalisesti.<\/p>\n\n\n\n<figure class=\"wp-block-image size-large\"><img loading=\"lazy\" decoding=\"async\" width=\"729\" height=\"618\" src=\"https:\/\/esamksupport.samk.fi\/ohje\/wp-content\/uploads\/sites\/3\/2022\/10\/webex_breakout7-729x618.png\" alt=\"\" class=\"wp-image-3397\" \/><\/figure>\n","protected":false},"excerpt":{"rendered":"<p>Aktivoi pienryhm\u00e4jaot joko alarivin kolmen pisteen takaa ja Enable breakout sessions tai yl\u00e4palkin Breakout Sessions -valikosta. Valitse, montako pienryhm\u00e4\u00e4 haluat luoda ja miten ryhm\u00e4t t\u00e4ytet\u00e4\u00e4n. Alla olevassa kuvassa valittiin keskimm\u00e4inen Assign participants manually ja siirret\u00e4\u00e4n opiskelija OO Ryhm\u00e4 1 -nimiseen pienryhm\u00e4\u00e4n. Settings -painikkeen alta pystyy asettamaan ryhm\u00e4\u00e4n asetuksia liikkumiseen ja p\u00e4\u00e4ttymiseen liittyen. Huoneen &#8221;Host&#8221; ja &#8221;CoHost&#8221; p\u00e4\u00e4sev\u00e4t valitsemaan, mihin ryhm\u00e4\u00e4n haluaa vierailla joko k\u00e4ytt\u00e4en &#8221;Participants&#8221; -paneelin &#8221;Breakout sessions&#8221; -v\u00e4lilehte\u00e4 tai kelluvaa &#8221;Breakout session assigments&#8221; -paneelia ja valiten ryhm\u00e4n per\u00e4ss\u00e4 olevan join-linkin. Show other breakout sessions n\u00e4ytt\u00e4\u00e4 listan k\u00e4ynniss\u00e4 olevista pienryhmist\u00e4 ja Host ja CoHost p\u00e4\u00e4sev\u00e4t t\u00e4t\u00e4 kautta vaihtelemaan ryhmi\u00e4. Breakout session assignments -paneelin alanurkan punaisella napilla (end all breakout sessions), voi lopettaa pienryhm\u00e4jaot manuaalisesti.<\/p>\n","protected":false},"author":18,"featured_media":0,"parent":0,"menu_order":0,"comment_status":"closed","ping_status":"open","template":"","meta":{"footnotes":""},"class_list":["post-3388","page","type-page","status-publish"],"_links":{"self":[{"href":"https:\/\/esamksupport.samk.fi\/ohje\/wp-json\/wp\/v2\/pages\/3388","targetHints":{"allow":["GET"]}}],"collection":[{"href":"https:\/\/esamksupport.samk.fi\/ohje\/wp-json\/wp\/v2\/pages"}],"about":[{"href":"https:\/\/esamksupport.samk.fi\/ohje\/wp-json\/wp\/v2\/types\/page"}],"author":[{"embeddable":true,"href":"https:\/\/esamksupport.samk.fi\/ohje\/wp-json\/wp\/v2\/users\/18"}],"replies":[{"embeddable":true,"href":"https:\/\/esamksupport.samk.fi\/ohje\/wp-json\/wp\/v2\/comments?post=3388"}],"version-history":[{"count":4,"href":"https:\/\/esamksupport.samk.fi\/ohje\/wp-json\/wp\/v2\/pages\/3388\/revisions"}],"predecessor-version":[{"id":3830,"href":"https:\/\/esamksupport.samk.fi\/ohje\/wp-json\/wp\/v2\/pages\/3388\/revisions\/3830"}],"wp:attachment":[{"href":"https:\/\/esamksupport.samk.fi\/ohje\/wp-json\/wp\/v2\/media?parent=3388"}],"curies":[{"name":"wp","href":"https:\/\/api.w.org\/{rel}","templated":true}]}}