{"id":3424,"date":"2022-12-16T10:48:13","date_gmt":"2022-12-16T08:48:13","guid":{"rendered":"https:\/\/esamksupport.samk.fi\/ohje\/?page_id=3424"},"modified":"2023-01-03T11:52:53","modified_gmt":"2023-01-03T09:52:53","slug":"valinta-moodleen-rekisteroityminen","status":"publish","type":"page","link":"https:\/\/esamksupport.samk.fi\/ohje\/valinta-moodleen-rekisteroityminen\/","title":{"rendered":"Valinta-Moodleen rekister\u00f6ityminen"},"content":{"rendered":"\n<p><\/p>\n\n\n\n<h4 class=\"wp-block-heading\">Aluksi<\/h4>\n\n\n\n<p>Ole hyv\u00e4 ja huomioi aluksi seuraavat asiat:<\/p>\n\n\n\n<ol class=\"wp-block-list\" type=\"1\"><li>K\u00e4yt\u00e4 samaa s\u00e4hk\u00f6postiosoitetta, jota k\u00e4ytit ilmoittautuessasi E-lomake ja Opintopolku -palveluissa.<\/li><li>K\u00e4yt\u00e4 s\u00e4hk\u00f6postiosoitetta, joka on k\u00e4ytett\u00e4viss\u00e4si koko hakuprosessin ajan.<\/li><\/ol>\n\n\n\n<h4 class=\"wp-block-heading\">K\u00e4ytt\u00e4j\u00e4tunnuksen luominen<\/h4>\n\n\n\n<p>Mene osoitteeseen <a href=\"https:\/\/valinnat.samk.fi\">https:\/\/valinnat.samk.fi<\/a> ja <mark style=\"background-color:rgba(0, 0, 0, 0)\" class=\"has-inline-color has-vivid-red-color\"><strong>valitse kieli<\/strong><\/mark>. Aloita k\u00e4ytt\u00e4j\u00e4tunnuksen luominen klikkaamalla \u201d<strong><mark style=\"background-color:rgba(0, 0, 0, 0)\" class=\"has-inline-color has-vivid-red-color\">Aloita nyt luomalla uusi k\u00e4ytt\u00e4j\u00e4tunnus!<\/mark><\/strong>\u201d. Varmista, ett\u00e4 k\u00e4yt\u00e4t k\u00e4ytt\u00e4j\u00e4tunnusta luodessasi s\u00e4hk\u00f6postiosoitetta, johon sinulla on varmasti p\u00e4\u00e4sy koko valintaprosessin ajan.<\/p>\n\n\n\n<p><strong>Huom! \u00c4l\u00e4 k\u00e4yt\u00e4 nykyisen oppilaitoksen tai ty\u00f6paikan s\u00e4hk\u00f6postia, jos p\u00e4\u00e4sysi n\u00e4ihin on edes mahdollisesti katkeamassa valintaprosessin aikana esimerkiksi valmistumisen tai ty\u00f6nantajan vaihtumisen vuoksi.<\/strong><\/p>\n\n\n\n<figure class=\"wp-block-image size-full\"><img loading=\"lazy\" decoding=\"async\" width=\"1920\" height=\"940\" src=\"https:\/\/esamksupport.samk.fi\/ohje\/wp-content\/uploads\/sites\/3\/2022\/12\/valinta_01-2.jpg\" alt=\"\" class=\"wp-image-3429\" srcset=\"https:\/\/esamksupport.samk.fi\/ohje\/wp-content\/uploads\/sites\/3\/2022\/12\/valinta_01-2.jpg 1920w, https:\/\/esamksupport.samk.fi\/ohje\/wp-content\/uploads\/sites\/3\/2022\/12\/valinta_01-2-768x376.jpg 768w\" sizes=\"auto, (max-width: 1920px) 100vw, 1920px\" \/><\/figure>\n\n\n\n<h4 class=\"wp-block-heading\">K\u00e4ytt\u00f6ehdot ja k\u00e4ytt\u00e4j\u00e4tunnuksen luominen<\/h4>\n\n\n\n<p>Tutustu aluksi huolellisesti k\u00e4ytt\u00f6ehtoihin. <\/p>\n\n\n\n<figure class=\"wp-block-image size-full\"><img loading=\"lazy\" decoding=\"async\" width=\"1920\" height=\"941\" src=\"https:\/\/esamksupport.samk.fi\/ohje\/wp-content\/uploads\/sites\/3\/2022\/12\/samk-valintamoodle-ehdot.jpg\" alt=\"\" class=\"wp-image-3445\" srcset=\"https:\/\/esamksupport.samk.fi\/ohje\/wp-content\/uploads\/sites\/3\/2022\/12\/samk-valintamoodle-ehdot.jpg 1920w, https:\/\/esamksupport.samk.fi\/ohje\/wp-content\/uploads\/sites\/3\/2022\/12\/samk-valintamoodle-ehdot-768x376.jpg 768w\" sizes=\"auto, (max-width: 1920px) 100vw, 1920px\" \/><\/figure>\n\n\n\n<p>Hyv\u00e4ksy esitetyt k\u00e4yt\u00e4nteet.<\/p>\n\n\n\n<figure class=\"wp-block-image size-full\"><img loading=\"lazy\" decoding=\"async\" width=\"1920\" height=\"941\" src=\"https:\/\/esamksupport.samk.fi\/ohje\/wp-content\/uploads\/sites\/3\/2022\/12\/samk-valintamoodle-uusitunnus-suostumus.jpg\" alt=\"\" class=\"wp-image-3444\" srcset=\"https:\/\/esamksupport.samk.fi\/ohje\/wp-content\/uploads\/sites\/3\/2022\/12\/samk-valintamoodle-uusitunnus-suostumus.jpg 1920w, https:\/\/esamksupport.samk.fi\/ohje\/wp-content\/uploads\/sites\/3\/2022\/12\/samk-valintamoodle-uusitunnus-suostumus-768x376.jpg 768w\" sizes=\"auto, (max-width: 1920px) 100vw, 1920px\" \/><\/figure>\n\n\n\n<p>Kirjoita haluamasi k\u00e4ytt\u00e4j\u00e4tunnus, salasana ja s\u00e4hk\u00f6postiosoitteesi kahdesti sek\u00e4 etunimesi ja sukunimesi. Muista k\u00e4ytt\u00e4\u00e4 samaa s\u00e4hk\u00f6postiosoitetta kuin k\u00e4ytit aiemmin eLomakkeella. Paina lopuksi <strong><mark style=\"background-color:rgba(0, 0, 0, 0)\" class=\"has-inline-color has-vivid-red-color\">Luo uusi k\u00e4ytt\u00e4j\u00e4tunnus<\/mark><\/strong>.<\/p>\n\n\n\n<figure class=\"wp-block-image size-full\"><img loading=\"lazy\" decoding=\"async\" width=\"1899\" height=\"1831\" src=\"https:\/\/esamksupport.samk.fi\/ohje\/wp-content\/uploads\/sites\/3\/2022\/12\/samk-valintamoodle-uusitunnus.jpg\" alt=\"\" class=\"wp-image-3440\" srcset=\"https:\/\/esamksupport.samk.fi\/ohje\/wp-content\/uploads\/sites\/3\/2022\/12\/samk-valintamoodle-uusitunnus.jpg 1899w, https:\/\/esamksupport.samk.fi\/ohje\/wp-content\/uploads\/sites\/3\/2022\/12\/samk-valintamoodle-uusitunnus-768x740.jpg 768w\" sizes=\"auto, (max-width: 1899px) 100vw, 1899px\" \/><\/figure>\n\n\n\n<h1 class=\"wp-block-heading\">K\u00e4ytt\u00e4j\u00e4tunnuksen vahvistaminen<\/h1>\n\n\n\n<p>Kun olet luonut k\u00e4ytt\u00e4j\u00e4tunnuksen, saat antamaasi s\u00e4hk\u00f6postiosoitteeseen vahvistusviestin. Aktivoi k\u00e4ytt\u00e4j\u00e4tunnuksesi klikkaamalla s\u00e4hk\u00f6postiisi tulleessa viestiss\u00e4 olevaa linkki\u00e4.<\/p>\n\n\n\n<figure class=\"wp-block-image size-full\"><img loading=\"lazy\" decoding=\"async\" width=\"1899\" height=\"941\" src=\"https:\/\/esamksupport.samk.fi\/ohje\/wp-content\/uploads\/sites\/3\/2022\/12\/samk-valintamoodle-vahvistusviesti.jpg\" alt=\"\" class=\"wp-image-3442\" srcset=\"https:\/\/esamksupport.samk.fi\/ohje\/wp-content\/uploads\/sites\/3\/2022\/12\/samk-valintamoodle-vahvistusviesti.jpg 1899w, https:\/\/esamksupport.samk.fi\/ohje\/wp-content\/uploads\/sites\/3\/2022\/12\/samk-valintamoodle-vahvistusviesti-768x380.jpg 768w\" sizes=\"auto, (max-width: 1899px) 100vw, 1899px\" \/><\/figure>\n\n\n\n<p>Mik\u00e4li et saa alla olevan kaltaista s\u00e4hk\u00f6postia viiden minuutin sis\u00e4ll\u00e4 rekister\u00f6itymisest\u00e4 (muista tarkistaa my\u00f6s s\u00e4hk\u00f6postisi roskaposti\/spam -kansio!) l\u00e4het\u00e4 s\u00e4hk\u00f6postia eSAMK tukeen esamk.support@samk.fi siit\u00e4 osoitteesta, jota k\u00e4ytit rekister\u00f6itymiseen.<\/p>\n\n\n\n<figure class=\"wp-block-image size-full\"><img loading=\"lazy\" decoding=\"async\" width=\"540\" height=\"430\" src=\"https:\/\/esamksupport.samk.fi\/ohje\/wp-content\/uploads\/sites\/3\/2022\/12\/samk-valinta-moodle-tunnuksen-vahvistus.jpg\" alt=\"\" class=\"wp-image-3448\"\/><\/figure>\n\n\n\n<p>Kun olet klikannut s\u00e4hk\u00f6postissa saamaasi k\u00e4ytt\u00e4j\u00e4tunnuksen vahvistuslinkki\u00e4, selaimesi ohjautuu sivulle, jossa saat ilmoituksen k\u00e4ytt\u00e4j\u00e4tunnuksen rekister\u00f6imisen hyv\u00e4ksymisest\u00e4.<\/p>\n\n\n\n<figure class=\"wp-block-image size-full\"><img loading=\"lazy\" decoding=\"async\" width=\"1920\" height=\"889\" src=\"https:\/\/esamksupport.samk.fi\/ohje\/wp-content\/uploads\/sites\/3\/2022\/12\/samk-valinta-moodle-vahvistettu.jpg\" alt=\"\" class=\"wp-image-3449\" srcset=\"https:\/\/esamksupport.samk.fi\/ohje\/wp-content\/uploads\/sites\/3\/2022\/12\/samk-valinta-moodle-vahvistettu.jpg 1920w, https:\/\/esamksupport.samk.fi\/ohje\/wp-content\/uploads\/sites\/3\/2022\/12\/samk-valinta-moodle-vahvistettu-768x355.jpg 768w\" sizes=\"auto, (max-width: 1920px) 100vw, 1920px\" \/><\/figure>\n\n\n\n<h1 class=\"wp-block-heading\">Kirjautuminen Moodleen ja kurssiin \/ valintakokeeseen<\/h1>\n\n\n\n<p>Vahvistettuasi k\u00e4ytt\u00e4j\u00e4tunnuksen voit kirjautua SAMK:in Valinta Moodleen. Jos olet tulossa suomenkieliselle valintakurssille tai -kokeeseen klikkaa <strong>\u201dValintakokeet ja -kurssit kev\u00e4t 2023&#8243;<\/strong> ja jos olet tulossa englanninkieliselle klikkaa <strong>&#8221;Entrance Examinations and Courses Spring2023<\/strong>\u201d.<\/p>\n\n\n\n<figure class=\"wp-block-image size-full\"><img loading=\"lazy\" decoding=\"async\" width=\"1899\" height=\"1354\" src=\"https:\/\/esamksupport.samk.fi\/ohje\/wp-content\/uploads\/sites\/3\/2022\/12\/samk-valintamoodle-kurssialueelle-liittyminen-1.jpg\" alt=\"\" class=\"wp-image-3457\" srcset=\"https:\/\/esamksupport.samk.fi\/ohje\/wp-content\/uploads\/sites\/3\/2022\/12\/samk-valintamoodle-kurssialueelle-liittyminen-1.jpg 1899w, https:\/\/esamksupport.samk.fi\/ohje\/wp-content\/uploads\/sites\/3\/2022\/12\/samk-valintamoodle-kurssialueelle-liittyminen-1-768x547.jpg 768w\" sizes=\"auto, (max-width: 1899px) 100vw, 1899px\" \/><\/figure>\n\n\n\n<p>Ja liity kurssialueelle saamassasi ohjekirjeess\u00e4 ilmoitetulla <strong>kurssiavaimella<\/strong>.<\/p>\n","protected":false},"excerpt":{"rendered":"<p>Aluksi Ole hyv\u00e4 ja huomioi aluksi seuraavat asiat: K\u00e4yt\u00e4 samaa s\u00e4hk\u00f6postiosoitetta, jota k\u00e4ytit ilmoittautuessasi E-lomake ja Opintopolku -palveluissa. K\u00e4yt\u00e4 s\u00e4hk\u00f6postiosoitetta, joka on k\u00e4ytett\u00e4viss\u00e4si koko hakuprosessin ajan. K\u00e4ytt\u00e4j\u00e4tunnuksen luominen Mene osoitteeseen https:\/\/valinnat.samk.fi ja valitse kieli. Aloita k\u00e4ytt\u00e4j\u00e4tunnuksen luominen klikkaamalla \u201dAloita nyt luomalla uusi k\u00e4ytt\u00e4j\u00e4tunnus!\u201d. Varmista, ett\u00e4 k\u00e4yt\u00e4t k\u00e4ytt\u00e4j\u00e4tunnusta luodessasi s\u00e4hk\u00f6postiosoitetta, johon sinulla on varmasti p\u00e4\u00e4sy koko valintaprosessin ajan. Huom! \u00c4l\u00e4 k\u00e4yt\u00e4 nykyisen oppilaitoksen tai ty\u00f6paikan s\u00e4hk\u00f6postia, jos p\u00e4\u00e4sysi n\u00e4ihin on edes mahdollisesti katkeamassa valintaprosessin aikana esimerkiksi valmistumisen tai ty\u00f6nantajan vaihtumisen vuoksi. K\u00e4ytt\u00f6ehdot ja k\u00e4ytt\u00e4j\u00e4tunnuksen luominen Tutustu aluksi huolellisesti k\u00e4ytt\u00f6ehtoihin. Hyv\u00e4ksy esitetyt k\u00e4yt\u00e4nteet. Kirjoita haluamasi k\u00e4ytt\u00e4j\u00e4tunnus, salasana ja s\u00e4hk\u00f6postiosoitteesi kahdesti sek\u00e4 etunimesi ja sukunimesi. Muista k\u00e4ytt\u00e4\u00e4 samaa s\u00e4hk\u00f6postiosoitetta kuin k\u00e4ytit aiemmin eLomakkeella. Paina lopuksi Luo uusi k\u00e4ytt\u00e4j\u00e4tunnus. K\u00e4ytt\u00e4j\u00e4tunnuksen vahvistaminen Kun olet luonut k\u00e4ytt\u00e4j\u00e4tunnuksen, saat antamaasi s\u00e4hk\u00f6postiosoitteeseen vahvistusviestin. Aktivoi k\u00e4ytt\u00e4j\u00e4tunnuksesi klikkaamalla s\u00e4hk\u00f6postiisi tulleessa viestiss\u00e4 olevaa linkki\u00e4. Mik\u00e4li et saa alla olevan kaltaista s\u00e4hk\u00f6postia viiden minuutin sis\u00e4ll\u00e4 rekister\u00f6itymisest\u00e4 (muista tarkistaa my\u00f6s s\u00e4hk\u00f6postisi roskaposti\/spam -kansio!)&hellip;<\/p>\n<p> <a class=\"more-link\" href=\"https:\/\/esamksupport.samk.fi\/ohje\/valinta-moodleen-rekisteroityminen\/\">Lue Lis\u00e4\u00e4<\/a><\/p>\n","protected":false},"author":19,"featured_media":0,"parent":0,"menu_order":0,"comment_status":"closed","ping_status":"open","template":"","meta":{"footnotes":""},"class_list":["post-3424","page","type-page","status-publish"],"_links":{"self":[{"href":"https:\/\/esamksupport.samk.fi\/ohje\/wp-json\/wp\/v2\/pages\/3424","targetHints":{"allow":["GET"]}}],"collection":[{"href":"https:\/\/esamksupport.samk.fi\/ohje\/wp-json\/wp\/v2\/pages"}],"about":[{"href":"https:\/\/esamksupport.samk.fi\/ohje\/wp-json\/wp\/v2\/types\/page"}],"author":[{"embeddable":true,"href":"https:\/\/esamksupport.samk.fi\/ohje\/wp-json\/wp\/v2\/users\/19"}],"replies":[{"embeddable":true,"href":"https:\/\/esamksupport.samk.fi\/ohje\/wp-json\/wp\/v2\/comments?post=3424"}],"version-history":[{"count":16,"href":"https:\/\/esamksupport.samk.fi\/ohje\/wp-json\/wp\/v2\/pages\/3424\/revisions"}],"predecessor-version":[{"id":3459,"href":"https:\/\/esamksupport.samk.fi\/ohje\/wp-json\/wp\/v2\/pages\/3424\/revisions\/3459"}],"wp:attachment":[{"href":"https:\/\/esamksupport.samk.fi\/ohje\/wp-json\/wp\/v2\/media?parent=3424"}],"curies":[{"name":"wp","href":"https:\/\/api.w.org\/{rel}","templated":true}]}}