{"id":347,"date":"2019-06-19T10:31:50","date_gmt":"2019-06-19T07:31:50","guid":{"rendered":"https:\/\/esamksupport.samk.fi\/ohje\/?page_id=347"},"modified":"2024-07-17T10:40:09","modified_gmt":"2024-07-17T07:40:09","slug":"exam-opettaja-kirjautuminen","status":"publish","type":"page","link":"https:\/\/esamksupport.samk.fi\/ohje\/exam-opettaja-kirjautuminen\/","title":{"rendered":"EXAM &gt; Opettaja &gt; Kirjautuminen"},"content":{"rendered":"\n<p>Kirjaudu EXAM-j\u00e4rjestelm\u00e4\u00e4n k\u00e4ytt\u00e4en&nbsp;<strong>Firefox<\/strong>&nbsp;tai&nbsp;<strong>Chrome<\/strong>&nbsp;-selainta.<\/p>\n\n\n\n<h3 class=\"wp-block-heading\"><strong>Kirjautuminen<\/strong><\/h3>\n\n\n\n<p>Kirjautuminen examiin tapahtuu osoitteeseen&nbsp;<a href=\"https:\/\/exam.samk.fi\/\">https:\/\/exam.samk.fi<\/a>.<\/p>\n\n\n\n<figure class=\"wp-block-image\"><img decoding=\"async\" src=\"http:\/\/exam.samk.fi\/wp-content\/uploads\/2018\/05\/o15-300x298.png\" alt=\"\" \/><\/figure>\n\n\n\n<p>EXAM-j\u00e4rjestelm\u00e4\u00e4n kirjaudutaan <strong>SAMK-tunnusta\u00a0ja\u00a0salasanaa\u00a0<\/strong>k\u00e4ytt\u00e4en. Tarvitset tunnukset my\u00f6s tenttiakvaariossa, joten opettele ne ennen akvaarioon siirtymist\u00e4.<\/p>\n\n\n\n<figure class=\"wp-block-image\"><img decoding=\"async\" src=\"http:\/\/exam.samk.fi\/wp-content\/uploads\/2018\/05\/ope12-2-275x300.png\" alt=\"\" \/><\/figure>\n\n\n\n<p>Ensimm\u00e4isell\u00e4 kirjautumiskerralla sinun on hyv\u00e4ksytt\u00e4v\u00e4 k\u00e4ytt\u00f6s\u00e4\u00e4nn\u00f6t.<\/p>\n\n\n\n<figure class=\"wp-block-image\"><img decoding=\"async\" src=\"http:\/\/exam.samk.fi\/wp-content\/uploads\/2018\/05\/o3-300x120.png\" alt=\"\" \/><\/figure>\n\n\n\n<p>EXAM-j\u00e4rjestelm\u00e4n etusivu kirjautumisen j\u00e4lkeen. Ilmoittautumiset n\u00e4kym\u00e4ss\u00e4 n\u00e4et tentit, joihin olet ilmoittautunut.<\/p>\n\n\n\n<figure class=\"wp-block-image\"><img decoding=\"async\" src=\"http:\/\/exam.samk.fi\/wp-content\/uploads\/2018\/05\/o5-271x300.png\" alt=\"\" \/><\/figure>\n\n\n\n<p>Voit vaihtaa j\u00e4rjestelm\u00e4n kielt\u00e4 vasemman palkin alareunasta.<\/p>\n","protected":false},"excerpt":{"rendered":"<p>Kirjaudu EXAM-j\u00e4rjestelm\u00e4\u00e4n k\u00e4ytt\u00e4en&nbsp;Firefox&nbsp;tai&nbsp;Chrome&nbsp;-selainta. Kirjautuminen Kirjautuminen examiin tapahtuu osoitteeseen&nbsp;https:\/\/exam.samk.fi. EXAM-j\u00e4rjestelm\u00e4\u00e4n kirjaudutaan SAMK-tunnusta\u00a0ja\u00a0salasanaa\u00a0k\u00e4ytt\u00e4en. Tarvitset tunnukset my\u00f6s tenttiakvaariossa, joten opettele ne ennen akvaarioon siirtymist\u00e4. Ensimm\u00e4isell\u00e4 kirjautumiskerralla sinun on hyv\u00e4ksytt\u00e4v\u00e4 k\u00e4ytt\u00f6s\u00e4\u00e4nn\u00f6t. EXAM-j\u00e4rjestelm\u00e4n etusivu kirjautumisen j\u00e4lkeen. Ilmoittautumiset n\u00e4kym\u00e4ss\u00e4 n\u00e4et tentit, joihin olet ilmoittautunut. Voit vaihtaa j\u00e4rjestelm\u00e4n kielt\u00e4 vasemman palkin alareunasta.<\/p>\n","protected":false},"author":2,"featured_media":0,"parent":0,"menu_order":0,"comment_status":"closed","ping_status":"open","template":"","meta":{"footnotes":""},"class_list":["post-347","page","type-page","status-publish"],"_links":{"self":[{"href":"https:\/\/esamksupport.samk.fi\/ohje\/wp-json\/wp\/v2\/pages\/347","targetHints":{"allow":["GET"]}}],"collection":[{"href":"https:\/\/esamksupport.samk.fi\/ohje\/wp-json\/wp\/v2\/pages"}],"about":[{"href":"https:\/\/esamksupport.samk.fi\/ohje\/wp-json\/wp\/v2\/types\/page"}],"author":[{"embeddable":true,"href":"https:\/\/esamksupport.samk.fi\/ohje\/wp-json\/wp\/v2\/users\/2"}],"replies":[{"embeddable":true,"href":"https:\/\/esamksupport.samk.fi\/ohje\/wp-json\/wp\/v2\/comments?post=347"}],"version-history":[{"count":4,"href":"https:\/\/esamksupport.samk.fi\/ohje\/wp-json\/wp\/v2\/pages\/347\/revisions"}],"predecessor-version":[{"id":3805,"href":"https:\/\/esamksupport.samk.fi\/ohje\/wp-json\/wp\/v2\/pages\/347\/revisions\/3805"}],"wp:attachment":[{"href":"https:\/\/esamksupport.samk.fi\/ohje\/wp-json\/wp\/v2\/media?parent=347"}],"curies":[{"name":"wp","href":"https:\/\/api.w.org\/{rel}","templated":true}]}}