{"id":3473,"date":"2023-01-04T14:15:22","date_gmt":"2023-01-04T12:15:22","guid":{"rendered":"https:\/\/esamksupport.samk.fi\/ohje\/?page_id=3473"},"modified":"2024-10-23T09:51:16","modified_gmt":"2024-10-23T06:51:16","slug":"hill-opettaja-rekisteroityminen","status":"publish","type":"page","link":"https:\/\/esamksupport.samk.fi\/ohje\/hill-opettaja-rekisteroityminen\/","title":{"rendered":"Hill &gt; Opettaja &gt; Rekister\u00f6ityminen"},"content":{"rendered":"\n<p><\/p>\n\n\n\n<p>Kirjaudu osoitteessa <a href=\"https:\/\/hill.webex.com\/\" target=\"_blank\" rel=\"noreferrer noopener\">https:\/\/hill.webex.com\/<\/a> ja klikkaamalla sivun oikeasta yl\u00e4kulmasta <strong>Sign in<\/strong> SAMKin s\u00e4hk\u00f6postiosoiteellasi ja salasanallasi. Mik\u00e4li kirjautuminen ei onnistu, k\u00e4ytt\u00e4j\u00e4tililt\u00e4si todenn\u00e4k\u00f6isesti puuttuu Webex-lisenssi. Ole hyv\u00e4 ja ota yhteytt\u00e4 osoitteeseen <a href=\"mailto:esamk.support@samk.fi\">esamk.support@samk.fi<\/a>, niin lis\u00e4\u00e4mme lisenssin k\u00e4ytt\u00e4j\u00e4tilillesi.<\/p>\n\n\n\n<p>Ennen ensimm\u00e4ist\u00e4 luentokertaa kannattaa osallistua Hill-koulutukseen. Koulutusten ajankohdat ovat osoitteessa <a rel=\"noreferrer noopener\" href=\"https:\/\/koulutukset.samk.fi\/opetuspalvelut\/hill-ja-eduhill\/\" target=\"_blank\">https:\/\/koulutukset.samk.fi\/opetuspalvelut\/hill-ja-eduhill\/ <\/a>.<\/p>\n\n\n\n<p><\/p>\n","protected":false},"excerpt":{"rendered":"<p>Kirjaudu osoitteessa https:\/\/hill.webex.com\/ ja klikkaamalla sivun oikeasta yl\u00e4kulmasta Sign in SAMKin s\u00e4hk\u00f6postiosoiteellasi ja salasanallasi. Mik\u00e4li kirjautuminen ei onnistu, k\u00e4ytt\u00e4j\u00e4tililt\u00e4si todenn\u00e4k\u00f6isesti puuttuu Webex-lisenssi. Ole hyv\u00e4 ja ota yhteytt\u00e4 osoitteeseen esamk.support@samk.fi, niin lis\u00e4\u00e4mme lisenssin k\u00e4ytt\u00e4j\u00e4tilillesi. Ennen ensimm\u00e4ist\u00e4 luentokertaa kannattaa osallistua Hill-koulutukseen. Koulutusten ajankohdat ovat osoitteessa https:\/\/koulutukset.samk.fi\/opetuspalvelut\/hill-ja-eduhill\/ .<\/p>\n","protected":false},"author":18,"featured_media":0,"parent":0,"menu_order":0,"comment_status":"closed","ping_status":"open","template":"","meta":{"footnotes":""},"class_list":["post-3473","page","type-page","status-publish"],"_links":{"self":[{"href":"https:\/\/esamksupport.samk.fi\/ohje\/wp-json\/wp\/v2\/pages\/3473","targetHints":{"allow":["GET"]}}],"collection":[{"href":"https:\/\/esamksupport.samk.fi\/ohje\/wp-json\/wp\/v2\/pages"}],"about":[{"href":"https:\/\/esamksupport.samk.fi\/ohje\/wp-json\/wp\/v2\/types\/page"}],"author":[{"embeddable":true,"href":"https:\/\/esamksupport.samk.fi\/ohje\/wp-json\/wp\/v2\/users\/18"}],"replies":[{"embeddable":true,"href":"https:\/\/esamksupport.samk.fi\/ohje\/wp-json\/wp\/v2\/comments?post=3473"}],"version-history":[{"count":5,"href":"https:\/\/esamksupport.samk.fi\/ohje\/wp-json\/wp\/v2\/pages\/3473\/revisions"}],"predecessor-version":[{"id":4110,"href":"https:\/\/esamksupport.samk.fi\/ohje\/wp-json\/wp\/v2\/pages\/3473\/revisions\/4110"}],"wp:attachment":[{"href":"https:\/\/esamksupport.samk.fi\/ohje\/wp-json\/wp\/v2\/media?parent=3473"}],"curies":[{"name":"wp","href":"https:\/\/api.w.org\/{rel}","templated":true}]}}