{"id":351,"date":"2019-06-19T10:32:31","date_gmt":"2019-06-19T07:32:31","guid":{"rendered":"https:\/\/esamksupport.samk.fi\/ohje\/?page_id=351"},"modified":"2024-07-17T10:41:10","modified_gmt":"2024-07-17T07:41:10","slug":"exam-opettaja-laakkeetjaevaat","status":"publish","type":"page","link":"https:\/\/esamksupport.samk.fi\/ohje\/exam-opettaja-laakkeetjaevaat\/","title":{"rendered":"EXAM &gt; Opettaja &gt; L\u00e4\u00e4kkeet ja ev\u00e4\u00e4t"},"content":{"rendered":"\n<ol class=\"wp-block-list\">\n<li>Opiskelija ottaa yhteytt\u00e4 opettajaan ja kertoo, ett\u00e4 tarvitsee l\u00e4\u00e4kkeit\u00e4 ja\/tai ev\u00e4it\u00e4 akvaariossa.<\/li>\n\n\n\n<li>Opiskelija ottaa yhteytt\u00e4 SAMKin Tenttiakvaarion yll\u00e4pitoon (<a href=\"mailto:esamk.support@samk.fi\">esamk.support@samk.fi<\/a>) ja kertoo mit\u00e4 sovittu opettajan kanssa.<\/li>\n\n\n\n<li>Yhdess\u00e4 sovitaan, ett\u00e4 opiskelija voi menn\u00e4 akvaarioon l\u00e4\u00e4kkeiden tai ev\u00e4iden kanssa.<\/li>\n\n\n\n<li>Opiskelija ilmoittaa ajankohdan, jolloin on menossa tenttim\u00e4\u00e4n, yll\u00e4pidolle, jotta valvontatallenteiden katsottaessa tiedet\u00e4\u00e4n asia.<\/li>\n\n\n\n<li>Opiskelija teippaa ruokien ja juomien mahdolliset etiketit piiloon niin, ettei tekstej\u00e4 tai kuvia ole k\u00e4ytett\u00e4viss\u00e4.<\/li>\n<\/ol>\n","protected":false},"excerpt":{"rendered":"","protected":false},"author":2,"featured_media":0,"parent":0,"menu_order":0,"comment_status":"closed","ping_status":"open","template":"","meta":{"footnotes":""},"class_list":["post-351","page","type-page","status-publish"],"_links":{"self":[{"href":"https:\/\/esamksupport.samk.fi\/ohje\/wp-json\/wp\/v2\/pages\/351","targetHints":{"allow":["GET"]}}],"collection":[{"href":"https:\/\/esamksupport.samk.fi\/ohje\/wp-json\/wp\/v2\/pages"}],"about":[{"href":"https:\/\/esamksupport.samk.fi\/ohje\/wp-json\/wp\/v2\/types\/page"}],"author":[{"embeddable":true,"href":"https:\/\/esamksupport.samk.fi\/ohje\/wp-json\/wp\/v2\/users\/2"}],"replies":[{"embeddable":true,"href":"https:\/\/esamksupport.samk.fi\/ohje\/wp-json\/wp\/v2\/comments?post=351"}],"version-history":[{"count":5,"href":"https:\/\/esamksupport.samk.fi\/ohje\/wp-json\/wp\/v2\/pages\/351\/revisions"}],"predecessor-version":[{"id":3806,"href":"https:\/\/esamksupport.samk.fi\/ohje\/wp-json\/wp\/v2\/pages\/351\/revisions\/3806"}],"wp:attachment":[{"href":"https:\/\/esamksupport.samk.fi\/ohje\/wp-json\/wp\/v2\/media?parent=351"}],"curies":[{"name":"wp","href":"https:\/\/api.w.org\/{rel}","templated":true}]}}