{"id":352,"date":"2019-06-19T10:32:48","date_gmt":"2019-06-19T07:32:48","guid":{"rendered":"https:\/\/esamksupport.samk.fi\/ohje\/?page_id=352"},"modified":"2021-07-08T13:14:19","modified_gmt":"2021-07-08T10:14:19","slug":"exam-opettaja-tentti","status":"publish","type":"page","link":"https:\/\/esamksupport.samk.fi\/ohje\/exam-opettaja-tentti\/","title":{"rendered":"EXAM > Opettaja > Tentti"},"content":{"rendered":"\n<p>K\u00e4ytett\u00e4v\u00e4t selaimet:<\/p>\n\n\n\n<ul class=\"wp-block-list\"><li>Mozilla Firefox<\/li><li>Google Chrome<\/li><\/ul>\n\n\n\n<p><strong>HUOM!<\/strong> Internet Explorer ja Microsoft Edge eiv\u00e4t toimi oikein, joten \u00c4L\u00c4 K\u00c4YT\u00c4 NIIT\u00c4.<\/p>\n\n\n\n<p>EXAM-tentiss\u00e4 tentti on aina kiinnitetty johonkin opintojaksoon. Examista l\u00f6ytyy SAMK:in opintojaksot noin 10 vuoden ajalta. Mik\u00e4li opintojaksoasi ei l\u00f6ydy j\u00e4rjestelm\u00e4st\u00e4, ilmoita eSAMK-tukeen (<a href=\"mailto:esamk.support@samk.fi\">esamk.support@samk.fi, p. 044-7103149<\/a>).<\/p>\n\n\n\n<p>Tenttikysymykset jakautuvat aihealueisiin ja niiden sis\u00e4ll\u00e4 oleviin  kysymyksiin. Aihealueen sis\u00e4ll\u00e4 voi m\u00e4\u00e4ritell\u00e4 tietyst\u00e4 joukosta arpoutuvat kysymykset. J\u00e4rjestelm\u00e4 voi arpoa kysymykset vain, jos kysymykset ovat pisteilt\u00e4\u00e4n samanarvoiset. Aihealueilla rytmitet\u00e4\u00e4n ja sivutetaan tentti\u00e4.<\/p>\n\n\n\n<p>EXAMissa on seuraavanlaisia kysymystyyppej\u00e4:<\/p>\n\n\n\n<ol class=\"wp-block-list\"><li>Esseekysymys<\/li><li>Aukkoteht\u00e4v\u00e4<\/li><li>Monivalinta (monta oikein)<\/li><li>Monivalinta (yksi oikein)<\/li><\/ol>\n\n\n\n<p>Kysymys\/teht\u00e4v\u00e4nanto muodostuu tekstist\u00e4 ja korkeintaan yhdest\u00e4 (1)  liitetiedostosta\/kysymys. Liitetiedoston pit\u00e4\u00e4 olla sellaista muotoa, ett\u00e4 opiskelija saa sen auki k\u00e4yt\u00f6ss\u00e4 olevilla ohjelmilla. Tiedostoon voi tehd\u00e4 yksinkertaisia muotoiluja. Kysymyksist\u00e4 muodostuu kysymyspankkiin kysymyksi\u00e4, joita voi k\u00e4ytt\u00e4\u00e4 hyv\u00e4ksi muissa tenteiss\u00e4. Kysymyksi\u00e4 ja tenttej\u00e4 voi kopioida uusiksi versioiksi. Opettaja voi muokata tentti\u00e4 rauhassa, sill\u00e4 se n\u00e4kyy opiskelijoille vasta, kun se julkaistaan <strong>Tallenna ja julkaise<\/strong> -painikkeesta.<\/p>\n\n\n\n<p>Opettaja voi m\u00e4\u00e4ritt\u00e4\u00e4 toisen opettajan tentaattoriksi, jolloin toisella opettajalla on t\u00e4ydet oikeudet tenttiin, sen muokkaamiseen ja arviointiin. Toisen opettajan voi m\u00e4\u00e4ritt\u00e4\u00e4 my\u00f6s arvioijaksi, jolloin toinen opettaja voi arvioida tenttivastauksia, mutta ei voi m\u00e4\u00e4ritt\u00e4\u00e4 tentin suoritustietoja, tai antaa tentist\u00e4 lopullista arvosanaa. Vain tentaattorilla on n\u00e4m\u00e4 oikeudet. Opiskelija voi liitt\u00e4\u00e4 teht\u00e4v\u00e4n vastaukseen vain yhden liitteen.<\/p>\n\n\n\n<p>Kun opiskelija on tehnyt tentin, opettaja saa suorituksesta tiedon kerran viikossa s\u00e4hk\u00f6postiin tulevassa viikkokoosteessa maanantaisin klo 7. Tentti arvioidaan EXAMissa ja arvosana kirjataan opintosuoritusrekisteriin (Lokiin).<\/p>\n","protected":false},"excerpt":{"rendered":"<p>K\u00e4ytett\u00e4v\u00e4t selaimet: Mozilla Firefox Google Chrome HUOM! Internet Explorer ja Microsoft Edge eiv\u00e4t toimi oikein, joten \u00c4L\u00c4 K\u00c4YT\u00c4 NIIT\u00c4. EXAM-tentiss\u00e4 tentti on aina kiinnitetty johonkin opintojaksoon. Examista l\u00f6ytyy SAMK:in opintojaksot noin 10 vuoden ajalta. Mik\u00e4li opintojaksoasi ei l\u00f6ydy j\u00e4rjestelm\u00e4st\u00e4, ilmoita eSAMK-tukeen (esamk.support@samk.fi, p. 044-7103149). Tenttikysymykset jakautuvat aihealueisiin ja niiden sis\u00e4ll\u00e4 oleviin kysymyksiin. Aihealueen sis\u00e4ll\u00e4 voi m\u00e4\u00e4ritell\u00e4 tietyst\u00e4 joukosta arpoutuvat kysymykset. J\u00e4rjestelm\u00e4 voi arpoa kysymykset vain, jos kysymykset ovat pisteilt\u00e4\u00e4n samanarvoiset. Aihealueilla rytmitet\u00e4\u00e4n ja sivutetaan tentti\u00e4. EXAMissa on seuraavanlaisia kysymystyyppej\u00e4: Esseekysymys Aukkoteht\u00e4v\u00e4 Monivalinta (monta oikein) Monivalinta (yksi oikein) Kysymys\/teht\u00e4v\u00e4nanto muodostuu tekstist\u00e4 ja korkeintaan yhdest\u00e4 (1) liitetiedostosta\/kysymys. Liitetiedoston pit\u00e4\u00e4 olla sellaista muotoa, ett\u00e4 opiskelija saa sen auki k\u00e4yt\u00f6ss\u00e4 olevilla ohjelmilla. Tiedostoon voi tehd\u00e4 yksinkertaisia muotoiluja. Kysymyksist\u00e4 muodostuu kysymyspankkiin kysymyksi\u00e4, joita voi k\u00e4ytt\u00e4\u00e4 hyv\u00e4ksi muissa tenteiss\u00e4. Kysymyksi\u00e4 ja tenttej\u00e4 voi kopioida uusiksi versioiksi. Opettaja voi muokata tentti\u00e4 rauhassa, sill\u00e4 se n\u00e4kyy opiskelijoille vasta, kun se julkaistaan Tallenna ja julkaise -painikkeesta. Opettaja voi m\u00e4\u00e4ritt\u00e4\u00e4&hellip;<\/p>\n<p> <a class=\"more-link\" href=\"https:\/\/esamksupport.samk.fi\/ohje\/exam-opettaja-tentti\/\">Lue Lis\u00e4\u00e4<\/a><\/p>\n","protected":false},"author":2,"featured_media":0,"parent":0,"menu_order":0,"comment_status":"closed","ping_status":"open","template":"","meta":{"footnotes":""},"class_list":["post-352","page","type-page","status-publish"],"_links":{"self":[{"href":"https:\/\/esamksupport.samk.fi\/ohje\/wp-json\/wp\/v2\/pages\/352","targetHints":{"allow":["GET"]}}],"collection":[{"href":"https:\/\/esamksupport.samk.fi\/ohje\/wp-json\/wp\/v2\/pages"}],"about":[{"href":"https:\/\/esamksupport.samk.fi\/ohje\/wp-json\/wp\/v2\/types\/page"}],"author":[{"embeddable":true,"href":"https:\/\/esamksupport.samk.fi\/ohje\/wp-json\/wp\/v2\/users\/2"}],"replies":[{"embeddable":true,"href":"https:\/\/esamksupport.samk.fi\/ohje\/wp-json\/wp\/v2\/comments?post=352"}],"version-history":[{"count":4,"href":"https:\/\/esamksupport.samk.fi\/ohje\/wp-json\/wp\/v2\/pages\/352\/revisions"}],"predecessor-version":[{"id":2136,"href":"https:\/\/esamksupport.samk.fi\/ohje\/wp-json\/wp\/v2\/pages\/352\/revisions\/2136"}],"wp:attachment":[{"href":"https:\/\/esamksupport.samk.fi\/ohje\/wp-json\/wp\/v2\/media?parent=352"}],"curies":[{"name":"wp","href":"https:\/\/api.w.org\/{rel}","templated":true}]}}