{"id":3530,"date":"2023-03-14T08:47:55","date_gmt":"2023-03-14T06:47:55","guid":{"rendered":"https:\/\/esamksupport.samk.fi\/ohje\/?page_id=3530"},"modified":"2024-10-01T10:14:05","modified_gmt":"2024-10-01T07:14:05","slug":"moodle-moodle4-course-reuse","status":"publish","type":"page","link":"https:\/\/esamksupport.samk.fi\/ohje\/moodle-moodle4-course-reuse\/","title":{"rendered":"Moodle &gt; Moodle4 &gt; Kurssipohjan siirto"},"content":{"rendered":"\n<p><\/p>\n\n\n\n<p>Moodle 4x:\u00e4\u00e4n on mahdollista palauttaa varmuuskopio Moodle 3x:n kurssista. Ohje varmuuskopion luomiseen Moodle 3x:ss\u00e4 l\u00f6ytyy <a href=\"https:\/\/esamksupport.samk.fi\/ohje\/moodle-opettaja-kurssin-kopiointi\/\" target=\"_blank\" rel=\"noreferrer noopener\">T\u00c4\u00c4LT\u00c4<\/a>, otsikon <strong>Varmuuskopioi pohja vanhasta Moodlesta<\/strong> alta.<\/p>\n\n\n\n<p>Jos kurssillasi on H5P-aktiviteetteja, varmuuskopiointi ei onnistu t\u00e4ll\u00e4 tavalla. Ole yhteydess\u00e4 eSAMKiin varmuuskopion saamiseksi.<\/p>\n\n\n\n<p>Moodle 4x:ss\u00e4 varmuuskopiointiin liittyv\u00e4t ty\u00f6kalut l\u00f6ytyv\u00e4t <strong>Lis\u00e4\u00e4<\/strong> -valikon alta.<\/p>\n\n\n\n<p><strong>Lis\u00e4\u00e4<\/strong> -valikosta valitaan <strong>Kurssin uudelleenk\u00e4ytt\u00f6<\/strong>:<\/p>\n\n\n\n<figure class=\"wp-block-image size-full is-resized\"><img loading=\"lazy\" decoding=\"async\" width=\"1292\" height=\"612\" src=\"https:\/\/esamksupport.samk.fi\/ohje\/wp-content\/uploads\/sites\/3\/2024\/08\/kurssipohjan-siirto-1.png\" alt=\"\" class=\"wp-image-4048\" style=\"width:817px;height:auto\" srcset=\"https:\/\/esamksupport.samk.fi\/ohje\/wp-content\/uploads\/sites\/3\/2024\/08\/kurssipohjan-siirto-1.png 1292w, https:\/\/esamksupport.samk.fi\/ohje\/wp-content\/uploads\/sites\/3\/2024\/08\/kurssipohjan-siirto-1-768x363.png 768w\" sizes=\"auto, (max-width: 1292px) 100vw, 1292px\" \/><figcaption class=\"wp-element-caption\"><br><br><\/figcaption><\/figure>\n\n\n\n<p>Ty\u00f6kalu <strong>Tuo<\/strong> mahdollistaa sis\u00e4ll\u00f6n tuomisen vain Moodle 4x:n sis\u00e4lt\u00e4, joten valinnaksi pit\u00e4\u00e4 vaihtaa <strong>Palauta<\/strong>, joka mahdollistaa Moodle 3x-kopion palauttamisen tiedostosta.<\/p>\n\n\n\n<p>Vasemman yl\u00e4kulman valikosta vaihdetaan ty\u00f6kaluksi <strong>Palauta<\/strong>:<\/p>\n\n\n\n<figure class=\"wp-block-image size-full is-resized\"><img loading=\"lazy\" decoding=\"async\" width=\"1295\" height=\"505\" src=\"https:\/\/esamksupport.samk.fi\/ohje\/wp-content\/uploads\/sites\/3\/2024\/08\/kurssipohjan-siirto-2.png\" alt=\"\" class=\"wp-image-4049\" style=\"width:846px;height:auto\" srcset=\"https:\/\/esamksupport.samk.fi\/ohje\/wp-content\/uploads\/sites\/3\/2024\/08\/kurssipohjan-siirto-2.png 1295w, https:\/\/esamksupport.samk.fi\/ohje\/wp-content\/uploads\/sites\/3\/2024\/08\/kurssipohjan-siirto-2-768x299.png 768w\" sizes=\"auto, (max-width: 1295px) 100vw, 1295px\" \/><figcaption class=\"wp-element-caption\"><br><br><\/figcaption><\/figure>\n\n\n\n<p>Moodle 3x:st\u00e4 ladattu palautettava tiedosto raahataan osoitettuun kentt\u00e4\u00e4n ja klikataan <strong>Palauta<\/strong>.<\/p>\n\n\n\n<figure class=\"wp-block-image size-full is-resized\"><img loading=\"lazy\" decoding=\"async\" width=\"1294\" height=\"665\" src=\"https:\/\/esamksupport.samk.fi\/ohje\/wp-content\/uploads\/sites\/3\/2024\/08\/kurssipohjan-siirto-3.png\" alt=\"\" class=\"wp-image-4050\" style=\"width:828px;height:auto\" srcset=\"https:\/\/esamksupport.samk.fi\/ohje\/wp-content\/uploads\/sites\/3\/2024\/08\/kurssipohjan-siirto-3.png 1294w, https:\/\/esamksupport.samk.fi\/ohje\/wp-content\/uploads\/sites\/3\/2024\/08\/kurssipohjan-siirto-3-768x394.png 768w\" sizes=\"auto, (max-width: 1294px) 100vw, 1294px\" \/><figcaption class=\"wp-element-caption\"><br><br><\/figcaption><\/figure>\n","protected":false},"excerpt":{"rendered":"<p>Moodle 4x:\u00e4\u00e4n on mahdollista palauttaa varmuuskopio Moodle 3x:n kurssista. Ohje varmuuskopion luomiseen Moodle 3x:ss\u00e4 l\u00f6ytyy T\u00c4\u00c4LT\u00c4, otsikon Varmuuskopioi pohja vanhasta Moodlesta alta. Jos kurssillasi on H5P-aktiviteetteja, varmuuskopiointi ei onnistu t\u00e4ll\u00e4 tavalla. Ole yhteydess\u00e4 eSAMKiin varmuuskopion saamiseksi. Moodle 4x:ss\u00e4 varmuuskopiointiin liittyv\u00e4t ty\u00f6kalut l\u00f6ytyv\u00e4t Lis\u00e4\u00e4 -valikon alta. Lis\u00e4\u00e4 -valikosta valitaan Kurssin uudelleenk\u00e4ytt\u00f6: Ty\u00f6kalu Tuo mahdollistaa sis\u00e4ll\u00f6n tuomisen vain Moodle 4x:n sis\u00e4lt\u00e4, joten valinnaksi pit\u00e4\u00e4 vaihtaa Palauta, joka mahdollistaa Moodle 3x-kopion palauttamisen tiedostosta. Vasemman yl\u00e4kulman valikosta vaihdetaan ty\u00f6kaluksi Palauta: Moodle 3x:st\u00e4 ladattu palautettava tiedosto raahataan osoitettuun kentt\u00e4\u00e4n ja klikataan Palauta.<\/p>\n","protected":false},"author":18,"featured_media":0,"parent":0,"menu_order":0,"comment_status":"closed","ping_status":"open","template":"","meta":{"footnotes":""},"class_list":["post-3530","page","type-page","status-publish"],"_links":{"self":[{"href":"https:\/\/esamksupport.samk.fi\/ohje\/wp-json\/wp\/v2\/pages\/3530","targetHints":{"allow":["GET"]}}],"collection":[{"href":"https:\/\/esamksupport.samk.fi\/ohje\/wp-json\/wp\/v2\/pages"}],"about":[{"href":"https:\/\/esamksupport.samk.fi\/ohje\/wp-json\/wp\/v2\/types\/page"}],"author":[{"embeddable":true,"href":"https:\/\/esamksupport.samk.fi\/ohje\/wp-json\/wp\/v2\/users\/18"}],"replies":[{"embeddable":true,"href":"https:\/\/esamksupport.samk.fi\/ohje\/wp-json\/wp\/v2\/comments?post=3530"}],"version-history":[{"count":12,"href":"https:\/\/esamksupport.samk.fi\/ohje\/wp-json\/wp\/v2\/pages\/3530\/revisions"}],"predecessor-version":[{"id":4102,"href":"https:\/\/esamksupport.samk.fi\/ohje\/wp-json\/wp\/v2\/pages\/3530\/revisions\/4102"}],"wp:attachment":[{"href":"https:\/\/esamksupport.samk.fi\/ohje\/wp-json\/wp\/v2\/media?parent=3530"}],"curies":[{"name":"wp","href":"https:\/\/api.w.org\/{rel}","templated":true}]}}