{"id":363,"date":"2019-06-19T10:35:37","date_gmt":"2019-06-19T07:35:37","guid":{"rendered":"https:\/\/esamksupport.samk.fi\/ohje\/?page_id=363"},"modified":"2024-07-17T10:46:04","modified_gmt":"2024-07-17T07:46:04","slug":"exam-opettaja-tenttikysymykset","status":"publish","type":"page","link":"https:\/\/esamksupport.samk.fi\/ohje\/exam-opettaja-tenttikysymykset\/","title":{"rendered":"EXAM &gt; Opettaja &gt; Tenttikysymykset"},"content":{"rendered":"\n<p>T\u00e4m\u00e4n ohjeen alaohjeista l\u00f6yd\u00e4t vinkkej\u00e4 miten teht\u00e4v\u00e4t kannattaa laatia ja mit\u00e4 niiden laatimisessa kannattaa ottaa huomioon.<\/p>\n\n\n\n<p>Mik\u00e4li sinulla on kysymyksi\u00e4 koskien EXAM-tentin laatimista, kysymyksi\u00e4, arviointia tai yleisi\u00e4 akvaariota koskevia kysymyksi\u00e4, ota yhteytt\u00e4 eSAMK tukeen (<a href=\"mailto:esamk.support@samk.fi\">esamk.support@samk.fi<\/a>)<\/p>\n","protected":false},"excerpt":{"rendered":"<p>T\u00e4m\u00e4n ohjeen alaohjeista l\u00f6yd\u00e4t vinkkej\u00e4 miten teht\u00e4v\u00e4t kannattaa laatia ja mit\u00e4 niiden laatimisessa kannattaa ottaa huomioon. Mik\u00e4li sinulla on kysymyksi\u00e4 koskien EXAM-tentin laatimista, kysymyksi\u00e4, arviointia tai yleisi\u00e4 akvaariota koskevia kysymyksi\u00e4, ota yhteytt\u00e4 eSAMK tukeen (esamk.support@samk.fi)<\/p>\n","protected":false},"author":2,"featured_media":0,"parent":0,"menu_order":0,"comment_status":"closed","ping_status":"open","template":"","meta":{"footnotes":""},"class_list":["post-363","page","type-page","status-publish"],"_links":{"self":[{"href":"https:\/\/esamksupport.samk.fi\/ohje\/wp-json\/wp\/v2\/pages\/363","targetHints":{"allow":["GET"]}}],"collection":[{"href":"https:\/\/esamksupport.samk.fi\/ohje\/wp-json\/wp\/v2\/pages"}],"about":[{"href":"https:\/\/esamksupport.samk.fi\/ohje\/wp-json\/wp\/v2\/types\/page"}],"author":[{"embeddable":true,"href":"https:\/\/esamksupport.samk.fi\/ohje\/wp-json\/wp\/v2\/users\/2"}],"replies":[{"embeddable":true,"href":"https:\/\/esamksupport.samk.fi\/ohje\/wp-json\/wp\/v2\/comments?post=363"}],"version-history":[{"count":4,"href":"https:\/\/esamksupport.samk.fi\/ohje\/wp-json\/wp\/v2\/pages\/363\/revisions"}],"predecessor-version":[{"id":3809,"href":"https:\/\/esamksupport.samk.fi\/ohje\/wp-json\/wp\/v2\/pages\/363\/revisions\/3809"}],"wp:attachment":[{"href":"https:\/\/esamksupport.samk.fi\/ohje\/wp-json\/wp\/v2\/media?parent=363"}],"curies":[{"name":"wp","href":"https:\/\/api.w.org\/{rel}","templated":true}]}}