{"id":364,"date":"2019-06-19T10:35:51","date_gmt":"2019-06-19T07:35:51","guid":{"rendered":"https:\/\/esamksupport.samk.fi\/ohje\/?page_id=364"},"modified":"2024-07-17T11:09:06","modified_gmt":"2024-07-17T08:09:06","slug":"exam-opettaja-arviointi","status":"publish","type":"page","link":"https:\/\/esamksupport.samk.fi\/ohje\/exam-opettaja-arviointi\/","title":{"rendered":"EXAM &gt; Opettaja &gt; Arviointi"},"content":{"rendered":"\n<p><strong>HUOM!<\/strong> Arviointi kannattaa vied\u00e4 loppuun asti  EXAMissa, vaikka kyseess\u00e4 olisi osasuoritus, koska j\u00e4rjestelm\u00e4  muistuttaa viikoittain arvioimattomista suorituksista. <\/p>\n\n\n\n<p>Kun opiskelija on tehnyt tentin, opettaja saa suorituksesta tiedon kerran viikossa s\u00e4hk\u00f6postiin tulevassa viikkokoosteessa maanantaisin. Tentti arvioidaan EXAMissa ja arvosana kirjataan Lokiin.<\/p>\n\n\n\n<p>Vaihtoehtoisesti kirjautumalla j\u00e4rjestelm\u00e4\u00e4n n\u00e4et aina sen hetkisen tilanteen. Henkil\u00f6kohtaisista tenteist\u00e4 saat aina s\u00e4hk\u00f6postiisi viestin, kun opiskelija on varannut tenttiajan ja kun tentti on arvioitavana.<\/p>\n\n\n\n<h2 class=\"wp-block-heading\"><strong>Tenttivastauksien arvioiminen<\/strong><\/h2>\n\n\n\n<p>Kirjaudu Exam-j\u00e4rjestelm\u00e4\u00e4n omilla tunnuksillasi.<\/p>\n\n\n\n<ul class=\"wp-block-list\">\n<li><strong>Ty\u00f6p\u00f6yd\u00e4ll\u00e4 <\/strong>n\u00e4et listan omista tenteist\u00e4si. <strong>Arvioitavat tentit<\/strong>-v\u00e4lilehdell\u00e4 n\u00e4et nimens\u00e4 mukaan arvioitavat tentit.<\/li>\n\n\n\n<li>Taulukon sarakkeista n\u00e4et, kuinka monta tenttisuoritusta odottaa tarkastustasi <strong>(Arvioimatta)<\/strong> ja kuinka monta odottaa loppuarviointia.<\/li>\n<\/ul>\n\n\n<div class=\"wp-block-image\">\n<figure class=\"aligncenter is-resized\"><img decoding=\"async\" src=\"http:\/\/exam.samk.fi\/wp-content\/uploads\/2018\/05\/ope41-300x112.jpg\" alt=\"\" class=\"wp-image-388\" style=\"width:320px;height:auto\" \/><\/figure>\n<\/div>\n\n\n<ul class=\"wp-block-list\">\n<li><strong>Klikkaa Arvioimatta<\/strong>-sarakkeessa olevaa numeroa. Jos numero on 1, avautuu opiskelijan palauttama tentti suoraan. Muutoin sinulle aukeaa tentin tiedot ja siin\u00e4 <strong>Suoritukset<\/strong> -v\u00e4lilehti.<\/li>\n<\/ul>\n\n\n<div class=\"wp-block-image\">\n<figure class=\"aligncenter is-resized\"><img decoding=\"async\" src=\"http:\/\/exam.samk.fi\/wp-content\/uploads\/2018\/05\/ope42-1024x557.jpg\" alt=\"\" class=\"wp-image-389\" style=\"width:768px;height:418px\" \/><\/figure>\n<\/div>\n\n\n<p><strong>Arvioitavana olevat tenttivastaukset<\/strong> -kohdasta n\u00e4et \narvioitavat tentit (arviointia ei ole aloitettu tai se on kesken). \nNiiden yl\u00e4puolella n\u00e4et my\u00f6s keskeytetyt tenttisuoritukset ja tenttiin \nsaapumattomat.<\/p>\n\n\n\n<p>Listauksen alapuolella n\u00e4kyy viel\u00e4 <strong>arvioidut tenttivastaukset<\/strong> (arvosana on annettu, tentaattori voi viel\u00e4 muutta arviointia mutta arvioija ei)&nbsp;ja <strong>lukitut tenttisuoritukset<\/strong> (arviointia ei voi en\u00e4\u00e4 muuttaa).<\/p>\n\n\n\n<ul class=\"wp-block-list\">\n<li>Avaa opiskelijan tarkastamaton tentti klikkaamalla\u00a0<strong>opiskelijan nime\u00e4.<\/strong><\/li>\n\n\n\n<li>Arvioi tenttisuoritus antamalla essee-kysymyksiin opiskelijan saama pistem\u00e4\u00e4r\u00e4. Automaattisesti arvioitavat teht\u00e4vien pistem\u00e4\u00e4r\u00e4n voi muuttaa kohdassa &#8221;<strong>ohita automaattisestsi lasketut pisteet&#8221;.<\/strong><\/li>\n\n\n\n<li>Voit antaa my\u00f6s osapisteit\u00e4 k\u00e4ytt\u00e4m\u00e4ll\u00e4 desimaalierottimena pistett\u00e4, mutta miinuspisteit\u00e4 ei voi antaa.\u00a0Huomaa, ett\u00e4 mik\u00e4li tentiss\u00e4 on p\u00e4\u00e4ll\u00e4 automaattinen arvointi, pistem\u00e4\u00e4r\u00e4n muuttaminen <strong>ei muuta arvosanaa oikeaksi<\/strong>. Se opettajan on teht\u00e4v\u00e4 k\u00e4sin.<\/li>\n<\/ul>\n\n\n<div class=\"wp-block-image\">\n<figure class=\"aligncenter\"><a href=\"http:\/\/exam.samk.fi\/wp-content\/uploads\/2019\/08\/Autmaattisesti-arvioitavien-teht\u00e4vien-pistem\u00e4\u00e4r\u00e4n-muuttaminen.jpg\"><img decoding=\"async\" src=\"http:\/\/exam.samk.fi\/wp-content\/uploads\/2019\/08\/Autmaattisesti-arvioitavien-teht\u00e4vien-pistem\u00e4\u00e4r\u00e4n-muuttaminen-1024x304.jpg\" alt=\"\" class=\"wp-image-738\" \/><\/a><\/figure>\n<\/div>\n\n\n<p><strong>Tenttivastauksen arviointi \u2013n\u00e4kym\u00e4n<\/strong>\u00a0yl\u00e4reunasta n\u00e4et mm. kuinka kauan opiskelija teki tentti\u00e4 ja onko h\u00e4nell\u00e4 aiempia tenttisuorituksia samaan tenttiin. T\u00e4m\u00e4n alla ovat tenttikysymykset ja opiskelijan vastaukset. Pudotusvalikosta voit merkit\u00e4 kyseiselle kysymykselle\u00a0<strong>pistem\u00e4\u00e4r\u00e4n\u00a0<\/strong>(tai hyv\u00e4ksytty\/hyl\u00e4tty, jos olet m\u00e4\u00e4ritellyt sen kysymyksen arviointiskaalaksi).<\/p>\n\n\n\n<p>Voit antaa opiskelijalle my\u00f6s sanallista palautetta oikeaan yl\u00e4kulmaan avautuvaan&nbsp;<strong>Anna palautetta<\/strong>&nbsp;-kentt\u00e4\u00e4n. Sulje palautelaatikko klikkaamalla punaista Piilota palaute -nuolta. Kommenttisi tallentuu automaattisesti.<\/p>\n\n\n\n<ul class=\"wp-block-list\">\n<li>Valitse lopuksi <strong>Tentin arvosana<\/strong>-pudotusvalikosta arvosana. Voit tarvittaessa vaihtaa tentin suoritustyypin osasuoritukseksi, suorituskielen ja m\u00e4\u00e4ritell\u00e4 opintopisteet.<\/li>\n<\/ul>\n\n\n\n<ul class=\"wp-block-list\">\n<li><strong>Tallenna arviointi<\/strong> klikkaamalla <strong>Tallenna muutokset<\/strong> -painiketta. Voit jatkaa arvioinnin loppuun my\u00f6hemmin.<\/li>\n<\/ul>\n\n\n\n<h2 class=\"wp-block-heading\"><strong>Arvioinnin lukitseminen<\/strong><\/h2>\n\n\n\n<ul class=\"wp-block-list\">\n<li><strong>Jos arviointi on valmis<\/strong>, klikkaa lopuksi\u00a0<strong>Lukitse arviointi<\/strong>-painiketta.<\/li>\n\n\n\n<li>EXAM varmistaa viel\u00e4, ett\u00e4 \u201dArvosanan kirjaamisen j\u00e4lkeen et voi en\u00e4\u00e4 muuttaa arviointia\u201d. Hyv\u00e4ksy t\u00e4m\u00e4 <strong>Kyll\u00e4<\/strong>-painikkeella.<\/li>\n\n\n\n<li>T\u00e4m\u00e4n j\u00e4lkeen opiskelijalle l\u00e4htee automaattisesti s\u00e4hk\u00f6postitse viesti siit\u00e4, ett\u00e4 arviointi on tehty ja t\u00e4ss\u00e4 vaiheessa tentti vapautuu uudelleen suoritettavaksi suorituskertojen puitteissa. Opiskelija n\u00e4kee arvioinnin tiedot j\u00e4rjestelm\u00e4st\u00e4, mutta h\u00e4n ei n\u00e4e en\u00e4\u00e4 tenttikysymyksi\u00e4 eik\u00e4 tenttivastaustaan.<\/li>\n<\/ul>\n\n\n\n<p><strong>HUOM!<\/strong> SAMKissa arvosana ei siirry EXAM-j\u00e4rjestelm\u00e4st\u00e4 suoraan opintorekisteriin, mutta voit luoda itsellesi lukituista tenttisuorituksista raportin Excel-tiedostoon, helpottamaan arvosanojen siirtoa.<\/p>\n","protected":false},"excerpt":{"rendered":"<p>HUOM! Arviointi kannattaa vied\u00e4 loppuun asti EXAMissa, vaikka kyseess\u00e4 olisi osasuoritus, koska j\u00e4rjestelm\u00e4 muistuttaa viikoittain arvioimattomista suorituksista. Kun opiskelija on tehnyt tentin, opettaja saa suorituksesta tiedon kerran viikossa s\u00e4hk\u00f6postiin tulevassa viikkokoosteessa maanantaisin. Tentti arvioidaan EXAMissa ja arvosana kirjataan Lokiin. Vaihtoehtoisesti kirjautumalla j\u00e4rjestelm\u00e4\u00e4n n\u00e4et aina sen hetkisen tilanteen. Henkil\u00f6kohtaisista tenteist\u00e4 saat aina s\u00e4hk\u00f6postiisi viestin, kun opiskelija on varannut tenttiajan ja kun tentti on arvioitavana. Tenttivastauksien arvioiminen Kirjaudu Exam-j\u00e4rjestelm\u00e4\u00e4n omilla tunnuksillasi. Arvioitavana olevat tenttivastaukset -kohdasta n\u00e4et arvioitavat tentit (arviointia ei ole aloitettu tai se on kesken). Niiden yl\u00e4puolella n\u00e4et my\u00f6s keskeytetyt tenttisuoritukset ja tenttiin saapumattomat. Listauksen alapuolella n\u00e4kyy viel\u00e4 arvioidut tenttivastaukset (arvosana on annettu, tentaattori voi viel\u00e4 muutta arviointia mutta arvioija ei)&nbsp;ja lukitut tenttisuoritukset (arviointia ei voi en\u00e4\u00e4 muuttaa). Tenttivastauksen arviointi \u2013n\u00e4kym\u00e4n\u00a0yl\u00e4reunasta n\u00e4et mm. kuinka kauan opiskelija teki tentti\u00e4 ja onko h\u00e4nell\u00e4 aiempia tenttisuorituksia samaan tenttiin. T\u00e4m\u00e4n alla ovat tenttikysymykset ja opiskelijan vastaukset. Pudotusvalikosta voit merkit\u00e4 kyseiselle kysymykselle\u00a0pistem\u00e4\u00e4r\u00e4n\u00a0(tai hyv\u00e4ksytty\/hyl\u00e4tty, jos olet m\u00e4\u00e4ritellyt&hellip;<\/p>\n<p> <a class=\"more-link\" href=\"https:\/\/esamksupport.samk.fi\/ohje\/exam-opettaja-arviointi\/\">Lue Lis\u00e4\u00e4<\/a><\/p>\n","protected":false},"author":2,"featured_media":0,"parent":0,"menu_order":0,"comment_status":"closed","ping_status":"open","template":"","meta":{"footnotes":""},"class_list":["post-364","page","type-page","status-publish"],"_links":{"self":[{"href":"https:\/\/esamksupport.samk.fi\/ohje\/wp-json\/wp\/v2\/pages\/364","targetHints":{"allow":["GET"]}}],"collection":[{"href":"https:\/\/esamksupport.samk.fi\/ohje\/wp-json\/wp\/v2\/pages"}],"about":[{"href":"https:\/\/esamksupport.samk.fi\/ohje\/wp-json\/wp\/v2\/types\/page"}],"author":[{"embeddable":true,"href":"https:\/\/esamksupport.samk.fi\/ohje\/wp-json\/wp\/v2\/users\/2"}],"replies":[{"embeddable":true,"href":"https:\/\/esamksupport.samk.fi\/ohje\/wp-json\/wp\/v2\/comments?post=364"}],"version-history":[{"count":6,"href":"https:\/\/esamksupport.samk.fi\/ohje\/wp-json\/wp\/v2\/pages\/364\/revisions"}],"predecessor-version":[{"id":3817,"href":"https:\/\/esamksupport.samk.fi\/ohje\/wp-json\/wp\/v2\/pages\/364\/revisions\/3817"}],"wp:attachment":[{"href":"https:\/\/esamksupport.samk.fi\/ohje\/wp-json\/wp\/v2\/media?parent=364"}],"curies":[{"name":"wp","href":"https:\/\/api.w.org\/{rel}","templated":true}]}}