{"id":381,"date":"2019-06-19T10:39:22","date_gmt":"2019-06-19T07:39:22","guid":{"rendered":"https:\/\/esamksupport.samk.fi\/ohje\/?page_id=381"},"modified":"2024-07-17T10:57:45","modified_gmt":"2024-07-17T07:57:45","slug":"exam-opettaja-tentinvapauttaminen","status":"publish","type":"page","link":"https:\/\/esamksupport.samk.fi\/ohje\/exam-opettaja-tentinvapauttaminen\/","title":{"rendered":"EXAM &gt; Opettaja &gt; Tentin vapauttaminen"},"content":{"rendered":"\n<p>Yleisen tentin asetuksiin voi m\u00e4\u00e4ritell\u00e4, montako kertaa se on suoritettavissa ennen arviointia. Oletuksena on 1 suorituskerta, ts. opiskelija voi suorittaa tentin vain yhden kerran ennen arviointia.<\/p>\n\n\n\n<p>Arvioinnin j\u00e4lkeen opiskelija voi ilmoittautua uuteen tenttiin, jos tentin suoritusaikaa on j\u00e4ljell\u00e4. Tentin keskeytt\u00e4minen tai tenttiin saapumatta j\u00e4tt\u00e4minen lasketaan my\u00f6s suorituskerraksi, mutta ne eiv\u00e4t est\u00e4 opiskelijaa ilmoittautumasta tenttiin uudelleen. Opettajan ei siis tarvitse en\u00e4\u00e4 vapauttaa suorituskertaa, jos  opiskelija esimerkiksi j\u00e4tt\u00e4\u00e4 tulematta tenttiin.<\/p>\n\n\n\n<p>Jos tentin asetuksissa on m\u00e4\u00e4ritelty esim. 1 suorituskerta, opiskelija voi vapauttaa varauksensa perumalla sen, jonka j\u00e4lkeen h\u00e4n voi tehd\u00e4 uuden varauksen.<\/p>\n\n\n\n<p><strong>Tenttiin saapumattomat ja keskeytetyt suoritukset<\/strong>&nbsp;n\u00e4kyv\u00e4t tentin tiedoissa <strong>Suoritukset<\/strong>-v\u00e4lilehdell\u00e4:<\/p>\n\n\n\n<figure class=\"wp-block-image\"><img decoding=\"async\" src=\"http:\/\/exam.samk.fi\/wp-content\/uploads\/2019\/03\/exva1-300x168.png\" alt=\"\" \/><\/figure>\n","protected":false},"excerpt":{"rendered":"<p>Yleisen tentin asetuksiin voi m\u00e4\u00e4ritell\u00e4, montako kertaa se on suoritettavissa ennen arviointia. Oletuksena on 1 suorituskerta, ts. opiskelija voi suorittaa tentin vain yhden kerran ennen arviointia. Arvioinnin j\u00e4lkeen opiskelija voi ilmoittautua uuteen tenttiin, jos tentin suoritusaikaa on j\u00e4ljell\u00e4. Tentin keskeytt\u00e4minen tai tenttiin saapumatta j\u00e4tt\u00e4minen lasketaan my\u00f6s suorituskerraksi, mutta ne eiv\u00e4t est\u00e4 opiskelijaa ilmoittautumasta tenttiin uudelleen. Opettajan ei siis tarvitse en\u00e4\u00e4 vapauttaa suorituskertaa, jos opiskelija esimerkiksi j\u00e4tt\u00e4\u00e4 tulematta tenttiin. Jos tentin asetuksissa on m\u00e4\u00e4ritelty esim. 1 suorituskerta, opiskelija voi vapauttaa varauksensa perumalla sen, jonka j\u00e4lkeen h\u00e4n voi tehd\u00e4 uuden varauksen. Tenttiin saapumattomat ja keskeytetyt suoritukset&nbsp;n\u00e4kyv\u00e4t tentin tiedoissa Suoritukset-v\u00e4lilehdell\u00e4:<\/p>\n","protected":false},"author":2,"featured_media":0,"parent":0,"menu_order":0,"comment_status":"closed","ping_status":"open","template":"","meta":{"footnotes":""},"class_list":["post-381","page","type-page","status-publish"],"_links":{"self":[{"href":"https:\/\/esamksupport.samk.fi\/ohje\/wp-json\/wp\/v2\/pages\/381","targetHints":{"allow":["GET"]}}],"collection":[{"href":"https:\/\/esamksupport.samk.fi\/ohje\/wp-json\/wp\/v2\/pages"}],"about":[{"href":"https:\/\/esamksupport.samk.fi\/ohje\/wp-json\/wp\/v2\/types\/page"}],"author":[{"embeddable":true,"href":"https:\/\/esamksupport.samk.fi\/ohje\/wp-json\/wp\/v2\/users\/2"}],"replies":[{"embeddable":true,"href":"https:\/\/esamksupport.samk.fi\/ohje\/wp-json\/wp\/v2\/comments?post=381"}],"version-history":[{"count":5,"href":"https:\/\/esamksupport.samk.fi\/ohje\/wp-json\/wp\/v2\/pages\/381\/revisions"}],"predecessor-version":[{"id":3815,"href":"https:\/\/esamksupport.samk.fi\/ohje\/wp-json\/wp\/v2\/pages\/381\/revisions\/3815"}],"wp:attachment":[{"href":"https:\/\/esamksupport.samk.fi\/ohje\/wp-json\/wp\/v2\/media?parent=381"}],"curies":[{"name":"wp","href":"https:\/\/api.w.org\/{rel}","templated":true}]}}