{"id":383,"date":"2019-06-19T10:40:28","date_gmt":"2019-06-19T07:40:28","guid":{"rendered":"https:\/\/esamksupport.samk.fi\/ohje\/?page_id=383"},"modified":"2024-10-30T09:14:29","modified_gmt":"2024-10-30T07:14:29","slug":"exam-opettaja-kypsyysnayte","status":"publish","type":"page","link":"https:\/\/esamksupport.samk.fi\/ohje\/exam-opettaja-kypsyysnayte\/","title":{"rendered":"EXAM &gt; Opettaja &gt; Kypsyysn\u00e4yte"},"content":{"rendered":"\n<p>SAMKissa k\u00e4ytet\u00e4\u00e4n kypsyysn\u00e4ytteen tekemiseen henkil\u00f6kohtaista tai yleist\u00e4 tentti\u00e4 ja ainoa kysymys tehd\u00e4\u00e4n essee-kysymyksen\u00e4. Koska kypsyysn\u00e4ytteess\u00e4 valitaan kolmesta otsikosta se, josta kirjoitetaan, kannattaa kypsyysn\u00e4yte laatia niin, ett\u00e4 kaikki kolme kysymysvaihtoehtoa ovat samassa kysymyksess\u00e4. T\u00e4ll\u00f6in opiskelija ohjeen mukaisesti vastaa yhteen annettuun kysymykseen ja opettajalla on arvioitavana vain tuo yksi kysymys.<\/p>\n\n\n\n<p><strong>Yleisell\u00e4 tasolla oleva kirjoitusohje kypsyysn\u00e4ytteeseen, jota voi k\u00e4ytt\u00e4\u00e4:<\/strong><\/p>\n\n\n\n<ul class=\"wp-block-list\">\n<li>Kypsyysn\u00e4yte kirjoitetaan tenttiolosuhteissa ja kirjoittamiseen varataan aikaa v\u00e4hint\u00e4\u00e4n 1 h 55 min.<\/li>\n\n\n\n<li>Kun kypsyysn\u00e4yte tehd\u00e4\u00e4n esseen\u00e4, sen pituus k\u00e4sialalla kirjoitettuna on 2-4 A4-sivua, koneella kirjoitettuna v\u00e4hint\u00e4\u00e4n 3500 merkki\u00e4 ilman v\u00e4lily\u00f6ntej\u00e4, riviv\u00e4li1,5.<\/li>\n\n\n\n<li>Kun kypsyysn\u00e4yte tehd\u00e4\u00e4n mediatiedotteena, sen laajuus on yksi A4 riviv\u00e4lill\u00e4 1 kirjoitettuna. Fonttina k\u00e4ytet\u00e4\u00e4n Times New Roman 12 tai Arial 10. Varsinaisen kypsyysn\u00e4ytetekstin osuus on silloin v\u00e4hint\u00e4\u00e4n 2500 merkki\u00e4 ilman v\u00e4lily\u00f6ntej\u00e4.<\/li>\n\n\n\n<li>Lis\u00e4\u00e4 ohjeistusta l\u00f6ytyy ME1207 Kypsyysn\u00e4yte ja sen liitteest\u00e4 OP05. Ne l\u00f6ytyv\u00e4t <a href=\"https:\/\/fi1.architect.arter.fi\/saml\/alias\/samk\">ARCista<\/a> (suora linkki ei mahdollinen).<\/li>\n\n\n\n<li>On huomioitava, ett\u00e4 SAMKssa ja monissa muissa korkeakouluissa Wordissa ei ole k\u00e4ytett\u00e4viss\u00e4 tekstintarkistus-ty\u00f6v\u00e4linett\u00e4 EXAM tenttitilan tietokoneissa.<\/li>\n<\/ul>\n","protected":false},"excerpt":{"rendered":"<p>SAMKissa k\u00e4ytet\u00e4\u00e4n kypsyysn\u00e4ytteen tekemiseen henkil\u00f6kohtaista tai yleist\u00e4 tentti\u00e4 ja ainoa kysymys tehd\u00e4\u00e4n essee-kysymyksen\u00e4. Koska kypsyysn\u00e4ytteess\u00e4 valitaan kolmesta otsikosta se, josta kirjoitetaan, kannattaa kypsyysn\u00e4yte laatia niin, ett\u00e4 kaikki kolme kysymysvaihtoehtoa ovat samassa kysymyksess\u00e4. T\u00e4ll\u00f6in opiskelija ohjeen mukaisesti vastaa yhteen annettuun kysymykseen ja opettajalla on arvioitavana vain tuo yksi kysymys. Yleisell\u00e4 tasolla oleva kirjoitusohje kypsyysn\u00e4ytteeseen, jota voi k\u00e4ytt\u00e4\u00e4:<\/p>\n","protected":false},"author":2,"featured_media":0,"parent":0,"menu_order":0,"comment_status":"closed","ping_status":"open","template":"","meta":{"footnotes":""},"class_list":["post-383","page","type-page","status-publish"],"_links":{"self":[{"href":"https:\/\/esamksupport.samk.fi\/ohje\/wp-json\/wp\/v2\/pages\/383","targetHints":{"allow":["GET"]}}],"collection":[{"href":"https:\/\/esamksupport.samk.fi\/ohje\/wp-json\/wp\/v2\/pages"}],"about":[{"href":"https:\/\/esamksupport.samk.fi\/ohje\/wp-json\/wp\/v2\/types\/page"}],"author":[{"embeddable":true,"href":"https:\/\/esamksupport.samk.fi\/ohje\/wp-json\/wp\/v2\/users\/2"}],"replies":[{"embeddable":true,"href":"https:\/\/esamksupport.samk.fi\/ohje\/wp-json\/wp\/v2\/comments?post=383"}],"version-history":[{"count":6,"href":"https:\/\/esamksupport.samk.fi\/ohje\/wp-json\/wp\/v2\/pages\/383\/revisions"}],"predecessor-version":[{"id":4112,"href":"https:\/\/esamksupport.samk.fi\/ohje\/wp-json\/wp\/v2\/pages\/383\/revisions\/4112"}],"wp:attachment":[{"href":"https:\/\/esamksupport.samk.fi\/ohje\/wp-json\/wp\/v2\/media?parent=383"}],"curies":[{"name":"wp","href":"https:\/\/api.w.org\/{rel}","templated":true}]}}