{"id":389,"date":"2019-06-19T10:40:51","date_gmt":"2019-06-19T07:40:51","guid":{"rendered":"https:\/\/esamksupport.samk.fi\/ohje\/?page_id=389"},"modified":"2024-07-17T10:44:25","modified_gmt":"2024-07-17T07:44:25","slug":"exam-opettaja-ukk","status":"publish","type":"page","link":"https:\/\/esamksupport.samk.fi\/ohje\/exam-opettaja-ukk\/","title":{"rendered":"EXAM &gt; Opettaja &gt; UKK"},"content":{"rendered":"\n<h2 class=\"wp-block-heading\"><strong>Tenttivierailut<\/strong><\/h2>\n\n\n\n<p><strong>Voiko opiskelija menn\u00e4 mink\u00e4 tahansa korkeakoulun tenttiakvaarioon?<\/strong><\/p>\n\n\n\n<p>Opiskelija voi menn\u00e4 niiden korkeakoulujen tenttiakvaarioon, jotka \novat sen mahdollistaneet. Lista n\u00e4ist\u00e4 korkeakouluista l\u00f6yd\u00e4t \nosoitteesta&nbsp;<a href=\"https:\/\/e-exam.fi\/exam-tenttivierailu\/\">https:\/\/e-exam.fi\/exam-tenttivierailu\/<\/a>&nbsp;samoin kuin linkit n\u00e4iden korkeakoulujen omille tenttivierailun ohjesivuille.<\/p>\n\n\n\n<p><strong>Voinko est\u00e4\u00e4 tenttivierailun?<\/strong><\/p>\n\n\n\n<p>Tenttivierailua ei voi est\u00e4\u00e4, mutta on t\u00e4rke\u00e4\u00e4, ett\u00e4 jos sit\u00e4 ei haluta, opettaja merkitsee Tentti-ilmoittautumisen aikana n\u00e4kyv\u00e4 ohjeistus- kohtaan: Tenttivierailu ei mahdollinen. T\u00e4ll\u00f6in opiskelija tiet\u00e4\u00e4, ett\u00e4 tentti on teht\u00e4v\u00e4 omassa korkeakoulussa.<\/p>\n\n\n\n<p><strong>Tentiss\u00e4ni tarvitaan Exceli\u00e4. Miten tied\u00e4n, miss\u00e4 korkeakouluissa se on?&nbsp;<\/strong><\/p>\n\n\n\n<p>EXAMiin m\u00e4\u00e4ritellyt ohjelmistovaatimukset eiv\u00e4t v\u00e4lity \ntenttivierailukorkeakouluun. Siksi on t\u00e4rke\u00e4\u00e4 kirjata tarvittavat \nohjelmistot my\u00f6s Tentti-ilmoittautumisen aikana n\u00e4kyv\u00e4 ohjeistus &#8211; \nkohtaan. N\u00e4in opiskelija voi itse selvitt\u00e4\u00e4 (se on <strong>h\u00e4nen<\/strong> vastuullaan), miss\u00e4 h\u00e4n voi tentin tehd\u00e4 sek\u00e4 muut tenttivierailuun liittyv\u00e4t k\u00e4yt\u00e4nn\u00f6n seikat.<\/p>\n\n\n\n<h2 class=\"wp-block-heading\" id=\"UKKopettajantoiminnastaEXAMissa-Tentintekeminenjahallinta\"><strong>Tentin tekeminen ja hallinta<\/strong><\/h2>\n\n\n\n<p><strong>Miksi en voi kohdentaa henkil\u00f6kohtaista tentti\u00e4 opiskelijalle?<\/strong><\/p>\n\n\n\n<p>Opiskelijan nime\u00e4 ei l\u00f6ydy Examista. Opiskelijan tulee olla \nkirjautunut Examiin ainakin kerran, jotta h\u00e4nelle voidaan kohdentaa \nhenkil\u00f6kohtainen tentti. Voit k\u00e4ytt\u00e4\u00e4 kuitenkin kohtaa Tiedota palveluun\n kirjautumatonta k\u00e4ytt\u00e4j\u00e4\u00e4 &#8211; painiketta kun kirjoitat kentt\u00e4\u00e4n \nopiskelijan SAMK-s\u00e4hk\u00f6postiosoitteen.<\/p>\n\n\n\n<p><strong>Miten henkil\u00f6kohtainen tentti toimii jos opiskelija ei saavu paikalle? Voinko vapauttaa no-show:n tai pident\u00e4\u00e4 henkil\u00f6kohtaisen tentin tenttiperiodia?<\/strong><\/p>\n\n\n\n<p>Henkil\u00f6kohtainen tentti on kertak\u00e4ytt\u00f6inen. Henkil\u00f6kohtaiseen \ntenttiin ilmoittaudutaan valmiin Ilmoittautumisen kautta opiskelijan \nTy\u00f6p\u00f6yd\u00e4lt\u00e4. Ilmoittautuminen ilmestyy opiskelijan Ty\u00f6p\u00f6yd\u00e4lle opettajan\n julkaistessa henkil\u00f6kohtainen tentti ja samalla siit\u00e4 l\u00e4htee \ns\u00e4hk\u00f6postiviesti opiskelijalle. Ilmoittautuminen palaa n\u00e4kyviin my\u00f6s \nopettajan jatkaessa p\u00e4\u00e4ttynyt tenttiperiodia.<\/p>\n\n\n\n<p>Ilmoittautuminen poistuu opiskelijan Ty\u00f6p\u00f6yd\u00e4lt\u00e4, kun a) se on \nsuoritettu, b) suoritus on keskeytetty, c) varattuun tenttiin ei ole \nsaavuttu tai d) tenttiperiodi on p\u00e4\u00e4ttynyt. Jos tenttiin on tarpeen \njossakin a) &#8211; c) tapauksista saada uusi suoritusmahdollisuus, tulee \nluoda uusi tentti (esim. kopioimalla vanha uuden pohjaksi). D) kohdan \ntapahtuessa, opettaja voi pident\u00e4\u00e4 tenttiperiodia ja tentti\/kypsyysn\u00e4yte\n palaa uudelleen varattavaksi.<\/p>\n\n\n\n<p>No-show:ta henkil\u00f6kohtaisessa tentiss\u00e4 ei siis voi vapauttaa \n(adminille n\u00e4kyy virheellisesti tenttikerran vapautus, mutta toimintoa \nei ole). Tenttiperiodia voi pident\u00e4\u00e4.<\/p>\n\n\n\n<p><strong>Opiskelija ilmoittaa, ettei&nbsp;n\u00e4e haluamaansa tentti\u00e4 EXAMissa. Mit\u00e4 tehd\u00e4?<\/strong><\/p>\n\n\n\n<p>Tarkista EXAMista, ett\u00e4 1) kyseiselle opintojaksolle on luotu tentti,\n 2) tentti on julkinen ja 3) tenttiperiodi on voimassa. Tarkista my\u00f6s, \nettei henkil\u00f6kohtainen tentti ole kiinnitetty saman opiskelijan v\u00e4\u00e4r\u00e4lle\n opiskelijatunnukselle tai v\u00e4\u00e4r\u00e4lle opiskelijalle.<\/p>\n\n\n\n<p><strong>Opiskelija ei pysty ilmoittautumaan tenttiin, koska j\u00e4rjestelm\u00e4n mukaan h\u00e4nell\u00e4 ei ole suorituskertoja j\u00e4ljell\u00e4. Miten toimia?<\/strong><\/p>\n\n\n\n<p>EXAM laskee perumattoman tenttikerran (No-show) suorituskerraksi. Voit vapauttaa yksitt\u00e4isen opiskelijan suorituskerran.<\/p>\n\n\n\n<p>Tentin asetuksissa voit tarvittaessa korottaa suorituskertojen m\u00e4\u00e4r\u00e4\u00e4\n (suorituskerroiksi lasketaan &nbsp;\u201dno-show\u201d -kertojen lis\u00e4ksi my\u00f6s \nkeskeytetyt tentit ja arvioimattomat tenttisuoritukset). \nTenttisuorituksen arviointi nollaa suorituskerrat, eli t\u00e4m\u00e4n j\u00e4lkeen \nopiskelija p\u00e4\u00e4see tarvittaessa uusimaan tenttins\u00e4 ilman tenttikerran \nvapautusta.<\/p>\n\n\n\n<p>Oletusasetuksena sallittujen suorituskertojen m\u00e4\u00e4r\u00e4 ennen arviointia on 1.<\/p>\n\n\n\n<p><strong>Miten saan tehty\u00e4 tentin useammalla kielell\u00e4?<\/strong><\/p>\n\n\n\n<p>Vaihtoehtoja on kaksi:<\/p>\n\n\n\n<ol class=\"wp-block-list\">\n<li>Voit tehd\u00e4 samaan tenttiin useammalla kielell\u00e4 kysymykset. Lis\u00e4\u00e4n ne<br> samaan kysymykseen esim. suomeksi, ruotsiksi ja englanniksi. Rivit\u00e4 <br>mielell\u00e4\u00e4n kysymykset omille riveilleen. Muista viel\u00e4 kirjoittaa tentin <br>nimi -kentt\u00e4\u00e4n tentin nimet tentitt\u00e4vill\u00e4 kielill\u00e4.<\/li>\n\n\n\n<li>Voit tehd\u00e4 eri kielille erilliset tentit ja erilliset kysymykset.<\/li>\n<\/ol>\n\n\n\n<p><strong>Voinko muokata julkaistua tentti\u00e4?<\/strong><\/p>\n\n\n\n<p>Voit. Jos tenttiin on tullut suorituksia, muutokset p\u00e4ivittyv\u00e4t vain \ntuleviin tentteihin. Kysymysten muokkaaminen aiheuttaa useassa tentiss\u00e4 \nolevan kysymyksen muuttumisen.<\/p>\n\n\n\n<p><strong>Miten voin poistaa tentin?<\/strong><\/p>\n\n\n\n<p>Tentin poistaminen riippuu siit\u00e4 onko tenttiin voimassaolevia varauksia ja\/tai suorituksia:<\/p>\n\n\n\n<ol class=\"wp-block-list\">\n<li>Jos tenttiin on varauksia, admin poistaa tenttiin tehdyt varaukset <br>ja informoi kyseisi\u00e4 opiskelijoita. T\u00e4m\u00e4n j\u00e4lkeen admin tai opettaja voi<br> joko vaihtaa tentin keston p\u00e4\u00e4ttym\u00e4\u00e4n samalle p\u00e4iv\u00e4lle tai deletoida <br>tentin.<\/li>\n\n\n\n<li>Jos tenttiin on suorituksia, tentin poistaminen ei onnistu, mutta <br>sen tenttiperiodin keston voi muuttaa p\u00e4\u00e4ttym\u00e4\u00e4n samalle p\u00e4iv\u00e4lle.<\/li>\n<\/ol>\n\n\n\n<p><strong>Huom!<\/strong> Admin voi lyhent\u00e4\u00e4 tenttiaikaa vaikka siihen on varauksia.<\/p>\n\n\n\n<h2 class=\"wp-block-heading\" id=\"UKKopettajantoiminnastaEXAMissa-Suoritustenarviointi\"><strong>Suoritusten arviointi<\/strong><\/h2>\n\n\n\n<p><strong>Voinko arvioida suoritukset Exceliss\u00e4?<\/strong><\/p>\n\n\n\n<p>Voit vied\u00e4 arvioimattomat suoritukset csv-tiedoston avulla Exceliin.<\/p>\n\n\n\n<p><strong>Miksi minun pit\u00e4isi arvioida tenttisuoritukset Examissa?<\/strong><\/p>\n\n\n\n<p>Exam on samalla tulosten virallinen tallennuspaikka ja tiedotuspaikka\n opiskelijalle. Et my\u00f6sk\u00e4\u00e4n saa arvioinnista muistuttavia viestej\u00e4, kun \narvioit tentit loppuun saakka.<\/p>\n\n\n\n<p><strong>Milloin tenttisuoritus arkistoidaan?&nbsp;<\/strong><\/p>\n\n\n\n<p>Opettajan toimesta Lukitun suorituksen voi siirt\u00e4\u00e4 Arkistoon Tenttisuoritukset sivulla. Admin ei voi tehd\u00e4 t\u00e4t\u00e4.<\/p>\n\n\n\n<p>Lukittu, Keskeytetty tai Arkistoitu -tilassa olevalta tenttisuoritus \npoistuu n\u00e4kyvist\u00e4 k\u00e4ytt\u00f6liittym\u00e4lt\u00e4 puolen vuoden j\u00e4lkeen eik\u00e4 \nsuoritusta en\u00e4\u00e4 voi yhdist\u00e4\u00e4 suorittajaan. Teknisesti tarkoittaa, ett\u00e4 \nrajapinnan kautta ei en\u00e4\u00e4 saa ulos kyseist\u00e4 suoritusta mitenk\u00e4\u00e4n, sill\u00e4 \nvastaava exam_record- ja exam_score-tietue poistetaan tietokannasta \nkokonaan.<\/p>\n\n\n\n<p><strong>Miten pitk\u00e4\u00e4n arkistoitu suoritus n\u00e4kyy?<\/strong><\/p>\n\n\n\n<p>Asennusvaiheessa m\u00e4\u00e4ritell\u00e4\u00e4n asetustiedossa yksi talokohtainen \narkistointiaika suoritusten n\u00e4kyvyydelle. Oletusarvo t\u00e4lle on 6 kk ja \nt\u00e4t\u00e4 k\u00e4yt\u00e4mme SAMKissa.<\/p>\n\n\n\n<p><strong>Voinko ladata tulokset Excel-tiedostoksi?<\/strong><\/p>\n\n\n\n<p>Voit. Mene tentin Suoritukset-v\u00e4lilehdelle. Valitse Lukitut \nsuoritukset-listasta opiskelijat ja klikkaa Luo valituista \nsuoritustiedoista raportti Excel-tiedostona.<\/p>\n\n\n\n<p><strong>Menev\u00e4tk\u00f6 arvioinnit suoraan rekister\u00f6it\u00e4v\u00e4ksi?<\/strong><\/p>\n\n\n\n<p>Korkeakoulun asennuksesta riippuu, menev\u00e4tk\u00f6 suoritukset suoraan \nopintohallinnon j\u00e4rjestelm\u00e4\u00e4n. SAMKissa n\u00e4in ei viel\u00e4 ole.&nbsp; Lukituista \ntenttisuorituksista saa Excel-tiedoston, jossa on rekister\u00f6intiin \nvaadittavat tiedot.<\/p>\n","protected":false},"excerpt":{"rendered":"<p>Tenttivierailut Voiko opiskelija menn\u00e4 mink\u00e4 tahansa korkeakoulun tenttiakvaarioon? Opiskelija voi menn\u00e4 niiden korkeakoulujen tenttiakvaarioon, jotka ovat sen mahdollistaneet. Lista n\u00e4ist\u00e4 korkeakouluista l\u00f6yd\u00e4t osoitteesta&nbsp;https:\/\/e-exam.fi\/exam-tenttivierailu\/&nbsp;samoin kuin linkit n\u00e4iden korkeakoulujen omille tenttivierailun ohjesivuille. Voinko est\u00e4\u00e4 tenttivierailun? Tenttivierailua ei voi est\u00e4\u00e4, mutta on t\u00e4rke\u00e4\u00e4, ett\u00e4 jos sit\u00e4 ei haluta, opettaja merkitsee Tentti-ilmoittautumisen aikana n\u00e4kyv\u00e4 ohjeistus- kohtaan: Tenttivierailu ei mahdollinen. T\u00e4ll\u00f6in opiskelija tiet\u00e4\u00e4, ett\u00e4 tentti on teht\u00e4v\u00e4 omassa korkeakoulussa. Tentiss\u00e4ni tarvitaan Exceli\u00e4. Miten tied\u00e4n, miss\u00e4 korkeakouluissa se on?&nbsp; EXAMiin m\u00e4\u00e4ritellyt ohjelmistovaatimukset eiv\u00e4t v\u00e4lity tenttivierailukorkeakouluun. Siksi on t\u00e4rke\u00e4\u00e4 kirjata tarvittavat ohjelmistot my\u00f6s Tentti-ilmoittautumisen aikana n\u00e4kyv\u00e4 ohjeistus &#8211; kohtaan. N\u00e4in opiskelija voi itse selvitt\u00e4\u00e4 (se on h\u00e4nen vastuullaan), miss\u00e4 h\u00e4n voi tentin tehd\u00e4 sek\u00e4 muut tenttivierailuun liittyv\u00e4t k\u00e4yt\u00e4nn\u00f6n seikat. Tentin tekeminen ja hallinta Miksi en voi kohdentaa henkil\u00f6kohtaista tentti\u00e4 opiskelijalle? Opiskelijan nime\u00e4 ei l\u00f6ydy Examista. Opiskelijan tulee olla kirjautunut Examiin ainakin kerran, jotta h\u00e4nelle voidaan kohdentaa henkil\u00f6kohtainen tentti. Voit k\u00e4ytt\u00e4\u00e4 kuitenkin kohtaa Tiedota palveluun kirjautumatonta k\u00e4ytt\u00e4j\u00e4\u00e4 &#8211;&hellip;<\/p>\n<p> <a class=\"more-link\" href=\"https:\/\/esamksupport.samk.fi\/ohje\/exam-opettaja-ukk\/\">Lue Lis\u00e4\u00e4<\/a><\/p>\n","protected":false},"author":2,"featured_media":0,"parent":0,"menu_order":0,"comment_status":"closed","ping_status":"open","template":"","meta":{"footnotes":""},"class_list":["post-389","page","type-page","status-publish"],"_links":{"self":[{"href":"https:\/\/esamksupport.samk.fi\/ohje\/wp-json\/wp\/v2\/pages\/389","targetHints":{"allow":["GET"]}}],"collection":[{"href":"https:\/\/esamksupport.samk.fi\/ohje\/wp-json\/wp\/v2\/pages"}],"about":[{"href":"https:\/\/esamksupport.samk.fi\/ohje\/wp-json\/wp\/v2\/types\/page"}],"author":[{"embeddable":true,"href":"https:\/\/esamksupport.samk.fi\/ohje\/wp-json\/wp\/v2\/users\/2"}],"replies":[{"embeddable":true,"href":"https:\/\/esamksupport.samk.fi\/ohje\/wp-json\/wp\/v2\/comments?post=389"}],"version-history":[{"count":3,"href":"https:\/\/esamksupport.samk.fi\/ohje\/wp-json\/wp\/v2\/pages\/389\/revisions"}],"predecessor-version":[{"id":3808,"href":"https:\/\/esamksupport.samk.fi\/ohje\/wp-json\/wp\/v2\/pages\/389\/revisions\/3808"}],"wp:attachment":[{"href":"https:\/\/esamksupport.samk.fi\/ohje\/wp-json\/wp\/v2\/media?parent=389"}],"curies":[{"name":"wp","href":"https:\/\/api.w.org\/{rel}","templated":true}]}}