{"id":421,"date":"2019-06-19T10:49:22","date_gmt":"2019-06-19T07:49:22","guid":{"rendered":"https:\/\/esamksupport.samk.fi\/ohje\/?page_id=421"},"modified":"2022-08-22T14:04:26","modified_gmt":"2022-08-22T11:04:26","slug":"exam-opiskelija-kirjautuminen","status":"publish","type":"page","link":"https:\/\/esamksupport.samk.fi\/ohje\/exam-opiskelija-kirjautuminen\/","title":{"rendered":"EXAM > Opiskelija > Kirjautuminen"},"content":{"rendered":"\n\n\t<p>Kirjaudu EXAM-j\u00e4rjestelm\u00e4\u00e4n <strong>tietokoneella<\/strong> k\u00e4ytt\u00e4en <strong>Firefox<\/strong>\u00a0tai\u00a0<strong>Chrome<\/strong> -selainta. Huom! J\u00e4rjestelm\u00e4 ei toimi mobiililaitteilla tai matkapuhelimilla.<\/p>\n<h3><strong>Kirjautuminen<\/strong><\/h3>\n<p>Kirjautuminen examiin tapahtuu osoitteeseen\u00a0<a href=\"https:\/\/exam.samk.fi\/\">https:\/\/exam.samk.fi\u00a0<\/a><\/p>\n<p>Valitse HAKA-kirjautumisessa alasvetovalikosta\u00a0<strong>Satakunnan ammattikorkeakoulu.<\/strong><\/p>\n<figure><img loading=\"lazy\" decoding=\"async\" src=\"https:\/\/esamksupport.samk.fi\/ohje\/wp-content\/uploads\/sites\/3\/2022\/08\/o15-300x298-1.png\" alt=\"\" width=\"300\" height=\"298\" \/><\/figure>\n<p>EXAM-j\u00e4rjestelm\u00e4\u00e4n kirjaudutaan SAMK- \u00a0<strong>opiskelijatunnusta<\/strong>\u00a0ja\u00a0<strong>salasanaa<\/strong>\u00a0k\u00e4ytt\u00e4en.<\/p>\n<p><strong>HUOM!<\/strong> Tarvitset tunnukset my\u00f6s tenttiakvaariossa kirjautuessasi tenttiin, joten opettele ne ennen tenttiakvaarioon menoa.<\/p>\n<figure><img loading=\"lazy\" decoding=\"async\" src=\"https:\/\/esamksupport.samk.fi\/ohje\/wp-content\/uploads\/sites\/3\/2022\/08\/ope12-2-275x300-1.png\" alt=\"\" width=\"275\" height=\"300\" \/><\/figure>\n<p>Ensimm\u00e4isell\u00e4 kirjautumiskerralla sinun on hyv\u00e4ksytt\u00e4v\u00e4 k\u00e4ytt\u00f6s\u00e4\u00e4nn\u00f6t.<\/p>\n<figure><img loading=\"lazy\" decoding=\"async\" src=\"https:\/\/esamksupport.samk.fi\/ohje\/wp-content\/uploads\/sites\/3\/2022\/08\/o3-300x120-1.png\" alt=\"\" width=\"300\" height=\"120\" \/><\/figure>\n<p>EXAM-j\u00e4rjestelm\u00e4n etusivu kirjautumisen j\u00e4lkeen. Ilmoittautumiset n\u00e4kym\u00e4ss\u00e4 n\u00e4et tentit, joihin olet ilmoittautunut.<\/p>\n<figure><img loading=\"lazy\" decoding=\"async\" src=\"https:\/\/esamksupport.samk.fi\/ohje\/wp-content\/uploads\/sites\/3\/2022\/08\/o5-271x300-1.png\" alt=\"\" width=\"271\" height=\"300\" \/><\/figure>\n<p>Voit vaihtaa j\u00e4rjestelm\u00e4n kielt\u00e4 vasemman palkin alareunasta.<\/p>\n\n","protected":false},"excerpt":{"rendered":"<p>Kirjaudu EXAM-j\u00e4rjestelm\u00e4\u00e4n tietokoneella k\u00e4ytt\u00e4en Firefox\u00a0tai\u00a0Chrome -selainta. Huom! J\u00e4rjestelm\u00e4 ei toimi mobiililaitteilla tai matkapuhelimilla. Kirjautuminen Kirjautuminen examiin tapahtuu osoitteeseen\u00a0https:\/\/exam.samk.fi\u00a0 Valitse HAKA-kirjautumisessa alasvetovalikosta\u00a0Satakunnan ammattikorkeakoulu. EXAM-j\u00e4rjestelm\u00e4\u00e4n kirjaudutaan SAMK- \u00a0opiskelijatunnusta\u00a0ja\u00a0salasanaa\u00a0k\u00e4ytt\u00e4en. HUOM! Tarvitset tunnukset my\u00f6s tenttiakvaariossa kirjautuessasi tenttiin, joten opettele ne ennen tenttiakvaarioon menoa. Ensimm\u00e4isell\u00e4 kirjautumiskerralla sinun on hyv\u00e4ksytt\u00e4v\u00e4 k\u00e4ytt\u00f6s\u00e4\u00e4nn\u00f6t. EXAM-j\u00e4rjestelm\u00e4n etusivu kirjautumisen j\u00e4lkeen. Ilmoittautumiset n\u00e4kym\u00e4ss\u00e4 n\u00e4et tentit, joihin olet ilmoittautunut. Voit vaihtaa j\u00e4rjestelm\u00e4n kielt\u00e4 vasemman palkin alareunasta.<\/p>\n","protected":false},"author":2,"featured_media":0,"parent":0,"menu_order":0,"comment_status":"closed","ping_status":"open","template":"","meta":{"footnotes":""},"class_list":["post-421","page","type-page","status-publish"],"_links":{"self":[{"href":"https:\/\/esamksupport.samk.fi\/ohje\/wp-json\/wp\/v2\/pages\/421","targetHints":{"allow":["GET"]}}],"collection":[{"href":"https:\/\/esamksupport.samk.fi\/ohje\/wp-json\/wp\/v2\/pages"}],"about":[{"href":"https:\/\/esamksupport.samk.fi\/ohje\/wp-json\/wp\/v2\/types\/page"}],"author":[{"embeddable":true,"href":"https:\/\/esamksupport.samk.fi\/ohje\/wp-json\/wp\/v2\/users\/2"}],"replies":[{"embeddable":true,"href":"https:\/\/esamksupport.samk.fi\/ohje\/wp-json\/wp\/v2\/comments?post=421"}],"version-history":[{"count":6,"href":"https:\/\/esamksupport.samk.fi\/ohje\/wp-json\/wp\/v2\/pages\/421\/revisions"}],"predecessor-version":[{"id":3367,"href":"https:\/\/esamksupport.samk.fi\/ohje\/wp-json\/wp\/v2\/pages\/421\/revisions\/3367"}],"wp:attachment":[{"href":"https:\/\/esamksupport.samk.fi\/ohje\/wp-json\/wp\/v2\/media?parent=421"}],"curies":[{"name":"wp","href":"https:\/\/api.w.org\/{rel}","templated":true}]}}