{"id":423,"date":"2019-06-19T10:49:45","date_gmt":"2019-06-19T07:49:45","guid":{"rendered":"https:\/\/esamksupport.samk.fi\/ohje\/?page_id=423"},"modified":"2024-08-07T09:51:55","modified_gmt":"2024-08-07T06:51:55","slug":"exam-opiskelija-tenttivierailu-samkissa","status":"publish","type":"page","link":"https:\/\/esamksupport.samk.fi\/ohje\/exam-opiskelija-tenttivierailu-samkissa\/","title":{"rendered":"EXAM > Opiskelija > Tenttivierailu SAMKissa"},"content":{"rendered":"\n\n\t<h3>Yleista SAMK:n tenttivierailuakvaarioista<\/h3>\n<p>Tenttivierailu SAMKissa on mahdollista kahdella kampuksella, Porissa ja Huittisissa.<\/p>\n<p>Kampusten ulko-ovet ovat avoinna Ma-pe 7.45-15.00 muina aikoina kulku p\u00e4\u00e4sykoodilla. Ellet ole saanut p\u00e4\u00e4sykoodia tenttivarauksesi yhteydess\u00e4, ota yhteytt\u00e4 eSAMK tukeen esamk.support@samk.fi tai +358 2 479 2100 .<\/p>\n<p>Tenttivierailijoiden osalta ei ole mahdollisuutta erityistenttij\u00e4rjestelyihin.<\/p>\n<p>SAMKin tenttiakvaarioihin ei saa vied\u00e4 mukanaan mit\u00e4\u00e4n muuta kuin kuvallisen henkil\u00f6llisyystodistuksen, joka laitetaan tentin ajaksi tenttikoneen viereen p\u00f6yd\u00e4lle sille merkittyyn paikkaan.<\/p>\n<p>Muut tavarat j\u00e4tet\u00e4\u00e4n tenttiakvaarioiden l\u00e4heisyydess\u00e4 oleviin lokerikkoihin. Porin lokerikko sijaitsee toisen tenttiakvaarion (tila B110) edess\u00e4 ja Huittisten lokerikko on tenttiakvaarion (tila 142) oven vieress\u00e4.<\/p>\n<p>Tenttiakvaarioissa on saatavilla korvatulppia ja nen\u00e4liinoja.<\/p>\n<p>(HUOM! Tarkista aina poikkeukset esim. kes\u00e4ll\u00e4 osoitteesta<a href=\"http:\/\/exam.samk.fi\/\"> http:\/\/exam.samk.fi<\/a>). Tenttiakvaarioiden ovet eiv\u00e4t ole lukossa ja tietokoneille ei tarvitse kirjautua, vaan kirjaudutaan vain EXAM-j\u00e4rjestelm\u00e4\u00e4n oman korkeakoulun tunnuksilla.<\/p>\n\n<h3>Porin kampus<\/h3>\n<p>Porin kampuksen tenttivierailuakvaario l\u00f6ytyy osoitteesta <strong>Satakunnankatu 23, Pori, tila B103<\/strong>. Kampus sijaitsee matkakeskuksen v\u00e4litt\u00f6m\u00e4ss\u00e4 l\u00e4heisyydess\u00e4. Kampuksella ei ole maksuttomia pys\u00e4k\u00f6intipaikkoja, mutta l\u00e4hialueilta niit\u00e4 voi l\u00f6yty\u00e4.<\/p>\n<p><strong>HUOMIO!<\/strong> <strong>K\u00e4ynti Porin kampukselle ulko-ovista voi vaatia ovikoodin.<\/strong> Ajantasainen ovikoodi l\u00f6ytyy tenttivarauksen vahvistuss\u00e4hk\u00f6postista.<\/p>\n<p>Vierailutenttiakvaario, tila B103, on avoinna lukukausien aikana Ma &#8211; Pe 8.00 -21.00 ja La 8.00 -18.00<\/p>\n<p>Porin tenttiakvaarioihin p\u00e4\u00e4sy on helpointa, kun l\u00e4hestyt kampusta Satakunnan kadun puolelta<strong> sivuovesta py\u00f6r\u00e4parkin takaa.\u00a0<\/strong>N\u00e4in saavut suoraan tenttiakvaarion B110 eteen ja jatkamalla k\u00e4yt\u00e4v\u00e4\u00e4 suoraan eteenp\u00e4in l\u00f6ytyy vierailuakvaario, tila B103 k\u00e4yt\u00e4v\u00e4n vasemmalta puolelta.<\/p>\n<p><img loading=\"lazy\" decoding=\"async\" src=\"https:\/\/esamksupport.samk.fi\/ohje\/wp-content\/uploads\/sites\/3\/EXAM-tenttivierailu\/SAMK-Kampus-nuolella.jpg\" alt=\"\" width=\"654\" height=\"397\" \/><\/p>\n<p>Kampuksen kartta yl\u00e4puolella olevan kuvan l\u00e4hestymissuunnasta:<\/p>\n<p><img loading=\"lazy\" decoding=\"async\" src=\"https:\/\/esamksupport.samk.fi\/ohje\/wp-content\/uploads\/sites\/3\/EXAM-tenttivierailu\/Vierailuakvaario.jpg\" alt=\"\" width=\"634\" height=\"458\" \/><\/p>\n\n<h3>Huittisten kampus<\/h3>\n<p>Huittisten kampuksen tenttiakvaario l\u00f6ytyy osoitteesta <strong>Risto Rytin katu 70, tila 142 <\/strong>ja se on avoinna Ma &#8211; Pe 8.00 &#8211; 21.00 ja La 8-18.<\/p>\n<p>Huittisten kampukselle kannattaa kulkea kuvassa merkityst\u00e4 ulko-ovesta sis\u00e4\u00e4n.<\/p>\n<p><img loading=\"lazy\" decoding=\"async\" src=\"https:\/\/esamksupport.samk.fi\/ohje\/wp-content\/uploads\/sites\/3\/2022\/01\/kuninkainen_exam_entry.jpg\" alt=\"\" width=\"900\" height=\"600\" \/><\/p>\n<p>Jatkamalla suoraan eteenp\u00e4in opasteiden mukaan tenttiakvaario 142 l\u00f6ytyy kirjaston takaa.<\/p>\n<p><img loading=\"lazy\" decoding=\"async\" src=\"https:\/\/esamksupport.samk.fi\/ohje\/wp-content\/uploads\/sites\/3\/2022\/01\/kuninkainen_142-1.png\" alt=\"\" width=\"800\" height=\"534\" \/><\/p>\n\n<h3>K\u00e4yt\u00f6ss\u00e4 olevat ohjelmat ja v\u00e4lineet<\/h3>\n<p>SAMK:n tenttivierailuakvaarion koneissa on asennetuina Word, Excel, Paint, Chrome, Foxit Reader, VLC Player sek\u00e4 Windows-laskin.<\/p>\n<p>Tiedostoista avautuvat .pdf, .mp3 \u00e4\u00e4ni- ja .mp4 videotiedostot sek\u00e4 jpg, gif ja png kuvat. Vierailuk\u00e4ytt\u00f6\u00f6n varatuissa koneissa on lis\u00e4ksi k\u00e4ytett\u00e4viss\u00e4 piirtop\u00f6yt\u00e4 ja kuulokkeet.<\/p>\n<p>&nbsp;<\/p>\n<h3>Ongelmatilanteissa<\/h3>\n<p>Mik\u00e4li tenttisi katkeaa teknisiin ongelmiin, poistu tilasta ja soita eSAMK tukeen numerossa +358 2 479 2100 . Porissa voit my\u00f6s pyyt\u00e4\u00e4 apua ala-aulan Helpdesk:st\u00e4.<\/p>\n<p>Opiskelijoiden k\u00e4ytt\u00f6\u00f6n tarkoitettu turvapuhelin l\u00f6ytyy Porissa tenttiakvaarion (B110) oven vierest\u00e4 ja Huittisissa tenttiakvaarion (142) s\u00e4ilytyslokerikon p\u00e4\u00e4lt\u00e4. Puhelinten vierest\u00e4 l\u00f6ytyy tarvittavat numerot.<\/p>\n<p>Mik\u00e4li teet tenttisi ma-to klo 17.30 j\u00e4lkeen, pe klo 15 j\u00e4lkeen tai lauantaisin, l\u00e4het\u00e4 ongelmatilanteissa s\u00e4hk\u00f6postia osoitteeseen esamk.support@samk.fi. T\u00e4ll\u00f6in tukea tenttimiseen ei ole tarjolla. Vartija voi auttaa, mik\u00e4li lokerikkosi lukko ei aukea tai kampukselle tarvitaan apua. Mik\u00e4li tilanne vaatii nopeaa apua, soita aina h\u00e4t\u00e4numeroon 112.<\/p>\n<p>&nbsp;<\/p>\n<p>&nbsp;<\/p>\n\n","protected":false},"excerpt":{"rendered":"<p>Yleista SAMK:n tenttivierailuakvaarioista Tenttivierailu SAMKissa on mahdollista kahdella kampuksella, Porissa ja Huittisissa. Kampusten ulko-ovet ovat avoinna Ma-pe 7.45-15.00 muina aikoina kulku p\u00e4\u00e4sykoodilla. Ellet ole saanut p\u00e4\u00e4sykoodia tenttivarauksesi yhteydess\u00e4, ota yhteytt\u00e4 eSAMK tukeen esamk.support@samk.fi tai +358 2 479 2100 . Tenttivierailijoiden osalta ei ole mahdollisuutta erityistenttij\u00e4rjestelyihin. SAMKin tenttiakvaarioihin ei saa vied\u00e4 mukanaan mit\u00e4\u00e4n muuta kuin kuvallisen henkil\u00f6llisyystodistuksen, joka laitetaan tentin ajaksi tenttikoneen viereen p\u00f6yd\u00e4lle sille merkittyyn paikkaan. Muut tavarat j\u00e4tet\u00e4\u00e4n tenttiakvaarioiden l\u00e4heisyydess\u00e4 oleviin lokerikkoihin. Porin lokerikko sijaitsee toisen tenttiakvaarion (tila B110) edess\u00e4 ja Huittisten lokerikko on tenttiakvaarion (tila 142) oven vieress\u00e4. Tenttiakvaarioissa on saatavilla korvatulppia ja nen\u00e4liinoja. (HUOM! Tarkista aina poikkeukset esim. kes\u00e4ll\u00e4 osoitteesta http:\/\/exam.samk.fi). Tenttiakvaarioiden ovet eiv\u00e4t ole lukossa ja tietokoneille ei tarvitse kirjautua, vaan kirjaudutaan vain EXAM-j\u00e4rjestelm\u00e4\u00e4n oman korkeakoulun tunnuksilla. Porin kampus Porin kampuksen tenttivierailuakvaario l\u00f6ytyy osoitteesta Satakunnankatu 23, Pori, tila B103. Kampus sijaitsee matkakeskuksen v\u00e4litt\u00f6m\u00e4ss\u00e4 l\u00e4heisyydess\u00e4. Kampuksella ei ole maksuttomia pys\u00e4k\u00f6intipaikkoja, mutta l\u00e4hialueilta niit\u00e4 voi l\u00f6yty\u00e4. HUOMIO! K\u00e4ynti&hellip;<\/p>\n<p> <a class=\"more-link\" href=\"https:\/\/esamksupport.samk.fi\/ohje\/exam-opiskelija-tenttivierailu-samkissa\/\">Lue Lis\u00e4\u00e4<\/a><\/p>\n","protected":false},"author":2,"featured_media":0,"parent":0,"menu_order":0,"comment_status":"closed","ping_status":"open","template":"","meta":{"footnotes":""},"class_list":["post-423","page","type-page","status-publish"],"_links":{"self":[{"href":"https:\/\/esamksupport.samk.fi\/ohje\/wp-json\/wp\/v2\/pages\/423","targetHints":{"allow":["GET"]}}],"collection":[{"href":"https:\/\/esamksupport.samk.fi\/ohje\/wp-json\/wp\/v2\/pages"}],"about":[{"href":"https:\/\/esamksupport.samk.fi\/ohje\/wp-json\/wp\/v2\/types\/page"}],"author":[{"embeddable":true,"href":"https:\/\/esamksupport.samk.fi\/ohje\/wp-json\/wp\/v2\/users\/2"}],"replies":[{"embeddable":true,"href":"https:\/\/esamksupport.samk.fi\/ohje\/wp-json\/wp\/v2\/comments?post=423"}],"version-history":[{"count":34,"href":"https:\/\/esamksupport.samk.fi\/ohje\/wp-json\/wp\/v2\/pages\/423\/revisions"}],"predecessor-version":[{"id":3927,"href":"https:\/\/esamksupport.samk.fi\/ohje\/wp-json\/wp\/v2\/pages\/423\/revisions\/3927"}],"wp:attachment":[{"href":"https:\/\/esamksupport.samk.fi\/ohje\/wp-json\/wp\/v2\/media?parent=423"}],"curies":[{"name":"wp","href":"https:\/\/api.w.org\/{rel}","templated":true}]}}