{"id":428,"date":"2019-06-19T10:50:27","date_gmt":"2019-06-19T07:50:27","guid":{"rendered":"https:\/\/esamksupport.samk.fi\/ohje\/?page_id=428"},"modified":"2020-01-17T09:58:28","modified_gmt":"2020-01-17T07:58:28","slug":"exam-opiskelija-tentintekeminen","status":"publish","type":"page","link":"https:\/\/esamksupport.samk.fi\/ohje\/exam-opiskelija-tentintekeminen\/","title":{"rendered":"EXAM > Opiskelija > Tentin tekeminen"},"content":{"rendered":"\n<p>Tentin tekeminen onnistuu vain tenttiakvaariossa sinulle arvotulla \nkoneella, jonka numeron voit tarkistaa saamastasi s\u00e4hk\u00f6postiviestist\u00e4. \nTenttiakvaarion koneet on m\u00e4\u00e4ritelty niin, ettei niist\u00e4 ole p\u00e4\u00e4sy\u00e4 \nmihink\u00e4\u00e4n muualle kuin EXAM-j\u00e4rjestelm\u00e4\u00e4n. Sinulla ei siis ole p\u00e4\u00e4sy\u00e4 \ninternetiin. Tenttiakvaarion koneilla on k\u00e4ytett\u00e4viss\u00e4 vain selain, \nWord- (eng), Excel- (eng), AutoCAD-, MathCAD Prime, SolildWorks ja CADS \nPlanner &#8211; sek\u00e4 Windows laskin -ohjelmat. Lis\u00e4ksi tentin liitteen\u00e4 olevat\n kuvat ja pdf-tiedostot saa avattua tenttikoneella.<\/p>\n\n\n\n<p>Tenttiakvaarioon menn\u00e4\u00e4n sis\u00e4vaatetuksessa ja mukana <strong>ainoastaan<\/strong>\n kuvallinen henkil\u00f6llisyystodistus, esimerkiksi ajokortti tai passi. \nTenttiakvaarioon ei saa vied\u00e4 ruokaa, juomaa, laukkuja, reppuja, \np\u00e4\u00e4llysvaateita, muutakaan materiaalia tai elektronisia laitteita. \nTenttiakvaariossa ei my\u00f6sk\u00e4\u00e4n tarvita kyn\u00e4\u00e4.<\/p>\n\n\n\n<p>Tenttiakvaariossa on saatavilla nen\u00e4liinoja sek\u00e4 kertak\u00e4ytt\u00f6isi\u00e4 \nkorvatulppia. Ne haetaan akvaarion edest\u00e4 p\u00f6yd\u00e4lt\u00e4 ennen tentin \naloittamista.<\/p>\n\n\n\n<p>Tenttiakvaariossa on joillain koneilla k\u00e4ytett\u00e4viss\u00e4 <strong>piirton\u00e4ytt\u00f6j\u00e4<\/strong>, joita k\u00e4ytet\u00e4\u00e4n Wordin kautta. Voit katsoa ohjeen <a href=\"http:\/\/exam.samk.fi\/wp-content\/uploads\/2019\/12\/EXAM-piirton\u00e4yt\u00f6n-k\u00e4ytt\u00f6-tentiss\u00e4-12092018-fi-eng.pdf\">t\u00e4st\u00e4<\/a> ja se on saatavilla my\u00f6s tenttiakvaariokoneilla, joilla on piirton\u00e4ytt\u00f6.<\/p>\n\n\n\n<h3 class=\"wp-block-heading\">HUOM! Lue tenttiakvaarion edess\u00e4 olevat ohjeistukset akvaariotenttimisest\u00e4 ja noudata niit\u00e4.<\/h3>\n\n\n\n<p><\/p>\n\n\n\n<h2 class=\"has-text-align-left wp-block-heading\"><strong>Tentin aloittaminen<\/strong><\/h2>\n\n\n\n<p>\nKirjaudu Exam j\u00e4rjestelm\u00e4\u00e4n tenttikoneellasi. J\u00e4rjestelm\u00e4\u00e4n voit \nkirjautua vasta viisi minuuttia ennen tentin alkamista. Tentti on \nteht\u00e4viss\u00e4 sille varaamallasi aikav\u00e4lill\u00e4. Kirjautuminen omaa \nopiskelijatunnusta ja salasanaa k\u00e4ytt\u00e4en.\n\n<strong>HUOM!<\/strong> Voit vaihtaa tentin ohjeistusten kielen halutessasi kellon ajan vierest\u00e4 oikeasta yl\u00e4reunasta (FI SV EN).\n\n<\/p>\n\n\n\n<div class=\"wp-block-image\"><figure class=\"aligncenter\"><img decoding=\"async\" src=\"http:\/\/exam.samk.fi\/wp-content\/uploads\/2018\/05\/o17-1024x576.png\" alt=\"\" class=\"wp-image-447\"\/><\/figure><\/div>\n\n\n\n<p>\n\n\n\nHeti kun tenttiaika alkaa, selain ohjaa automaattisesti sinut tenttiin.\n\n\n\n\nTentin alettua l\u00f6yd\u00e4t oikeasta laidasta mahdollisen liitteen, mit\u00e4 \ntentiss\u00e4 on saatavilla. Lis\u00e4ksi tenttikysymyksiss\u00e4 voi olla liitteit\u00e4. \nSivun keskell\u00e4 n\u00e4et ohjeistuksen ja tentin kysymykset. Klikkaamalla \nensimm\u00e4isest\u00e4 kohdasta p\u00e4\u00e4set vastaamaan.\n\n\n\n\n<\/p>\n\n\n\n<div class=\"wp-block-image\"><figure class=\"aligncenter\"><img decoding=\"async\" src=\"http:\/\/exam.samk.fi\/wp-content\/uploads\/2018\/05\/o17b-300x172.png\" alt=\"\" class=\"wp-image-459\"\/><\/figure><\/div>\n\n\n\n<p> Tentti\u00e4 teht\u00e4ess\u00e4, teht\u00e4viss\u00e4 voi olla omia liitetiedostoja ja  liitett\u00e4 klikkaamalla saat sen auki tarvittaessa. Voit vastata tentin  kysymyksiin editoria k\u00e4ytt\u00e4m\u00e4ll\u00e4 TAI esim. kirjoittaa Wordiin  vastauksesi ja liitt\u00e4m\u00e4ll\u00e4 sen, <strong>vastauksen liitetiedosto<\/strong>  kohtaan. Editoriin voit kirjoittaa niin pitk\u00e4n vastauksen kuin haluat.  Kannattaa kuitenkin tarkistaa, onko opettaja antanut ko. vastaukselle  suosituspituuden ja noudattaa sit\u00e4. Ohje piirton\u00e4yt\u00f6n k\u00e4yt\u00f6st\u00e4 tentiss\u00e4 linkin takana:&nbsp;&nbsp;<a href=\"http:\/\/exam.samk.fi\/wp-content\/uploads\/2019\/12\/EXAM-piirton\u00e4yt\u00f6n-k\u00e4ytt\u00f6-tentiss\u00e4-12092018-fi-eng.pdf\">OHJE PIIRTON\u00c4YT\u00d6N K\u00c4YTT\u00d6\u00d6N TENTISS\u00c4<\/a><strong> <\/strong><strong>HUOM! Muista liitt\u00e4\u00e4 tekem\u00e4si liitetiedosto vastaukseksi!<\/strong><\/p>\n\n\n\n<div class=\"wp-block-image\"><figure class=\"aligncenter\"><img decoding=\"async\" src=\"http:\/\/exam.samk.fi\/wp-content\/uploads\/2018\/05\/o18-1024x576.png\" alt=\"\" class=\"wp-image-448\"\/><\/figure><\/div>\n\n\n\n<p>\n\n\n\n\nL\u00f6yd\u00e4t kaikki tarvittavat ohjelmat <strong>K\u00e4ynnist\u00e4 -valikosta.<\/strong>HUOM! Kaikki vastaukset voit tallentaa vain <strong>Documents -kansioon<\/strong>. P\u00e4\u00e4sy\u00e4 Office365 ymp\u00e4rist\u00f6\u00f6n EI ole.\n\n\n\n\n<\/p>\n\n\n\n<h3 class=\"has-text-align-left wp-block-heading\"><strong>Tentin lopettaminen<\/strong><\/h3>\n\n\n\n<p>Kun olet tehnyt tentit, muista tarkistaa, ett\u00e4 olet liitt\u00e4nyt kaikki \ntarvittavat liitetiedostot teht\u00e4viin ja vastannut kaikkiin kysymyksiin. \nT\u00e4m\u00e4n j\u00e4lkeen <strong>tallenna ja palauta tentti<\/strong>.<\/p>\n\n\n\n<div class=\"wp-block-image\"><figure class=\"aligncenter\"><img decoding=\"async\" src=\"http:\/\/exam.samk.fi\/wp-content\/uploads\/2018\/05\/o18b-300x108.png\" alt=\"\" class=\"wp-image-460\"\/><\/figure><\/div>\n\n\n\n<p>Vahvista viel\u00e4 tentin lopettaminen. T\u00e4m\u00e4n j\u00e4lkeen et voi muuttaa en\u00e4\u00e4 vastauksia.<\/p>\n\n\n\n<div class=\"wp-block-image\"><figure class=\"aligncenter\"><img decoding=\"async\" src=\"http:\/\/exam.samk.fi\/wp-content\/uploads\/2018\/05\/o21-1024x576.png\" alt=\"\" class=\"wp-image-451\"\/><\/figure><\/div>\n\n\n\n<p>Ennen kun poistut koneelta, muista painaa Logoff -painiketta n\u00e4yt\u00f6n oikeasta yl\u00e4reunasta.<\/p>\n","protected":false},"excerpt":{"rendered":"<p>Tentin tekeminen onnistuu vain tenttiakvaariossa sinulle arvotulla koneella, jonka numeron voit tarkistaa saamastasi s\u00e4hk\u00f6postiviestist\u00e4. Tenttiakvaarion koneet on m\u00e4\u00e4ritelty niin, ettei niist\u00e4 ole p\u00e4\u00e4sy\u00e4 mihink\u00e4\u00e4n muualle kuin EXAM-j\u00e4rjestelm\u00e4\u00e4n. Sinulla ei siis ole p\u00e4\u00e4sy\u00e4 internetiin. Tenttiakvaarion koneilla on k\u00e4ytett\u00e4viss\u00e4 vain selain, Word- (eng), Excel- (eng), AutoCAD-, MathCAD Prime, SolildWorks ja CADS Planner &#8211; sek\u00e4 Windows laskin -ohjelmat. Lis\u00e4ksi tentin liitteen\u00e4 olevat kuvat ja pdf-tiedostot saa avattua tenttikoneella. Tenttiakvaarioon menn\u00e4\u00e4n sis\u00e4vaatetuksessa ja mukana ainoastaan kuvallinen henkil\u00f6llisyystodistus, esimerkiksi ajokortti tai passi. Tenttiakvaarioon ei saa vied\u00e4 ruokaa, juomaa, laukkuja, reppuja, p\u00e4\u00e4llysvaateita, muutakaan materiaalia tai elektronisia laitteita. Tenttiakvaariossa ei my\u00f6sk\u00e4\u00e4n tarvita kyn\u00e4\u00e4. Tenttiakvaariossa on saatavilla nen\u00e4liinoja sek\u00e4 kertak\u00e4ytt\u00f6isi\u00e4 korvatulppia. Ne haetaan akvaarion edest\u00e4 p\u00f6yd\u00e4lt\u00e4 ennen tentin aloittamista. Tenttiakvaariossa on joillain koneilla k\u00e4ytett\u00e4viss\u00e4 piirton\u00e4ytt\u00f6j\u00e4, joita k\u00e4ytet\u00e4\u00e4n Wordin kautta. Voit katsoa ohjeen t\u00e4st\u00e4 ja se on saatavilla my\u00f6s tenttiakvaariokoneilla, joilla on piirton\u00e4ytt\u00f6. HUOM! Lue tenttiakvaarion edess\u00e4 olevat ohjeistukset akvaariotenttimisest\u00e4 ja noudata niit\u00e4. Tentin aloittaminen Kirjaudu Exam j\u00e4rjestelm\u00e4\u00e4n tenttikoneellasi.&hellip;<\/p>\n<p> <a class=\"more-link\" href=\"https:\/\/esamksupport.samk.fi\/ohje\/exam-opiskelija-tentintekeminen\/\">Lue Lis\u00e4\u00e4<\/a><\/p>\n","protected":false},"author":2,"featured_media":0,"parent":0,"menu_order":0,"comment_status":"closed","ping_status":"open","template":"","meta":{"footnotes":""},"class_list":["post-428","page","type-page","status-publish"],"_links":{"self":[{"href":"https:\/\/esamksupport.samk.fi\/ohje\/wp-json\/wp\/v2\/pages\/428","targetHints":{"allow":["GET"]}}],"collection":[{"href":"https:\/\/esamksupport.samk.fi\/ohje\/wp-json\/wp\/v2\/pages"}],"about":[{"href":"https:\/\/esamksupport.samk.fi\/ohje\/wp-json\/wp\/v2\/types\/page"}],"author":[{"embeddable":true,"href":"https:\/\/esamksupport.samk.fi\/ohje\/wp-json\/wp\/v2\/users\/2"}],"replies":[{"embeddable":true,"href":"https:\/\/esamksupport.samk.fi\/ohje\/wp-json\/wp\/v2\/comments?post=428"}],"version-history":[{"count":3,"href":"https:\/\/esamksupport.samk.fi\/ohje\/wp-json\/wp\/v2\/pages\/428\/revisions"}],"predecessor-version":[{"id":1600,"href":"https:\/\/esamksupport.samk.fi\/ohje\/wp-json\/wp\/v2\/pages\/428\/revisions\/1600"}],"wp:attachment":[{"href":"https:\/\/esamksupport.samk.fi\/ohje\/wp-json\/wp\/v2\/media?parent=428"}],"curies":[{"name":"wp","href":"https:\/\/api.w.org\/{rel}","templated":true}]}}