{"id":45,"date":"2019-06-19T08:04:06","date_gmt":"2019-06-19T05:04:06","guid":{"rendered":"https:\/\/esamksupport.samk.fi\/ohje\/?page_id=45"},"modified":"2021-12-09T10:44:43","modified_gmt":"2021-12-09T08:44:43","slug":"moodle-opiskelija","status":"publish","type":"page","link":"https:\/\/esamksupport.samk.fi\/ohje\/esimerkkisivu\/moodle-opiskelija\/","title":{"rendered":"Moodle &gt; Opiskelija"},"content":{"rendered":"\n\n\t<p>Alasvetovalikoista l\u00f6ytyy tarpeellista ja hy\u00f6dyllist\u00e4 tietoa opiskelijoille SAMKin Moodlesta.<\/p>\n\n","protected":false},"excerpt":{"rendered":"<p>Alasvetovalikoista l\u00f6ytyy tarpeellista ja hy\u00f6dyllist\u00e4 tietoa opiskelijoille SAMKin Moodlesta.<\/p>\n","protected":false},"author":2,"featured_media":0,"parent":2,"menu_order":0,"comment_status":"closed","ping_status":"open","template":"","meta":{"footnotes":""},"class_list":["post-45","page","type-page","status-publish"],"_links":{"self":[{"href":"https:\/\/esamksupport.samk.fi\/ohje\/wp-json\/wp\/v2\/pages\/45","targetHints":{"allow":["GET"]}}],"collection":[{"href":"https:\/\/esamksupport.samk.fi\/ohje\/wp-json\/wp\/v2\/pages"}],"about":[{"href":"https:\/\/esamksupport.samk.fi\/ohje\/wp-json\/wp\/v2\/types\/page"}],"author":[{"embeddable":true,"href":"https:\/\/esamksupport.samk.fi\/ohje\/wp-json\/wp\/v2\/users\/2"}],"replies":[{"embeddable":true,"href":"https:\/\/esamksupport.samk.fi\/ohje\/wp-json\/wp\/v2\/comments?post=45"}],"version-history":[{"count":12,"href":"https:\/\/esamksupport.samk.fi\/ohje\/wp-json\/wp\/v2\/pages\/45\/revisions"}],"predecessor-version":[{"id":3044,"href":"https:\/\/esamksupport.samk.fi\/ohje\/wp-json\/wp\/v2\/pages\/45\/revisions\/3044"}],"up":[{"embeddable":true,"href":"https:\/\/esamksupport.samk.fi\/ohje\/wp-json\/wp\/v2\/pages\/2"}],"wp:attachment":[{"href":"https:\/\/esamksupport.samk.fi\/ohje\/wp-json\/wp\/v2\/media?parent=45"}],"curies":[{"name":"wp","href":"https:\/\/api.w.org\/{rel}","templated":true}]}}