{"id":452,"date":"2019-06-19T10:58:34","date_gmt":"2019-06-19T07:58:34","guid":{"rendered":"https:\/\/esamksupport.samk.fi\/ohje\/?page_id=452"},"modified":"2024-12-09T11:17:49","modified_gmt":"2024-12-09T09:17:49","slug":"hill","status":"publish","type":"page","link":"https:\/\/esamksupport.samk.fi\/ohje\/hill\/","title":{"rendered":"Hill"},"content":{"rendered":"\n<div class=\"wp-block-group has-pale-pink-background-color has-background\"><div class=\"wp-block-group__inner-container is-layout-flow wp-block-group-is-layout-flow\">\n<h3 class=\"wp-block-heading\"><strong>Tiedotteita<\/strong><\/h3>\n\n\n\n<p><strong>Huomaathan, ett\u00e4 opintojakson HILL-osoitteen saat opettajaltasi<\/strong><\/p>\n\n\n\n<p>Mik\u00e4li huomaat ongelmia HILL:n tai eduHILLin k\u00e4yt\u00f6ss\u00e4, ota yhteytt\u00e4 eSAMK Supportiin. <\/p>\n<\/div><\/div>\n\n\n\n<p><a href=\"mailto:esamk.support@samk.fi\">esamk.support@samk.fi<\/a> \/ +358 2 479 2100 (ma-to 8-16, pe 8-15)<\/p>\n\n\n\n<p><strong>Opiskelijan Hill-ohjeet l\u00f6yd\u00e4t SAMKin sivuilta<\/strong>: <a href=\"https:\/\/www.samk.fi\/opiskelijalle\/opiskelussa-kaytettavat-jarjestelmat\/eduhill-ohjeet\/\" target=\"_blank\" rel=\"noreferrer noopener\">HILL-ohjeet<\/a><\/p>\n\n\n<div class=\"wp-block-image\">\n<figure class=\"aligncenter size-full\"><a href=\"https:\/\/eduhill.webex.com\/\" target=\"_blank\" rel=\"noreferrer noopener\"><img loading=\"lazy\" decoding=\"async\" width=\"200\" height=\"70\" src=\"https:\/\/esamksupport.samk.fi\/ohje\/wp-content\/uploads\/sites\/3\/2021\/07\/eduhill_logo_200x70px.png\" alt=\"Opiskelijoiden EduHILL\" class=\"wp-image-2416\" \/><\/a><figcaption class=\"wp-element-caption\">Opiskelijoiden EduHILL<\/figcaption><\/figure>\n<\/div>\n\n<div class=\"wp-block-image\">\n<figure class=\"aligncenter size-full\"><a href=\"https:\/\/hill.webex.com\/\" target=\"_blank\" rel=\"noreferrer noopener\"><img loading=\"lazy\" decoding=\"async\" width=\"200\" height=\"70\" src=\"https:\/\/esamksupport.samk.fi\/ohje\/wp-content\/uploads\/sites\/3\/2021\/07\/samkhill_logo_200x70px.png\" alt=\"Henkil\u00f6kunnan HILL\" class=\"wp-image-2417\" \/><\/a><figcaption class=\"wp-element-caption\">Henkil\u00f6kunnan HILL<\/figcaption><\/figure>\n<\/div>","protected":false},"excerpt":{"rendered":"<p>Tiedotteita Huomaathan, ett\u00e4 opintojakson HILL-osoitteen saat opettajaltasi Mik\u00e4li huomaat ongelmia HILL:n tai eduHILLin k\u00e4yt\u00f6ss\u00e4, ota yhteytt\u00e4 eSAMK Supportiin. esamk.support@samk.fi \/ +358 2 479 2100 (ma-to 8-16, pe 8-15) Opiskelijan Hill-ohjeet l\u00f6yd\u00e4t SAMKin sivuilta: HILL-ohjeet<\/p>\n","protected":false},"author":2,"featured_media":0,"parent":0,"menu_order":0,"comment_status":"closed","ping_status":"open","template":"","meta":{"footnotes":""},"class_list":["post-452","page","type-page","status-publish"],"_links":{"self":[{"href":"https:\/\/esamksupport.samk.fi\/ohje\/wp-json\/wp\/v2\/pages\/452","targetHints":{"allow":["GET"]}}],"collection":[{"href":"https:\/\/esamksupport.samk.fi\/ohje\/wp-json\/wp\/v2\/pages"}],"about":[{"href":"https:\/\/esamksupport.samk.fi\/ohje\/wp-json\/wp\/v2\/types\/page"}],"author":[{"embeddable":true,"href":"https:\/\/esamksupport.samk.fi\/ohje\/wp-json\/wp\/v2\/users\/2"}],"replies":[{"embeddable":true,"href":"https:\/\/esamksupport.samk.fi\/ohje\/wp-json\/wp\/v2\/comments?post=452"}],"version-history":[{"count":23,"href":"https:\/\/esamksupport.samk.fi\/ohje\/wp-json\/wp\/v2\/pages\/452\/revisions"}],"predecessor-version":[{"id":4136,"href":"https:\/\/esamksupport.samk.fi\/ohje\/wp-json\/wp\/v2\/pages\/452\/revisions\/4136"}],"wp:attachment":[{"href":"https:\/\/esamksupport.samk.fi\/ohje\/wp-json\/wp\/v2\/media?parent=452"}],"curies":[{"name":"wp","href":"https:\/\/api.w.org\/{rel}","templated":true}]}}