{"id":456,"date":"2019-06-19T10:59:16","date_gmt":"2019-06-19T07:59:16","guid":{"rendered":"https:\/\/esamksupport.samk.fi\/ohje\/?page_id=456"},"modified":"2024-09-04T09:15:23","modified_gmt":"2024-09-04T06:15:23","slug":"timeedit","status":"publish","type":"page","link":"https:\/\/esamksupport.samk.fi\/ohje\/timeedit\/","title":{"rendered":"TimeEdit"},"content":{"rendered":"\n<p><\/p>\n\n\n\n<p>TimeEdit on Satakunnan ammattikorkeakoulun lukuj\u00e4rjestysj\u00e4rjestelm\u00e4. TimeEditin kautta opiskelijat ja opettajat voivat tarkastella kalentereita, lukuj\u00e4rjestyksi\u00e4 ryhmitt\u00e4in, henkil\u00f6tt\u00e4in ja tiloittain, ja luoda omia lukuj\u00e4rjestyksi\u00e4. My\u00f6s ajanvaraukset esimerkiksi tutorkeskusteluihin voidaan tehd\u00e4 TimeEditin kautta.\u00a0<\/p>\n\n\n\n<p>TimeEdit l\u00f6ytyy osoitteesta <a href=\"https:\/\/cloud.timeedit.net\/samk\/web\/\" target=\"_blank\" rel=\"noreferrer noopener\">https:\/\/cloud.timeedit.net\/samk\/web\/<\/a><\/p>\n","protected":false},"excerpt":{"rendered":"<p>TimeEdit on Satakunnan ammattikorkeakoulun lukuj\u00e4rjestysj\u00e4rjestelm\u00e4. TimeEditin kautta opiskelijat ja opettajat voivat tarkastella kalentereita, lukuj\u00e4rjestyksi\u00e4 ryhmitt\u00e4in, henkil\u00f6tt\u00e4in ja tiloittain, ja luoda omia lukuj\u00e4rjestyksi\u00e4. My\u00f6s ajanvaraukset esimerkiksi tutorkeskusteluihin voidaan tehd\u00e4 TimeEditin kautta.\u00a0 TimeEdit l\u00f6ytyy osoitteesta https:\/\/cloud.timeedit.net\/samk\/web\/<\/p>\n","protected":false},"author":2,"featured_media":0,"parent":0,"menu_order":0,"comment_status":"closed","ping_status":"open","template":"","meta":{"footnotes":""},"class_list":["post-456","page","type-page","status-publish"],"_links":{"self":[{"href":"https:\/\/esamksupport.samk.fi\/ohje\/wp-json\/wp\/v2\/pages\/456","targetHints":{"allow":["GET"]}}],"collection":[{"href":"https:\/\/esamksupport.samk.fi\/ohje\/wp-json\/wp\/v2\/pages"}],"about":[{"href":"https:\/\/esamksupport.samk.fi\/ohje\/wp-json\/wp\/v2\/types\/page"}],"author":[{"embeddable":true,"href":"https:\/\/esamksupport.samk.fi\/ohje\/wp-json\/wp\/v2\/users\/2"}],"replies":[{"embeddable":true,"href":"https:\/\/esamksupport.samk.fi\/ohje\/wp-json\/wp\/v2\/comments?post=456"}],"version-history":[{"count":6,"href":"https:\/\/esamksupport.samk.fi\/ohje\/wp-json\/wp\/v2\/pages\/456\/revisions"}],"predecessor-version":[{"id":4097,"href":"https:\/\/esamksupport.samk.fi\/ohje\/wp-json\/wp\/v2\/pages\/456\/revisions\/4097"}],"wp:attachment":[{"href":"https:\/\/esamksupport.samk.fi\/ohje\/wp-json\/wp\/v2\/media?parent=456"}],"curies":[{"name":"wp","href":"https:\/\/api.w.org\/{rel}","templated":true}]}}