{"id":464,"date":"2019-06-19T12:21:45","date_gmt":"2019-06-19T09:21:45","guid":{"rendered":"https:\/\/esamksupport.samk.fi\/ohje\/?page_id=464"},"modified":"2022-05-31T09:39:05","modified_gmt":"2022-05-31T06:39:05","slug":"hill-osallistuja","status":"publish","type":"page","link":"https:\/\/esamksupport.samk.fi\/ohje\/hill-osallistuja\/","title":{"rendered":"Hill &gt; Osallistuja"},"content":{"rendered":"\n<h2 class=\"wp-block-heading\">Hill osallistujan ohje<\/h2>\n\n\n\n<h4 class=\"wp-block-heading\">Osallistuminen verkkotapaamiseen<\/h4>\n\n\n\n<p>Opettaja ilmoittaa \u201dHill huoneensa\u201d osoitteen esimerkiksi Moodlessa ja huoneen osoite on yleens\u00e4 muotoa<\/p>\n\n\n\n<p> <span class=\"has-inline-color has-vivid-cyan-blue-color\">https:\/\/hill.webex.com\/meet\/etunimi.sukunimi<\/span><\/p>\n\n\n\n<p><\/p>\n\n\n\n<p><strong>HUOM!<\/strong> Opiskelijoiden omat huoneet l\u00f6ytyv\u00e4t EduHILList\u00e4, ja niiden osoitteet ovat muotoa <\/p>\n\n\n\n<p><span class=\"has-inline-color has-vivid-cyan-blue-color\">https:\/\/eduhill.webex.com\/meet\/etunimi.sukunimi<\/span><\/p>\n\n\n\n<h4 class=\"wp-block-heading\">K\u00e4ynnistys<\/h4>\n\n\n\n<p>Kun k\u00e4ynnist\u00e4t sovellusta ensimm\u00e4isen kerran selaimessa se pyyt\u00e4\u00e4 asentamaan Webex lis\u00e4osan. Lataa Webex.exe tiedosto koneellesi ja k\u00e4ynnist\u00e4 se ruudulle tulevien ohjeiden mukaisesti.<\/p>\n\n\n\n<p>Jos asennus ei onnistu, yleens\u00e4 ruudulla on vaihtoehto k\u00e4ynnist\u00e4\u00e4 se suoraan selaimessa (Join from your browser). Suosittelemme k\u00e4ytt\u00e4m\u00e4\u00e4n selaimena Chromea tai Firefoxia.<\/p>\n\n\n\n<h4 class=\"wp-block-heading\" id=\"aanen-yhdistaminen\">\u00c4\u00e4nen yhdist\u00e4minen<\/h4>\n\n\n\n<p>Ennen huoneeseen menoa valitse istunnon \u00e4\u00e4ni ja video asetukset.<\/p>\n\n\n\n<p><img loading=\"lazy\" decoding=\"async\" width=\"1050\" height=\"142\" class=\"wp-image-2209\" style=\"width: 600px\" src=\"https:\/\/esamksupport.samk.fi\/ohje\/wp-content\/uploads\/sites\/3\/2021\/07\/hill_login_bar.png\" alt=\"\" srcset=\"https:\/\/esamksupport.samk.fi\/ohje\/wp-content\/uploads\/sites\/3\/2021\/07\/hill_login_bar.png 1050w, https:\/\/esamksupport.samk.fi\/ohje\/wp-content\/uploads\/sites\/3\/2021\/07\/hill_login_bar-300x41.png 300w, https:\/\/esamksupport.samk.fi\/ohje\/wp-content\/uploads\/sites\/3\/2021\/07\/hill_login_bar-1024x138.png 1024w, https:\/\/esamksupport.samk.fi\/ohje\/wp-content\/uploads\/sites\/3\/2021\/07\/hill_login_bar-768x104.png 768w\" sizes=\"auto, (max-width: 1050px) 100vw, 1050px\" \/><\/p>\n\n\n\n<ul class=\"wp-block-list\"><li>K\u00e4yt\u00e4 aina tietokoneen \u00e4\u00e4ni\u00e4(Use computer for audio)<\/li><li>Suosittelemme k\u00e4ytt\u00e4m\u00e4\u00e4n USB-headset kuulokemikrofonia<\/li><li>Jos haluat mykist\u00e4\u00e4 mikrofonisi, paina Mute ja n\u00e4et kun mikrofoni on mykistetty<\/li><li>Kytke\u00e4ksesi mikrofonisi \u00e4\u00e4nen p\u00e4\u00e4lle istunnon aikana, paina alapaneelin Unmute ja \u00e4\u00e4nesi kuuluu osallistujille. Paina Mute painikkeen oikealla puolella olevaa \u201dv\u00e4k\u00e4st\u00e4\u201d ja voit s\u00e4\u00e4t\u00e4\u00e4 \u00e4\u00e4nt\u00e4si ja vaihtaa my\u00f6s mikrofonia.<\/li><\/ul>\n\n\n\n<p><img loading=\"lazy\" decoding=\"async\" width=\"600\" height=\"326\" class=\"wp-image-2214\" style=\"width: 600px\" src=\"https:\/\/esamksupport.samk.fi\/ohje\/wp-content\/uploads\/sites\/3\/2021\/07\/hill_login_audio_options.png\" alt=\"\" srcset=\"https:\/\/esamksupport.samk.fi\/ohje\/wp-content\/uploads\/sites\/3\/2021\/07\/hill_login_audio_options.png 600w, https:\/\/esamksupport.samk.fi\/ohje\/wp-content\/uploads\/sites\/3\/2021\/07\/hill_login_audio_options-300x163.png 300w\" sizes=\"auto, (max-width: 600px) 100vw, 600px\" \/><\/p>\n\n\n\n<p>Kun olet valmis paina vihre\u00e4\u00e4 Join Meeting painiketta ja liityt istuntoon<\/p>\n\n\n\n<h4 class=\"wp-block-heading\">Videokuvan jakaminen<\/h4>\n\n\n\n<p>Ennen istuntoa voit valita, haluatko jakaa videokuvaasi osallistujille<\/p>\n\n\n\n<p>Jos haluat osallistua ilman videota paina Sulje videoni &#8211; painiketta<\/p>\n\n\n\n<p>N\u00e4et kun videosi on sammutettu. Omat videokuvasi n\u00e4ytet\u00e4\u00e4n oletuksena peilin\u00e4yt\u00f6ss\u00e4. Voit poistaa peilin\u00e4kym\u00e4n, jos haluat n\u00e4hd\u00e4 itsesi omassa videossasi samalla tavalla kuin muut kokousosallistujat n\u00e4kev\u00e4t sinut<\/p>\n\n\n\n<h4 class=\"wp-block-heading\">Jaa sis\u00e4lt\u00f6\u00e4<\/h4>\n\n\n\n<p>Istunnon vet\u00e4j\u00e4 voi halutessaan jakaa Sinulle ruudunjako-oikeudet. jos jaat sis\u00e4lt\u00f6\u00e4 kaikille osallistujille. <\/p>\n\n\n\n<p>Valitse Jaa (Share)kokouksen alapaneelista<\/p>\n\n\n\n<p><img loading=\"lazy\" decoding=\"async\" width=\"960\" height=\"830\" class=\"wp-image-2219\" style=\"width: 600px\" src=\"https:\/\/esamksupport.samk.fi\/ohje\/wp-content\/uploads\/sites\/3\/2021\/07\/hill_sharebutton.png\" alt=\"\" srcset=\"https:\/\/esamksupport.samk.fi\/ohje\/wp-content\/uploads\/sites\/3\/2021\/07\/hill_sharebutton.png 960w, https:\/\/esamksupport.samk.fi\/ohje\/wp-content\/uploads\/sites\/3\/2021\/07\/hill_sharebutton-300x259.png 300w, https:\/\/esamksupport.samk.fi\/ohje\/wp-content\/uploads\/sites\/3\/2021\/07\/hill_sharebutton-768x664.png 768w\" sizes=\"auto, (max-width: 960px) 100vw, 960px\" \/><\/p>\n\n\n\n<p><strong>HUOM!<\/strong> Yleens\u00e4 ylimp\u00e4n\u00e4 mainittu Screen 1 on yleens\u00e4 paras vaihtoehto jakaa koko n\u00e4ytt\u00f6\u00e4si kaikkine sis\u00e4lt\u00f6ineen. Huomaa, ett\u00e4 kaikki osallistujat n\u00e4kev\u00e4t silloin ty\u00f6p\u00f6yt\u00e4si ja kaikki ohjelmat, jotka avaat ruudulle.<\/p>\n\n\n\n<figure class=\"wp-block-image size-large\"><img loading=\"lazy\" decoding=\"async\" width=\"800\" height=\"527\" src=\"https:\/\/esamksupport.samk.fi\/ohje\/wp-content\/uploads\/sites\/3\/2022\/05\/webex_share_audio-800x527.png\" alt=\"\" class=\"wp-image-3328\" srcset=\"https:\/\/esamksupport.samk.fi\/ohje\/wp-content\/uploads\/sites\/3\/2022\/05\/webex_share_audio.png 800w, https:\/\/esamksupport.samk.fi\/ohje\/wp-content\/uploads\/sites\/3\/2022\/05\/webex_share_audio-768x505.png 768w\" sizes=\"auto, (max-width: 800px) 100vw, 800px\" \/><\/figure>\n\n\n\n<p>Jos jaat sis\u00e4lt\u00f6\u00e4, josta haluat my\u00f6s \u00e4\u00e4nen mukaan, kuten Youtube-video, huomaa ottaa jakoikkunasta <span class=\"has-inline-color has-vivid-red-color\">rasti pois kaiuttimen per\u00e4st\u00e4<\/span>. T\u00e4t\u00e4 ei pysty tekem\u00e4\u00e4n jaon jo ollessa k\u00e4ynniss\u00e4, eli jos t\u00e4m\u00e4 vaihe unohtuu, pit\u00e4\u00e4 jako lopettaa ja k\u00e4ynnist\u00e4\u00e4 uudelleen.<\/p>\n\n\n\n<p>Ruudun jaon aikana p\u00e4\u00e4set istunnon toimintoihin viem\u00e4ll\u00e4 hiiren ruudun yl\u00e4reunaan.<\/p>\n\n\n\n<p><img loading=\"lazy\" decoding=\"async\" width=\"1050\" height=\"110\" class=\"wp-image-2217\" style=\"width: 600px\" src=\"https:\/\/esamksupport.samk.fi\/ohje\/wp-content\/uploads\/sites\/3\/2021\/07\/hill_sharebar.png\" alt=\"\" srcset=\"https:\/\/esamksupport.samk.fi\/ohje\/wp-content\/uploads\/sites\/3\/2021\/07\/hill_sharebar.png 1050w, https:\/\/esamksupport.samk.fi\/ohje\/wp-content\/uploads\/sites\/3\/2021\/07\/hill_sharebar-300x31.png 300w, https:\/\/esamksupport.samk.fi\/ohje\/wp-content\/uploads\/sites\/3\/2021\/07\/hill_sharebar-1024x107.png 1024w, https:\/\/esamksupport.samk.fi\/ohje\/wp-content\/uploads\/sites\/3\/2021\/07\/hill_sharebar-768x80.png 768w\" sizes=\"auto, (max-width: 1050px) 100vw, 1050px\" \/><\/p>\n\n\n\n<h4 class=\"wp-block-heading\">Cisco Webex Meetings ohjelman toimintoja<\/h4>\n\n\n\n<p>Cisco Webex Meetings -ohjelmassa voit m\u00e4\u00e4ritt\u00e4\u00e4 miten osallistujat ja videot n\u00e4kyv\u00e4t ruudullasi (Video Layout). Voit valita \u201dkelluvatko\u201d (Floating Panel View) n\u00e4ytt\u00f6paneelit niin, ett\u00e4 voit pienent\u00e4\u00e4 ja suurentaa niit\u00e4 ja sijoittaa minne vain n\u00e4yt\u00f6ll\u00e4si.<\/p>\n\n\n\n<p>Alapaneelissa n\u00e4kyv\u00e4t t\u00e4rkeimm\u00e4t hallintaty\u00f6kalut mm. mikrofonin ja videon k\u00e4ynnistys (Mute\/Unmute), (Start\/Stop video), ruudun jako (Share).<\/p>\n\n\n\n<p>Oikealla alapaneelissa saat n\u00e4kyviin osallistujat (Participants) sek\u00e4 Chat ikkunan.<\/p>\n\n\n\n<p>Saapuvan ja l\u00e4htev\u00e4n osallistujan merkki\u00e4\u00e4nen voi hiljent\u00e4\u00e4 Participants -valikosta kohdasta Entry and Exit Tone<\/p>\n\n\n\n<figure class=\"wp-block-image size-large\"><img loading=\"lazy\" decoding=\"async\" width=\"607\" height=\"230\" src=\"https:\/\/esamksupport.samk.fi\/ohje\/wp-content\/uploads\/sites\/3\/2021\/09\/hill_entryexittone-607x230.png\" alt=\"\" class=\"wp-image-2960\"\/><\/figure>\n\n\n\n<h2 class=\"wp-block-heading\">MacOS -k\u00e4ytt\u00e4j\u00e4t<\/h2>\n\n\n\n<p>Mac-koneiden kanssa ongelmat kuvan \/ \u00e4\u00e4nen \/ ruutujaon kanssa johtuvat yleens\u00e4 yksityisyysasetyksista.<\/p>\n\n\n\n<p>Omppuvalikosta<br>-&gt; System Preferences \/ J\u00e4rjestelm\u00e4asetukset<br>-&gt; Security &amp; Privacy \/ Suojaus ja yksityisyys<br>-&gt; Privacy \/ Yksityisyys -v\u00e4lilehti<br>Ikkunan vasemmasta alanurkasta lukko auki tunnuksilla, joilla koneelle<br>kirjaudutaan<br>Sallitaan Webexille Camera + Microphone + Screen Recording<br>Asetusten j\u00e4lkeen pois sessiosta ja uudelleen sis\u00e4\u00e4n.<\/p>\n\n\n\n<figure class=\"wp-block-image size-large is-resized\"><img loading=\"lazy\" decoding=\"async\" src=\"https:\/\/esamksupport.samk.fi\/ohje\/wp-content\/uploads\/sites\/3\/2021\/09\/Hill_Mac_privacy1-1024x1024.jpg\" alt=\"\" class=\"wp-image-2941\" width=\"768\" height=\"768\" srcset=\"https:\/\/esamksupport.samk.fi\/ohje\/wp-content\/uploads\/sites\/3\/2021\/09\/Hill_Mac_privacy1-1024x1024.jpg 1024w, https:\/\/esamksupport.samk.fi\/ohje\/wp-content\/uploads\/sites\/3\/2021\/09\/Hill_Mac_privacy1-300x300.jpg 300w, https:\/\/esamksupport.samk.fi\/ohje\/wp-content\/uploads\/sites\/3\/2021\/09\/Hill_Mac_privacy1-150x150.jpg 150w, https:\/\/esamksupport.samk.fi\/ohje\/wp-content\/uploads\/sites\/3\/2021\/09\/Hill_Mac_privacy1-1536x1536.jpg 1536w\" sizes=\"auto, (max-width: 768px) 100vw, 768px\" \/><\/figure>\n\n\n\n<figure class=\"wp-block-image size-large is-resized\"><img loading=\"lazy\" decoding=\"async\" src=\"https:\/\/esamksupport.samk.fi\/ohje\/wp-content\/uploads\/sites\/3\/2021\/09\/Hill_Mac_privacy2-1024x1024.jpg\" alt=\"\" class=\"wp-image-2942\" width=\"768\" height=\"768\" srcset=\"https:\/\/esamksupport.samk.fi\/ohje\/wp-content\/uploads\/sites\/3\/2021\/09\/Hill_Mac_privacy2-1024x1024.jpg 1024w, https:\/\/esamksupport.samk.fi\/ohje\/wp-content\/uploads\/sites\/3\/2021\/09\/Hill_Mac_privacy2-300x300.jpg 300w, https:\/\/esamksupport.samk.fi\/ohje\/wp-content\/uploads\/sites\/3\/2021\/09\/Hill_Mac_privacy2-150x150.jpg 150w, https:\/\/esamksupport.samk.fi\/ohje\/wp-content\/uploads\/sites\/3\/2021\/09\/Hill_Mac_privacy2-1536x1536.jpg 1536w\" sizes=\"auto, (max-width: 768px) 100vw, 768px\" \/><\/figure>\n\n\n\n<figure class=\"wp-block-image size-large is-resized\"><img loading=\"lazy\" decoding=\"async\" src=\"https:\/\/esamksupport.samk.fi\/ohje\/wp-content\/uploads\/sites\/3\/2021\/09\/Hill_Mac_privacy3-1024x1024.jpg\" alt=\"\" class=\"wp-image-2943\" width=\"768\" height=\"768\" srcset=\"https:\/\/esamksupport.samk.fi\/ohje\/wp-content\/uploads\/sites\/3\/2021\/09\/Hill_Mac_privacy3-1024x1024.jpg 1024w, https:\/\/esamksupport.samk.fi\/ohje\/wp-content\/uploads\/sites\/3\/2021\/09\/Hill_Mac_privacy3-300x300.jpg 300w, https:\/\/esamksupport.samk.fi\/ohje\/wp-content\/uploads\/sites\/3\/2021\/09\/Hill_Mac_privacy3-150x150.jpg 150w, https:\/\/esamksupport.samk.fi\/ohje\/wp-content\/uploads\/sites\/3\/2021\/09\/Hill_Mac_privacy3-1536x1536.jpg 1536w\" sizes=\"auto, (max-width: 768px) 100vw, 768px\" \/><\/figure>\n\n\n\n<h2 class=\"wp-block-heading\">Webex automaattitesti<\/h2>\n\n\n\n<p><a href=\"https:\/\/www.webex.com\/test-meeting.html\" target=\"_blank\" rel=\"noreferrer noopener\">https:\/\/www.webex.com\/test-meeting.html<\/a><\/p>\n","protected":false},"excerpt":{"rendered":"<p>Hill osallistujan ohje Osallistuminen verkkotapaamiseen Opettaja ilmoittaa \u201dHill huoneensa\u201d osoitteen esimerkiksi Moodlessa ja huoneen osoite on yleens\u00e4 muotoa https:\/\/hill.webex.com\/meet\/etunimi.sukunimi HUOM! Opiskelijoiden omat huoneet l\u00f6ytyv\u00e4t EduHILList\u00e4, ja niiden osoitteet ovat muotoa https:\/\/eduhill.webex.com\/meet\/etunimi.sukunimi K\u00e4ynnistys Kun k\u00e4ynnist\u00e4t sovellusta ensimm\u00e4isen kerran selaimessa se pyyt\u00e4\u00e4 asentamaan Webex lis\u00e4osan. Lataa Webex.exe tiedosto koneellesi ja k\u00e4ynnist\u00e4 se ruudulle tulevien ohjeiden mukaisesti. Jos asennus ei onnistu, yleens\u00e4 ruudulla on vaihtoehto k\u00e4ynnist\u00e4\u00e4 se suoraan selaimessa (Join from your browser). Suosittelemme k\u00e4ytt\u00e4m\u00e4\u00e4n selaimena Chromea tai Firefoxia. \u00c4\u00e4nen yhdist\u00e4minen Ennen huoneeseen menoa valitse istunnon \u00e4\u00e4ni ja video asetukset. K\u00e4yt\u00e4 aina tietokoneen \u00e4\u00e4ni\u00e4(Use computer for audio) Suosittelemme k\u00e4ytt\u00e4m\u00e4\u00e4n USB-headset kuulokemikrofonia Jos haluat mykist\u00e4\u00e4 mikrofonisi, paina Mute ja n\u00e4et kun mikrofoni on mykistetty Kytke\u00e4ksesi mikrofonisi \u00e4\u00e4nen p\u00e4\u00e4lle istunnon aikana, paina alapaneelin Unmute ja \u00e4\u00e4nesi kuuluu osallistujille. Paina Mute painikkeen oikealla puolella olevaa \u201dv\u00e4k\u00e4st\u00e4\u201d ja voit s\u00e4\u00e4t\u00e4\u00e4 \u00e4\u00e4nt\u00e4si ja vaihtaa my\u00f6s mikrofonia. Kun olet valmis paina vihre\u00e4\u00e4 Join Meeting painiketta ja liityt istuntoon Videokuvan&hellip;<\/p>\n<p> <a class=\"more-link\" href=\"https:\/\/esamksupport.samk.fi\/ohje\/hill-osallistuja\/\">Lue Lis\u00e4\u00e4<\/a><\/p>\n","protected":false},"author":2,"featured_media":0,"parent":0,"menu_order":0,"comment_status":"closed","ping_status":"open","template":"","meta":{"footnotes":""},"class_list":["post-464","page","type-page","status-publish"],"_links":{"self":[{"href":"https:\/\/esamksupport.samk.fi\/ohje\/wp-json\/wp\/v2\/pages\/464","targetHints":{"allow":["GET"]}}],"collection":[{"href":"https:\/\/esamksupport.samk.fi\/ohje\/wp-json\/wp\/v2\/pages"}],"about":[{"href":"https:\/\/esamksupport.samk.fi\/ohje\/wp-json\/wp\/v2\/types\/page"}],"author":[{"embeddable":true,"href":"https:\/\/esamksupport.samk.fi\/ohje\/wp-json\/wp\/v2\/users\/2"}],"replies":[{"embeddable":true,"href":"https:\/\/esamksupport.samk.fi\/ohje\/wp-json\/wp\/v2\/comments?post=464"}],"version-history":[{"count":22,"href":"https:\/\/esamksupport.samk.fi\/ohje\/wp-json\/wp\/v2\/pages\/464\/revisions"}],"predecessor-version":[{"id":3331,"href":"https:\/\/esamksupport.samk.fi\/ohje\/wp-json\/wp\/v2\/pages\/464\/revisions\/3331"}],"wp:attachment":[{"href":"https:\/\/esamksupport.samk.fi\/ohje\/wp-json\/wp\/v2\/media?parent=464"}],"curies":[{"name":"wp","href":"https:\/\/api.w.org\/{rel}","templated":true}]}}