{"id":472,"date":"2019-06-19T12:24:19","date_gmt":"2019-06-19T09:24:19","guid":{"rendered":"https:\/\/esamksupport.samk.fi\/ohje\/?page_id=472"},"modified":"2021-08-17T13:08:19","modified_gmt":"2021-08-17T10:08:19","slug":"loki-opiskelija","status":"publish","type":"page","link":"https:\/\/esamksupport.samk.fi\/ohje\/loki-opiskelija\/","title":{"rendered":"Loki > Opiskelija"},"content":{"rendered":"\n\n\t<p>Lokissa opiskelijat toimivat ns. sinisell\u00e4 opiskelijan ty\u00f6p\u00f6yd\u00e4ll\u00e4 (&#8221;Pakki&#8221;). Oletuksena ty\u00f6p\u00f6yd\u00e4n etusivulta opiskelija l\u00f6yt\u00e4\u00e4 pikalinkit niin lukuvuosi-ilmoittautumiseen kuin muihin j\u00e4rjestelmiin yl\u00e4palkista ja alavalikosta.<\/p>\n\n<p>Oleellisimmat sijainnit opiskelijalle ovat HOPS ja t\u00e4m\u00e4n kautta l\u00f6ytyv\u00e4 toteutusten ilmoittautuminen, Opinnot ja t\u00e4m\u00e4n alta l\u00f6ytyv\u00e4 Profiili ja Lukuvuosi-ilmoittautuminen ja Help-osiot, joiden alta l\u00f6ytyv\u00e4t PDF-ohjeet yleisimpiin toimintoihin Lokissa.<\/p>\n\n<p>Etusivulta opiskelija n\u00e4kee nopeasti opintojensa tilan sinisest\u00e4 tietolohkosta, jossa n\u00e4kyy suoritettujen opintopisteiden m\u00e4\u00e4r\u00e4, l\u00e4sn\u00e4olot lukuvuodelle ja opiskeluoikeusaika. Tavoiteseurannasta opiskelija n\u00e4kee opintojensa tilan, ilmoittautumiset, suoritukset ja tavoitteet:<\/p>\n\n\n","protected":false},"excerpt":{"rendered":"<p>Lokissa opiskelijat toimivat ns. sinisell\u00e4 opiskelijan ty\u00f6p\u00f6yd\u00e4ll\u00e4 (&#8221;Pakki&#8221;). Oletuksena ty\u00f6p\u00f6yd\u00e4n etusivulta opiskelija l\u00f6yt\u00e4\u00e4 pikalinkit niin lukuvuosi-ilmoittautumiseen kuin muihin j\u00e4rjestelmiin yl\u00e4palkista ja alavalikosta. Oleellisimmat sijainnit opiskelijalle ovat HOPS ja t\u00e4m\u00e4n kautta l\u00f6ytyv\u00e4 toteutusten ilmoittautuminen, Opinnot ja t\u00e4m\u00e4n alta l\u00f6ytyv\u00e4 Profiili ja Lukuvuosi-ilmoittautuminen ja Help-osiot, joiden alta l\u00f6ytyv\u00e4t PDF-ohjeet yleisimpiin toimintoihin Lokissa. Etusivulta opiskelija n\u00e4kee nopeasti opintojensa tilan sinisest\u00e4 tietolohkosta, jossa n\u00e4kyy suoritettujen opintopisteiden m\u00e4\u00e4r\u00e4, l\u00e4sn\u00e4olot lukuvuodelle ja opiskeluoikeusaika. Tavoiteseurannasta opiskelija n\u00e4kee opintojensa tilan, ilmoittautumiset, suoritukset ja tavoitteet:<\/p>\n","protected":false},"author":2,"featured_media":0,"parent":0,"menu_order":0,"comment_status":"closed","ping_status":"open","template":"","meta":{"footnotes":""},"class_list":["post-472","page","type-page","status-publish"],"_links":{"self":[{"href":"https:\/\/esamksupport.samk.fi\/ohje\/wp-json\/wp\/v2\/pages\/472","targetHints":{"allow":["GET"]}}],"collection":[{"href":"https:\/\/esamksupport.samk.fi\/ohje\/wp-json\/wp\/v2\/pages"}],"about":[{"href":"https:\/\/esamksupport.samk.fi\/ohje\/wp-json\/wp\/v2\/types\/page"}],"author":[{"embeddable":true,"href":"https:\/\/esamksupport.samk.fi\/ohje\/wp-json\/wp\/v2\/users\/2"}],"replies":[{"embeddable":true,"href":"https:\/\/esamksupport.samk.fi\/ohje\/wp-json\/wp\/v2\/comments?post=472"}],"version-history":[{"count":3,"href":"https:\/\/esamksupport.samk.fi\/ohje\/wp-json\/wp\/v2\/pages\/472\/revisions"}],"predecessor-version":[{"id":2562,"href":"https:\/\/esamksupport.samk.fi\/ohje\/wp-json\/wp\/v2\/pages\/472\/revisions\/2562"}],"wp:attachment":[{"href":"https:\/\/esamksupport.samk.fi\/ohje\/wp-json\/wp\/v2\/media?parent=472"}],"curies":[{"name":"wp","href":"https:\/\/api.w.org\/{rel}","templated":true}]}}