{"id":491,"date":"2019-06-19T12:31:38","date_gmt":"2019-06-19T09:31:38","guid":{"rendered":"https:\/\/esamksupport.samk.fi\/ohje\/?page_id=491"},"modified":"2021-08-17T12:18:42","modified_gmt":"2021-08-17T09:18:42","slug":"timeedit-opettaja-tyojarjestykset","status":"publish","type":"page","link":"https:\/\/esamksupport.samk.fi\/ohje\/timeedit-opettaja-tyojarjestykset\/","title":{"rendered":"TimeEdit > Opettaja > Ty\u00f6j\u00e4rjestykset"},"content":{"rendered":"\n\n\t<p>Voit etsi\u00e4 TimeEdit-palvelusta ty\u00f6j\u00e4rjestyksi\u00e4 ryhm\u00e4n, toteutuksen tai henkil\u00f6n mukaan. Kirjauduttuasi j\u00e4rjestelm\u00e4\u00e4n valitse yksi n\u00e4ist\u00e4 vaihtoehdoista hakeaksesi ty\u00f6j\u00e4rjestyksi\u00e4:<\/p>\n\n<p>Seuraavalla sivulla kirjoita hakukentt\u00e4\u00e4n valintasi perusteella ryhm\u00e4n, toteutuksen tai henkil\u00f6n nimi. Hakutuloksista hiiren vasemmalla n\u00e4pp\u00e4imell\u00e4 pystyt valitsemaan hakutuloksen, jolloin t\u00e4m\u00e4 siirtyy omiin valintoihin:<\/p>\n\n<p>N\u00e4ytt\u00e4\u00e4ksesi ty\u00f6j\u00e4rjestyksen t\u00e4lle ryhm\u00e4lle, toteutukselle tai henkil\u00f6lle paina t\u00e4m\u00e4n j\u00e4lkeen N\u00e4yt\u00e4-painikkeesta:<\/p>\n\n<p>Oletuksena TimeEdit n\u00e4ytt\u00e4\u00e4 kuluvan viikon ty\u00f6j\u00e4rjestyksen valinnallesi. Voit yl\u00e4vasemmalta muuttaa n\u00e4ytetyn ty\u00f6j\u00e4rjestyksen viikon, aikav\u00e4lin (oletuksena vain 1 viikko!) ja vaihtaa muuttaa hakuvalintojasi.<\/p>\n<p>Jos haluat muokata ty\u00f6j\u00e4rjestystietoja TimeEdit-palvelussa, esimerkiksi lis\u00e4t\u00e4 oman ryhm\u00e4si ty\u00f6j\u00e4rjestykseen muita toteutuksen, voit tehd\u00e4 niin ty\u00f6j\u00e4rjestyksen haun kautta.<\/p>\n<p>Valitse ensin ensimm\u00e4inen hakukohde, esim. t\u00e4ss\u00e4 tapauksessa ryhm\u00e4 NEA20SPA ja sitten lis\u00e4\u00e4 erotin ennen seuraavan hakukohteen lis\u00e4\u00e4mist\u00e4. Erotin l\u00f6ytyy Etsi-painikkeen oikealta puolelta Suodata hakua-painikkeen takaa (kuvassa Piilota luokat) ja t\u00e4m\u00e4 t\u00e4ytyy lis\u00e4t\u00e4 jotta ty\u00f6j\u00e4rjestykset n\u00e4kyv\u00e4t samassa kalenterissa, eiv\u00e4tk\u00e4 erikseen. Voit valita lis\u00e4tt\u00e4v\u00e4ksi ryhm\u00e4n kanssa toisen ryhm\u00e4n tai toteutuksia.<\/p>\n\n<p>Kun olet lis\u00e4nnyt Omat valinnat -ikkunaan erottimella hakukohteesi paina N\u00e4yt\u00e4:<\/p>\n\n<p>Nyt lis\u00e4tty toinen hakukohde, t\u00e4ss\u00e4 tapauksessa toteutus Saksa 2, n\u00e4kyy samassa kalenterissa NEA20SPA-ryhm\u00e4n kanssa.<\/p>\n<p>Voit t\u00e4m\u00e4n j\u00e4lkeen muokata ty\u00f6j\u00e4rjestyksen aikav\u00e4lin esimerkiksi koko lukukaudelle (1.8.202x-31.12.202x) jolloin saat koko lukukauden ty\u00f6j\u00e4rjestyksen n\u00e4kyviin ja Sovita-painikkeen kautta voit muokata ty\u00f6j\u00e4rjestyst\u00e4 siistimm\u00e4ksi, esim. asettaa n\u00e4kyviin vain viikonp\u00e4iv\u00e4t ma-pe ja m\u00e4\u00e4ritt\u00e4\u00e4 p\u00e4iv\u00e4n alkamis- ja p\u00e4\u00e4ttymisajat:<\/p>\n\n<p>Voit tallentaa kaavion painikkeesta Tallenna kaavio, jolloin t\u00e4m\u00e4 l\u00f6ytyy aina TimeEdit-palvelusta, mutta voit my\u00f6s tilata kaavion iCal-tiedostona (vied\u00e4 esim. Outlook-sovellukseen ty\u00f6j\u00e4rjestyksen) tai ladata ty\u00f6j\u00e4rjestyksen tiedostona (Lataa-painike). Jos lataat ja viet iCal-tiedoston kalenterisovellukseen (kuten Outlook) toimii kalenteri t\u00e4\u00e4ll\u00e4 dynaamisesti, eli t\u00e4h\u00e4n p\u00e4ivittyy muutokset.<\/p>\n\n","protected":false},"excerpt":{"rendered":"<p>Voit etsi\u00e4 TimeEdit-palvelusta ty\u00f6j\u00e4rjestyksi\u00e4 ryhm\u00e4n, toteutuksen tai henkil\u00f6n mukaan. Kirjauduttuasi j\u00e4rjestelm\u00e4\u00e4n valitse yksi n\u00e4ist\u00e4 vaihtoehdoista hakeaksesi ty\u00f6j\u00e4rjestyksi\u00e4: Seuraavalla sivulla kirjoita hakukentt\u00e4\u00e4n valintasi perusteella ryhm\u00e4n, toteutuksen tai henkil\u00f6n nimi. Hakutuloksista hiiren vasemmalla n\u00e4pp\u00e4imell\u00e4 pystyt valitsemaan hakutuloksen, jolloin t\u00e4m\u00e4 siirtyy omiin valintoihin: N\u00e4ytt\u00e4\u00e4ksesi ty\u00f6j\u00e4rjestyksen t\u00e4lle ryhm\u00e4lle, toteutukselle tai henkil\u00f6lle paina t\u00e4m\u00e4n j\u00e4lkeen N\u00e4yt\u00e4-painikkeesta: Oletuksena TimeEdit n\u00e4ytt\u00e4\u00e4 kuluvan viikon ty\u00f6j\u00e4rjestyksen valinnallesi. Voit yl\u00e4vasemmalta muuttaa n\u00e4ytetyn ty\u00f6j\u00e4rjestyksen viikon, aikav\u00e4lin (oletuksena vain 1 viikko!) ja vaihtaa muuttaa hakuvalintojasi. Jos haluat muokata ty\u00f6j\u00e4rjestystietoja TimeEdit-palvelussa, esimerkiksi lis\u00e4t\u00e4 oman ryhm\u00e4si ty\u00f6j\u00e4rjestykseen muita toteutuksen, voit tehd\u00e4 niin ty\u00f6j\u00e4rjestyksen haun kautta. Valitse ensin ensimm\u00e4inen hakukohde, esim. t\u00e4ss\u00e4 tapauksessa ryhm\u00e4 NEA20SPA ja sitten lis\u00e4\u00e4 erotin ennen seuraavan hakukohteen lis\u00e4\u00e4mist\u00e4. Erotin l\u00f6ytyy Etsi-painikkeen oikealta puolelta Suodata hakua-painikkeen takaa (kuvassa Piilota luokat) ja t\u00e4m\u00e4 t\u00e4ytyy lis\u00e4t\u00e4 jotta ty\u00f6j\u00e4rjestykset n\u00e4kyv\u00e4t samassa kalenterissa, eiv\u00e4tk\u00e4 erikseen. Voit valita lis\u00e4tt\u00e4v\u00e4ksi ryhm\u00e4n kanssa toisen ryhm\u00e4n tai toteutuksia. Kun olet lis\u00e4nnyt Omat valinnat -ikkunaan erottimella hakukohteesi paina N\u00e4yt\u00e4: Nyt&hellip;<\/p>\n<p> <a class=\"more-link\" href=\"https:\/\/esamksupport.samk.fi\/ohje\/timeedit-opettaja-tyojarjestykset\/\">Lue Lis\u00e4\u00e4<\/a><\/p>\n","protected":false},"author":2,"featured_media":0,"parent":0,"menu_order":0,"comment_status":"closed","ping_status":"open","template":"","meta":{"footnotes":""},"class_list":["post-491","page","type-page","status-publish"],"_links":{"self":[{"href":"https:\/\/esamksupport.samk.fi\/ohje\/wp-json\/wp\/v2\/pages\/491","targetHints":{"allow":["GET"]}}],"collection":[{"href":"https:\/\/esamksupport.samk.fi\/ohje\/wp-json\/wp\/v2\/pages"}],"about":[{"href":"https:\/\/esamksupport.samk.fi\/ohje\/wp-json\/wp\/v2\/types\/page"}],"author":[{"embeddable":true,"href":"https:\/\/esamksupport.samk.fi\/ohje\/wp-json\/wp\/v2\/users\/2"}],"replies":[{"embeddable":true,"href":"https:\/\/esamksupport.samk.fi\/ohje\/wp-json\/wp\/v2\/comments?post=491"}],"version-history":[{"count":3,"href":"https:\/\/esamksupport.samk.fi\/ohje\/wp-json\/wp\/v2\/pages\/491\/revisions"}],"predecessor-version":[{"id":2544,"href":"https:\/\/esamksupport.samk.fi\/ohje\/wp-json\/wp\/v2\/pages\/491\/revisions\/2544"}],"wp:attachment":[{"href":"https:\/\/esamksupport.samk.fi\/ohje\/wp-json\/wp\/v2\/media?parent=491"}],"curies":[{"name":"wp","href":"https:\/\/api.w.org\/{rel}","templated":true}]}}