{"id":495,"date":"2019-06-19T12:32:27","date_gmt":"2019-06-19T09:32:27","guid":{"rendered":"https:\/\/esamksupport.samk.fi\/ohje\/?page_id=495"},"modified":"2021-08-17T12:21:53","modified_gmt":"2021-08-17T09:21:53","slug":"timeedit-opettaja-tilavaraukset","status":"publish","type":"page","link":"https:\/\/esamksupport.samk.fi\/ohje\/timeedit-opettaja-tilavaraukset\/","title":{"rendered":"TimeEdit > Opettaja > Tilavaraukset"},"content":{"rendered":"\n\n\t<p>L\u00e4ht\u00f6kohtaisesti TimeEdit-palvelussa olevat tilat ovat tarkoitettu opiskelijoille ja henkil\u00f6kunnan tilavaraukset tehd\u00e4\u00e4n Outlook-sovelluksen huoneiden varausavustajan kautta.<\/p>\n<p>TimeEdit-palvelun tilavarauksen kautta voit varata Satakunnan ammattikorkeakoulun eri kampuksilla sijaitsevia tiloja esim. tapaamisiin. Varataksesi tilan sinun pit\u00e4\u00e4 valita ajankohta, tila ja tilavarauksen aihe:<\/p>\n\n<p>&nbsp;<\/p>\n\n","protected":false},"excerpt":{"rendered":"<p>L\u00e4ht\u00f6kohtaisesti TimeEdit-palvelussa olevat tilat ovat tarkoitettu opiskelijoille ja henkil\u00f6kunnan tilavaraukset tehd\u00e4\u00e4n Outlook-sovelluksen huoneiden varausavustajan kautta. TimeEdit-palvelun tilavarauksen kautta voit varata Satakunnan ammattikorkeakoulun eri kampuksilla sijaitsevia tiloja esim. tapaamisiin. Varataksesi tilan sinun pit\u00e4\u00e4 valita ajankohta, tila ja tilavarauksen aihe: &nbsp;<\/p>\n","protected":false},"author":2,"featured_media":0,"parent":0,"menu_order":0,"comment_status":"closed","ping_status":"open","template":"","meta":{"footnotes":""},"class_list":["post-495","page","type-page","status-publish"],"_links":{"self":[{"href":"https:\/\/esamksupport.samk.fi\/ohje\/wp-json\/wp\/v2\/pages\/495","targetHints":{"allow":["GET"]}}],"collection":[{"href":"https:\/\/esamksupport.samk.fi\/ohje\/wp-json\/wp\/v2\/pages"}],"about":[{"href":"https:\/\/esamksupport.samk.fi\/ohje\/wp-json\/wp\/v2\/types\/page"}],"author":[{"embeddable":true,"href":"https:\/\/esamksupport.samk.fi\/ohje\/wp-json\/wp\/v2\/users\/2"}],"replies":[{"embeddable":true,"href":"https:\/\/esamksupport.samk.fi\/ohje\/wp-json\/wp\/v2\/comments?post=495"}],"version-history":[{"count":2,"href":"https:\/\/esamksupport.samk.fi\/ohje\/wp-json\/wp\/v2\/pages\/495\/revisions"}],"predecessor-version":[{"id":2545,"href":"https:\/\/esamksupport.samk.fi\/ohje\/wp-json\/wp\/v2\/pages\/495\/revisions\/2545"}],"wp:attachment":[{"href":"https:\/\/esamksupport.samk.fi\/ohje\/wp-json\/wp\/v2\/media?parent=495"}],"curies":[{"name":"wp","href":"https:\/\/api.w.org\/{rel}","templated":true}]}}