{"id":496,"date":"2019-06-19T12:32:34","date_gmt":"2019-06-19T09:32:34","guid":{"rendered":"https:\/\/esamksupport.samk.fi\/ohje\/?page_id=496"},"modified":"2021-08-17T12:48:49","modified_gmt":"2021-08-17T09:48:49","slug":"timeedit-opettaja-ohjausajat","status":"publish","type":"page","link":"https:\/\/esamksupport.samk.fi\/ohje\/timeedit-opettaja-ohjausajat\/","title":{"rendered":"TimeEdit > Opettaja > Ohjausajat"},"content":{"rendered":"\n\n\t<p>Voit k\u00e4ytt\u00e4\u00e4 ohjausaikoja esim. tutorkeskusteluaikojen jakamiseen. Varaat ohjausajan itsellesi ty\u00f6j\u00e4rjestykseesi ja opiskelijat pystyv\u00e4t sitten varaamaan t\u00e4lt\u00e4 ohjausaikav\u00e4lilt\u00e4 itselleen sopivan ajan.<\/p>\n\n<p>Ohjausaikaan merkitset ajankohdan ja selitteen esim. HOPS-keskustelut:<\/p>\n\n\n","protected":false},"excerpt":{"rendered":"<p>Voit k\u00e4ytt\u00e4\u00e4 ohjausaikoja esim. tutorkeskusteluaikojen jakamiseen. Varaat ohjausajan itsellesi ty\u00f6j\u00e4rjestykseesi ja opiskelijat pystyv\u00e4t sitten varaamaan t\u00e4lt\u00e4 ohjausaikav\u00e4lilt\u00e4 itselleen sopivan ajan. Ohjausaikaan merkitset ajankohdan ja selitteen esim. HOPS-keskustelut:<\/p>\n","protected":false},"author":2,"featured_media":0,"parent":0,"menu_order":0,"comment_status":"closed","ping_status":"open","template":"","meta":{"footnotes":""},"class_list":["post-496","page","type-page","status-publish"],"_links":{"self":[{"href":"https:\/\/esamksupport.samk.fi\/ohje\/wp-json\/wp\/v2\/pages\/496","targetHints":{"allow":["GET"]}}],"collection":[{"href":"https:\/\/esamksupport.samk.fi\/ohje\/wp-json\/wp\/v2\/pages"}],"about":[{"href":"https:\/\/esamksupport.samk.fi\/ohje\/wp-json\/wp\/v2\/types\/page"}],"author":[{"embeddable":true,"href":"https:\/\/esamksupport.samk.fi\/ohje\/wp-json\/wp\/v2\/users\/2"}],"replies":[{"embeddable":true,"href":"https:\/\/esamksupport.samk.fi\/ohje\/wp-json\/wp\/v2\/comments?post=496"}],"version-history":[{"count":2,"href":"https:\/\/esamksupport.samk.fi\/ohje\/wp-json\/wp\/v2\/pages\/496\/revisions"}],"predecessor-version":[{"id":2554,"href":"https:\/\/esamksupport.samk.fi\/ohje\/wp-json\/wp\/v2\/pages\/496\/revisions\/2554"}],"wp:attachment":[{"href":"https:\/\/esamksupport.samk.fi\/ohje\/wp-json\/wp\/v2\/media?parent=496"}],"curies":[{"name":"wp","href":"https:\/\/api.w.org\/{rel}","templated":true}]}}