{"id":499,"date":"2019-06-19T12:32:56","date_gmt":"2019-06-19T09:32:56","guid":{"rendered":"https:\/\/esamksupport.samk.fi\/ohje\/?page_id=499"},"modified":"2021-08-17T12:41:38","modified_gmt":"2021-08-17T09:41:38","slug":"timeedit-opettaja-opettajanvaraukset","status":"publish","type":"page","link":"https:\/\/esamksupport.samk.fi\/ohje\/timeedit-opettaja-opettajanvaraukset\/","title":{"rendered":"TimeEdit > Opettaja > Opettajan varaukset"},"content":{"rendered":"\n\n\t<p>Opettajan varauksien kautta voit tehd\u00e4 varauksia suoraan niin henkil\u00f6n, tilan, toteutuksen kuin ryhm\u00e4n ty\u00f6j\u00e4rjestyksiin. N\u00e4it\u00e4 varauksia voi olla mm. infotilaisuudet, asiakastapaamiset, koulutukset, harjoitukset ja muut tapahtumat mit\u00e4 ei ole erikseen toteutuksien ty\u00f6j\u00e4rjestyksien kautta opiskelijoille tuotu tiedoksi.<\/p>\n<p>Opettajan varaukset toimivat kuten tilojen varaukset; opettaja valitsee aiheen, ajankohdan ja kohteen (henkil\u00f6, ryhm\u00e4 tai\/ja toteutus) varaukselle:<\/p>\n\n<p>Esimerkiksi t\u00e4ss\u00e4 koulutustapahtuman varaus tehtyn\u00e4 fysioterapian luokkaan:<\/p>\n\n\n","protected":false},"excerpt":{"rendered":"<p>Opettajan varauksien kautta voit tehd\u00e4 varauksia suoraan niin henkil\u00f6n, tilan, toteutuksen kuin ryhm\u00e4n ty\u00f6j\u00e4rjestyksiin. N\u00e4it\u00e4 varauksia voi olla mm. infotilaisuudet, asiakastapaamiset, koulutukset, harjoitukset ja muut tapahtumat mit\u00e4 ei ole erikseen toteutuksien ty\u00f6j\u00e4rjestyksien kautta opiskelijoille tuotu tiedoksi. Opettajan varaukset toimivat kuten tilojen varaukset; opettaja valitsee aiheen, ajankohdan ja kohteen (henkil\u00f6, ryhm\u00e4 tai\/ja toteutus) varaukselle: Esimerkiksi t\u00e4ss\u00e4 koulutustapahtuman varaus tehtyn\u00e4 fysioterapian luokkaan:<\/p>\n","protected":false},"author":2,"featured_media":0,"parent":0,"menu_order":0,"comment_status":"closed","ping_status":"open","template":"","meta":{"footnotes":""},"class_list":["post-499","page","type-page","status-publish"],"_links":{"self":[{"href":"https:\/\/esamksupport.samk.fi\/ohje\/wp-json\/wp\/v2\/pages\/499","targetHints":{"allow":["GET"]}}],"collection":[{"href":"https:\/\/esamksupport.samk.fi\/ohje\/wp-json\/wp\/v2\/pages"}],"about":[{"href":"https:\/\/esamksupport.samk.fi\/ohje\/wp-json\/wp\/v2\/types\/page"}],"author":[{"embeddable":true,"href":"https:\/\/esamksupport.samk.fi\/ohje\/wp-json\/wp\/v2\/users\/2"}],"replies":[{"embeddable":true,"href":"https:\/\/esamksupport.samk.fi\/ohje\/wp-json\/wp\/v2\/comments?post=499"}],"version-history":[{"count":2,"href":"https:\/\/esamksupport.samk.fi\/ohje\/wp-json\/wp\/v2\/pages\/499\/revisions"}],"predecessor-version":[{"id":2551,"href":"https:\/\/esamksupport.samk.fi\/ohje\/wp-json\/wp\/v2\/pages\/499\/revisions\/2551"}],"wp:attachment":[{"href":"https:\/\/esamksupport.samk.fi\/ohje\/wp-json\/wp\/v2\/media?parent=499"}],"curies":[{"name":"wp","href":"https:\/\/api.w.org\/{rel}","templated":true}]}}