{"id":501,"date":"2019-06-19T12:33:42","date_gmt":"2019-06-19T09:33:42","guid":{"rendered":"https:\/\/esamksupport.samk.fi\/ohje\/?page_id=501"},"modified":"2021-08-17T12:13:10","modified_gmt":"2021-08-17T09:13:10","slug":"timeedit-opiskelija-tyojarjestystenhaku","status":"publish","type":"page","link":"https:\/\/esamksupport.samk.fi\/ohje\/timeedit-opiskelija-tyojarjestystenhaku\/","title":{"rendered":"TimeEdit > Opiskelija > Ty\u00f6j\u00e4rjestysten haku"},"content":{"rendered":"\n<p>Voit etsi\u00e4 TimeEdit-palvelusta ty\u00f6j\u00e4rjestyksi\u00e4 ryhm\u00e4n, toteutuksen tai henkil\u00f6n mukaan. Kirjauduttuasi j\u00e4rjestelm\u00e4\u00e4n valitse yksi n\u00e4ist\u00e4 vaihtoehdoista hakeaksesi ty\u00f6j\u00e4rjestyksi\u00e4:<\/p>\n\n<p>Seuraavalla sivulla kirjoita hakukentt\u00e4\u00e4n valintasi perusteella ryhm\u00e4n, toteutuksen tai henkil\u00f6n nimi. Hakutuloksista hiiren vasemmalla n\u00e4pp\u00e4imell\u00e4 pystyt valitsemaan hakutuloksen, jolloin t\u00e4m\u00e4 siirtyy omiin valintoihin:<\/p>\n\n<p>N\u00e4ytt\u00e4\u00e4ksesi ty\u00f6j\u00e4rjestyksen t\u00e4lle ryhm\u00e4lle, toteutukselle tai henkil\u00f6lle paina t\u00e4m\u00e4n j\u00e4lkeen N\u00e4yt\u00e4-painikkeesta:<\/p>\n\n<p>Oletuksena TimeEdit n\u00e4ytt\u00e4\u00e4 kuluvan viikon ty\u00f6j\u00e4rjestyksen valinnallesi. Voit yl\u00e4vasemmalta muuttaa n\u00e4ytetyn ty\u00f6j\u00e4rjestyksen viikon, aikav\u00e4lin (oletuksena vain 1 viikko!) ja vaihtaa muuttaa hakuvalintojasi.<\/p>\n","protected":false},"excerpt":{"rendered":"<p>Voit etsi\u00e4 TimeEdit-palvelusta ty\u00f6j\u00e4rjestyksi\u00e4 ryhm\u00e4n, toteutuksen tai henkil\u00f6n mukaan. Kirjauduttuasi j\u00e4rjestelm\u00e4\u00e4n valitse yksi n\u00e4ist\u00e4 vaihtoehdoista hakeaksesi ty\u00f6j\u00e4rjestyksi\u00e4: Seuraavalla sivulla kirjoita hakukentt\u00e4\u00e4n valintasi perusteella ryhm\u00e4n, toteutuksen tai henkil\u00f6n nimi. Hakutuloksista hiiren vasemmalla n\u00e4pp\u00e4imell\u00e4 pystyt valitsemaan hakutuloksen, jolloin t\u00e4m\u00e4 siirtyy omiin valintoihin: N\u00e4ytt\u00e4\u00e4ksesi ty\u00f6j\u00e4rjestyksen t\u00e4lle ryhm\u00e4lle, toteutukselle tai henkil\u00f6lle paina t\u00e4m\u00e4n j\u00e4lkeen N\u00e4yt\u00e4-painikkeesta: Oletuksena TimeEdit n\u00e4ytt\u00e4\u00e4 kuluvan viikon ty\u00f6j\u00e4rjestyksen valinnallesi. Voit yl\u00e4vasemmalta muuttaa n\u00e4ytetyn ty\u00f6j\u00e4rjestyksen viikon, aikav\u00e4lin (oletuksena vain 1 viikko!) ja vaihtaa muuttaa hakuvalintojasi.<\/p>\n","protected":false},"author":2,"featured_media":0,"parent":0,"menu_order":0,"comment_status":"closed","ping_status":"open","template":"","meta":{"footnotes":""},"class_list":["post-501","page","type-page","status-publish"],"_links":{"self":[{"href":"https:\/\/esamksupport.samk.fi\/ohje\/wp-json\/wp\/v2\/pages\/501","targetHints":{"allow":["GET"]}}],"collection":[{"href":"https:\/\/esamksupport.samk.fi\/ohje\/wp-json\/wp\/v2\/pages"}],"about":[{"href":"https:\/\/esamksupport.samk.fi\/ohje\/wp-json\/wp\/v2\/types\/page"}],"author":[{"embeddable":true,"href":"https:\/\/esamksupport.samk.fi\/ohje\/wp-json\/wp\/v2\/users\/2"}],"replies":[{"embeddable":true,"href":"https:\/\/esamksupport.samk.fi\/ohje\/wp-json\/wp\/v2\/comments?post=501"}],"version-history":[{"count":3,"href":"https:\/\/esamksupport.samk.fi\/ohje\/wp-json\/wp\/v2\/pages\/501\/revisions"}],"predecessor-version":[{"id":2542,"href":"https:\/\/esamksupport.samk.fi\/ohje\/wp-json\/wp\/v2\/pages\/501\/revisions\/2542"}],"wp:attachment":[{"href":"https:\/\/esamksupport.samk.fi\/ohje\/wp-json\/wp\/v2\/media?parent=501"}],"curies":[{"name":"wp","href":"https:\/\/api.w.org\/{rel}","templated":true}]}}