{"id":504,"date":"2019-06-19T12:34:31","date_gmt":"2019-06-19T09:34:31","guid":{"rendered":"https:\/\/esamksupport.samk.fi\/ohje\/?page_id=504"},"modified":"2021-08-17T10:02:16","modified_gmt":"2021-08-17T07:02:16","slug":"timeedit-opiskelija-ohjausajat","status":"publish","type":"page","link":"https:\/\/esamksupport.samk.fi\/ohje\/timeedit-opiskelija-ohjausajat\/","title":{"rendered":"TimeEdit > Opiskelija > Ohjausajat"},"content":{"rendered":"\n\n\t<p>Jos opettajasi on kehoittanut sinua varaamaan ohjausajan TimeEdit-palvelun kautta l\u00f6yd\u00e4t t\u00e4m\u00e4n Ohjausaikojen katselun ja varaat Ohjausaikojen varauksen kautta:<\/p>\n\n<p>Ohjausaikojen katselu toimii kuten ty\u00f6j\u00e4rjestystietojen haku, t\u00e4\u00e4lt\u00e4 etsit\u00e4\u00e4n vain aikav\u00e4lej\u00e4, mitk\u00e4 opettajasi on merkinnyt varattavaksi. Ohjausaikojen varauksessa sinun pit\u00e4\u00e4 valita ohjausaika, henkil\u00f6 (opettajasi) ja varauksen syy (ohjausaika):<\/p>\n\n\n","protected":false},"excerpt":{"rendered":"<p>Jos opettajasi on kehoittanut sinua varaamaan ohjausajan TimeEdit-palvelun kautta l\u00f6yd\u00e4t t\u00e4m\u00e4n Ohjausaikojen katselun ja varaat Ohjausaikojen varauksen kautta: Ohjausaikojen katselu toimii kuten ty\u00f6j\u00e4rjestystietojen haku, t\u00e4\u00e4lt\u00e4 etsit\u00e4\u00e4n vain aikav\u00e4lej\u00e4, mitk\u00e4 opettajasi on merkinnyt varattavaksi. Ohjausaikojen varauksessa sinun pit\u00e4\u00e4 valita ohjausaika, henkil\u00f6 (opettajasi) ja varauksen syy (ohjausaika):<\/p>\n","protected":false},"author":2,"featured_media":0,"parent":0,"menu_order":0,"comment_status":"closed","ping_status":"open","template":"","meta":{"footnotes":""},"class_list":["post-504","page","type-page","status-publish"],"_links":{"self":[{"href":"https:\/\/esamksupport.samk.fi\/ohje\/wp-json\/wp\/v2\/pages\/504","targetHints":{"allow":["GET"]}}],"collection":[{"href":"https:\/\/esamksupport.samk.fi\/ohje\/wp-json\/wp\/v2\/pages"}],"about":[{"href":"https:\/\/esamksupport.samk.fi\/ohje\/wp-json\/wp\/v2\/types\/page"}],"author":[{"embeddable":true,"href":"https:\/\/esamksupport.samk.fi\/ohje\/wp-json\/wp\/v2\/users\/2"}],"replies":[{"embeddable":true,"href":"https:\/\/esamksupport.samk.fi\/ohje\/wp-json\/wp\/v2\/comments?post=504"}],"version-history":[{"count":2,"href":"https:\/\/esamksupport.samk.fi\/ohje\/wp-json\/wp\/v2\/pages\/504\/revisions"}],"predecessor-version":[{"id":2539,"href":"https:\/\/esamksupport.samk.fi\/ohje\/wp-json\/wp\/v2\/pages\/504\/revisions\/2539"}],"wp:attachment":[{"href":"https:\/\/esamksupport.samk.fi\/ohje\/wp-json\/wp\/v2\/media?parent=504"}],"curies":[{"name":"wp","href":"https:\/\/api.w.org\/{rel}","templated":true}]}}