{"id":525,"date":"2019-06-19T13:13:10","date_gmt":"2019-06-19T10:13:10","guid":{"rendered":"https:\/\/esamksupport.samk.fi\/ohje\/?page_id=525"},"modified":"2021-08-17T12:59:56","modified_gmt":"2021-08-17T09:59:56","slug":"loki-opiskelija-hops","status":"publish","type":"page","link":"https:\/\/esamksupport.samk.fi\/ohje\/loki-opiskelija-hops\/","title":{"rendered":"Loki > Opiskelija > HOPS"},"content":{"rendered":"\n\n\t<p>HOPS eli henkil\u00f6kohtainen opintosuunnitelmasi n\u00e4ytt\u00e4\u00e4 sinulle nykyisen opetussuunnitelmasi rakenteen ja ohjaa sinua opinnoissasi. HOPS kautta n\u00e4et suorituksesi, ilmoittautumisesi, arvioinnit ja opiskelutahtisi.<\/p>\n\n<p>Tarkastelu-n\u00e4kym\u00e4st\u00e4 n\u00e4et opetussuunnitelman mit\u00e4 seuraat (oletuksena tutkinto-ohjelmasi opetussuunnitelma), t\u00e4ss\u00e4 INOPS18PR eli International Business OPS 2018 P\u00e4iv\u00e4 Rauma. Opintolistauksessa opintojakson laajuuden, ilmoittautumisen tilan (violetit laatikot) ja suorituksen arvosanan laajuuden oikealla puolella kun t\u00e4m\u00e4 on merkitty.<\/p>\n<p>Vasemmassa sarakkeessa n\u00e4et valitut opintopisteet tutkinto-ohjelman vaatimusta kohden (tradenomilla t\u00e4ss\u00e4 tapauksessa 210 opintopistett\u00e4), suoritetut opintopisteet ja n\u00e4iden keskiarvo sek\u00e4 opintosuoritteen tulostuspainikkeen.<\/p>\n<p>N\u00e4et opintojesi etenemisen nykyisen opintosuunnitelmasi mukaisesti my\u00f6s opiskelijan ty\u00f6p\u00f6yd\u00e4n etusivulta k\u00e4tev\u00e4sti:<\/p>\n\n\n","protected":false},"excerpt":{"rendered":"<p>HOPS eli henkil\u00f6kohtainen opintosuunnitelmasi n\u00e4ytt\u00e4\u00e4 sinulle nykyisen opetussuunnitelmasi rakenteen ja ohjaa sinua opinnoissasi. HOPS kautta n\u00e4et suorituksesi, ilmoittautumisesi, arvioinnit ja opiskelutahtisi. Tarkastelu-n\u00e4kym\u00e4st\u00e4 n\u00e4et opetussuunnitelman mit\u00e4 seuraat (oletuksena tutkinto-ohjelmasi opetussuunnitelma), t\u00e4ss\u00e4 INOPS18PR eli International Business OPS 2018 P\u00e4iv\u00e4 Rauma. Opintolistauksessa opintojakson laajuuden, ilmoittautumisen tilan (violetit laatikot) ja suorituksen arvosanan laajuuden oikealla puolella kun t\u00e4m\u00e4 on merkitty. Vasemmassa sarakkeessa n\u00e4et valitut opintopisteet tutkinto-ohjelman vaatimusta kohden (tradenomilla t\u00e4ss\u00e4 tapauksessa 210 opintopistett\u00e4), suoritetut opintopisteet ja n\u00e4iden keskiarvo sek\u00e4 opintosuoritteen tulostuspainikkeen. N\u00e4et opintojesi etenemisen nykyisen opintosuunnitelmasi mukaisesti my\u00f6s opiskelijan ty\u00f6p\u00f6yd\u00e4n etusivulta k\u00e4tev\u00e4sti:<\/p>\n","protected":false},"author":2,"featured_media":0,"parent":0,"menu_order":0,"comment_status":"closed","ping_status":"open","template":"","meta":{"footnotes":""},"class_list":["post-525","page","type-page","status-publish"],"_links":{"self":[{"href":"https:\/\/esamksupport.samk.fi\/ohje\/wp-json\/wp\/v2\/pages\/525","targetHints":{"allow":["GET"]}}],"collection":[{"href":"https:\/\/esamksupport.samk.fi\/ohje\/wp-json\/wp\/v2\/pages"}],"about":[{"href":"https:\/\/esamksupport.samk.fi\/ohje\/wp-json\/wp\/v2\/types\/page"}],"author":[{"embeddable":true,"href":"https:\/\/esamksupport.samk.fi\/ohje\/wp-json\/wp\/v2\/users\/2"}],"replies":[{"embeddable":true,"href":"https:\/\/esamksupport.samk.fi\/ohje\/wp-json\/wp\/v2\/comments?post=525"}],"version-history":[{"count":3,"href":"https:\/\/esamksupport.samk.fi\/ohje\/wp-json\/wp\/v2\/pages\/525\/revisions"}],"predecessor-version":[{"id":2557,"href":"https:\/\/esamksupport.samk.fi\/ohje\/wp-json\/wp\/v2\/pages\/525\/revisions\/2557"}],"wp:attachment":[{"href":"https:\/\/esamksupport.samk.fi\/ohje\/wp-json\/wp\/v2\/media?parent=525"}],"curies":[{"name":"wp","href":"https:\/\/api.w.org\/{rel}","templated":true}]}}