{"id":537,"date":"2019-06-19T13:27:57","date_gmt":"2019-06-19T10:27:57","guid":{"rendered":"https:\/\/esamksupport.samk.fi\/ohje\/?page_id=537"},"modified":"2021-08-17T13:12:58","modified_gmt":"2021-08-17T10:12:58","slug":"loki-opiskelija-lukuvuosi-ilmoittautuminen","status":"publish","type":"page","link":"https:\/\/esamksupport.samk.fi\/ohje\/loki-opiskelija-lukuvuosi-ilmoittautuminen\/","title":{"rendered":"Loki &gt; Opiskelija &gt; Lukuvuosi-ilmoittautuminen"},"content":{"rendered":"\n\n<p>Kirjaudu Lokiin Samk-tunnuksillasi. Linkki j\u00e4rjestelm\u00e4\u00e4n: samk.fi -&gt; oikopolut -&gt; loki<\/p>\n<p>Valitse OPINNOT-valikosta kohta Lukuvuosi-ilmoittautuminen<\/p>\n<figure><img loading=\"lazy\" decoding=\"async\" src=\"https:\/\/esamksupport.samk.fi\/ohje\/wp-content\/uploads\/sites\/3\/2021\/07\/loki_lukuvuosi-ilmoittautuminen1-650x350.png\" alt=\"\" width=\"650\" height=\"350\" \/><\/figure>\n<p>Paina Imoittaudu<\/p>\n<figure><img loading=\"lazy\" decoding=\"async\" src=\"https:\/\/esamksupport.samk.fi\/ohje\/wp-content\/uploads\/sites\/3\/2021\/07\/loki_lukuvuosi-ilmoittautuminen2-650x120.png\" alt=\"\" width=\"650\" height=\"120\" \/><\/figure>\n<p>Valitse lukukaudet, joille haluat ilmoittautua ja paina Tallenna<\/p>\n<figure><img loading=\"lazy\" decoding=\"async\" src=\"https:\/\/esamksupport.samk.fi\/ohje\/wp-content\/uploads\/sites\/3\/2021\/07\/loki_lukuvuosi-ilmoittautuminen3-650x300.png\" alt=\"\" width=\"650\" height=\"300\" \/><\/figure>\n\n","protected":false},"excerpt":{"rendered":"<p>Kirjaudu Lokiin Samk-tunnuksillasi. Linkki j\u00e4rjestelm\u00e4\u00e4n: samk.fi -&gt; oikopolut -&gt; loki Valitse OPINNOT-valikosta kohta Lukuvuosi-ilmoittautuminen Paina Imoittaudu Valitse lukukaudet, joille haluat ilmoittautua ja paina Tallenna<\/p>\n","protected":false},"author":2,"featured_media":0,"parent":0,"menu_order":0,"comment_status":"closed","ping_status":"open","template":"","meta":{"footnotes":""},"class_list":["post-537","page","type-page","status-publish"],"_links":{"self":[{"href":"https:\/\/esamksupport.samk.fi\/ohje\/wp-json\/wp\/v2\/pages\/537","targetHints":{"allow":["GET"]}}],"collection":[{"href":"https:\/\/esamksupport.samk.fi\/ohje\/wp-json\/wp\/v2\/pages"}],"about":[{"href":"https:\/\/esamksupport.samk.fi\/ohje\/wp-json\/wp\/v2\/types\/page"}],"author":[{"embeddable":true,"href":"https:\/\/esamksupport.samk.fi\/ohje\/wp-json\/wp\/v2\/users\/2"}],"replies":[{"embeddable":true,"href":"https:\/\/esamksupport.samk.fi\/ohje\/wp-json\/wp\/v2\/comments?post=537"}],"version-history":[{"count":5,"href":"https:\/\/esamksupport.samk.fi\/ohje\/wp-json\/wp\/v2\/pages\/537\/revisions"}],"predecessor-version":[{"id":2566,"href":"https:\/\/esamksupport.samk.fi\/ohje\/wp-json\/wp\/v2\/pages\/537\/revisions\/2566"}],"wp:attachment":[{"href":"https:\/\/esamksupport.samk.fi\/ohje\/wp-json\/wp\/v2\/media?parent=537"}],"curies":[{"name":"wp","href":"https:\/\/api.w.org\/{rel}","templated":true}]}}