{"id":538,"date":"2019-06-19T13:29:01","date_gmt":"2019-06-19T10:29:01","guid":{"rendered":"https:\/\/esamksupport.samk.fi\/ohje\/?page_id=538"},"modified":"2021-08-17T13:11:42","modified_gmt":"2021-08-17T10:11:42","slug":"loki-opiskelija-omat-tiedot","status":"publish","type":"page","link":"https:\/\/esamksupport.samk.fi\/ohje\/loki-opiskelija-omat-tiedot\/","title":{"rendered":"Loki &gt; Opiskelija &gt; Omat tiedot"},"content":{"rendered":"\n\n\t<p>Omat tietosi l\u00f6ytyv\u00e4t oikeasta yl\u00e4nurkasta, nimesi alta l\u00f6ytyv\u00e4n valikon &#8221;Asetukset&#8221; -kohdasta.<\/p>\n<figure><img loading=\"lazy\" decoding=\"async\" src=\"https:\/\/esamksupport.samk.fi\/ohje\/wp-content\/uploads\/sites\/3\/2021\/07\/loki_omat_tiedot1-800x346.png\" sizes=\"auto, (max-width: 800px) 100vw, 800px\" srcset=\"https:\/\/esamksupport.samk.fi\/ohje\/wp-content\/uploads\/sites\/3\/2021\/07\/loki_omat_tiedot1.png 800w, https:\/\/esamksupport.samk.fi\/ohje\/wp-content\/uploads\/sites\/3\/2021\/07\/loki_omat_tiedot1-768x332.png 768w\" alt=\"\" width=\"800\" height=\"346\" \/><\/figure>\n<p>Oman nimesi alta voit tarkistaa henkil\u00f6tietosi, sek\u00e4 muokata yhteystietojasi, tietojesi luovutuslupia ja tietoja l\u00e4hiomaisistasi.<\/p>\n<figure><img loading=\"lazy\" decoding=\"async\" src=\"https:\/\/esamksupport.samk.fi\/ohje\/wp-content\/uploads\/sites\/3\/2021\/07\/loki_omat_tiedot2-800x339.png\" sizes=\"auto, (max-width: 800px) 100vw, 800px\" srcset=\"https:\/\/esamksupport.samk.fi\/ohje\/wp-content\/uploads\/sites\/3\/2021\/07\/loki_omat_tiedot2.png 800w, https:\/\/esamksupport.samk.fi\/ohje\/wp-content\/uploads\/sites\/3\/2021\/07\/loki_omat_tiedot2-768x325.png 768w\" alt=\"\" width=\"800\" height=\"339\" \/><\/figure>\n\n","protected":false},"excerpt":{"rendered":"<p>Omat tietosi l\u00f6ytyv\u00e4t oikeasta yl\u00e4nurkasta, nimesi alta l\u00f6ytyv\u00e4n valikon &#8221;Asetukset&#8221; -kohdasta. Oman nimesi alta voit tarkistaa henkil\u00f6tietosi, sek\u00e4 muokata yhteystietojasi, tietojesi luovutuslupia ja tietoja l\u00e4hiomaisistasi.<\/p>\n","protected":false},"author":2,"featured_media":0,"parent":0,"menu_order":0,"comment_status":"closed","ping_status":"open","template":"","meta":{"footnotes":""},"class_list":["post-538","page","type-page","status-publish"],"_links":{"self":[{"href":"https:\/\/esamksupport.samk.fi\/ohje\/wp-json\/wp\/v2\/pages\/538","targetHints":{"allow":["GET"]}}],"collection":[{"href":"https:\/\/esamksupport.samk.fi\/ohje\/wp-json\/wp\/v2\/pages"}],"about":[{"href":"https:\/\/esamksupport.samk.fi\/ohje\/wp-json\/wp\/v2\/types\/page"}],"author":[{"embeddable":true,"href":"https:\/\/esamksupport.samk.fi\/ohje\/wp-json\/wp\/v2\/users\/2"}],"replies":[{"embeddable":true,"href":"https:\/\/esamksupport.samk.fi\/ohje\/wp-json\/wp\/v2\/comments?post=538"}],"version-history":[{"count":6,"href":"https:\/\/esamksupport.samk.fi\/ohje\/wp-json\/wp\/v2\/pages\/538\/revisions"}],"predecessor-version":[{"id":2564,"href":"https:\/\/esamksupport.samk.fi\/ohje\/wp-json\/wp\/v2\/pages\/538\/revisions\/2564"}],"wp:attachment":[{"href":"https:\/\/esamksupport.samk.fi\/ohje\/wp-json\/wp\/v2\/media?parent=538"}],"curies":[{"name":"wp","href":"https:\/\/api.w.org\/{rel}","templated":true}]}}