{"id":539,"date":"2019-06-19T13:28:52","date_gmt":"2019-06-19T10:28:52","guid":{"rendered":"https:\/\/esamksupport.samk.fi\/ohje\/?page_id=539"},"modified":"2021-08-17T13:10:43","modified_gmt":"2021-08-17T10:10:43","slug":"loki-opiskelija-toteutusilmoittautuminen","status":"publish","type":"page","link":"https:\/\/esamksupport.samk.fi\/ohje\/loki-opiskelija-toteutusilmoittautuminen\/","title":{"rendered":"Loki &gt; Opiskelija &gt; Toteutusilmoittautuminen"},"content":{"rendered":"\n\n\t\n<p>HOPSilla Ilmoittautumiset v\u00e4lilehti:<\/p>\n\n<strong>Hae Opintoja<\/strong> &#8211; Hae opintoja, joissa ilmoittautuminen k\u00e4ynniss\u00e4<br \/>\n<strong>Kaikki<\/strong> &#8211; HOPS:in opintojen toteutukset<br \/>\n<strong>Omat<\/strong> &#8211; HOPS:in opintojen toteutukset, jotka kohdennettu omille ryhmille\n<p>Hakukriteeri (koodi, opinnon nimi tai sen osa)<\/p>\n\n<p>Hakutulokset<\/p>\n\n<p>Toteutuksen tarkemmat tiedot avautuvat sit\u00e4 klikkaamalla<\/p>\n\n<p>Ilmoittautumispainike on opinnon nimen per\u00e4ss\u00e4:<\/p>\n\n<p>Ilmoittautumisen peruminen<\/p>\n<p>Voit perua ilmoittautumisen seuraavasti, <strong>jos opettaja ei ole sinua toteutukselle hyv\u00e4ksynyt<\/strong>:<\/p>\n<p>Mene ilmoittautumiset v\u00e4lilehdelle ja siell\u00e4 osioon &#8221;Ilmoittautumiset&#8221;<\/p>\n<p>Rivin lopussa on &#8221;Peruuta&#8221;-painike niill\u00e4 toteutuksilla, joihin olet ilmoittautunut ja joihin sinua ei ole viel\u00e4 hyv\u00e4ksytty.<\/p>\n\n<p>Klikkaa&#8221;Peruuta&#8221;-painiketta ja hyv\u00e4ksy poistaminen.<\/p>\n\n\n\n","protected":false},"excerpt":{"rendered":"<p>HOPSilla Ilmoittautumiset v\u00e4lilehti: Hae Opintoja &#8211; Hae opintoja, joissa ilmoittautuminen k\u00e4ynniss\u00e4 Kaikki &#8211; HOPS:in opintojen toteutukset Omat &#8211; HOPS:in opintojen toteutukset, jotka kohdennettu omille ryhmille Hakukriteeri (koodi, opinnon nimi tai sen osa) Hakutulokset Toteutuksen tarkemmat tiedot avautuvat sit\u00e4 klikkaamalla Ilmoittautumispainike on opinnon nimen per\u00e4ss\u00e4: Ilmoittautumisen peruminen Voit perua ilmoittautumisen seuraavasti, jos opettaja ei ole sinua toteutukselle hyv\u00e4ksynyt: Mene ilmoittautumiset v\u00e4lilehdelle ja siell\u00e4 osioon &#8221;Ilmoittautumiset&#8221; Rivin lopussa on &#8221;Peruuta&#8221;-painike niill\u00e4 toteutuksilla, joihin olet ilmoittautunut ja joihin sinua ei ole viel\u00e4 hyv\u00e4ksytty. Klikkaa&#8221;Peruuta&#8221;-painiketta ja hyv\u00e4ksy poistaminen.<\/p>\n","protected":false},"author":2,"featured_media":0,"parent":0,"menu_order":0,"comment_status":"closed","ping_status":"open","template":"","meta":{"footnotes":""},"class_list":["post-539","page","type-page","status-publish"],"_links":{"self":[{"href":"https:\/\/esamksupport.samk.fi\/ohje\/wp-json\/wp\/v2\/pages\/539","targetHints":{"allow":["GET"]}}],"collection":[{"href":"https:\/\/esamksupport.samk.fi\/ohje\/wp-json\/wp\/v2\/pages"}],"about":[{"href":"https:\/\/esamksupport.samk.fi\/ohje\/wp-json\/wp\/v2\/types\/page"}],"author":[{"embeddable":true,"href":"https:\/\/esamksupport.samk.fi\/ohje\/wp-json\/wp\/v2\/users\/2"}],"replies":[{"embeddable":true,"href":"https:\/\/esamksupport.samk.fi\/ohje\/wp-json\/wp\/v2\/comments?post=539"}],"version-history":[{"count":10,"href":"https:\/\/esamksupport.samk.fi\/ohje\/wp-json\/wp\/v2\/pages\/539\/revisions"}],"predecessor-version":[{"id":2563,"href":"https:\/\/esamksupport.samk.fi\/ohje\/wp-json\/wp\/v2\/pages\/539\/revisions\/2563"}],"wp:attachment":[{"href":"https:\/\/esamksupport.samk.fi\/ohje\/wp-json\/wp\/v2\/media?parent=539"}],"curies":[{"name":"wp","href":"https:\/\/api.w.org\/{rel}","templated":true}]}}