{"id":56,"date":"2019-06-19T08:11:33","date_gmt":"2019-06-19T05:11:33","guid":{"rendered":"https:\/\/esamksupport.samk.fi\/ohje\/?page_id=56"},"modified":"2024-08-22T12:08:37","modified_gmt":"2024-08-22T09:08:37","slug":"moodle-opiskelija-mobiili","status":"publish","type":"page","link":"https:\/\/esamksupport.samk.fi\/ohje\/moodle-opiskelija-mobiili\/","title":{"rendered":"Moodle &gt; Opiskelija &gt; Mobiili"},"content":{"rendered":"\n<p>Moodleen p\u00e4\u00e4see my\u00f6s mobiililaitteilla (Android ja iOS) joko suoraan verkkoselaimen kautta tai mobiilisovelluksella (<strong>Moodle<\/strong> Play ja App Storessa). Verkkoselain on skaalautuva ja muuttuu n\u00e4yt\u00f6n suunnan ja resoluution mukaan, mutta mobiilisovellus on paljon helppok\u00e4ytt\u00f6isempi kuin selain. Kun olet asentanut sovelluksen p\u00e4\u00e4telaitteeseesi, voit m\u00e4\u00e4ritt\u00e4\u00e4 Moodlen seuraavasti:<\/p>\n\n\n\n<p>Kirjoita osoiteriville koko osoite: &#8221;<strong>https:\/\/moodle4x.samk.fi<\/strong>&#8221;.<\/p>\n\n\n\n<figure class=\"wp-block-image is-resized\"><img loading=\"lazy\" decoding=\"async\" width=\"1080\" height=\"2400\" src=\"https:\/\/esamksupport.samk.fi\/ohje\/wp-content\/uploads\/sites\/3\/2021\/07\/moodle3xmobile1.jpg\" alt=\"\" class=\"wp-image-2090\" style=\"width:270px;height:600px\" srcset=\"https:\/\/esamksupport.samk.fi\/ohje\/wp-content\/uploads\/sites\/3\/2021\/07\/moodle3xmobile1.jpg 1080w, https:\/\/esamksupport.samk.fi\/ohje\/wp-content\/uploads\/sites\/3\/2021\/07\/moodle3xmobile1-135x300.jpg 135w, https:\/\/esamksupport.samk.fi\/ohje\/wp-content\/uploads\/sites\/3\/2021\/07\/moodle3xmobile1-461x1024.jpg 461w, https:\/\/esamksupport.samk.fi\/ohje\/wp-content\/uploads\/sites\/3\/2021\/07\/moodle3xmobile1-768x1707.jpg 768w, https:\/\/esamksupport.samk.fi\/ohje\/wp-content\/uploads\/sites\/3\/2021\/07\/moodle3xmobile1-691x1536.jpg 691w, https:\/\/esamksupport.samk.fi\/ohje\/wp-content\/uploads\/sites\/3\/2021\/07\/moodle3xmobile1-922x2048.jpg 922w\" sizes=\"auto, (max-width: 1080px) 100vw, 1080px\" \/><\/figure>\n\n\n\n<p><\/p>\n\n\n\n<p>Valitse &#8221;SAMK Moodle Opintojaksot 2018 -&gt;&#8221; listalta. <\/p>\n\n\n\n<figure class=\"wp-block-image is-resized\"><img loading=\"lazy\" decoding=\"async\" width=\"1080\" height=\"2400\" src=\"https:\/\/esamksupport.samk.fi\/ohje\/wp-content\/uploads\/sites\/3\/2021\/07\/moodle3xmobile2.jpg\" alt=\"\" class=\"wp-image-2091\" style=\"width:270px;height:600px\" srcset=\"https:\/\/esamksupport.samk.fi\/ohje\/wp-content\/uploads\/sites\/3\/2021\/07\/moodle3xmobile2.jpg 1080w, https:\/\/esamksupport.samk.fi\/ohje\/wp-content\/uploads\/sites\/3\/2021\/07\/moodle3xmobile2-135x300.jpg 135w, https:\/\/esamksupport.samk.fi\/ohje\/wp-content\/uploads\/sites\/3\/2021\/07\/moodle3xmobile2-461x1024.jpg 461w, https:\/\/esamksupport.samk.fi\/ohje\/wp-content\/uploads\/sites\/3\/2021\/07\/moodle3xmobile2-768x1707.jpg 768w, https:\/\/esamksupport.samk.fi\/ohje\/wp-content\/uploads\/sites\/3\/2021\/07\/moodle3xmobile2-691x1536.jpg 691w, https:\/\/esamksupport.samk.fi\/ohje\/wp-content\/uploads\/sites\/3\/2021\/07\/moodle3xmobile2-922x2048.jpg 922w\" sizes=\"auto, (max-width: 1080px) 100vw, 1080px\" \/><\/figure>\n\n\n\n<p>HAKA-tunnistaudu valitsemalla Satakunnan ammattikorkeakoulu:<\/p>\n\n\n\n<figure class=\"wp-block-image is-resized\"><img loading=\"lazy\" decoding=\"async\" width=\"1080\" height=\"2400\" src=\"https:\/\/esamksupport.samk.fi\/ohje\/wp-content\/uploads\/sites\/3\/2021\/07\/moodle3xmobile3.jpg\" alt=\"\" class=\"wp-image-2092\" style=\"width:270px;height:600px\" srcset=\"https:\/\/esamksupport.samk.fi\/ohje\/wp-content\/uploads\/sites\/3\/2021\/07\/moodle3xmobile3.jpg 1080w, https:\/\/esamksupport.samk.fi\/ohje\/wp-content\/uploads\/sites\/3\/2021\/07\/moodle3xmobile3-135x300.jpg 135w, https:\/\/esamksupport.samk.fi\/ohje\/wp-content\/uploads\/sites\/3\/2021\/07\/moodle3xmobile3-461x1024.jpg 461w, https:\/\/esamksupport.samk.fi\/ohje\/wp-content\/uploads\/sites\/3\/2021\/07\/moodle3xmobile3-768x1707.jpg 768w, https:\/\/esamksupport.samk.fi\/ohje\/wp-content\/uploads\/sites\/3\/2021\/07\/moodle3xmobile3-691x1536.jpg 691w, https:\/\/esamksupport.samk.fi\/ohje\/wp-content\/uploads\/sites\/3\/2021\/07\/moodle3xmobile3-922x2048.jpg 922w\" sizes=\"auto, (max-width: 1080px) 100vw, 1080px\" \/><\/figure>\n\n\n\n<p>Kirjaudu opiskelijatunnuksillasi j\u00e4rjestelm\u00e4\u00e4n, jolloin p\u00e4\u00e4dyt Moodleen. <\/p>\n\n\n\n<figure class=\"wp-block-image is-resized\"><img loading=\"lazy\" decoding=\"async\" width=\"1080\" height=\"2400\" src=\"https:\/\/esamksupport.samk.fi\/ohje\/wp-content\/uploads\/sites\/3\/2021\/07\/moodle3xmobile4.jpg\" alt=\"\" class=\"wp-image-2093\" style=\"width:270px;height:600px\" srcset=\"https:\/\/esamksupport.samk.fi\/ohje\/wp-content\/uploads\/sites\/3\/2021\/07\/moodle3xmobile4.jpg 1080w, https:\/\/esamksupport.samk.fi\/ohje\/wp-content\/uploads\/sites\/3\/2021\/07\/moodle3xmobile4-135x300.jpg 135w, https:\/\/esamksupport.samk.fi\/ohje\/wp-content\/uploads\/sites\/3\/2021\/07\/moodle3xmobile4-461x1024.jpg 461w, https:\/\/esamksupport.samk.fi\/ohje\/wp-content\/uploads\/sites\/3\/2021\/07\/moodle3xmobile4-768x1707.jpg 768w, https:\/\/esamksupport.samk.fi\/ohje\/wp-content\/uploads\/sites\/3\/2021\/07\/moodle3xmobile4-691x1536.jpg 691w, https:\/\/esamksupport.samk.fi\/ohje\/wp-content\/uploads\/sites\/3\/2021\/07\/moodle3xmobile4-922x2048.jpg 922w\" sizes=\"auto, (max-width: 1080px) 100vw, 1080px\" \/><\/figure>\n\n\n\n<p>Jos lis\u00e4\u00e4t useampia Moodleja (esim. opiskelet toisessa koulussa, joka k\u00e4ytt\u00e4\u00e4 Moodlea) p\u00e4\u00e4dyt sovellusta k\u00e4ynnist\u00e4ess\u00e4 listaan jatkossa, josta valitset Moodlen mihin menn\u00e4:<\/p>\n\n\n\n<p><\/p>\n\n\n\n<p><\/p>\n","protected":false},"excerpt":{"rendered":"<p>Moodleen p\u00e4\u00e4see my\u00f6s mobiililaitteilla (Android ja iOS) joko suoraan verkkoselaimen kautta tai mobiilisovelluksella (Moodle Play ja App Storessa). Verkkoselain on skaalautuva ja muuttuu n\u00e4yt\u00f6n suunnan ja resoluution mukaan, mutta mobiilisovellus on paljon helppok\u00e4ytt\u00f6isempi kuin selain. Kun olet asentanut sovelluksen p\u00e4\u00e4telaitteeseesi, voit m\u00e4\u00e4ritt\u00e4\u00e4 Moodlen seuraavasti: Kirjoita osoiteriville koko osoite: &#8221;https:\/\/moodle4x.samk.fi&#8221;. Valitse &#8221;SAMK Moodle Opintojaksot 2018 -&gt;&#8221; listalta. HAKA-tunnistaudu valitsemalla Satakunnan ammattikorkeakoulu: Kirjaudu opiskelijatunnuksillasi j\u00e4rjestelm\u00e4\u00e4n, jolloin p\u00e4\u00e4dyt Moodleen. Jos lis\u00e4\u00e4t useampia Moodleja (esim. opiskelet toisessa koulussa, joka k\u00e4ytt\u00e4\u00e4 Moodlea) p\u00e4\u00e4dyt sovellusta k\u00e4ynnist\u00e4ess\u00e4 listaan jatkossa, josta valitset Moodlen mihin menn\u00e4:<\/p>\n","protected":false},"author":2,"featured_media":0,"parent":0,"menu_order":0,"comment_status":"closed","ping_status":"open","template":"","meta":{"footnotes":""},"class_list":["post-56","page","type-page","status-publish"],"_links":{"self":[{"href":"https:\/\/esamksupport.samk.fi\/ohje\/wp-json\/wp\/v2\/pages\/56","targetHints":{"allow":["GET"]}}],"collection":[{"href":"https:\/\/esamksupport.samk.fi\/ohje\/wp-json\/wp\/v2\/pages"}],"about":[{"href":"https:\/\/esamksupport.samk.fi\/ohje\/wp-json\/wp\/v2\/types\/page"}],"author":[{"embeddable":true,"href":"https:\/\/esamksupport.samk.fi\/ohje\/wp-json\/wp\/v2\/users\/2"}],"replies":[{"embeddable":true,"href":"https:\/\/esamksupport.samk.fi\/ohje\/wp-json\/wp\/v2\/comments?post=56"}],"version-history":[{"count":12,"href":"https:\/\/esamksupport.samk.fi\/ohje\/wp-json\/wp\/v2\/pages\/56\/revisions"}],"predecessor-version":[{"id":4066,"href":"https:\/\/esamksupport.samk.fi\/ohje\/wp-json\/wp\/v2\/pages\/56\/revisions\/4066"}],"wp:attachment":[{"href":"https:\/\/esamksupport.samk.fi\/ohje\/wp-json\/wp\/v2\/media?parent=56"}],"curies":[{"name":"wp","href":"https:\/\/api.w.org\/{rel}","templated":true}]}}