{"id":59,"date":"2019-06-19T08:12:33","date_gmt":"2019-06-19T05:12:33","guid":{"rendered":"https:\/\/esamksupport.samk.fi\/ohje\/?page_id=59"},"modified":"2021-07-08T13:34:46","modified_gmt":"2021-07-08T10:34:46","slug":"moodle-opiskelija-profiili","status":"publish","type":"page","link":"https:\/\/esamksupport.samk.fi\/ohje\/moodle-opiskelija-profiili\/","title":{"rendered":"Moodle &gt; Opiskelija &gt; Profiili"},"content":{"rendered":"\n<p>Profiilissa pystyt muokkaamaan tietojasi ja esimerkiksi lis\u00e4\u00e4m\u00e4\u00e4n omakuvan profiilitietoihisi, joka on suositeltavaa. Profiilissa n\u00e4et kurssit, joilla olet osallistujana, kirjautumistietosi sek\u00e4 k\u00e4ytt\u00e4j\u00e4tiedot. Voit korjata k\u00e4ytt\u00e4j\u00e4tietojasi manuaalisesti painamalla &#8221;Muokkaa tietoja&#8221; -painiketta.<\/p>\n\n\n\n<p>Omaan profiiliisi p\u00e4\u00e4set helpoiten k\u00e4ytt\u00e4j\u00e4tilisi valikosta sivuston oikeasta yl\u00e4reunasta:<\/p>\n\n\n\n<p><img loading=\"lazy\" decoding=\"async\" width=\"1060\" height=\"324\" class=\"wp-image-2143\" style=\"width: 800px\" src=\"https:\/\/esamksupport.samk.fi\/ohje\/wp-content\/uploads\/sites\/3\/2021\/07\/profiili.png\" alt=\"\" srcset=\"https:\/\/esamksupport.samk.fi\/ohje\/wp-content\/uploads\/sites\/3\/2021\/07\/profiili.png 1060w, https:\/\/esamksupport.samk.fi\/ohje\/wp-content\/uploads\/sites\/3\/2021\/07\/profiili-300x92.png 300w, https:\/\/esamksupport.samk.fi\/ohje\/wp-content\/uploads\/sites\/3\/2021\/07\/profiili-1024x313.png 1024w, https:\/\/esamksupport.samk.fi\/ohje\/wp-content\/uploads\/sites\/3\/2021\/07\/profiili-768x235.png 768w\" sizes=\"auto, (max-width: 1060px) 100vw, 1060px\" \/><\/p>\n\n\n\n<p><\/p>\n","protected":false},"excerpt":{"rendered":"<p>Profiilissa pystyt muokkaamaan tietojasi ja esimerkiksi lis\u00e4\u00e4m\u00e4\u00e4n omakuvan profiilitietoihisi, joka on suositeltavaa. Profiilissa n\u00e4et kurssit, joilla olet osallistujana, kirjautumistietosi sek\u00e4 k\u00e4ytt\u00e4j\u00e4tiedot. Voit korjata k\u00e4ytt\u00e4j\u00e4tietojasi manuaalisesti painamalla &#8221;Muokkaa tietoja&#8221; -painiketta. Omaan profiiliisi p\u00e4\u00e4set helpoiten k\u00e4ytt\u00e4j\u00e4tilisi valikosta sivuston oikeasta yl\u00e4reunasta:<\/p>\n","protected":false},"author":2,"featured_media":0,"parent":0,"menu_order":0,"comment_status":"closed","ping_status":"open","template":"","meta":{"footnotes":""},"class_list":["post-59","page","type-page","status-publish"],"_links":{"self":[{"href":"https:\/\/esamksupport.samk.fi\/ohje\/wp-json\/wp\/v2\/pages\/59","targetHints":{"allow":["GET"]}}],"collection":[{"href":"https:\/\/esamksupport.samk.fi\/ohje\/wp-json\/wp\/v2\/pages"}],"about":[{"href":"https:\/\/esamksupport.samk.fi\/ohje\/wp-json\/wp\/v2\/types\/page"}],"author":[{"embeddable":true,"href":"https:\/\/esamksupport.samk.fi\/ohje\/wp-json\/wp\/v2\/users\/2"}],"replies":[{"embeddable":true,"href":"https:\/\/esamksupport.samk.fi\/ohje\/wp-json\/wp\/v2\/comments?post=59"}],"version-history":[{"count":6,"href":"https:\/\/esamksupport.samk.fi\/ohje\/wp-json\/wp\/v2\/pages\/59\/revisions"}],"predecessor-version":[{"id":2161,"href":"https:\/\/esamksupport.samk.fi\/ohje\/wp-json\/wp\/v2\/pages\/59\/revisions\/2161"}],"wp:attachment":[{"href":"https:\/\/esamksupport.samk.fi\/ohje\/wp-json\/wp\/v2\/media?parent=59"}],"curies":[{"name":"wp","href":"https:\/\/api.w.org\/{rel}","templated":true}]}}