{"id":61,"date":"2019-06-19T08:12:55","date_gmt":"2019-06-19T05:12:55","guid":{"rendered":"https:\/\/esamksupport.samk.fi\/ohje\/?page_id=61"},"modified":"2021-07-08T15:10:55","modified_gmt":"2021-07-08T12:10:55","slug":"moodle-opiskelija-kurssihaku","status":"publish","type":"page","link":"https:\/\/esamksupport.samk.fi\/ohje\/moodle-opiskelija-kurssihaku\/","title":{"rendered":"Moodle &gt; Opiskelija &gt; Kurssihaku"},"content":{"rendered":"\n<p>Opintojakson toteutuksen l\u00f6yd\u00e4t joko yl\u00e4palkin &#8221;Etsi kursseja&#8221; -toiminnolla tai kotisivun kurssikategorioita selaamalla.<\/p>\n\n\n\n<p><img loading=\"lazy\" decoding=\"async\" width=\"1060\" height=\"1548\" class=\"wp-image-2179\" style=\"width: 800px\" src=\"https:\/\/esamksupport.samk.fi\/ohje\/wp-content\/uploads\/sites\/3\/2021\/07\/kurssihaku.png\" alt=\"\" srcset=\"https:\/\/esamksupport.samk.fi\/ohje\/wp-content\/uploads\/sites\/3\/2021\/07\/kurssihaku.png 1060w, https:\/\/esamksupport.samk.fi\/ohje\/wp-content\/uploads\/sites\/3\/2021\/07\/kurssihaku-205x300.png 205w, https:\/\/esamksupport.samk.fi\/ohje\/wp-content\/uploads\/sites\/3\/2021\/07\/kurssihaku-701x1024.png 701w, https:\/\/esamksupport.samk.fi\/ohje\/wp-content\/uploads\/sites\/3\/2021\/07\/kurssihaku-768x1122.png 768w, https:\/\/esamksupport.samk.fi\/ohje\/wp-content\/uploads\/sites\/3\/2021\/07\/kurssihaku-1052x1536.png 1052w\" sizes=\"auto, (max-width: 1060px) 100vw, 1060px\" \/><\/p>\n\n\n\n<p><\/p>\n","protected":false},"excerpt":{"rendered":"<p>Opintojakson toteutuksen l\u00f6yd\u00e4t joko yl\u00e4palkin &#8221;Etsi kursseja&#8221; -toiminnolla tai kotisivun kurssikategorioita selaamalla.<\/p>\n","protected":false},"author":2,"featured_media":0,"parent":0,"menu_order":0,"comment_status":"closed","ping_status":"open","template":"","meta":{"footnotes":""},"class_list":["post-61","page","type-page","status-publish"],"_links":{"self":[{"href":"https:\/\/esamksupport.samk.fi\/ohje\/wp-json\/wp\/v2\/pages\/61","targetHints":{"allow":["GET"]}}],"collection":[{"href":"https:\/\/esamksupport.samk.fi\/ohje\/wp-json\/wp\/v2\/pages"}],"about":[{"href":"https:\/\/esamksupport.samk.fi\/ohje\/wp-json\/wp\/v2\/types\/page"}],"author":[{"embeddable":true,"href":"https:\/\/esamksupport.samk.fi\/ohje\/wp-json\/wp\/v2\/users\/2"}],"replies":[{"embeddable":true,"href":"https:\/\/esamksupport.samk.fi\/ohje\/wp-json\/wp\/v2\/comments?post=61"}],"version-history":[{"count":3,"href":"https:\/\/esamksupport.samk.fi\/ohje\/wp-json\/wp\/v2\/pages\/61\/revisions"}],"predecessor-version":[{"id":2181,"href":"https:\/\/esamksupport.samk.fi\/ohje\/wp-json\/wp\/v2\/pages\/61\/revisions\/2181"}],"wp:attachment":[{"href":"https:\/\/esamksupport.samk.fi\/ohje\/wp-json\/wp\/v2\/media?parent=61"}],"curies":[{"name":"wp","href":"https:\/\/api.w.org\/{rel}","templated":true}]}}