{"id":612,"date":"2019-06-19T14:02:19","date_gmt":"2019-06-19T11:02:19","guid":{"rendered":"https:\/\/esamksupport.samk.fi\/ohje\/?page_id=612"},"modified":"2026-01-26T16:41:58","modified_gmt":"2026-01-26T14:41:58","slug":"hill-opettaja-nauhoitus","status":"publish","type":"page","link":"https:\/\/esamksupport.samk.fi\/ohje\/hill-opettaja-nauhoitus\/","title":{"rendered":"Hill &gt; Opettaja &gt; Nauhoitus"},"content":{"rendered":"\n\n\t<p>Voit halutessasi nauhoittaa HILL huoneesi &#8221;istuntoa&#8221; esimerkiksi ryhm\u00e4t\u00f6iden, esityksien ja luentojen jakamiseksi my\u00f6hemp\u00e4\u00e4 tarkastelua varten. N\u00e4m\u00e4 vaiheet koskevat vain Webex Meeting istuntoja, ei Training. Vain istunnon omistaja, <strong>Host<\/strong>, voi nauhoittaa.<\/p>\n<figure><video src=\"https:\/\/esamksupport.samk.fi\/ohje\/wp-content\/uploads\/sites\/3\/2021\/07\/hillrec2.mp4\" controls=\"controls\" width=\"300\" height=\"150\"><\/video><\/figure>\n<p>Aloita nauhoitus <strong>Record<\/strong>-nappulasta.<\/p>\n<figure><img decoding=\"async\" src=\"https:\/\/esamksupport.samk.fi\/ohje\/wp-content\/uploads\/sites\/3\/2021\/07\/hillrec2-1-570x360-1.jpg\" alt=\"\" \/><\/figure>\n<p>Istunnot tallennetaan oletuksena Cisco Webex pilvipalveluun (record in cloud) .MP4 tiedostomuodossa.<\/p>\n<p>Kun haluat p\u00e4\u00e4tt\u00e4\u00e4 istunnon nauhoittamisen, paina <strong>Stop<\/strong>-painiketta. Tallenne alkaa t\u00e4m\u00e4n j\u00e4lkeen muodostumaan pilvipalveluun, jos t\u00e4m\u00e4 on valittuna tallennuspaikaksi (oletuksena, jos sinulla ei ole tietokonesovellusta asennettuna tai olet mobiililaitteella).<\/p>\n<p>Saat tallenteen valmistumisesta s\u00e4hk\u00f6postia nauhoituslinkill\u00e4. Huomaa, ett\u00e4 tiedoston koosta ja kaistanleveydest\u00e4 riippuen tallenteen vastaanottaminen voi vied\u00e4 jopa 24 tuntia.<\/p>\nL\u00f6yd\u00e4t tallenteesi my\u00f6s kirjautumalla <a href=\"https:\/\/hill.webex.com\" target=\"_blank\" rel=\"noreferrer noopener\">https:\/\/hill.webex.com<\/a> (opiskelijat <a href=\"https:\/\/eduhill.webex.com\" target=\"_blank\" rel=\"noreferrer noopener\">https:\/\/eduhill.webex.com<\/a>)<br \/>\nValitse vasemmasta navigointipalkista Recordings. Kun kokous p\u00e4\u00e4ttyy, n\u00e4et prosessoitavien nauhoitusten vieress\u00e4 luomisen tilan.\n<figure><img decoding=\"async\" src=\"https:\/\/esamksupport.samk.fi\/ohje\/wp-content\/uploads\/sites\/3\/2021\/07\/hillrec3-570x335-1.jpg\" alt=\"\" \/><\/figure>\n<p>Jos sinulla on Cisco Webex Meetings -ty\u00f6p\u00f6yt\u00e4sovellus, voit my\u00f6s tallentaa nauhoituksen suoraan tietokoneellesi MP4-muodossa.<\/p>\n<p>Jos nauhoitat tietokoneellesi MP4-muodossa, paneelit, kuten Chat-paneeli, ja kaikki tiedostot, jotka jaat tiedostoa Jaa-tiedostoa k\u00e4ytt\u00e4m\u00e4ll\u00e4, eiv\u00e4t sis\u00e4lly nauhoitukseen.<\/p>\n<p><a href=\"https:\/\/help.webex.com\/en-us\/n62735y\/Record-a-Cisco-Webex-Meeting#task_6273EE200F4749934F8A9F7901C7FBC7\" target=\"_blank\" rel=\"noreferrer noopener\">Asiasta lis\u00e4\u00e4 my\u00f6s Cisco Webex Help sivustolla.<\/a><\/p>\n<h4>Tallenteen jakaminen ja lataaminen<\/h4>\n<p>Kun olet tehnyt nauhoitteen ja haluat t\u00e4m\u00e4n jakaa tai ladata l\u00f6yd\u00e4t \u00e4m\u00e4n menem\u00e4ll\u00e4 kirjautumaan <a href=\"http:\/\/eduhill.webex.com\" target=\"_blank\" rel=\"noreferrer noopener\" data-type=\"link\" data-id=\"eduhill.webex.com\">eduhill.webex.com<\/a> (opiskelijat) tai <a href=\"http:\/\/hill.webex.com\" target=\"_blank\" rel=\"noreferrer noopener\">hill.webex.com<\/a> (opettajat) -sivustolle. T\u00e4\u00e4lt\u00e4 l\u00f6yd\u00e4t kohdasta <strong>Recordings<\/strong> kaikki tekem\u00e4si nauhoitteet:<\/p>\n<figure><img decoding=\"async\" src=\"https:\/\/esamksupport.samk.fi\/ohje\/wp-content\/uploads\/sites\/3\/2021\/07\/hillrec5-768x362-1-768x362.jpg\" alt=\"\" \/><\/figure>\n<p>Keskener\u00e4isen nauhoitteen kohdalla lukee generating<strong>..<\/strong> eli nauhoitetta luodaan vasta. Nauhoitteen pituudesta riippuen luominen saattaa kest\u00e4\u00e4 jopa useita tunteja. Sivulta n\u00e4et nauhoitteen p\u00e4iv\u00e4m\u00e4\u00e4r\u00e4n, pituuden, tiedostokoon ja -muodon sek\u00e4 lataus- ja jakamispainikkeet. <strong>Saat kopioitua tallenteen linkin viimeisest\u00e4 kolme palloa -painikkeesta.<\/strong><\/p>\n<p>&nbsp;<\/p>\n<p><strong>Webex-videopalvelun k\u00e4ytt\u00f6 jatkuu hiukan muuttuneena 15.2.2025 alkaen.<\/strong><\/p>\n<p>&nbsp;<\/p>\n<ol>\n<li>Webex-palvelun levytila ei jatkossa ole en\u00e4\u00e4 rajaton, vaan Webex-palvelulle on m\u00e4\u00e4ritelty tiedostokoko, jonka ylitys est\u00e4\u00e4 tallentamisen pilveen kaikilta. T\u00e4m\u00e4 aiheuttaa sen, ett\u00e4 emme voi s\u00e4ilytt\u00e4\u00e4 palvelussa en\u00e4\u00e4 pysyv\u00e4sti videoita.<\/li>\n<li>\u00a0<strong>Elokuun alusta 2025 (1.8.2025) alkaen tallenteita s\u00e4ilytet\u00e4\u00e4n Webex:ss\u00e4 korkeintaan 550 p\u00e4iv\u00e4\u00e4,<\/strong> jonka j\u00e4lkeen ne poistetaan automaattisesti. K\u00e4ytt\u00e4j\u00e4n tulee siirt\u00e4\u00e4 t\u00e4m\u00e4n 550 p\u00e4iv\u00e4n kuluessa my\u00f6hemmin mahdollisesti tarvitsemansa tallenteet omatoimisesti alla kuvattuihin, SAMKin videoiden s\u00e4ilytt\u00e4miseen tarkoitettuihin palveluihin.<\/li>\n<li>Webexiin ei voi en\u00e4\u00e4 ladata videoita tai muita tiedostoja, vaan ne on tallennettava alla kuvattuihin SAMKin videopalveluihin ja jaettava sielt\u00e4 tarvittaessa. Moodle ei ole videoille oikea sijoituspaikka. Ne kasvattavat Moodlen koon hallitsemattomasti ja aiheuttavat v\u00e4lill\u00e4 Moodlen k\u00e4ytt\u00f6\u00f6n ennalta arvaamattomia ongelmia.<\/li>\n<li>Tallenteita s\u00e4ilytet\u00e4\u00e4n k\u00e4ytt\u00e4j\u00e4n Webex-tilill\u00e4 vain\u00a0<strong>1 kk<\/strong>\u00a0<strong>ty\u00f6suhteen p\u00e4\u00e4ttymisen j\u00e4lkeen<\/strong>. Mik\u00e4li tallenteita on tarpeen s\u00e4ilytt\u00e4\u00e4 t\u00e4m\u00e4n j\u00e4lkeen, on ne siirrett\u00e4v\u00e4 alla kuvattuihin videopalveluihin tarvittavalla jakelulaajuudella ja palvelun valinnalla.<\/li>\n<\/ol>\n<p>&nbsp;<\/p>\n<p><strong>SAMKin videopalvelut<\/strong><\/p>\n<p>1.Henkil\u00f6kohtainen OneDrive<\/p>\n<p>Henkil\u00f6kohtaiseen OneDrive-kansioon tallennetaan ne videot, joita ei anneta muun henkil\u00f6kunnan k\u00e4ytt\u00f6\u00f6n my\u00f6hemmin, mutta niit\u00e4 tarvitaan enemm\u00e4n kuin Webexiss\u00e4 s\u00e4ilytett\u00e4v\u00e4t 365 p\u00e4iv\u00e4\u00e4. N\u00e4it\u00e4 voivat olla esimerkiksi luento-, kokous- tms. tallenteet, jotka ovat ns. Ei-kertak\u00e4ytt\u00f6isi\u00e4 tai sellaisia, ett\u00e4 niit\u00e4 on tarvetta jakaa my\u00f6hemmin uudelleen (esim. Useammalle opetusryhm\u00e4lle). Ne jaetaan k\u00e4ytt\u00f6\u00f6n esimerkiksi opiskelijaryhm\u00e4lle OneDrive-linkin kautta.<\/p>\n<p>2. SAMKin videoportaali<\/p>\n<p>Jos kyseess\u00e4 on video, jota k\u00e4ytt\u00e4\u00e4 useampi henkil\u00f6 tai video on tuotettu useamman henkil\u00f6n yhteisty\u00f6ss\u00e4 ja se on laajemmassa jakelussa (esimerkiksi hankkeissa, yhteisty\u00f6projekteissa, useammassa opetustoteutuksessa, jne.), tallennetaan SAMKin videoportaaliin, josta se on jaettavissa linkin kautta.<\/p>\n<p>Jotta henkil\u00f6kunta voi tallentaa videon SAMKin videoportaaliin, on h\u00e4nen ensin pyydett\u00e4v\u00e4 k\u00e4ytt\u00f6\u00f6ns\u00e4 kansio SAMKin videoportaaliin. T\u00e4m\u00e4 tapahtuu ServiceDeskiss\u00e4: Osio: ICT -services: Video recordings support.<\/p>\n<p>Ohjeet:\u00a0<a href=\"https:\/\/staff-info.samk.fi\/office365\/sharepoint\/samk-videoportaali-videot-hillista-videoportaaliin\/\">https:\/\/staff-info.samk.fi\/office365\/sharepoint\/samk-videoportaali-videot-hillista-videoportaaliin\/<\/a>\u00a0(kirjautuminen SAMK-ID:ll\u00e4 ollessasi muissa kuin SAMKin verkossa)<\/p>\n<p>3. SAMKin videoarkisto<\/p>\n<p>SAMKin videoarkistoon siirret\u00e4\u00e4n vanhentuneet, mutta edelleen s\u00e4ilytyst\u00e4 vaativat videot. T\u00e4m\u00e4 koskee esimerkiksi hankkeissa tuotettuja, mutta s\u00e4ilytysajan sis\u00e4lt\u00e4vi\u00e4 videoita. Videoille on m\u00e4\u00e4ritelt\u00e4v\u00e4 my\u00f6s viimeinen s\u00e4ilytysp\u00e4iv\u00e4m\u00e4\u00e4r\u00e4.<\/p>\n<p>Videot tallennetaan SAMKin videoarkistoon kuten videoportaaliinkin ja pyynt\u00f6 kansiosta SAMKin videoarkistoon tehd\u00e4\u00e4n ServiceDeskiss\u00e4: Osio: ICT -services: Video recordings support. HUOM! Videoarkistossa olevat videot ovat vain SAMKin sis\u00e4isess\u00e4 k\u00e4yt\u00f6ss\u00e4.<\/p>\n\n","protected":false},"excerpt":{"rendered":"<p>Voit halutessasi nauhoittaa HILL huoneesi &#8221;istuntoa&#8221; esimerkiksi ryhm\u00e4t\u00f6iden, esityksien ja luentojen jakamiseksi my\u00f6hemp\u00e4\u00e4 tarkastelua varten. N\u00e4m\u00e4 vaiheet koskevat vain Webex Meeting istuntoja, ei Training. Vain istunnon omistaja, Host, voi nauhoittaa. Aloita nauhoitus Record-nappulasta. Istunnot tallennetaan oletuksena Cisco Webex pilvipalveluun (record in cloud) .MP4 tiedostomuodossa. Kun haluat p\u00e4\u00e4tt\u00e4\u00e4 istunnon nauhoittamisen, paina Stop-painiketta. Tallenne alkaa t\u00e4m\u00e4n j\u00e4lkeen muodostumaan pilvipalveluun, jos t\u00e4m\u00e4 on valittuna tallennuspaikaksi (oletuksena, jos sinulla ei ole tietokonesovellusta asennettuna tai olet mobiililaitteella). Saat tallenteen valmistumisesta s\u00e4hk\u00f6postia nauhoituslinkill\u00e4. Huomaa, ett\u00e4 tiedoston koosta ja kaistanleveydest\u00e4 riippuen tallenteen vastaanottaminen voi vied\u00e4 jopa 24 tuntia. L\u00f6yd\u00e4t tallenteesi my\u00f6s kirjautumalla https:\/\/hill.webex.com (opiskelijat https:\/\/eduhill.webex.com) Valitse vasemmasta navigointipalkista Recordings. Kun kokous p\u00e4\u00e4ttyy, n\u00e4et prosessoitavien nauhoitusten vieress\u00e4 luomisen tilan. Jos sinulla on Cisco Webex Meetings -ty\u00f6p\u00f6yt\u00e4sovellus, voit my\u00f6s tallentaa nauhoituksen suoraan tietokoneellesi MP4-muodossa. Jos nauhoitat tietokoneellesi MP4-muodossa, paneelit, kuten Chat-paneeli, ja kaikki tiedostot, jotka jaat tiedostoa Jaa-tiedostoa k\u00e4ytt\u00e4m\u00e4ll\u00e4, eiv\u00e4t sis\u00e4lly nauhoitukseen. Asiasta lis\u00e4\u00e4 my\u00f6s Cisco Webex Help sivustolla.&hellip;<\/p>\n<p> <a class=\"more-link\" href=\"https:\/\/esamksupport.samk.fi\/ohje\/hill-opettaja-nauhoitus\/\">Lue Lis\u00e4\u00e4<\/a><\/p>\n","protected":false},"author":2,"featured_media":0,"parent":0,"menu_order":0,"comment_status":"closed","ping_status":"open","template":"","meta":{"footnotes":""},"class_list":["post-612","page","type-page","status-publish"],"_links":{"self":[{"href":"https:\/\/esamksupport.samk.fi\/ohje\/wp-json\/wp\/v2\/pages\/612","targetHints":{"allow":["GET"]}}],"collection":[{"href":"https:\/\/esamksupport.samk.fi\/ohje\/wp-json\/wp\/v2\/pages"}],"about":[{"href":"https:\/\/esamksupport.samk.fi\/ohje\/wp-json\/wp\/v2\/types\/page"}],"author":[{"embeddable":true,"href":"https:\/\/esamksupport.samk.fi\/ohje\/wp-json\/wp\/v2\/users\/2"}],"replies":[{"embeddable":true,"href":"https:\/\/esamksupport.samk.fi\/ohje\/wp-json\/wp\/v2\/comments?post=612"}],"version-history":[{"count":7,"href":"https:\/\/esamksupport.samk.fi\/ohje\/wp-json\/wp\/v2\/pages\/612\/revisions"}],"predecessor-version":[{"id":4172,"href":"https:\/\/esamksupport.samk.fi\/ohje\/wp-json\/wp\/v2\/pages\/612\/revisions\/4172"}],"wp:attachment":[{"href":"https:\/\/esamksupport.samk.fi\/ohje\/wp-json\/wp\/v2\/media?parent=612"}],"curies":[{"name":"wp","href":"https:\/\/api.w.org\/{rel}","templated":true}]}}