{"id":615,"date":"2019-06-19T14:02:38","date_gmt":"2019-06-19T11:02:38","guid":{"rendered":"https:\/\/esamksupport.samk.fi\/ohje\/?page_id=615"},"modified":"2026-03-19T09:13:10","modified_gmt":"2026-03-19T07:13:10","slug":"hill-testisessiot","status":"publish","type":"page","link":"https:\/\/esamksupport.samk.fi\/ohje\/hill-testisessiot\/","title":{"rendered":"Hill &gt; Testisessiot"},"content":{"rendered":"\n\n\t<p><mark>Osoitteessa <a href=\"https:\/\/www.webex.com\/test-meeting.html\" target=\"_blank\" rel=\"noreferrer noopener\">https:\/\/www.webex.com\/test-meeting.html<\/a> on mahdollista suorittaa itsen\u00e4inen testaus milloin tahansa.<\/mark><\/p>\n<h2><strong>Henkil\u00f6kohtaisen huoneen <\/strong>k\u00e4yt\u00f6n testaus<\/h2>\n<p>&nbsp;<\/p>\n<h3>Syksy 2026<\/h3>\n<p><strong>Elokuu<\/strong>:<\/p>\nke 19.8.2026 klo 15-17<br \/>\nto 27.8.2026 klo 15-17\n<p>Testauksessa l\u00e4pik\u00e4yd\u00e4\u00e4n omalla laitteella \u00e4\u00e4nen ja videokameran toiminta, sek\u00e4 testataan oman n\u00e4yt\u00f6n jakaminen muille. T\u00e4\u00e4ll\u00e4 voit testata kaikki laitteesi mit\u00e4 haluat jatkossa hy\u00f6dynt\u00e4\u00e4. My\u00f6s puhelimen ja tabletin k\u00e4ytt\u00f6 on tuettu.<\/p>\n<p>Ohje testaukseen<\/p>\n<p>Kytke headset tietokoneeseen tai mobiililaitteeseen, jolla otat yhteytt\u00e4 testaussessioon. Jos sinulla ei ole headsetia, voit osallistua tapaamiseen my\u00f6s ilman kuulokkeita. T\u00e4ll\u00f6in hae osallistumista varten rauhallinen paikka.<\/p>\n<p>1. Avaa tietokoneella verkkoselain ja mene osoitteeseen<strong>\u00a0<a href=\"https:\/\/hill.webex.com\/meet\/esamk\">https:\/\/hill.webex.com\/meet\/esamk<\/a><\/strong>\u00a0(Meeting nro 846 384 327). Mobiililaitteella asenna laitteesi sovelluskaupasta Webex Meetings.<\/p>\n<p>2. Kirjaudu etu- ja sukunimell\u00e4si ja s\u00e4hk\u00f6postillasi, laita kuvassa n\u00e4kyv\u00e4t merkit ja lopuksi paina <strong>Next<\/strong>.<\/p>\n<figure><img decoding=\"async\" src=\"https:\/\/esamksupport.samk.fi\/ohje\/wp-content\/uploads\/sites\/3\/2022\/01\/hill_guest-508x500.png\" alt=\"\" \/><\/figure>\n<figure><img decoding=\"async\" src=\"https:\/\/esamksupport.samk.fi\/ohje\/wp-content\/uploads\/sites\/3\/2022\/01\/hill_join_as_guest-800x572.png\" alt=\"\" \/><figcaption>Mute\/Unmute -napin reunassa olevasta v\u00e4k\u00e4sest\u00e4 voit vaihtaa k\u00e4ytett\u00e4v\u00e4\u00e4 \u00e4\u00e4nilaitetta. Samoin video-napin v\u00e4k\u00e4sen takaa voit vaihtaa kameraa, jos laitteessasi on useita ja varsinaisesta video-napista valitsemasi kamera avautuu. Join Meeting -napista p\u00e4\u00e4set sis\u00e4\u00e4n tapaamiseen.<\/figcaption><\/figure>\n<p>3. Kokeile tapaamisessa \u00e4\u00e4nien toimivuutta ja jaa my\u00f6s videokuvaa ja ty\u00f6p\u00f6yt\u00e4\u00e4 laitteestasi.<\/p>\n<p>4. <a href=\"https:\/\/esamksupport.samk.fi\/ohje\/hill-osallistuja\/\" target=\"_blank\" rel=\"noreferrer noopener\">Osallistujan ohjeesta<\/a> l\u00f6ytyy apua yleisimpiin ongelmiin.<\/p>\n\n","protected":false},"excerpt":{"rendered":"<p>Osoitteessa https:\/\/www.webex.com\/test-meeting.html on mahdollista suorittaa itsen\u00e4inen testaus milloin tahansa. Henkil\u00f6kohtaisen huoneen k\u00e4yt\u00f6n testaus &nbsp; Syksy 2026 Elokuu: ke 19.8.2026 klo 15-17 to 27.8.2026 klo 15-17 Testauksessa l\u00e4pik\u00e4yd\u00e4\u00e4n omalla laitteella \u00e4\u00e4nen ja videokameran toiminta, sek\u00e4 testataan oman n\u00e4yt\u00f6n jakaminen muille. T\u00e4\u00e4ll\u00e4 voit testata kaikki laitteesi mit\u00e4 haluat jatkossa hy\u00f6dynt\u00e4\u00e4. My\u00f6s puhelimen ja tabletin k\u00e4ytt\u00f6 on tuettu. Ohje testaukseen Kytke headset tietokoneeseen tai mobiililaitteeseen, jolla otat yhteytt\u00e4 testaussessioon. Jos sinulla ei ole headsetia, voit osallistua tapaamiseen my\u00f6s ilman kuulokkeita. T\u00e4ll\u00f6in hae osallistumista varten rauhallinen paikka. 1. Avaa tietokoneella verkkoselain ja mene osoitteeseen\u00a0https:\/\/hill.webex.com\/meet\/esamk\u00a0(Meeting nro 846 384 327). Mobiililaitteella asenna laitteesi sovelluskaupasta Webex Meetings. 2. Kirjaudu etu- ja sukunimell\u00e4si ja s\u00e4hk\u00f6postillasi, laita kuvassa n\u00e4kyv\u00e4t merkit ja lopuksi paina Next. Mute\/Unmute -napin reunassa olevasta v\u00e4k\u00e4sest\u00e4 voit vaihtaa k\u00e4ytett\u00e4v\u00e4\u00e4 \u00e4\u00e4nilaitetta. Samoin video-napin v\u00e4k\u00e4sen takaa voit vaihtaa kameraa, jos laitteessasi on useita ja varsinaisesta video-napista valitsemasi kamera avautuu. Join Meeting -napista p\u00e4\u00e4set sis\u00e4\u00e4n tapaamiseen. 3. Kokeile tapaamisessa&hellip;<\/p>\n<p> <a class=\"more-link\" href=\"https:\/\/esamksupport.samk.fi\/ohje\/hill-testisessiot\/\">Lue Lis\u00e4\u00e4<\/a><\/p>\n","protected":false},"author":2,"featured_media":0,"parent":0,"menu_order":0,"comment_status":"closed","ping_status":"open","template":"","meta":{"footnotes":""},"class_list":["post-615","page","type-page","status-publish"],"_links":{"self":[{"href":"https:\/\/esamksupport.samk.fi\/ohje\/wp-json\/wp\/v2\/pages\/615","targetHints":{"allow":["GET"]}}],"collection":[{"href":"https:\/\/esamksupport.samk.fi\/ohje\/wp-json\/wp\/v2\/pages"}],"about":[{"href":"https:\/\/esamksupport.samk.fi\/ohje\/wp-json\/wp\/v2\/types\/page"}],"author":[{"embeddable":true,"href":"https:\/\/esamksupport.samk.fi\/ohje\/wp-json\/wp\/v2\/users\/2"}],"replies":[{"embeddable":true,"href":"https:\/\/esamksupport.samk.fi\/ohje\/wp-json\/wp\/v2\/comments?post=615"}],"version-history":[{"count":11,"href":"https:\/\/esamksupport.samk.fi\/ohje\/wp-json\/wp\/v2\/pages\/615\/revisions"}],"predecessor-version":[{"id":4173,"href":"https:\/\/esamksupport.samk.fi\/ohje\/wp-json\/wp\/v2\/pages\/615\/revisions\/4173"}],"wp:attachment":[{"href":"https:\/\/esamksupport.samk.fi\/ohje\/wp-json\/wp\/v2\/media?parent=615"}],"curies":[{"name":"wp","href":"https:\/\/api.w.org\/{rel}","templated":true}]}}