{"id":616,"date":"2019-06-19T14:02:47","date_gmt":"2019-06-19T11:02:47","guid":{"rendered":"https:\/\/esamksupport.samk.fi\/ohje\/?page_id=616"},"modified":"2024-07-17T11:35:56","modified_gmt":"2024-07-17T08:35:56","slug":"hill-opettaja-oma-huone","status":"publish","type":"page","link":"https:\/\/esamksupport.samk.fi\/ohje\/hill-opettaja-oma-huone\/","title":{"rendered":"Hill &gt; Opettaja &gt; Oma huone"},"content":{"rendered":"\n<h4 class=\"wp-block-heading\">Tunnus:<\/h4>\n\n\n\n<p>Henkil\u00f6kunnan omat huoneet ovat osoitteessa <a rel=\"noreferrer noopener\" href=\"https:\/\/hill.webex.com\" target=\"_blank\">https:\/\/hill.webex.com<\/a> ja sinne kirjaudutaan Office 365 -tilill\u00e4.<\/p>\n\n\n\n<p>Opiskelijoiden huoneiden ohjeistus l\u00f6ytyy <a href=\"https:\/\/esamksupport.samk.fi\/ohje\/hill-opiskelija-omahuone\/\" target=\"_blank\" rel=\"noreferrer noopener\">t\u00e4\u00e4lt\u00e4<\/a>.<\/p>\n\n\n\n<h4 class=\"wp-block-heading\">K\u00e4ynnistys ensimm\u00e4isen kerran:<\/h4>\n\n\n\n<p class=\"has-black-color has-text-color\">Valitse ensimm\u00e4isell\u00e4 kerralla Webex kirjautuminen ja klikkaa Log In -sivulla <strong>Sign up<\/strong>. Kirjaa avautuvalle lomakkeelle nimesi ja samk.fi s\u00e4hk\u00f6postisi ja klikkaa <strong>Sign up now<\/strong>.<\/p>\n\n\n\n<p class=\"has-black-color has-text-color\">Kun saat vahvistuksen tunnuksestasi s\u00e4hk\u00f6postiin, voit jatkossa kirjautua sis\u00e4\u00e4n Office 365 -tilill\u00e4si. Kun tunnuksesi on valmis, kirjaudu (Sign In) osoitteessa <a href=\"https:\/\/hill.webex.com\">https:\/\/hill.webex.com<\/a> Office 365 -tilill\u00e4.<\/p>\n\n\n\n<p class=\"has-black-color has-text-color\">Omassa n\u00e4kym\u00e4ss\u00e4si nimesi alla n\u00e4et oman \u201dhuoneesi\u201d verkko-osoitteen, jonka voit jakaa osallistujille. Huoneesi verkko-osoite on yleens\u00e4 muotoa <span class=\"has-inline-color has-vivid-cyan-blue-color\">https:\/\/hill.webex.com\/meet\/etunimi.sukunimi<\/span>.<\/p>\n\n\n\n<p>Osoitteen alla on mainittu my\u00f6s muut tavat (<strong>More ways to join<\/strong>), jolla k\u00e4ytt\u00e4j\u00e4t voivat tulla mm. mobiilisti huoneeseesi. <\/p>\n\n\n\n<p>K\u00e4ynnist\u00e4 huoneesi omassa n\u00e4kym\u00e4ss\u00e4si kohdasta <strong>Start a Meeting<\/strong>. N\u00e4et kyseisest\u00e4 painikkeesta onko sinulla k\u00e4yt\u00f6ss\u00e4si ty\u00f6p\u00f6yt\u00e4sovellusta (Use desktop app). Kun k\u00e4ynnist\u00e4t huonettasi ensimm\u00e4isen kerran ohjelma pyyt\u00e4\u00e4 asentamaan Webex Meetings app sovelluksen.<img loading=\"lazy\" decoding=\"async\" width=\"800\" height=\"193\" class=\"wp-image-2252\" style=\"width: 800px\" src=\"https:\/\/esamksupport.samk.fi\/ohje\/wp-content\/uploads\/sites\/3\/2021\/07\/personalroom.png\" alt=\"\" srcset=\"https:\/\/esamksupport.samk.fi\/ohje\/wp-content\/uploads\/sites\/3\/2021\/07\/personalroom.png 800w, https:\/\/esamksupport.samk.fi\/ohje\/wp-content\/uploads\/sites\/3\/2021\/07\/personalroom-300x72.png 300w, https:\/\/esamksupport.samk.fi\/ohje\/wp-content\/uploads\/sites\/3\/2021\/07\/personalroom-768x185.png 768w\" sizes=\"auto, (max-width: 800px) 100vw, 800px\" \/><\/p>\n\n\n\n<p>Voit jatkossa k\u00e4ynnist\u00e4\u00e4 huoneesi suoraan tietokoneen ty\u00f6p\u00f6yt\u00e4kuvakkeesta. <img loading=\"lazy\" decoding=\"async\" width=\"75\" height=\"85\" class=\"wp-image-2255\" style=\"width: 75px\" src=\"https:\/\/esamksupport.samk.fi\/ohje\/wp-content\/uploads\/sites\/3\/2021\/07\/webex_icon.png\" alt=\"\"><\/p>\n\n\n\n<p>Kuvan, \u00e4\u00e4nen ja ty\u00f6p\u00f6yd\u00e4n jakamiseen l\u00f6yd\u00e4t ohjeita <a href=\"https:\/\/esamksupport.samk.fi\/ohje\/hill-osallistuja#aanen-yhdistaminen\" data-type=\"URL\" data-id=\"https:\/\/esamksupport.samk.fi\/ohje\/hill-osallistuja#aanen-yhdistaminen\" target=\"_blank\" rel=\"noreferrer noopener\">t\u00e4\u00e4lt\u00e4<\/a>.<\/p>\n\n\n\n<p>Ohjeet istunnon nauhoittamiseen l\u00f6yd\u00e4t <a href=\"https:\/\/esamksupport.samk.fi\/ohje\/hill-opiskelija-nauhoitus\/\" data-type=\"URL\" data-id=\"https:\/\/esamksupport.samk.fi\/ohje\/hill-opiskelija-nauhoitus\/\" target=\"_blank\" rel=\"noreferrer noopener\">t\u00e4\u00e4lt\u00e4<\/a>.<\/p>\n\n\n\n<p><\/p>\n\n\n\n<h4 class=\"wp-block-heading\">Huomioitavaa osallistujien mikrofoneista:<\/h4>\n\n\n\n<p>Esityksen aikana istunnon pit\u00e4j\u00e4n kannattaa pit\u00e4\u00e4 osallistujien mikrofonit suljettuina, jotta kohina ja ylim\u00e4\u00e4r\u00e4iset \u00e4\u00e4net, eiv\u00e4t heikenn\u00e4 puhujan \u00e4\u00e4nen laatua ja johda huonoon tallenteeseen.<\/p>\n\n\n\n<p>Istunnon vet\u00e4j\u00e4 eli <strong>Host<\/strong> voi sulkea istunnossa olevien mikrofonit <strong>Participants -ikkunan<\/strong> alareunan valikkorivin kohdasta <strong>Mute all<\/strong>, jolloin kaikki istunnossa olevat mykistyv\u00e4t. Istunnon pit\u00e4j\u00e4 voi mykist\u00e4\u00e4 mikrofoneja my\u00f6s yksitellen painelemalla osallistujalistasta (Participants) mikrofonikuvakkeita punaisiksi.<\/p>\n\n\n\n<p><img loading=\"lazy\" decoding=\"async\" width=\"457\" height=\"599\" class=\"wp-image-2344\" style=\"width: 457px\" src=\"https:\/\/esamksupport.samk.fi\/ohje\/wp-content\/uploads\/sites\/3\/2021\/07\/hill_mute_mic.png\" alt=\"\" srcset=\"https:\/\/esamksupport.samk.fi\/ohje\/wp-content\/uploads\/sites\/3\/2021\/07\/hill_mute_mic.png 457w, https:\/\/esamksupport.samk.fi\/ohje\/wp-content\/uploads\/sites\/3\/2021\/07\/hill_mute_mic-229x300.png 229w\" sizes=\"auto, (max-width: 457px) 100vw, 457px\" \/><\/p>\n","protected":false},"excerpt":{"rendered":"<p>Tunnus: Henkil\u00f6kunnan omat huoneet ovat osoitteessa https:\/\/hill.webex.com ja sinne kirjaudutaan Office 365 -tilill\u00e4. Opiskelijoiden huoneiden ohjeistus l\u00f6ytyy t\u00e4\u00e4lt\u00e4. K\u00e4ynnistys ensimm\u00e4isen kerran: Valitse ensimm\u00e4isell\u00e4 kerralla Webex kirjautuminen ja klikkaa Log In -sivulla Sign up. Kirjaa avautuvalle lomakkeelle nimesi ja samk.fi s\u00e4hk\u00f6postisi ja klikkaa Sign up now. Kun saat vahvistuksen tunnuksestasi s\u00e4hk\u00f6postiin, voit jatkossa kirjautua sis\u00e4\u00e4n Office 365 -tilill\u00e4si. Kun tunnuksesi on valmis, kirjaudu (Sign In) osoitteessa https:\/\/hill.webex.com Office 365 -tilill\u00e4. Omassa n\u00e4kym\u00e4ss\u00e4si nimesi alla n\u00e4et oman \u201dhuoneesi\u201d verkko-osoitteen, jonka voit jakaa osallistujille. Huoneesi verkko-osoite on yleens\u00e4 muotoa https:\/\/hill.webex.com\/meet\/etunimi.sukunimi. Osoitteen alla on mainittu my\u00f6s muut tavat (More ways to join), jolla k\u00e4ytt\u00e4j\u00e4t voivat tulla mm. mobiilisti huoneeseesi. K\u00e4ynnist\u00e4 huoneesi omassa n\u00e4kym\u00e4ss\u00e4si kohdasta Start a Meeting. N\u00e4et kyseisest\u00e4 painikkeesta onko sinulla k\u00e4yt\u00f6ss\u00e4si ty\u00f6p\u00f6yt\u00e4sovellusta (Use desktop app). Kun k\u00e4ynnist\u00e4t huonettasi ensimm\u00e4isen kerran ohjelma pyyt\u00e4\u00e4 asentamaan Webex Meetings app sovelluksen. Voit jatkossa k\u00e4ynnist\u00e4\u00e4 huoneesi suoraan tietokoneen ty\u00f6p\u00f6yt\u00e4kuvakkeesta. Kuvan, \u00e4\u00e4nen ja ty\u00f6p\u00f6yd\u00e4n jakamiseen l\u00f6yd\u00e4t ohjeita t\u00e4\u00e4lt\u00e4.&hellip;<\/p>\n<p> <a class=\"more-link\" href=\"https:\/\/esamksupport.samk.fi\/ohje\/hill-opettaja-oma-huone\/\">Lue Lis\u00e4\u00e4<\/a><\/p>\n","protected":false},"author":2,"featured_media":0,"parent":0,"menu_order":0,"comment_status":"closed","ping_status":"open","template":"","meta":{"footnotes":""},"class_list":["post-616","page","type-page","status-publish"],"_links":{"self":[{"href":"https:\/\/esamksupport.samk.fi\/ohje\/wp-json\/wp\/v2\/pages\/616","targetHints":{"allow":["GET"]}}],"collection":[{"href":"https:\/\/esamksupport.samk.fi\/ohje\/wp-json\/wp\/v2\/pages"}],"about":[{"href":"https:\/\/esamksupport.samk.fi\/ohje\/wp-json\/wp\/v2\/types\/page"}],"author":[{"embeddable":true,"href":"https:\/\/esamksupport.samk.fi\/ohje\/wp-json\/wp\/v2\/users\/2"}],"replies":[{"embeddable":true,"href":"https:\/\/esamksupport.samk.fi\/ohje\/wp-json\/wp\/v2\/comments?post=616"}],"version-history":[{"count":5,"href":"https:\/\/esamksupport.samk.fi\/ohje\/wp-json\/wp\/v2\/pages\/616\/revisions"}],"predecessor-version":[{"id":3828,"href":"https:\/\/esamksupport.samk.fi\/ohje\/wp-json\/wp\/v2\/pages\/616\/revisions\/3828"}],"wp:attachment":[{"href":"https:\/\/esamksupport.samk.fi\/ohje\/wp-json\/wp\/v2\/media?parent=616"}],"curies":[{"name":"wp","href":"https:\/\/api.w.org\/{rel}","templated":true}]}}