{"id":635,"date":"2019-06-19T14:11:56","date_gmt":"2019-06-19T11:11:56","guid":{"rendered":"https:\/\/esamksupport.samk.fi\/ohje\/?page_id=635"},"modified":"2021-07-14T15:10:05","modified_gmt":"2021-07-14T12:10:05","slug":"hill-opiskelija-nauhoitus","status":"publish","type":"page","link":"https:\/\/esamksupport.samk.fi\/ohje\/hill-opiskelija-nauhoitus\/","title":{"rendered":"Hill &gt; Opiskelija &gt; Nauhoitus"},"content":{"rendered":"\n<h4 class=\"wp-block-heading\">EduHillin tallenteen luominen videona (5 min)<\/h4>\n\n\n\n<figure class=\"wp-block-embed is-type-video is-provider-youtube wp-block-embed-youtube wp-embed-aspect-16-9 wp-has-aspect-ratio\"><div class=\"wp-block-embed__wrapper\">\n<iframe loading=\"lazy\" title=\"EduHill tallenne 5 minuutissa\" width=\"800\" height=\"450\" src=\"https:\/\/www.youtube.com\/embed\/wrOFIzPWaoQ?feature=oembed\" frameborder=\"0\" allow=\"accelerometer; autoplay; clipboard-write; encrypted-media; gyroscope; picture-in-picture\" allowfullscreen><\/iframe>\n<\/div><\/figure>\n\n\n\n<p>Nauhoitus EduHill-palvelussa toimii kuten Hill-palvelussa. Sinun pit\u00e4\u00e4 olla istunnossa (EduHill-huoneessa) aloittaaksesi nauhoituksen. Aloita nauhoitus Recorder nappulasta.<\/p>\n\n\n\n<p><img loading=\"lazy\" decoding=\"async\" width=\"570\" height=\"360\" class=\"wp-image-2263\" style=\"width: 570px\" src=\"https:\/\/esamksupport.samk.fi\/ohje\/wp-content\/uploads\/sites\/3\/2021\/07\/hillrec2-1-570x360-1.jpg\" alt=\"\" srcset=\"https:\/\/esamksupport.samk.fi\/ohje\/wp-content\/uploads\/sites\/3\/2021\/07\/hillrec2-1-570x360-1.jpg 570w, https:\/\/esamksupport.samk.fi\/ohje\/wp-content\/uploads\/sites\/3\/2021\/07\/hillrec2-1-570x360-1-300x189.jpg 300w\" sizes=\"auto, (max-width: 570px) 100vw, 570px\" \/><\/p>\n\n\n\n<p>Istunnot tallennetaan oletuksena Cisco Webex pilvipalveluun (record in cloud) .MP4 tiedostomuodossa.<\/p>\n\n\n\n<p>Kun haluat p\u00e4\u00e4tt\u00e4\u00e4 istunnon nauhoittamisen painat <strong>Stop<\/strong>-painiketta. Tallenne alkaa t\u00e4m\u00e4n j\u00e4lkeen muodostumaan pilvipalveluun, jos t\u00e4m\u00e4 on valittuna tallennuspaikaksi (oletuksena jos sinulla ei ole tietokonesovellusta asennettuna tai olet mobiililaitteella).<\/p>\n\n\n\n<p>Saat tallenteen valmistumisesta s\u00e4hk\u00f6postia nauhoituslinkill\u00e4. Huomaa, ett\u00e4 tiedoston koosta ja kaistanleveydest\u00e4 riippuen tallenteen vastaanottaminen voi vied\u00e4 jopa 24 tuntia.<br>L\u00f6yd\u00e4t tallenteesi my\u00f6s kirjautumalla <a rel=\"noreferrer noopener\" href=\"https:\/\/eduhill.webex.com\" target=\"_blank\">https:\/\/eduhill.webex.com<\/a><br>Valitse Modern View -n\u00e4yt\u00f6ss\u00e4 vasemmasta navigointipalkista Recordings. Kun kokous p\u00e4\u00e4ttyy, n\u00e4et prosessoitavien nauhoitusten vieress\u00e4 luomisen tilan.<\/p>\n\n\n\n<p><img loading=\"lazy\" decoding=\"async\" width=\"570\" height=\"335\" class=\"wp-image-2271\" style=\"width: 570px\" src=\"https:\/\/esamksupport.samk.fi\/ohje\/wp-content\/uploads\/sites\/3\/2021\/07\/hillrec3-570x335-1.jpg\" alt=\"\" srcset=\"https:\/\/esamksupport.samk.fi\/ohje\/wp-content\/uploads\/sites\/3\/2021\/07\/hillrec3-570x335-1.jpg 570w, https:\/\/esamksupport.samk.fi\/ohje\/wp-content\/uploads\/sites\/3\/2021\/07\/hillrec3-570x335-1-300x176.jpg 300w\" sizes=\"auto, (max-width: 570px) 100vw, 570px\" \/><\/p>\n\n\n\n<p>Jos sinulla on Cisco Webex Meetings -ty\u00f6p\u00f6yt\u00e4sovellus, voit my\u00f6s tallentaa suoraan tietokoneellesi MP4-muodossa. Jos nauhoitat tietokoneellesi MP4-muodossa, paneelit, kuten Chat-paneeli, ja kaikki tiedostot, jotka jaat tiedostoa Jaa-tiedostoa k\u00e4ytt\u00e4m\u00e4ll\u00e4, eiv\u00e4t sis\u00e4lly nauhoitukseen.<\/p>\n\n\n\n<p><a rel=\"noreferrer noopener\" href=\"https:\/\/help.webex.com\/en-us\/n62735y\/Record-a-Cisco-Webex-Meeting#task_6273EE200F4749934F8A9F7901C7FBC7\" target=\"_blank\">Asiasta lis\u00e4\u00e4 my\u00f6s Cisco Webex Help sivustolla klikkaa t\u00e4st\u00e4<\/a><\/p>\n\n\n\n<h4 class=\"wp-block-heading\">Tallenteen jakaminen ja lataaminen<\/h4>\n\n\n\n<p>Kun olet tehnyt nauhoitteen ja haluat t\u00e4m\u00e4n jakaa tai ladata l\u00f6yd\u00e4t t\u00e4m\u00e4n kirjautumalla <a rel=\"noreferrer noopener\" href=\"https:\/\/eduhill.webex.com\" target=\"_blank\">https:\/\/eduhill.webex.com<\/a>  -sivustolle. T\u00e4\u00e4lt\u00e4 l\u00f6yd\u00e4t kohdasta <strong>Recordings<\/strong> kaikki tekem\u00e4si nauhoitteet:<\/p>\n\n\n\n<figure class=\"wp-block-image size-large\"><img loading=\"lazy\" decoding=\"async\" width=\"768\" height=\"362\" src=\"https:\/\/esamksupport.samk.fi\/ohje\/wp-content\/uploads\/sites\/3\/2021\/07\/hillrec5-768x362-1-768x362.jpg\" alt=\"\" class=\"wp-image-2274\" \/><\/figure>\n\n\n\n<p>Keskener\u00e4isen nauhoitteen kohdalla lukee generating.. eli nauhoitetta luodaan vasta. Nauhoitteen pituudesta riippuen luominen saattaa kest\u00e4\u00e4 jopa useita tunteja. Sivulta n\u00e4et nauhoitteen p\u00e4iv\u00e4m\u00e4\u00e4r\u00e4n, pituuden, tiedostokoon ja -muodon sek\u00e4 lataus- ja jakamispainikkeet. Saat kopioitua tallenteen linkin viimeisest\u00e4 kolme palloa -painikkeesta.<\/p>\n","protected":false},"excerpt":{"rendered":"<p>EduHillin tallenteen luominen videona (5 min) Nauhoitus EduHill-palvelussa toimii kuten Hill-palvelussa. Sinun pit\u00e4\u00e4 olla istunnossa (EduHill-huoneessa) aloittaaksesi nauhoituksen. Aloita nauhoitus Recorder nappulasta. Istunnot tallennetaan oletuksena Cisco Webex pilvipalveluun (record in cloud) .MP4 tiedostomuodossa. Kun haluat p\u00e4\u00e4tt\u00e4\u00e4 istunnon nauhoittamisen painat Stop-painiketta. Tallenne alkaa t\u00e4m\u00e4n j\u00e4lkeen muodostumaan pilvipalveluun, jos t\u00e4m\u00e4 on valittuna tallennuspaikaksi (oletuksena jos sinulla ei ole tietokonesovellusta asennettuna tai olet mobiililaitteella). Saat tallenteen valmistumisesta s\u00e4hk\u00f6postia nauhoituslinkill\u00e4. Huomaa, ett\u00e4 tiedoston koosta ja kaistanleveydest\u00e4 riippuen tallenteen vastaanottaminen voi vied\u00e4 jopa 24 tuntia.L\u00f6yd\u00e4t tallenteesi my\u00f6s kirjautumalla https:\/\/eduhill.webex.comValitse Modern View -n\u00e4yt\u00f6ss\u00e4 vasemmasta navigointipalkista Recordings. Kun kokous p\u00e4\u00e4ttyy, n\u00e4et prosessoitavien nauhoitusten vieress\u00e4 luomisen tilan. Jos sinulla on Cisco Webex Meetings -ty\u00f6p\u00f6yt\u00e4sovellus, voit my\u00f6s tallentaa suoraan tietokoneellesi MP4-muodossa. Jos nauhoitat tietokoneellesi MP4-muodossa, paneelit, kuten Chat-paneeli, ja kaikki tiedostot, jotka jaat tiedostoa Jaa-tiedostoa k\u00e4ytt\u00e4m\u00e4ll\u00e4, eiv\u00e4t sis\u00e4lly nauhoitukseen. Asiasta lis\u00e4\u00e4 my\u00f6s Cisco Webex Help sivustolla klikkaa t\u00e4st\u00e4 Tallenteen jakaminen ja lataaminen Kun olet tehnyt nauhoitteen ja haluat t\u00e4m\u00e4n&hellip;<\/p>\n<p> <a class=\"more-link\" href=\"https:\/\/esamksupport.samk.fi\/ohje\/hill-opiskelija-nauhoitus\/\">Lue Lis\u00e4\u00e4<\/a><\/p>\n","protected":false},"author":2,"featured_media":0,"parent":0,"menu_order":0,"comment_status":"closed","ping_status":"open","template":"","meta":{"footnotes":""},"class_list":["post-635","page","type-page","status-publish"],"_links":{"self":[{"href":"https:\/\/esamksupport.samk.fi\/ohje\/wp-json\/wp\/v2\/pages\/635","targetHints":{"allow":["GET"]}}],"collection":[{"href":"https:\/\/esamksupport.samk.fi\/ohje\/wp-json\/wp\/v2\/pages"}],"about":[{"href":"https:\/\/esamksupport.samk.fi\/ohje\/wp-json\/wp\/v2\/types\/page"}],"author":[{"embeddable":true,"href":"https:\/\/esamksupport.samk.fi\/ohje\/wp-json\/wp\/v2\/users\/2"}],"replies":[{"embeddable":true,"href":"https:\/\/esamksupport.samk.fi\/ohje\/wp-json\/wp\/v2\/comments?post=635"}],"version-history":[{"count":7,"href":"https:\/\/esamksupport.samk.fi\/ohje\/wp-json\/wp\/v2\/pages\/635\/revisions"}],"predecessor-version":[{"id":2281,"href":"https:\/\/esamksupport.samk.fi\/ohje\/wp-json\/wp\/v2\/pages\/635\/revisions\/2281"}],"wp:attachment":[{"href":"https:\/\/esamksupport.samk.fi\/ohje\/wp-json\/wp\/v2\/media?parent=635"}],"curies":[{"name":"wp","href":"https:\/\/api.w.org\/{rel}","templated":true}]}}