{"id":74,"date":"2019-06-19T08:18:59","date_gmt":"2019-06-19T05:18:59","guid":{"rendered":"https:\/\/esamksupport.samk.fi\/ohje\/?page_id=74"},"modified":"2021-07-08T14:40:26","modified_gmt":"2021-07-08T11:40:26","slug":"moodle-opiskelija-chat","status":"publish","type":"page","link":"https:\/\/esamksupport.samk.fi\/ohje\/moodle-opiskelija-chat\/","title":{"rendered":"Moodle &gt; Opiskelija &gt; Chat"},"content":{"rendered":"\n<p>Chat -toiminto tarkoittaa pikaviestitystoimintoa, joka l\u00f6ytyy uudesta Moodlesta. Voit chatill\u00e4 olla yhteydess\u00e4 muihin Moodlessa oleviin k\u00e4ytt\u00e4jiin. K\u00e4ytt\u00e4jien ei tarvitse olla online-tilassa, jotta heille voi viestitt\u00e4\u00e4. Voit chatill\u00e4 olla esimerkiksi yhteydess\u00e4 muihin opettajiin ja opiskelijoihin opintojaksoihin liittyviss\u00e4 asioissa.<\/p>\n\n\n\n<p>Chat l\u00f6ytyy oikeasta yl\u00e4kulmasta profiilin vierest\u00e4:<img loading=\"lazy\" decoding=\"async\" width=\"1060\" height=\"512\" class=\"wp-image-2170\" style=\"width: 800px\" src=\"https:\/\/esamksupport.samk.fi\/ohje\/wp-content\/uploads\/sites\/3\/2021\/07\/notifikaatio.png\" alt=\"\" srcset=\"https:\/\/esamksupport.samk.fi\/ohje\/wp-content\/uploads\/sites\/3\/2021\/07\/notifikaatio.png 1060w, https:\/\/esamksupport.samk.fi\/ohje\/wp-content\/uploads\/sites\/3\/2021\/07\/notifikaatio-300x145.png 300w, https:\/\/esamksupport.samk.fi\/ohje\/wp-content\/uploads\/sites\/3\/2021\/07\/notifikaatio-1024x495.png 1024w, https:\/\/esamksupport.samk.fi\/ohje\/wp-content\/uploads\/sites\/3\/2021\/07\/notifikaatio-768x371.png 768w\" sizes=\"auto, (max-width: 1060px) 100vw, 1060px\" \/> <\/p>\n\n\n\n<p>Kun chattiin tulee viesti, ilmaantuu punainen viestimerkki chat-kuvakkeen kohdalle. T\u00e4t\u00e4 klikkaamalla aukeaa palkki, josta l\u00f6ytyv\u00e4t saapuneet viestit.<\/p>\n\n\n\n<p><img loading=\"lazy\" decoding=\"async\" width=\"1060\" height=\"511\" class=\"wp-image-2175\" style=\"width: 800px\" src=\"https:\/\/esamksupport.samk.fi\/ohje\/wp-content\/uploads\/sites\/3\/2021\/07\/chat_open.png\" alt=\"\" srcset=\"https:\/\/esamksupport.samk.fi\/ohje\/wp-content\/uploads\/sites\/3\/2021\/07\/chat_open.png 1060w, https:\/\/esamksupport.samk.fi\/ohje\/wp-content\/uploads\/sites\/3\/2021\/07\/chat_open-300x145.png 300w, https:\/\/esamksupport.samk.fi\/ohje\/wp-content\/uploads\/sites\/3\/2021\/07\/chat_open-1024x494.png 1024w, https:\/\/esamksupport.samk.fi\/ohje\/wp-content\/uploads\/sites\/3\/2021\/07\/chat_open-768x370.png 768w\" sizes=\"auto, (max-width: 1060px) 100vw, 1060px\" \/><\/p>\n\n\n\n<p><\/p>\n\n\n\n<p> <\/p>\n","protected":false},"excerpt":{"rendered":"<p>Chat -toiminto tarkoittaa pikaviestitystoimintoa, joka l\u00f6ytyy uudesta Moodlesta. Voit chatill\u00e4 olla yhteydess\u00e4 muihin Moodlessa oleviin k\u00e4ytt\u00e4jiin. K\u00e4ytt\u00e4jien ei tarvitse olla online-tilassa, jotta heille voi viestitt\u00e4\u00e4. Voit chatill\u00e4 olla esimerkiksi yhteydess\u00e4 muihin opettajiin ja opiskelijoihin opintojaksoihin liittyviss\u00e4 asioissa. Chat l\u00f6ytyy oikeasta yl\u00e4kulmasta profiilin vierest\u00e4: Kun chattiin tulee viesti, ilmaantuu punainen viestimerkki chat-kuvakkeen kohdalle. T\u00e4t\u00e4 klikkaamalla aukeaa palkki, josta l\u00f6ytyv\u00e4t saapuneet viestit.<\/p>\n","protected":false},"author":2,"featured_media":0,"parent":0,"menu_order":0,"comment_status":"closed","ping_status":"open","template":"","meta":{"footnotes":""},"class_list":["post-74","page","type-page","status-publish"],"_links":{"self":[{"href":"https:\/\/esamksupport.samk.fi\/ohje\/wp-json\/wp\/v2\/pages\/74","targetHints":{"allow":["GET"]}}],"collection":[{"href":"https:\/\/esamksupport.samk.fi\/ohje\/wp-json\/wp\/v2\/pages"}],"about":[{"href":"https:\/\/esamksupport.samk.fi\/ohje\/wp-json\/wp\/v2\/types\/page"}],"author":[{"embeddable":true,"href":"https:\/\/esamksupport.samk.fi\/ohje\/wp-json\/wp\/v2\/users\/2"}],"replies":[{"embeddable":true,"href":"https:\/\/esamksupport.samk.fi\/ohje\/wp-json\/wp\/v2\/comments?post=74"}],"version-history":[{"count":7,"href":"https:\/\/esamksupport.samk.fi\/ohje\/wp-json\/wp\/v2\/pages\/74\/revisions"}],"predecessor-version":[{"id":2178,"href":"https:\/\/esamksupport.samk.fi\/ohje\/wp-json\/wp\/v2\/pages\/74\/revisions\/2178"}],"wp:attachment":[{"href":"https:\/\/esamksupport.samk.fi\/ohje\/wp-json\/wp\/v2\/media?parent=74"}],"curies":[{"name":"wp","href":"https:\/\/api.w.org\/{rel}","templated":true}]}}