{"id":95,"date":"2019-06-19T08:28:59","date_gmt":"2019-06-19T05:28:59","guid":{"rendered":"https:\/\/esamksupport.samk.fi\/ohje\/?page_id=95"},"modified":"2024-07-18T08:55:14","modified_gmt":"2024-07-18T05:55:14","slug":"moodle-opettaja-huom","status":"publish","type":"page","link":"https:\/\/esamksupport.samk.fi\/ohje\/moodle-opettaja-huom\/","title":{"rendered":"Moodle &gt; Opettaja &gt; Huomioitavaa"},"content":{"rendered":"\n<p>L\u00f6yd\u00e4t yll\u00e4 olevasta valikosta aihe-alueittain ohjeet.<\/p>\n\n\n\n<p>Muista Moodlessa ty\u00f6skennelless\u00e4:<\/p>\n\n\n\n<ul class=\"wp-block-list\">\n<li>Muista v\u00e4litallennukset 5-10 minuutin v\u00e4lein.<\/li>\n\n\n\n<li>Muista ett\u00e4 Moodle katkaisee istunnon ja kirjaa k\u00e4ytt\u00e4j\u00e4n ulos automaattisesti jos k\u00e4ytt\u00e4j\u00e4 on ollut toimettomana 3 tuntia. T\u00e4m\u00e4n takia on hyv\u00e4 muistaa v\u00e4litallennukset. Erityisesti t\u00e4m\u00e4 tulee ottaa huomioon, jos opiskelija tekee esim. esseet\u00e4 tai tentti\u00e4 suoraan Moodleen.\u00a0T\u00e4m\u00e4 p\u00e4tee my\u00f6s kaikkiin muihin kirjallisiin t\u00f6ihin, kuten Wikiin tai teht\u00e4viin.<\/li>\n\n\n\n<li>Jos jokin kohta asetuksissa tms. on ep\u00e4selv\u00e4 paina\u00a0<img loading=\"lazy\" decoding=\"async\" width=\"25\" height=\"25\" class=\"wp-image-2285\" src=\"https:\/\/esamksupport.samk.fi\/help\/wp-content\/uploads\/sites\/2\/2021\/11\/moodle_guide-25x25.png\" alt=\"\">-ikonia, jolloin saat esille ohjeet kyseist\u00e4 kohtaa koskien.<\/li>\n\n\n\n<li>Moodlen k\u00e4yt\u00f6ss\u00e4 on oltava selaimen ev\u00e4steet p\u00e4\u00e4ll\u00e4. \u00a0Yleens\u00e4 ev\u00e4steet ovat selaimessa automaattisesti p\u00e4\u00e4ll\u00e4, mutta jos eiv\u00e4t ole, saat ne itse p\u00e4\u00e4lle selaimesi asetuksista.<\/li>\n\n\n\n<li>Muista, ett\u00e4 viestit (esim. uutiset) voivat l\u00e4hte\u00e4 viiveell\u00e4 s\u00e4hk\u00f6posteihin (my\u00f6s valittaessa &#8221;L\u00e4het\u00e4 heti&#8221;). Viesti l\u00e4htee t\u00e4ll\u00f6in l\u00e4hetett\u00e4v\u00e4ksi heti.<\/li>\n<\/ul>\n\n\n\n<ul class=\"wp-block-list\">\n<li><strong>Moodlen tiedostokokoraja on 300 megatavua (300MB), t\u00e4m\u00e4n suurempia tiedostoja ei voida liitt\u00e4\u00e4 aktiviteetteihin, aineistoihin tai osioihin.<\/strong><\/li>\n<\/ul>\n","protected":false},"excerpt":{"rendered":"<p>L\u00f6yd\u00e4t yll\u00e4 olevasta valikosta aihe-alueittain ohjeet. Muista Moodlessa ty\u00f6skennelless\u00e4:<\/p>\n","protected":false},"author":2,"featured_media":0,"parent":0,"menu_order":0,"comment_status":"closed","ping_status":"open","template":"","meta":{"footnotes":""},"class_list":["post-95","page","type-page","status-publish"],"_links":{"self":[{"href":"https:\/\/esamksupport.samk.fi\/ohje\/wp-json\/wp\/v2\/pages\/95","targetHints":{"allow":["GET"]}}],"collection":[{"href":"https:\/\/esamksupport.samk.fi\/ohje\/wp-json\/wp\/v2\/pages"}],"about":[{"href":"https:\/\/esamksupport.samk.fi\/ohje\/wp-json\/wp\/v2\/types\/page"}],"author":[{"embeddable":true,"href":"https:\/\/esamksupport.samk.fi\/ohje\/wp-json\/wp\/v2\/users\/2"}],"replies":[{"embeddable":true,"href":"https:\/\/esamksupport.samk.fi\/ohje\/wp-json\/wp\/v2\/comments?post=95"}],"version-history":[{"count":6,"href":"https:\/\/esamksupport.samk.fi\/ohje\/wp-json\/wp\/v2\/pages\/95\/revisions"}],"predecessor-version":[{"id":3853,"href":"https:\/\/esamksupport.samk.fi\/ohje\/wp-json\/wp\/v2\/pages\/95\/revisions\/3853"}],"wp:attachment":[{"href":"https:\/\/esamksupport.samk.fi\/ohje\/wp-json\/wp\/v2\/media?parent=95"}],"curies":[{"name":"wp","href":"https:\/\/api.w.org\/{rel}","templated":true}]}}