{"id":1845,"date":"2020-11-23T12:42:12","date_gmt":"2020-11-23T10:42:12","guid":{"rendered":"https:\/\/esamksupport.samk.fi\/ohje\/?page_id=1845"},"modified":"2021-09-30T07:54:43","modified_gmt":"2021-09-30T04:54:43","slug":"vinkit","status":"publish","type":"page","link":"https:\/\/esamksupport.samk.fi\/opettaja\/vinkit\/","title":{"rendered":"Vinkit"},"content":{"rendered":"\n\n\t<p>T\u00e4lle sivulle tullaan ker\u00e4\u00e4m\u00e4\u00e4n erilaisia vinkkej\u00e4 opetuksen ja ohjauksen tarpeisiin. Postaukset otsikoineen l\u00f6ytyv\u00e4t Vinkit-valikon alta.<\/p>\n<p>&nbsp;<\/p>\n<p>&nbsp;<\/p>\n\n","protected":false},"excerpt":{"rendered":"<p>T\u00e4lle sivulle tullaan ker\u00e4\u00e4m\u00e4\u00e4n erilaisia vinkkej\u00e4 opetuksen ja ohjauksen tarpeisiin. Postaukset otsikoineen l\u00f6ytyv\u00e4t Vinkit-valikon alta. &nbsp; &nbsp;<\/p>\n","protected":false},"author":13,"featured_media":0,"parent":0,"menu_order":0,"comment_status":"closed","ping_status":"open","template":"","meta":{"footnotes":""},"class_list":["post-1845","page","type-page","status-publish"],"_links":{"self":[{"href":"https:\/\/esamksupport.samk.fi\/opettaja\/wp-json\/wp\/v2\/pages\/1845","targetHints":{"allow":["GET"]}}],"collection":[{"href":"https:\/\/esamksupport.samk.fi\/opettaja\/wp-json\/wp\/v2\/pages"}],"about":[{"href":"https:\/\/esamksupport.samk.fi\/opettaja\/wp-json\/wp\/v2\/types\/page"}],"author":[{"embeddable":true,"href":"https:\/\/esamksupport.samk.fi\/opettaja\/wp-json\/wp\/v2\/users\/13"}],"replies":[{"embeddable":true,"href":"https:\/\/esamksupport.samk.fi\/opettaja\/wp-json\/wp\/v2\/comments?post=1845"}],"version-history":[{"count":2,"href":"https:\/\/esamksupport.samk.fi\/opettaja\/wp-json\/wp\/v2\/pages\/1845\/revisions"}],"predecessor-version":[{"id":2510,"href":"https:\/\/esamksupport.samk.fi\/opettaja\/wp-json\/wp\/v2\/pages\/1845\/revisions\/2510"}],"wp:attachment":[{"href":"https:\/\/esamksupport.samk.fi\/opettaja\/wp-json\/wp\/v2\/media?parent=1845"}],"curies":[{"name":"wp","href":"https:\/\/api.w.org\/{rel}","templated":true}]}}