{"id":1847,"date":"2020-11-23T12:43:08","date_gmt":"2020-11-23T10:43:08","guid":{"rendered":"https:\/\/esamksupport.samk.fi\/ohje\/?page_id=1847"},"modified":"2023-09-11T09:17:38","modified_gmt":"2023-09-11T06:17:38","slug":"ohjeet","status":"publish","type":"page","link":"https:\/\/esamksupport.samk.fi\/opettaja\/ohjeet\/","title":{"rendered":"Ohjeet"},"content":{"rendered":"\n\n\t<p>&nbsp;<\/p>\n<p>&nbsp;<\/p>\n<p>&nbsp;<\/p>\n<p>T\u00e4lle sivustolle on koottu opetuksen j\u00e4rjest\u00e4mist\u00e4 koskevia ohjeita. Ohjeet ovat julkisilla verkkosivuilla ja niihin voi tehd\u00e4 linkkej\u00e4 esimerkiksi opintojaksoille.<\/p>\n<p>&nbsp;<\/p>\n<p>&nbsp;<\/p>\n<figure id=\"attachment_2381\" aria-describedby=\"caption-attachment-2381\" style=\"width: 1920px\" class=\"wp-caption aligncenter\"><img loading=\"lazy\" decoding=\"async\" src=\"https:\/\/esamksupport.samk.fi\/opettaja\/wp-content\/uploads\/sites\/6\/Opettajan-ohjeet\/question-mark-2492009_1920.jpg\" alt=\"\" width=\"1920\" height=\"960\" \/><figcaption id=\"caption-attachment-2381\" class=\"wp-caption-text\">Kuva: Pixabay<\/figcaption><\/figure>\n\n","protected":false},"excerpt":{"rendered":"<p>&nbsp; &nbsp; &nbsp; T\u00e4lle sivustolle on koottu opetuksen j\u00e4rjest\u00e4mist\u00e4 koskevia ohjeita. Ohjeet ovat julkisilla verkkosivuilla ja niihin voi tehd\u00e4 linkkej\u00e4 esimerkiksi opintojaksoille. &nbsp; &nbsp;<\/p>\n","protected":false},"author":13,"featured_media":0,"parent":0,"menu_order":0,"comment_status":"closed","ping_status":"open","template":"","meta":{"footnotes":""},"class_list":["post-1847","page","type-page","status-publish"],"_links":{"self":[{"href":"https:\/\/esamksupport.samk.fi\/opettaja\/wp-json\/wp\/v2\/pages\/1847","targetHints":{"allow":["GET"]}}],"collection":[{"href":"https:\/\/esamksupport.samk.fi\/opettaja\/wp-json\/wp\/v2\/pages"}],"about":[{"href":"https:\/\/esamksupport.samk.fi\/opettaja\/wp-json\/wp\/v2\/types\/page"}],"author":[{"embeddable":true,"href":"https:\/\/esamksupport.samk.fi\/opettaja\/wp-json\/wp\/v2\/users\/13"}],"replies":[{"embeddable":true,"href":"https:\/\/esamksupport.samk.fi\/opettaja\/wp-json\/wp\/v2\/comments?post=1847"}],"version-history":[{"count":7,"href":"https:\/\/esamksupport.samk.fi\/opettaja\/wp-json\/wp\/v2\/pages\/1847\/revisions"}],"predecessor-version":[{"id":2595,"href":"https:\/\/esamksupport.samk.fi\/opettaja\/wp-json\/wp\/v2\/pages\/1847\/revisions\/2595"}],"wp:attachment":[{"href":"https:\/\/esamksupport.samk.fi\/opettaja\/wp-json\/wp\/v2\/media?parent=1847"}],"curies":[{"name":"wp","href":"https:\/\/api.w.org\/{rel}","templated":true}]}}