{"id":2,"date":"2021-06-14T09:18:04","date_gmt":"2021-06-14T06:18:04","guid":{"rendered":"https:\/\/esamksupport.samk.fi\/opettaja\/?page_id=2"},"modified":"2023-01-13T12:56:26","modified_gmt":"2023-01-13T10:56:26","slug":"esimerkkisivu","status":"publish","type":"page","link":"https:\/\/esamksupport.samk.fi\/opettaja\/","title":{"rendered":"Opettajana Samkissa"},"content":{"rendered":"\n\n\t<p>T\u00e4m\u00e4n etusivun yl\u00e4reunasta l\u00f6yd\u00e4t vinkkej\u00e4 ja ohjeita opetuksesi toteuttamiseen ja kehitt\u00e4miseen.<\/p>\n<p><strong>Syksyll\u00e4 2023 otetaan Moodle4-p\u00e4ivityksen yhteydess\u00e4 k\u00e4ytt\u00f6\u00f6n yhten\u00e4iset koulutusohjelmakohtaiset Moodle-pohjat. Aiheeseen liittyv\u00e4 esitys on ladattavissa pdf-muodossa <a href=\"https:\/\/esamksupport.samk.fi\/opettaja\/wp-content\/uploads\/sites\/6\/2023\/01\/Koulutusohjelmien_pohjat.pdf\">t\u00e4st\u00e4.<\/a><\/strong><img loading=\"lazy\" decoding=\"async\" src=\"https:\/\/esamksupport.samk.fi\/opettaja\/wp-content\/uploads\/sites\/6\/Opettajan-ohjeet\/problem-3303396_1280-1024x682.png\" alt=\"\" width=\"800\" height=\"533\" \/><\/p>\n\n","protected":false},"excerpt":{"rendered":"<p>T\u00e4m\u00e4n etusivun yl\u00e4reunasta l\u00f6yd\u00e4t vinkkej\u00e4 ja ohjeita opetuksesi toteuttamiseen ja kehitt\u00e4miseen. Syksyll\u00e4 2023 otetaan Moodle4-p\u00e4ivityksen yhteydess\u00e4 k\u00e4ytt\u00f6\u00f6n yhten\u00e4iset koulutusohjelmakohtaiset Moodle-pohjat. Aiheeseen liittyv\u00e4 esitys on ladattavissa pdf-muodossa t\u00e4st\u00e4.<\/p>\n","protected":false},"author":3,"featured_media":0,"parent":0,"menu_order":0,"comment_status":"closed","ping_status":"open","template":"","meta":{"footnotes":""},"class_list":["post-2","page","type-page","status-publish"],"_links":{"self":[{"href":"https:\/\/esamksupport.samk.fi\/opettaja\/wp-json\/wp\/v2\/pages\/2","targetHints":{"allow":["GET"]}}],"collection":[{"href":"https:\/\/esamksupport.samk.fi\/opettaja\/wp-json\/wp\/v2\/pages"}],"about":[{"href":"https:\/\/esamksupport.samk.fi\/opettaja\/wp-json\/wp\/v2\/types\/page"}],"author":[{"embeddable":true,"href":"https:\/\/esamksupport.samk.fi\/opettaja\/wp-json\/wp\/v2\/users\/3"}],"replies":[{"embeddable":true,"href":"https:\/\/esamksupport.samk.fi\/opettaja\/wp-json\/wp\/v2\/comments?post=2"}],"version-history":[{"count":18,"href":"https:\/\/esamksupport.samk.fi\/opettaja\/wp-json\/wp\/v2\/pages\/2\/revisions"}],"predecessor-version":[{"id":2561,"href":"https:\/\/esamksupport.samk.fi\/opettaja\/wp-json\/wp\/v2\/pages\/2\/revisions\/2561"}],"wp:attachment":[{"href":"https:\/\/esamksupport.samk.fi\/opettaja\/wp-json\/wp\/v2\/media?parent=2"}],"curies":[{"name":"wp","href":"https:\/\/api.w.org\/{rel}","templated":true}]}}