{"id":2385,"date":"2021-07-02T11:16:58","date_gmt":"2021-07-02T08:16:58","guid":{"rendered":"https:\/\/esamksupport.samk.fi\/opettaja\/?page_id=2385"},"modified":"2021-07-05T13:46:59","modified_gmt":"2021-07-05T10:46:59","slug":"etatentin-ohje-opiskelijalle","status":"publish","type":"page","link":"https:\/\/esamksupport.samk.fi\/opettaja\/ohjeet\/etatentin-ohje-opiskelijalle\/","title":{"rendered":"Et\u00e4tentin ohje opiskelijalle"},"content":{"rendered":"\n<h2><strong>Et\u00e4tentin ohje opiskelijalle<\/strong><\/h2>\n<p><strong>&nbsp;<\/strong>Korkeakoulu valvoo tenttien suorittamista varmistaakseen opiskelijoiden yhdenvertaisen kohtelun. Korkeakoulu voi k\u00e4ytt\u00e4\u00e4 et\u00e4valvonnassa ensisijaisesti live-kuvaa tai tietoj\u00e4rjestelmien ker\u00e4\u00e4mi\u00e4 kirjautumis-, aktiviteetti- ja lokitietoja. Joissakin perustelluissa tapauksissa tai vilppiep\u00e4ilytapauksissa voidaan k\u00e4ytt\u00e4\u00e4 my\u00f6s video- ja \u00e4\u00e4nitallenteita.<\/p>\n<p>Korkeakoulu voi tarkistaa tenttij\u00e4n henkil\u00f6llisyyden.<\/p>\n<p>Voit osallistua et\u00e4valvottuun tenttiin valitsemassasi yksityisess\u00e4 paikassa. Et\u00e4valvontaan osallistuessasi suostut valvonnan ehtoihin, kuten pit\u00e4m\u00e4\u00e4n kameraasi p\u00e4\u00e4ll\u00e4. Valvontayhteyden katkeaminen (kuva, \u00e4\u00e4ni, n\u00e4yt\u00f6njako) voi johtaa tenttisuorituksen hylk\u00e4\u00e4misen.<\/p>\n<p>Jos kielt\u00e4ydyt vapaaehtoisesta et\u00e4valvonnasta esimerkiksi yksityisyyden suojan tai laitteistopuutteiden vuoksi, ensisijainen vaihtoehtoinen tapa on suorittaa tentti korkeakoulun tiloissa valvotusti. My\u00f6s tentin j\u00e4rjest\u00e4mist\u00e4 muilla s\u00e4hk\u00f6isill\u00e4 tenttij\u00e4rjestelmill\u00e4 voidaan harkita.<\/p>\n<p>Henkil\u00f6tietojen k\u00e4sittelyss\u00e4 noudatetaan korkeakoulun tietosuoja- ja tietoturvaohjeita.<\/p>\n<p>Tentin muista yksityiskohdista saat tiedot opettajaltasi.<\/p>\n<p>&nbsp;<\/p>\n<h2><strong>Et\u00e4valvottua tentti\u00e4 koskevat keskeiset s\u00e4\u00e4d\u00f6kset<\/strong>:<\/h2>\n<p>Ammattikorkeakoululaki 932\/2014<\/p>\n<p>Valtioneuvoston asetus ammattikorkeakouluista 1129\/2014<\/p>\n<p>Tietosuojalaki 1050\/2018<\/p>\n<p>Euroopan tietosuoja-asetus EU2016\/679<\/p>\n<p>Laki viranomaisten toiminnan julkisuudesta 621\/1999<\/p>\n<p>&nbsp;<\/p>\n<h2><strong>Satakunnan ammattikorkeakoulun s\u00e4\u00e4nn\u00f6t ja ohjeet:<\/strong><\/h2>\n<p>Tutkintos\u00e4\u00e4nt\u00f6<\/p>\n<p>ME1202 Opintojen suorittaminen<\/p>\n<p>ME1216 Menettely vilppitapauksessa<\/p>\n\n\n<p>Tietosuojavastaava Osmo Santam\u00e4ki (<a href=\"mailto:tietosuojavastaava@samk.fi\">tietosuojavastaava@samk.fi<\/a>)<\/p>\n<p>Opetuksen kehitt\u00e4misp\u00e4\u00e4llikk\u00f6 Eeva-Leena Forma (<a href=\"mailto:eeva-leena.forma@samk.fi\">eeva-leena.forma@samk.fi<\/a>)<\/p>\n<p>&nbsp;<\/p>\n","protected":false},"excerpt":{"rendered":"<p>Et\u00e4tentin ohje opiskelijalle &nbsp;Korkeakoulu valvoo tenttien suorittamista varmistaakseen opiskelijoiden yhdenvertaisen kohtelun. Korkeakoulu voi k\u00e4ytt\u00e4\u00e4 et\u00e4valvonnassa ensisijaisesti live-kuvaa tai tietoj\u00e4rjestelmien ker\u00e4\u00e4mi\u00e4 kirjautumis-, aktiviteetti- ja lokitietoja. Joissakin perustelluissa tapauksissa tai vilppiep\u00e4ilytapauksissa voidaan k\u00e4ytt\u00e4\u00e4 my\u00f6s video- ja \u00e4\u00e4nitallenteita. Korkeakoulu voi tarkistaa tenttij\u00e4n henkil\u00f6llisyyden. Voit osallistua et\u00e4valvottuun tenttiin valitsemassasi yksityisess\u00e4 paikassa. Et\u00e4valvontaan osallistuessasi suostut valvonnan ehtoihin, kuten pit\u00e4m\u00e4\u00e4n kameraasi p\u00e4\u00e4ll\u00e4. Valvontayhteyden katkeaminen (kuva, \u00e4\u00e4ni, n\u00e4yt\u00f6njako) voi johtaa tenttisuorituksen hylk\u00e4\u00e4misen. Jos kielt\u00e4ydyt vapaaehtoisesta et\u00e4valvonnasta esimerkiksi yksityisyyden suojan tai laitteistopuutteiden vuoksi, ensisijainen vaihtoehtoinen tapa on suorittaa tentti korkeakoulun tiloissa valvotusti. My\u00f6s tentin j\u00e4rjest\u00e4mist\u00e4 muilla s\u00e4hk\u00f6isill\u00e4 tenttij\u00e4rjestelmill\u00e4 voidaan harkita. Henkil\u00f6tietojen k\u00e4sittelyss\u00e4 noudatetaan korkeakoulun tietosuoja- ja tietoturvaohjeita. Tentin muista yksityiskohdista saat tiedot opettajaltasi. &nbsp; Et\u00e4valvottua tentti\u00e4 koskevat keskeiset s\u00e4\u00e4d\u00f6kset: Ammattikorkeakoululaki 932\/2014 Valtioneuvoston asetus ammattikorkeakouluista 1129\/2014 Tietosuojalaki 1050\/2018 Euroopan tietosuoja-asetus EU2016\/679 Laki viranomaisten toiminnan julkisuudesta 621\/1999 &nbsp; Satakunnan ammattikorkeakoulun s\u00e4\u00e4nn\u00f6t ja ohjeet: Tutkintos\u00e4\u00e4nt\u00f6 ME1202 Opintojen suorittaminen ME1216 Menettely vilppitapauksessa Tietosuojavastaava Osmo Santam\u00e4ki (tietosuojavastaava@samk.fi) Opetuksen kehitt\u00e4misp\u00e4\u00e4llikk\u00f6 Eeva-Leena Forma (eeva-leena.forma@samk.fi) &nbsp;<\/p>\n","protected":false},"author":3,"featured_media":0,"parent":1847,"menu_order":0,"comment_status":"closed","ping_status":"closed","template":"","meta":{"footnotes":""},"class_list":["post-2385","page","type-page","status-publish"],"_links":{"self":[{"href":"https:\/\/esamksupport.samk.fi\/opettaja\/wp-json\/wp\/v2\/pages\/2385","targetHints":{"allow":["GET"]}}],"collection":[{"href":"https:\/\/esamksupport.samk.fi\/opettaja\/wp-json\/wp\/v2\/pages"}],"about":[{"href":"https:\/\/esamksupport.samk.fi\/opettaja\/wp-json\/wp\/v2\/types\/page"}],"author":[{"embeddable":true,"href":"https:\/\/esamksupport.samk.fi\/opettaja\/wp-json\/wp\/v2\/users\/3"}],"replies":[{"embeddable":true,"href":"https:\/\/esamksupport.samk.fi\/opettaja\/wp-json\/wp\/v2\/comments?post=2385"}],"version-history":[{"count":4,"href":"https:\/\/esamksupport.samk.fi\/opettaja\/wp-json\/wp\/v2\/pages\/2385\/revisions"}],"predecessor-version":[{"id":2406,"href":"https:\/\/esamksupport.samk.fi\/opettaja\/wp-json\/wp\/v2\/pages\/2385\/revisions\/2406"}],"up":[{"embeddable":true,"href":"https:\/\/esamksupport.samk.fi\/opettaja\/wp-json\/wp\/v2\/pages\/1847"}],"wp:attachment":[{"href":"https:\/\/esamksupport.samk.fi\/opettaja\/wp-json\/wp\/v2\/media?parent=2385"}],"curies":[{"name":"wp","href":"https:\/\/api.w.org\/{rel}","templated":true}]}}