{"id":2391,"date":"2021-07-02T11:20:18","date_gmt":"2021-07-02T08:20:18","guid":{"rendered":"https:\/\/esamksupport.samk.fi\/opettaja\/?page_id=2391"},"modified":"2021-10-01T10:33:39","modified_gmt":"2021-10-01T07:33:39","slug":"etatentin-toteuttaminen-hill","status":"publish","type":"page","link":"https:\/\/esamksupport.samk.fi\/opettaja\/ohjeet\/etatentin-toteuttaminen-hill\/","title":{"rendered":"Et\u00e4tentin toteuttaminen: HILL"},"content":{"rendered":"\n<h2>Et\u00e4tentin toteuttaminen HILL-j\u00e4rjestelm\u00e4ss\u00e4<\/h2>\n<h3>\nValmistautuminen:<\/h3>\n<p>Kerro opiskelijoille opintojakson alkaessa tai niin aikaisin kuin mahdollista, ett\u00e4 opintojaksolla k\u00e4ytet\u00e4\u00e4n verkkovalvottua et\u00e4tentti\u00e4.<\/p>\n<p>Kerro opiskelijalle, mist\u00e4 l\u00f6ytyv\u00e4t opiskelijan ohjeet et\u00e4tentin suorittamiseen. (https:\/\/esamksupport.samk.fi\/opiskelijalle\/)<\/p>\n<p>Kerro mit\u00e4 opiskelijan pit\u00e4\u00e4 tenttitilanteessa jakaa opettajalle Breakoutissa: mikrofonin \u00e4\u00e4ni, n\u00e4yt\u00f6n kuva ja\/tai webkameran kuva. Valitse n\u00e4ist\u00e4 tilanteeseen v\u00e4ltt\u00e4m\u00e4tt\u00f6m\u00e4t.<\/p>\n<p>Ohjeista opiskelijat testaamaan yhteytens\u00e4 eSAMK supportin j\u00e4rjest\u00e4miss\u00e4 testisessioissa hyviss\u00e4 ajoin ennen tentin ajankohtaa, jotta ruudunjako onnistuu Breakout-sessioissa. Ajankohdat l\u00f6ytyv\u00e4t osoitteesta <a href=\"https:\/\/hill.samk.fi\/ohjeet\/hill-testaussessiot\/\">https:\/\/hill.samk.fi\/ohjeet\/hill-testaussessiot\/<\/a> (muuttuu syksyll\u00e4 2021)<\/p>\n<p>Pyyd\u00e4 opiskelijat paikalle v\u00e4hint\u00e4\u00e4n 5 minuuttia ennen tentin alkua, jotta ehdit jakaa heid\u00e4t Breakout-sessioihin ja tarvittaessa tarkistaa henkil\u00f6llisyyden. HUOM! Tentin aikana opiskelijoiden ei tule n\u00e4hd\u00e4 toistensa n\u00e4ytt\u00f6j\u00e4 tai videokuvia eik\u00e4 henkil\u00f6llisyyden tarkistusta saa tallentaa.<\/p>\n<p>&nbsp;<\/p>\n<h3>Tentin alkaessa:<\/h3>\n<p>Avaa HILL-huone hyviss\u00e4 ajoin ennen tentin alkua.<\/p>\n<p>Ohjeista opiskelijoille tentin suoritus: miten valvot, mit\u00e4 sis\u00e4lt\u00f6\u00e4 opiskelijan pit\u00e4\u00e4 jakaa opettajalle sek\u00e4 aikataulut tentille. Ohjeista, miten toimitaan tilanteessa, jos vaikkapa verkkoyhteys katkeaa kesken tentin.<\/p>\n<p>Ohjeista miten opiskelija p\u00e4\u00e4see itse tenttiin. Ja kerro, miten opiskelija toimii, kun h\u00e4n on lopettanut tentin suorittamisen (ts. poistuuko vain breakoutista vai k\u00e4yk\u00f6 ns. session kautta ilmoittamassa asiasta opettajalle)<\/p>\n<p>mik\u00e4li osallistujilla on teknisi\u00e4 ongelmia, pyyd\u00e4 ottamaan yhteytt\u00e4 eSAMK tukeen. Tentin suorittaminen voi t\u00e4ll\u00f6in esty\u00e4 opiskelijasta riippumattomista syist\u00e4.<\/p>\n<p>Luo automaattisesti tarvittava m\u00e4\u00e4r\u00e4 Breakouteja ja ohjaa\/siirr\u00e4 opiskelijat breakouteihin henkil\u00f6kohtaisessa tentiss\u00e4 1\/breakout ja ryhm\u00e4tenteiss\u00e4 haluamasi m\u00e4\u00e4r\u00e4 opiskelijoita\/breakout.<\/p>\n<p>Valvo tenttisuoritusta esimerkiksi vierailemalla Breakouteissa sopivin ajoin.<\/p>\n<p>Ota tarvittaessa kuvaruutukaappauksia mahdollisista vilppiep\u00e4ilyist\u00e4. (Breakoutien tallennus ei mahdollista).<\/p>\n<p>Tentin p\u00e4\u00e4ttymisen l\u00e4hestyess\u00e4 l\u00e4het\u00e4 breakout-huoneisiin Broadcast message, jossa kerrot tenttiajan p\u00e4\u00e4ttymisen l\u00e4hestymisest\u00e4 (esim. tenttiaika p\u00e4\u00e4ttyy n. 5 minuutin kuluttua)<\/p>\n<p>Ole viimeinen, joka poistuu tenttitilanteesta.<\/p>\n","protected":false},"excerpt":{"rendered":"<p>Et\u00e4tentin toteuttaminen HILL-j\u00e4rjestelm\u00e4ss\u00e4 Valmistautuminen: Kerro opiskelijoille opintojakson alkaessa tai niin aikaisin kuin mahdollista, ett\u00e4 opintojaksolla k\u00e4ytet\u00e4\u00e4n verkkovalvottua et\u00e4tentti\u00e4. Kerro opiskelijalle, mist\u00e4 l\u00f6ytyv\u00e4t opiskelijan ohjeet et\u00e4tentin suorittamiseen. (https:\/\/esamksupport.samk.fi\/opiskelijalle\/) Kerro mit\u00e4 opiskelijan pit\u00e4\u00e4 tenttitilanteessa jakaa opettajalle Breakoutissa: mikrofonin \u00e4\u00e4ni, n\u00e4yt\u00f6n kuva ja\/tai webkameran kuva. Valitse n\u00e4ist\u00e4 tilanteeseen v\u00e4ltt\u00e4m\u00e4tt\u00f6m\u00e4t. Ohjeista opiskelijat testaamaan yhteytens\u00e4 eSAMK supportin j\u00e4rjest\u00e4miss\u00e4 testisessioissa hyviss\u00e4 ajoin ennen tentin ajankohtaa, jotta ruudunjako onnistuu Breakout-sessioissa. Ajankohdat l\u00f6ytyv\u00e4t osoitteesta https:\/\/hill.samk.fi\/ohjeet\/hill-testaussessiot\/ (muuttuu syksyll\u00e4 2021) Pyyd\u00e4 opiskelijat paikalle v\u00e4hint\u00e4\u00e4n 5 minuuttia ennen tentin alkua, jotta ehdit jakaa heid\u00e4t Breakout-sessioihin ja tarvittaessa tarkistaa henkil\u00f6llisyyden. HUOM! Tentin aikana opiskelijoiden ei tule n\u00e4hd\u00e4 toistensa n\u00e4ytt\u00f6j\u00e4 tai videokuvia eik\u00e4 henkil\u00f6llisyyden tarkistusta saa tallentaa. &nbsp; Tentin alkaessa: Avaa HILL-huone hyviss\u00e4 ajoin ennen tentin alkua. Ohjeista opiskelijoille tentin suoritus: miten valvot, mit\u00e4 sis\u00e4lt\u00f6\u00e4 opiskelijan pit\u00e4\u00e4 jakaa opettajalle sek\u00e4 aikataulut tentille. Ohjeista, miten toimitaan tilanteessa, jos vaikkapa verkkoyhteys katkeaa kesken tentin. Ohjeista miten opiskelija p\u00e4\u00e4see itse tenttiin. Ja kerro, miten opiskelija toimii,&hellip;<\/p>\n<p> <a class=\"more-link\" href=\"https:\/\/esamksupport.samk.fi\/opettaja\/ohjeet\/etatentin-toteuttaminen-hill\/\">Lue Lis\u00e4\u00e4<\/a><\/p>\n","protected":false},"author":3,"featured_media":0,"parent":1847,"menu_order":0,"comment_status":"closed","ping_status":"closed","template":"","meta":{"footnotes":""},"class_list":["post-2391","page","type-page","status-publish"],"_links":{"self":[{"href":"https:\/\/esamksupport.samk.fi\/opettaja\/wp-json\/wp\/v2\/pages\/2391","targetHints":{"allow":["GET"]}}],"collection":[{"href":"https:\/\/esamksupport.samk.fi\/opettaja\/wp-json\/wp\/v2\/pages"}],"about":[{"href":"https:\/\/esamksupport.samk.fi\/opettaja\/wp-json\/wp\/v2\/types\/page"}],"author":[{"embeddable":true,"href":"https:\/\/esamksupport.samk.fi\/opettaja\/wp-json\/wp\/v2\/users\/3"}],"replies":[{"embeddable":true,"href":"https:\/\/esamksupport.samk.fi\/opettaja\/wp-json\/wp\/v2\/comments?post=2391"}],"version-history":[{"count":5,"href":"https:\/\/esamksupport.samk.fi\/opettaja\/wp-json\/wp\/v2\/pages\/2391\/revisions"}],"predecessor-version":[{"id":2515,"href":"https:\/\/esamksupport.samk.fi\/opettaja\/wp-json\/wp\/v2\/pages\/2391\/revisions\/2515"}],"up":[{"embeddable":true,"href":"https:\/\/esamksupport.samk.fi\/opettaja\/wp-json\/wp\/v2\/pages\/1847"}],"wp:attachment":[{"href":"https:\/\/esamksupport.samk.fi\/opettaja\/wp-json\/wp\/v2\/media?parent=2391"}],"curies":[{"name":"wp","href":"https:\/\/api.w.org\/{rel}","templated":true}]}}